{"id":483,"date":"2025-09-25T09:36:31","date_gmt":"2025-09-25T07:36:31","guid":{"rendered":"https:\/\/menalib.bibliothek.uni-halle.de\/?page_id=483"},"modified":"2025-10-22T13:41:41","modified_gmt":"2025-10-22T11:41:41","slug":"project-cobhuni","status":"publish","type":"page","link":"https:\/\/www.menalib.de\/english\/community\/projects\/project-cobhuni\/","title":{"rendered":"Project: COBHUNI"},"content":{"rendered":"<div data-elementor-type=\"wp-page\" data-elementor-id=\"483\" class=\"elementor elementor-483\" data-elementor-post-type=\"page\">\n\t\t\t\t<div class=\"elementor-element elementor-element-77cd1f8f e-flex e-con-boxed e-con e-parent\" data-id=\"77cd1f8f\" data-element_type=\"container\">\n\t\t\t\t\t<div class=\"e-con-inner\">\n\t\t<div class=\"elementor-element elementor-element-353d52d2 e-con-full e-flex e-con e-child\" data-id=\"353d52d2\" data-element_type=\"container\">\n\t\t\t\t<div class=\"elementor-element elementor-element-727e402f elementor-widget elementor-widget-breadcrumbs\" data-id=\"727e402f\" data-element_type=\"widget\" data-widget_type=\"breadcrumbs.default\">\n\t\t\t\t\t<p id=\"breadcrumbs\"><span><span><a href=\"https:\/\/www.menalib.de\/english\/\">Home page<\/a><\/span><\/span><\/p>\t\t\t\t<\/div>\n\t\t\t\t<\/div>\n\t\t\t\t\t<\/div>\n\t\t\t\t<\/div>\n\t\t<div class=\"elementor-element elementor-element-624b143c e-flex e-con-boxed e-con e-parent\" data-id=\"624b143c\" data-element_type=\"container\">\n\t\t\t\t\t<div class=\"e-con-inner\">\n\t\t<div class=\"elementor-element elementor-element-5cd92127 e-con-full e-flex e-con e-child\" data-id=\"5cd92127\" data-element_type=\"container\" data-settings=\"{&quot;background_background&quot;:&quot;classic&quot;}\">\n\t\t<div class=\"elementor-element elementor-element-7c2b3dc2 e-flex e-con-boxed e-con e-child\" data-id=\"7c2b3dc2\" data-element_type=\"container\" data-settings=\"{&quot;background_background&quot;:&quot;classic&quot;}\">\n\t\t\t\t\t<div class=\"e-con-inner\">\n\t\t\t\t\t<\/div>\n\t\t\t\t<\/div>\n\t\t\t\t<\/div>\n\t\t<div class=\"elementor-element elementor-element-53a43465 e-con-full e-flex e-con e-child\" data-id=\"53a43465\" data-element_type=\"container\" data-settings=\"{&quot;background_background&quot;:&quot;classic&quot;}\">\n\t\t\t\t<div class=\"elementor-element elementor-element-7dde4213 elementor-widget elementor-widget-image\" data-id=\"7dde4213\" data-element_type=\"widget\" data-widget_type=\"image.default\">\n\t\t\t\t\t\t\t\t\t\t\t\t\t\t\t<img fetchpriority=\"high\" decoding=\"async\" width=\"800\" height=\"452\" src=\"https:\/\/www.menalib.de\/wp-content\/uploads\/sites\/2\/2025\/10\/logo-projekt-cobhuni-800x452-1.jpg\" class=\"attachment-large size-large wp-image-2118\" alt=\"\" srcset=\"https:\/\/www.menalib.de\/wp-content\/uploads\/sites\/2\/2025\/10\/logo-projekt-cobhuni-800x452-1.jpg 800w, https:\/\/www.menalib.de\/wp-content\/uploads\/sites\/2\/2025\/10\/logo-projekt-cobhuni-800x452-1-300x170.jpg 300w, https:\/\/www.menalib.de\/wp-content\/uploads\/sites\/2\/2025\/10\/logo-projekt-cobhuni-800x452-1-768x434.jpg 768w, https:\/\/www.menalib.de\/wp-content\/uploads\/sites\/2\/2025\/10\/logo-projekt-cobhuni-800x452-1-18x10.jpg 18w\" sizes=\"(max-width: 800px) 100vw, 800px\" \/>\t\t\t\t\t\t\t\t\t\t\t\t\t\t\t<\/div>\n\t\t\t\t<\/div>\n\t\t\t\t\t<\/div>\n\t\t\t\t<\/div>\n\t\t<div class=\"elementor-element elementor-element-4b961ef8 e-flex e-con-boxed e-con e-parent\" data-id=\"4b961ef8\" data-element_type=\"container\">\n\t\t\t\t\t<div class=\"e-con-inner\">\n\t\t<div class=\"elementor-element elementor-element-72eab2fe e-con-full e-flex e-con e-child\" data-id=\"72eab2fe\" data-element_type=\"container\">\n\t\t\t\t<div class=\"elementor-element elementor-element-76d62a89 elementor-widget__width-initial elementor-widget-divider--view-line elementor-invisible elementor-widget elementor-widget-divider\" data-id=\"76d62a89\" data-element_type=\"widget\" data-settings=\"{&quot;_animation&quot;:&quot;fadeInLeft&quot;}\" data-widget_type=\"divider.default\">\n\t\t\t\t\t\t\t<div class=\"elementor-divider\">\n\t\t\t<span class=\"elementor-divider-separator\">\n\t\t\t\t\t\t<\/span>\n\t\t<\/div>\n\t\t\t\t\t\t<\/div>\n\t\t\t\t<\/div>\n\t\t<div class=\"elementor-element elementor-element-29fa7d51 e-con-full e-flex e-con e-child\" data-id=\"29fa7d51\" data-element_type=\"container\">\n\t\t\t\t<div class=\"elementor-element elementor-element-7f2f290 elementor-widget elementor-widget-heading\" data-id=\"7f2f290\" data-element_type=\"widget\" data-widget_type=\"heading.default\">\n\t\t\t\t\t<h2 class=\"elementor-heading-title elementor-size-default\">Contemporary Bioethics and the History of the Unborn in Islam<\/h2>\t\t\t\t<\/div>\n\t\t\t\t<div class=\"elementor-element elementor-element-b9a08d5 elementor-widget elementor-widget-text-editor\" data-id=\"b9a08d5\" data-element_type=\"widget\" data-widget_type=\"text-editor.default\">\n\t\t\t\t\t\t\t\t\t<p>In the <a href=\"https:\/\/www.cobhuni.uni-hamburg.de\/\" target=\"_blank\" rel=\"noopener\">ERC project COBHUNI<\/a> from September 2015 to February 2021, Prof. Dr Thomas Eich and his team at the University of Hamburg investigated the historical anchoring of today's concepts of <span id=\"more-11647\"><\/span>\"Embryology\" in the Koran and Hadith. Since the 1980s, the Islamic bioethics debate on questions relating to the beginning of life has been fundamentally based on the relevant passages.<\/p><p>\u00a0<\/p><p>As part of the project, these Qur'anic passages and hadiths were analysed in the context of early Islamic history - including Aramaic, Syriac, Greek, Latin and Hebrew texts from other religious communities - as well as their interpretation over the course of history. In order to analyse the texts, the interpretations of important scholars in al-Andalus in the 11th and 12th centuries (including al-Q\u0101d\u012b \u02bfIy\u0101d and al-Q\u0101d\u012b Ibn al-\u02bfArab\u012b) and the interpretations of modern exegetes and physicians (including \u02bfAbd al-Ma\u01e7\u012bd az-Zind\u0101n\u012b and Dr Mu\u1e25ammad \u1d9cAl\u012b al-B\u0101r) were examined in particular.<\/p><p>\u00a0<\/p><p>The project also aimed to develop digital functionality for working with Arabic texts. To this end, a workflow for annotating texts and exporting them into an analysis environment was created, including the programming of the necessary interfaces. In addition, an algorithm for searching Arabic texts in non-uniform encodings was developed as part of the project, including the possibility of searching by rasm alone.<\/p>\t\t\t\t\t\t\t\t<\/div>\n\t\t\t\t<\/div>\n\t\t\t\t\t<\/div>\n\t\t\t\t<\/div>\n\t\t<div class=\"elementor-element elementor-element-31558d1 e-flex e-con-boxed e-con e-parent\" data-id=\"31558d1\" data-element_type=\"container\">\n\t\t\t\t\t<div class=\"e-con-inner\">\n\t\t<div class=\"elementor-element elementor-element-6b3811d e-con-full e-flex e-con e-child\" data-id=\"6b3811d\" data-element_type=\"container\">\n\t\t\t\t<div class=\"elementor-element elementor-element-c55d381 elementor-widget__width-initial elementor-widget-divider--view-line elementor-invisible elementor-widget elementor-widget-divider\" data-id=\"c55d381\" data-element_type=\"widget\" data-settings=\"{&quot;_animation&quot;:&quot;fadeInLeft&quot;}\" data-widget_type=\"divider.default\">\n\t\t\t\t\t\t\t<div class=\"elementor-divider\">\n\t\t\t<span class=\"elementor-divider-separator\">\n\t\t\t\t\t\t<\/span>\n\t\t<\/div>\n\t\t\t\t\t\t<\/div>\n\t\t\t\t<\/div>\n\t\t<div class=\"elementor-element elementor-element-08d5258 e-con-full e-flex e-con e-child\" data-id=\"08d5258\" data-element_type=\"container\">\n\t\t\t\t<div class=\"elementor-element elementor-element-48523f5 elementor-widget elementor-widget-heading\" data-id=\"48523f5\" data-element_type=\"widget\" data-widget_type=\"heading.default\">\n\t\t\t\t\t<h2 class=\"elementor-heading-title elementor-size-default\">Employees &amp; authors<\/h2>\t\t\t\t<\/div>\n\t\t\t\t<div class=\"elementor-element elementor-element-01c80d9 elementor-widget elementor-widget-text-editor\" data-id=\"01c80d9\" data-element_type=\"widget\" data-widget_type=\"text-editor.default\">\n\t\t\t\t\t\t\t\t\t<h3>Prof Dr Thomas Eich<\/h3>\nProject manager\n<strong>Focus:<\/strong> Islamic bioethics, analysis of the change in Islamic concepts of the beginning of life in hadith traditions and commentaries due to various influences\n<a href=\"mailto:thomas.eich@uni-hamburg.de\">thomas.eich@uni-hamburg.de<\/a>\n<h3>Dr Doru Constantin Doroftei<\/h3>\nResearch assistant\n<strong>Focus:<\/strong> Rabbinic Embryology &amp; Anthropological Ideas of Late Antiquity in Interaction with Islamic Conceptions of the Beginning of Life\n<h3>Dr Alicia Gonz\u00e1lez Mart\u00ednez<\/h3>\nResearch assistant\n<strong>Focus:<\/strong> Computer linguistics with Arabic characters\n<h3>Melanie Gu\u00e9non<\/h3>\nResearch assistant &amp; PhD student\n<strong>Focus<\/strong>: Influence of physicians &amp; scholars on embryological discourses in the 20th century.\n<h3>Florian J\u00e4ckel<\/h3>\nResearch assistant &amp; PhD student\n<strong>Focus:<\/strong> Barhebraeus' conception of the beginning of life, ideas of Syrian Orthodox Christianity in interaction with the Islamic environment in the 13th century &amp; changes in the conception of prenatal life in the Middle East since the emergence of Islam\n<h3>Khaoula Trad<\/h3>\nResearch assistant &amp; PhD student\n<strong>Focus:<\/strong> Hadith traditions and commentaries in Al-Andalus and the Maghreb in the 11th and 12th centuries &amp; Malikite embryology\n<h3>Tillmann Joshua (fig)<\/h3>\nResearch assistant\n<strong>Focus:<\/strong> Computer linguistics with Arabic characters\t\t\t\t\t\t\t\t<\/div>\n\t\t\t\t<\/div>\n\t\t\t\t\t<\/div>\n\t\t\t\t<\/div>\n\t\t\t\t<\/div>","protected":false},"excerpt":{"rendered":"<p>Contemporary Bioethics and the History of the Unborn in Islam In the ERC project COBHUNI at the University of Hamburg, Prof. Dr. Thomas Eich and his colleagues investigated the historical roots of today's concepts of \"embryology\" in the Koran and Hadith from September 2015 to February 2021. Since the 1980s, the Islamic bioethics debate on questions concerning the beginning of life has been based fundamentally on [\u2026]<\/p>","protected":false},"author":4,"featured_media":0,"parent":471,"menu_order":0,"comment_status":"closed","ping_status":"closed","template":"","meta":{"footnotes":""},"class_list":["post-483","page","type-page","status-publish","hentry"],"yoast_head":"<!-- This site is optimized with the Yoast SEO plugin v25.9 - https:\/\/yoast.com\/wordpress\/plugins\/seo\/ -->\n<title>Projekt: COBHUNI - MENAlib - Webportal des FID Nahost-, Nordafrika- und Islamstudien<\/title>\n<meta name=\"robots\" content=\"index, follow, max-snippet:-1, max-image-preview:large, max-video-preview:-1\" \/>\n<link rel=\"canonical\" href=\"https:\/\/www.menalib.de\/english\/community\/projects\/project-cobhuni\/\" \/>\n<meta property=\"og:locale\" content=\"en_GB\" \/>\n<meta property=\"og:type\" content=\"article\" \/>\n<meta property=\"og:title\" content=\"Projekt: COBHUNI - MENAlib - Webportal des FID Nahost-, Nordafrika- und Islamstudien\" \/>\n<meta property=\"og:description\" content=\"Contemporary Bioethics and the History of the Unborn in Islam In dem ERC-Projekt COBHUNI der Universit\u00e4t Hamburg untersuchte Prof. Dr. Thomas Eich mit seinen MitarbeiterInnen von September 2015 bis Februar 2021 die historische Verankerung der heutigen Konzepte von \u201eEmbryologie\u201c in Koran und Hadith. Die islamische Bioethik-Debatte zu Lebensanfangsfragen basiert seit den 1980er Jahren grundlegend auf [&hellip;]\" \/>\n<meta property=\"og:url\" content=\"https:\/\/www.menalib.de\/english\/community\/projects\/project-cobhuni\/\" \/>\n<meta property=\"og:site_name\" content=\"MENAlib - Webportal des FID Nahost-, Nordafrika- und Islamstudien\" \/>\n<meta property=\"article:modified_time\" content=\"2025-10-22T11:41:41+00:00\" \/>\n<meta property=\"og:image\" content=\"https:\/\/menalib.bibliothek.uni-halle.de\/wp-content\/uploads\/sites\/2\/2025\/10\/logo-projekt-cobhuni-800x452-1.jpg\" \/>\n<meta name=\"twitter:card\" content=\"summary_large_image\" \/>\n<script type=\"application\/ld+json\" class=\"yoast-schema-graph\">{\"@context\":\"https:\/\/schema.org\",\"@graph\":[{\"@type\":\"WebPage\",\"@id\":\"https:\/\/www.menalib.de\/community\/projekte\/projekt-cobhuni\/\",\"url\":\"https:\/\/www.menalib.de\/community\/projekte\/projekt-cobhuni\/\",\"name\":\"Projekt: COBHUNI - MENAlib - Webportal des FID Nahost-, Nordafrika- und Islamstudien\",\"isPartOf\":{\"@id\":\"https:\/\/www.menalib.de\/#website\"},\"primaryImageOfPage\":{\"@id\":\"https:\/\/www.menalib.de\/community\/projekte\/projekt-cobhuni\/#primaryimage\"},\"image\":{\"@id\":\"https:\/\/www.menalib.de\/community\/projekte\/projekt-cobhuni\/#primaryimage\"},\"thumbnailUrl\":\"https:\/\/menalib.bibliothek.uni-halle.de\/wp-content\/uploads\/sites\/2\/2025\/10\/logo-projekt-cobhuni-800x452-1.jpg\",\"datePublished\":\"2025-09-25T07:36:31+00:00\",\"dateModified\":\"2025-10-22T11:41:41+00:00\",\"breadcrumb\":{\"@id\":\"https:\/\/www.menalib.de\/community\/projekte\/projekt-cobhuni\/#breadcrumb\"},\"inLanguage\":\"en-GB\",\"potentialAction\":[{\"@type\":\"ReadAction\",\"target\":[\"https:\/\/www.menalib.de\/community\/projekte\/projekt-cobhuni\/\"]}]},{\"@type\":\"ImageObject\",\"inLanguage\":\"en-GB\",\"@id\":\"https:\/\/www.menalib.de\/community\/projekte\/projekt-cobhuni\/#primaryimage\",\"url\":\"https:\/\/menalib.bibliothek.uni-halle.de\/wp-content\/uploads\/sites\/2\/2025\/10\/logo-projekt-cobhuni-800x452-1.jpg\",\"contentUrl\":\"https:\/\/menalib.bibliothek.uni-halle.de\/wp-content\/uploads\/sites\/2\/2025\/10\/logo-projekt-cobhuni-800x452-1.jpg\"},{\"@type\":\"BreadcrumbList\",\"@id\":\"https:\/\/www.menalib.de\/community\/projekte\/projekt-cobhuni\/#breadcrumb\",\"itemListElement\":[{\"@type\":\"ListItem\",\"position\":1,\"name\":\"Startseite\",\"item\":\"https:\/\/www.menalib.de\/\"},{\"@type\":\"ListItem\",\"position\":2,\"name\":\"Community\",\"item\":\"https:\/\/www.menalib.de\/community\/\"},{\"@type\":\"ListItem\",\"position\":3,\"name\":\"Projekte\",\"item\":\"https:\/\/www.menalib.de\/community\/projekte\/\"},{\"@type\":\"ListItem\",\"position\":4,\"name\":\"Projekt: COBHUNI\"}]},{\"@type\":\"WebSite\",\"@id\":\"https:\/\/www.menalib.de\/#website\",\"url\":\"https:\/\/www.menalib.de\/\",\"name\":\"MENAlib - Webportal des FID Nahost-, Nordafrika- und Islamstudien\",\"description\":\"\",\"publisher\":{\"@id\":\"https:\/\/www.menalib.de\/#organization\"},\"potentialAction\":[{\"@type\":\"SearchAction\",\"target\":{\"@type\":\"EntryPoint\",\"urlTemplate\":\"https:\/\/www.menalib.de\/?s={search_term_string}\"},\"query-input\":{\"@type\":\"PropertyValueSpecification\",\"valueRequired\":true,\"valueName\":\"search_term_string\"}}],\"inLanguage\":\"en-GB\"},{\"@type\":\"Organization\",\"@id\":\"https:\/\/www.menalib.de\/#organization\",\"name\":\"MENAlib - Webportal des FID Nahost-, Nordafrika- und Islamstudien\",\"url\":\"https:\/\/www.menalib.de\/\",\"logo\":{\"@type\":\"ImageObject\",\"inLanguage\":\"en-GB\",\"@id\":\"https:\/\/www.menalib.de\/#\/schema\/logo\/image\/\",\"url\":\"https:\/\/www.menalib.de\/wp-content\/uploads\/sites\/2\/2025\/09\/fid-logo-high-end-2025.jpg\",\"contentUrl\":\"https:\/\/www.menalib.de\/wp-content\/uploads\/sites\/2\/2025\/09\/fid-logo-high-end-2025.jpg\",\"width\":968,\"height\":529,\"caption\":\"MENAlib - Webportal des FID Nahost-, Nordafrika- und Islamstudien\"},\"image\":{\"@id\":\"https:\/\/www.menalib.de\/#\/schema\/logo\/image\/\"}}]}<\/script>\n<!-- \/ Yoast SEO plugin. -->","yoast_head_json":{"title":"Project: COBHUNI - MENAlib - Web portal of the FID Middle East, North Africa and Islamic Studies","robots":{"index":"index","follow":"follow","max-snippet":"max-snippet:-1","max-image-preview":"max-image-preview:large","max-video-preview":"max-video-preview:-1"},"canonical":"https:\/\/www.menalib.de\/english\/community\/projects\/project-cobhuni\/","og_locale":"en_GB","og_type":"article","og_title":"Projekt: COBHUNI - MENAlib - Webportal des FID Nahost-, Nordafrika- und Islamstudien","og_description":"Contemporary Bioethics and the History of the Unborn in Islam In dem ERC-Projekt COBHUNI der Universit\u00e4t Hamburg untersuchte Prof. Dr. Thomas Eich mit seinen MitarbeiterInnen von September 2015 bis Februar 2021 die historische Verankerung der heutigen Konzepte von \u201eEmbryologie\u201c in Koran und Hadith. Die islamische Bioethik-Debatte zu Lebensanfangsfragen basiert seit den 1980er Jahren grundlegend auf [&hellip;]","og_url":"https:\/\/www.menalib.de\/english\/community\/projects\/project-cobhuni\/","og_site_name":"MENAlib - Webportal des FID Nahost-, Nordafrika- und Islamstudien","article_modified_time":"2025-10-22T11:41:41+00:00","og_image":[{"url":"https:\/\/menalib.bibliothek.uni-halle.de\/wp-content\/uploads\/sites\/2\/2025\/10\/logo-projekt-cobhuni-800x452-1.jpg","type":"","width":"","height":""}],"twitter_card":"summary_large_image","schema":{"@context":"https:\/\/schema.org","@graph":[{"@type":"WebPage","@id":"https:\/\/www.menalib.de\/community\/projekte\/projekt-cobhuni\/","url":"https:\/\/www.menalib.de\/community\/projekte\/projekt-cobhuni\/","name":"Project: COBHUNI - MENAlib - Web portal of the FID Middle East, North Africa and Islamic Studies","isPartOf":{"@id":"https:\/\/www.menalib.de\/#website"},"primaryImageOfPage":{"@id":"https:\/\/www.menalib.de\/community\/projekte\/projekt-cobhuni\/#primaryimage"},"image":{"@id":"https:\/\/www.menalib.de\/community\/projekte\/projekt-cobhuni\/#primaryimage"},"thumbnailUrl":"https:\/\/menalib.bibliothek.uni-halle.de\/wp-content\/uploads\/sites\/2\/2025\/10\/logo-projekt-cobhuni-800x452-1.jpg","datePublished":"2025-09-25T07:36:31+00:00","dateModified":"2025-10-22T11:41:41+00:00","breadcrumb":{"@id":"https:\/\/www.menalib.de\/community\/projekte\/projekt-cobhuni\/#breadcrumb"},"inLanguage":"en-GB","potentialAction":[{"@type":"ReadAction","target":["https:\/\/www.menalib.de\/community\/projekte\/projekt-cobhuni\/"]}]},{"@type":"ImageObject","inLanguage":"en-GB","@id":"https:\/\/www.menalib.de\/community\/projekte\/projekt-cobhuni\/#primaryimage","url":"https:\/\/menalib.bibliothek.uni-halle.de\/wp-content\/uploads\/sites\/2\/2025\/10\/logo-projekt-cobhuni-800x452-1.jpg","contentUrl":"https:\/\/menalib.bibliothek.uni-halle.de\/wp-content\/uploads\/sites\/2\/2025\/10\/logo-projekt-cobhuni-800x452-1.jpg"},{"@type":"BreadcrumbList","@id":"https:\/\/www.menalib.de\/community\/projekte\/projekt-cobhuni\/#breadcrumb","itemListElement":[{"@type":"ListItem","position":1,"name":"Startseite","item":"https:\/\/www.menalib.de\/"},{"@type":"ListItem","position":2,"name":"Community","item":"https:\/\/www.menalib.de\/community\/"},{"@type":"ListItem","position":3,"name":"Projekte","item":"https:\/\/www.menalib.de\/community\/projekte\/"},{"@type":"ListItem","position":4,"name":"Projekt: COBHUNI"}]},{"@type":"WebSite","@id":"https:\/\/www.menalib.de\/#website","url":"https:\/\/www.menalib.de\/","name":"MENAlib - Web portal of the FID Middle East, North Africa and Islamic Studies","description":"","publisher":{"@id":"https:\/\/www.menalib.de\/#organization"},"potentialAction":[{"@type":"SearchAction","target":{"@type":"EntryPoint","urlTemplate":"https:\/\/www.menalib.de\/?s={search_term_string}"},"query-input":{"@type":"PropertyValueSpecification","valueRequired":true,"valueName":"search_term_string"}}],"inLanguage":"en-GB"},{"@type":"Organization","@id":"https:\/\/www.menalib.de\/#organization","name":"MENAlib - Web portal of the FID Middle East, North Africa and Islamic Studies","url":"https:\/\/www.menalib.de\/","logo":{"@type":"ImageObject","inLanguage":"en-GB","@id":"https:\/\/www.menalib.de\/#\/schema\/logo\/image\/","url":"https:\/\/www.menalib.de\/wp-content\/uploads\/sites\/2\/2025\/09\/fid-logo-high-end-2025.jpg","contentUrl":"https:\/\/www.menalib.de\/wp-content\/uploads\/sites\/2\/2025\/09\/fid-logo-high-end-2025.jpg","width":968,"height":529,"caption":"MENAlib - Webportal des FID Nahost-, Nordafrika- und Islamstudien"},"image":{"@id":"https:\/\/www.menalib.de\/#\/schema\/logo\/image\/"}}]}},"_links":{"self":[{"href":"https:\/\/www.menalib.de\/english\/wp-json\/wp\/v2\/pages\/483","targetHints":{"allow":["GET"]}}],"collection":[{"href":"https:\/\/www.menalib.de\/english\/wp-json\/wp\/v2\/pages"}],"about":[{"href":"https:\/\/www.menalib.de\/english\/wp-json\/wp\/v2\/types\/page"}],"author":[{"embeddable":true,"href":"https:\/\/www.menalib.de\/english\/wp-json\/wp\/v2\/users\/4"}],"replies":[{"embeddable":true,"href":"https:\/\/www.menalib.de\/english\/wp-json\/wp\/v2\/comments?post=483"}],"version-history":[{"count":8,"href":"https:\/\/www.menalib.de\/english\/wp-json\/wp\/v2\/pages\/483\/revisions"}],"predecessor-version":[{"id":2412,"href":"https:\/\/www.menalib.de\/english\/wp-json\/wp\/v2\/pages\/483\/revisions\/2412"}],"up":[{"embeddable":true,"href":"https:\/\/www.menalib.de\/english\/wp-json\/wp\/v2\/pages\/471"}],"wp:attachment":[{"href":"https:\/\/www.menalib.de\/english\/wp-json\/wp\/v2\/media?parent=483"}],"curies":[{"name":"wp","href":"https:\/\/api.w.org\/{rel}","templated":true}]}}