{"id":480,"date":"2025-09-25T09:36:16","date_gmt":"2025-09-25T07:36:16","guid":{"rendered":"https:\/\/menalib.bibliothek.uni-halle.de\/?page_id=480"},"modified":"2025-11-11T10:26:36","modified_gmt":"2025-11-11T09:26:36","slug":"cataloguing-and-digitisation-of-the-ali-reza-rahbar-collection","status":"publish","type":"page","link":"https:\/\/www.menalib.de\/english\/community\/projects\/cataloguing-and-digitisation-of-the-ali-reza-rahbar-collection\/","title":{"rendered":"Cataloguing and digitisation of the Ali-Reza Rahbar Collection"},"content":{"rendered":"<div data-elementor-type=\"wp-page\" data-elementor-id=\"480\" class=\"elementor elementor-480\" data-elementor-post-type=\"page\">\n\t\t\t\t<div class=\"elementor-element elementor-element-72059bf4 e-flex e-con-boxed e-con e-parent\" data-id=\"72059bf4\" data-element_type=\"container\">\n\t\t\t\t\t<div class=\"e-con-inner\">\n\t\t<div class=\"elementor-element elementor-element-13b07886 e-con-full e-flex e-con e-child\" data-id=\"13b07886\" data-element_type=\"container\">\n\t\t\t\t<div class=\"elementor-element elementor-element-42c950bf elementor-widget elementor-widget-breadcrumbs\" data-id=\"42c950bf\" data-element_type=\"widget\" data-widget_type=\"breadcrumbs.default\">\n\t\t\t\t\t<p id=\"breadcrumbs\"><span><span><a href=\"https:\/\/www.menalib.de\/english\/\">Home page<\/a><\/span><\/span><\/p>\t\t\t\t<\/div>\n\t\t\t\t<\/div>\n\t\t\t\t\t<\/div>\n\t\t\t\t<\/div>\n\t\t<div class=\"elementor-element elementor-element-1b400ce1 e-flex e-con-boxed e-con e-parent\" data-id=\"1b400ce1\" data-element_type=\"container\">\n\t\t\t\t\t<div class=\"e-con-inner\">\n\t\t<div class=\"elementor-element elementor-element-ba49918 e-con-full e-flex e-con e-child\" data-id=\"ba49918\" data-element_type=\"container\" data-settings=\"{&quot;background_background&quot;:&quot;classic&quot;}\">\n\t\t<div class=\"elementor-element elementor-element-3119955b e-flex e-con-boxed e-con e-child\" data-id=\"3119955b\" data-element_type=\"container\" data-settings=\"{&quot;background_background&quot;:&quot;classic&quot;}\">\n\t\t\t\t\t<div class=\"e-con-inner\">\n\t\t\t\t\t<\/div>\n\t\t\t\t<\/div>\n\t\t\t\t<\/div>\n\t\t<div class=\"elementor-element elementor-element-4a374160 e-con-full e-flex e-con e-child\" data-id=\"4a374160\" data-element_type=\"container\" data-settings=\"{&quot;background_background&quot;:&quot;classic&quot;}\">\n\t\t\t\t<div class=\"elementor-element elementor-element-e80d2b0 elementor-widget elementor-widget-image\" data-id=\"e80d2b0\" data-element_type=\"widget\" data-widget_type=\"image.default\">\n\t\t\t\t\t\t\t\t\t\t\t\t\t\t\t<img fetchpriority=\"high\" decoding=\"async\" width=\"800\" height=\"354\" src=\"https:\/\/www.menalib.de\/wp-content\/uploads\/sites\/2\/2025\/10\/rahbar-sammlung-panorama-1280x382-2.jpg\" class=\"attachment-large size-large wp-image-2113\" alt=\"\" srcset=\"https:\/\/www.menalib.de\/wp-content\/uploads\/sites\/2\/2025\/10\/rahbar-sammlung-panorama-1280x382-2.jpg 864w, https:\/\/www.menalib.de\/wp-content\/uploads\/sites\/2\/2025\/10\/rahbar-sammlung-panorama-1280x382-2-300x133.jpg 300w, https:\/\/www.menalib.de\/wp-content\/uploads\/sites\/2\/2025\/10\/rahbar-sammlung-panorama-1280x382-2-768x340.jpg 768w, https:\/\/www.menalib.de\/wp-content\/uploads\/sites\/2\/2025\/10\/rahbar-sammlung-panorama-1280x382-2-18x8.jpg 18w\" sizes=\"(max-width: 800px) 100vw, 800px\" \/>\t\t\t\t\t\t\t\t\t\t\t\t\t\t\t<\/div>\n\t\t\t\t<\/div>\n\t\t\t\t\t<\/div>\n\t\t\t\t<\/div>\n\t\t<div class=\"elementor-element elementor-element-af3b2e e-flex e-con-boxed e-con e-parent\" data-id=\"af3b2e\" data-element_type=\"container\">\n\t\t\t\t\t<div class=\"e-con-inner\">\n\t\t<div class=\"elementor-element elementor-element-620b609f e-con-full e-flex e-con e-child\" data-id=\"620b609f\" data-element_type=\"container\">\n\t\t\t\t<div class=\"elementor-element elementor-element-3cbe5e04 elementor-widget__width-initial elementor-widget-divider--view-line elementor-invisible elementor-widget elementor-widget-divider\" data-id=\"3cbe5e04\" data-element_type=\"widget\" data-settings=\"{&quot;_animation&quot;:&quot;fadeInLeft&quot;}\" data-widget_type=\"divider.default\">\n\t\t\t\t\t\t\t<div class=\"elementor-divider\">\n\t\t\t<span class=\"elementor-divider-separator\">\n\t\t\t\t\t\t<\/span>\n\t\t<\/div>\n\t\t\t\t\t\t<\/div>\n\t\t\t\t<\/div>\n\t\t<div class=\"elementor-element elementor-element-5bbdfe04 e-con-full e-flex e-con e-child\" data-id=\"5bbdfe04\" data-element_type=\"container\">\n\t\t\t\t<div class=\"elementor-element elementor-element-1f87ec8d elementor-widget elementor-widget-heading\" data-id=\"1f87ec8d\" data-element_type=\"widget\" data-widget_type=\"heading.default\">\n\t\t\t\t\t<h2 class=\"elementor-heading-title elementor-size-default\">The project<\/h2>\t\t\t\t<\/div>\n\t\t\t\t<div class=\"elementor-element elementor-element-3911802b elementor-widget elementor-widget-text-editor\" data-id=\"3911802b\" data-element_type=\"widget\" data-widget_type=\"text-editor.default\">\n\t\t\t\t\t\t\t\t\t<p>East, the University and State Library of Saxony-Anhalt (ULB) is in charge of another project for the supply of academic literature from which Iranian studies in particular can benefit throughout Germany.<\/p><p>\u00a0<\/p><p>Funded by the DFG, the ULB is taking care of the indexing and digitisation of the extensive private library of the Iranian-born scientist Ali-Reza Rahbar. Within the framework of a donation, approx. 4,500 Persian monographs and approx. 80 Persian journals were transferred to the library\u2019s holdings in Halle.<\/p><p>With the completion of the project in 2023, these valuable sources for research into the cultural and religious history of modern Iran were made available for scientific use.<\/p><p><a href=\"https:\/\/bibliothek.uni-halle.de\/ueber-uns\/projekte\/abgeschlossene-projekte\/\" target=\"_blank\" rel=\"noopener\">Project description of the ULB Saxony-Anhalt<\/a><\/p><p><a href=\"https:\/\/gepris.dfg.de\/gepris\/projekt\/446010994\" target=\"_blank\" rel=\"noopener\">Project with the DFG<\/a><\/p>\t\t\t\t\t\t\t\t<\/div>\n\t\t\t\t<\/div>\n\t\t\t\t\t<\/div>\n\t\t\t\t<\/div>\n\t\t<div class=\"elementor-element elementor-element-1ab301f e-flex e-con-boxed e-con e-parent\" data-id=\"1ab301f\" data-element_type=\"container\">\n\t\t\t\t\t<div class=\"e-con-inner\">\n\t\t<div class=\"elementor-element elementor-element-04cffcd e-con-full e-flex e-con e-child\" data-id=\"04cffcd\" data-element_type=\"container\">\n\t\t\t\t<div class=\"elementor-element elementor-element-ee7c5ed elementor-widget__width-initial elementor-widget-divider--view-line elementor-invisible elementor-widget elementor-widget-divider\" data-id=\"ee7c5ed\" data-element_type=\"widget\" data-settings=\"{&quot;_animation&quot;:&quot;fadeInLeft&quot;}\" data-widget_type=\"divider.default\">\n\t\t\t\t\t\t\t<div class=\"elementor-divider\">\n\t\t\t<span class=\"elementor-divider-separator\">\n\t\t\t\t\t\t<\/span>\n\t\t<\/div>\n\t\t\t\t\t\t<\/div>\n\t\t\t\t<\/div>\n\t\t<div class=\"elementor-element elementor-element-565bc18 e-con-full e-flex e-con e-child\" data-id=\"565bc18\" data-element_type=\"container\">\n\t\t\t\t<div class=\"elementor-element elementor-element-cf4acbd elementor-widget elementor-widget-heading\" data-id=\"cf4acbd\" data-element_type=\"widget\" data-widget_type=\"heading.default\">\n\t\t\t\t\t<h2 class=\"elementor-heading-title elementor-size-default\">Value added for research worldwide<\/h2><\/h2>\t\t\t\t<\/div>\n\t\t\t\t<div class=\"elementor-element elementor-element-385604c elementor-widget elementor-widget-text-editor\" data-id=\"385604c\" data-element_type=\"widget\" data-widget_type=\"text-editor.default\">\n\t\t\t\t\t\t\t\t\t<p>An added value for research worldwide is the digitisation of the copyright-free parts of the collection. These are to be made available via the repository Share_it \/ <a href=\"https:\/\/www.menalib.de\/english\/vifa\/menadoc\/\" target=\"_blank\" rel=\"noopener\">MENAdoc<\/a> be made available in Open Access.<\/p><p>Cataloguing is carried out with indexing according to RDA rules and, in addition to the transcribed information on persons, title and publisher, also includes information in the original language (Persian). In the process, DNB standard data is edited, supplemented or newly created. This mainly concerned authors and\/or politicians of Iranian origin. However, geographical names, Persian-Muslim dynasties or dervish orders were also specified.<\/p>\t\t\t\t\t\t\t\t<\/div>\n\t\t\t\t<\/div>\n\t\t\t\t\t<\/div>\n\t\t\t\t<\/div>\n\t\t<div class=\"elementor-element elementor-element-3f5551a e-flex e-con-boxed e-con e-parent\" data-id=\"3f5551a\" data-element_type=\"container\">\n\t\t\t\t\t<div class=\"e-con-inner\">\n\t\t<div class=\"elementor-element elementor-element-1910f3b e-con-full e-flex e-con e-child\" data-id=\"1910f3b\" data-element_type=\"container\">\n\t\t\t\t<div class=\"elementor-element elementor-element-ed22b8c elementor-widget__width-initial elementor-widget-divider--view-line elementor-invisible elementor-widget elementor-widget-divider\" data-id=\"ed22b8c\" data-element_type=\"widget\" data-settings=\"{&quot;_animation&quot;:&quot;fadeInLeft&quot;}\" data-widget_type=\"divider.default\">\n\t\t\t\t\t\t\t<div class=\"elementor-divider\">\n\t\t\t<span class=\"elementor-divider-separator\">\n\t\t\t\t\t\t<\/span>\n\t\t<\/div>\n\t\t\t\t\t\t<\/div>\n\t\t\t\t<\/div>\n\t\t<div class=\"elementor-element elementor-element-32b6cf9 e-con-full e-flex e-con e-child\" data-id=\"32b6cf9\" data-element_type=\"container\">\n\t\t\t\t<div class=\"elementor-element elementor-element-68f08ab elementor-widget elementor-widget-heading\" data-id=\"68f08ab\" data-element_type=\"widget\" data-widget_type=\"heading.default\">\n\t\t\t\t\t<h2 class=\"elementor-heading-title elementor-size-default\">Project closure 2023<\/h2>\t\t\t\t<\/div>\n\t\t\t\t<div class=\"elementor-element elementor-element-7a47322 elementor-widget elementor-widget-text-editor\" data-id=\"7a47322\" data-element_type=\"widget\" data-widget_type=\"text-editor.default\">\n\t\t\t\t\t\t\t\t\t<p>A total of 3,728 titles have been added to K10plus as part of the DFG-funded project \"Indexing and Digitisation of the Ali-Reza Rahbar Collection\" at the ULB Saxony-Anhalt. Of these, 56 were journal titles and the rest are dominated by monographs. Only less than 20% of the monographs contained duplicates, which have been removed, and more than 72% of the monographs catalogued as part of the project had never before been recorded in K10plus. This corresponds to 2,687 volumes out of a total of 3,672 titles (excluding journals and duplicates).<\/p><p>\u00a0<\/p><p>These are on the Discovery system <a href=\"https:\/\/hallelit.gbv.de\/search?q=subject(%22Provenienz:+Rahbar,+Ali+Reza%22)&amp;l=menasearch\" target=\"_blank\" rel=\"noopener\">MENAsearch<\/a> on the following page.<\/p><p>The monographs mainly cover the following topics from the FID acquisition profile:<br \/>\"Iranian History and Politics\", \"Iranian Literature\", \"New Persian Literature\", \"Islamic Philosophy\", \"Islamic Religions\", \"Islamic History\", \"Islamic Mysticism\" and \"New Persian Language\".<\/p><p>\u00a0<\/p><p>It contains more than 200 (auto)biographies and accounts of historically significant Iranian personalities, which deal primarily with the last Iranian dynasties of Pahlavi and Kajars, and are thus of great professional relevance for Iranian studies. More than 160 monographs in the collection deal with ancient Iranian religions such as Zoroastrianism. In addition, the collection contains approximately 70 Persian dictionaries and other reference works that have long been out of print and whose importance for Iranian literary research is estimated to be very high.<\/p><p>\u00a0<\/p><p>As part of the project, more than 2,000 standardised records were newly created or supplemented and\/or corrected at the ULB Saxony-Anhalt. Most of these were Iranian authors, especially from the 20th century, and\/or historical personalities from Iran (approx. 92%), Afghanistan (approx. 5%) and Kurdish regions of Iran (approx. 1%) as well as records for Iranian geographical names, Persian-Muslim dynasties, important historical events in Iran and Iranian dervish orders. They can be accessed via <a href=\"https:\/\/halit.bibliothek.uni-halle.de\/search?q=%22Iranistische+Sammlung+Ali+Reza+Rahbar+digital+aus+der+Universit%C3%A4ts-+und+Landesbibliothek+Sachsen-Anhalt%22&amp;l=menasearch&amp;f=Book\" target=\"_blank\" rel=\"noopener\">MENAsearch<\/a> within the Rahbar digital collection.<\/p>\t\t\t\t\t\t\t\t<\/div>\n\t\t\t\t<\/div>\n\t\t\t\t\t<\/div>\n\t\t\t\t<\/div>\n\t\t\t\t<\/div>","protected":false},"excerpt":{"rendered":"<p>The project In addition to the Middle East Specialised Information Service, the University and State Library of Saxony-Anhalt (ULB) oversaw another project, the provision of academic literature, which will particularly benefit Iranian studies throughout Germany. \u00a0 With funding from the DFG, the ULB ensured the cataloguing and digitisation of the extensive private library of Iranian-born scholar Ali-Reza Rahbar (1938-2023). As part of a donation [\u2026]<\/p>","protected":false},"author":4,"featured_media":0,"parent":471,"menu_order":0,"comment_status":"closed","ping_status":"closed","template":"","meta":{"footnotes":""},"class_list":["post-480","page","type-page","status-publish","hentry"],"yoast_head":"<!-- This site is optimized with the Yoast SEO plugin v25.9 - https:\/\/yoast.com\/wordpress\/plugins\/seo\/ -->\n<title>Erschlie\u00dfung und Digitalisierung der Sammlung Ali-Reza Rahbar - MENAlib - Webportal des FID Nahost-, Nordafrika- und Islamstudien<\/title>\n<meta name=\"robots\" content=\"index, follow, max-snippet:-1, max-image-preview:large, max-video-preview:-1\" \/>\n<link rel=\"canonical\" href=\"https:\/\/www.menalib.de\/english\/community\/projects\/cataloguing-and-digitisation-of-the-ali-reza-rahbar-collection\/\" \/>\n<meta property=\"og:locale\" content=\"en_GB\" \/>\n<meta property=\"og:type\" content=\"article\" \/>\n<meta property=\"og:title\" content=\"Erschlie\u00dfung und Digitalisierung der Sammlung Ali-Reza Rahbar - MENAlib - Webportal des FID Nahost-, Nordafrika- und Islamstudien\" \/>\n<meta property=\"og:description\" content=\"Das Projekt Neben dem Fachinformationsdienst Nahost betreute die Universit\u00e4ts- und Landesbibliothek Sachsen-Anhalt (ULB) ein weiteres Projekt, der wissenschaftlichen Literaturversorgung von dem insbesondere die Iranistik in ganz Deutschland profitieren kann. \u00a0 Gef\u00f6rdert von der DFG sorgte die ULB f\u00fcr die Erschlie\u00dfung und Digitalisierung der umfangreichen Privatbibliothek des iranischst\u00e4mmigen Wissenschaftlers Ali-Reza Rahbar (1938-2023). Im Rahmen einer Schenkung [&hellip;]\" \/>\n<meta property=\"og:url\" content=\"https:\/\/www.menalib.de\/english\/community\/projects\/cataloguing-and-digitisation-of-the-ali-reza-rahbar-collection\/\" \/>\n<meta property=\"og:site_name\" content=\"MENAlib - Webportal des FID Nahost-, Nordafrika- und Islamstudien\" \/>\n<meta property=\"article:modified_time\" content=\"2025-11-11T09:26:36+00:00\" \/>\n<meta property=\"og:image\" content=\"https:\/\/menalib.bibliothek.uni-halle.de\/wp-content\/uploads\/sites\/2\/2025\/10\/rahbar-sammlung-panorama-1280x382-2.jpg\" \/>\n<meta name=\"twitter:card\" content=\"summary_large_image\" \/>\n<script type=\"application\/ld+json\" class=\"yoast-schema-graph\">{\"@context\":\"https:\/\/schema.org\",\"@graph\":[{\"@type\":\"WebPage\",\"@id\":\"https:\/\/www.menalib.de\/community\/projekte\/erschliessung-und-digitalisierung-der-sammlung-ali-reza-rahbar\/\",\"url\":\"https:\/\/www.menalib.de\/community\/projekte\/erschliessung-und-digitalisierung-der-sammlung-ali-reza-rahbar\/\",\"name\":\"Erschlie\u00dfung und Digitalisierung der Sammlung Ali-Reza Rahbar - MENAlib - Webportal des FID Nahost-, Nordafrika- und Islamstudien\",\"isPartOf\":{\"@id\":\"https:\/\/www.menalib.de\/#website\"},\"primaryImageOfPage\":{\"@id\":\"https:\/\/www.menalib.de\/community\/projekte\/erschliessung-und-digitalisierung-der-sammlung-ali-reza-rahbar\/#primaryimage\"},\"image\":{\"@id\":\"https:\/\/www.menalib.de\/community\/projekte\/erschliessung-und-digitalisierung-der-sammlung-ali-reza-rahbar\/#primaryimage\"},\"thumbnailUrl\":\"https:\/\/menalib.bibliothek.uni-halle.de\/wp-content\/uploads\/sites\/2\/2025\/10\/rahbar-sammlung-panorama-1280x382-2.jpg\",\"datePublished\":\"2025-09-25T07:36:16+00:00\",\"dateModified\":\"2025-11-11T09:26:36+00:00\",\"breadcrumb\":{\"@id\":\"https:\/\/www.menalib.de\/community\/projekte\/erschliessung-und-digitalisierung-der-sammlung-ali-reza-rahbar\/#breadcrumb\"},\"inLanguage\":\"en-GB\",\"potentialAction\":[{\"@type\":\"ReadAction\",\"target\":[\"https:\/\/www.menalib.de\/community\/projekte\/erschliessung-und-digitalisierung-der-sammlung-ali-reza-rahbar\/\"]}]},{\"@type\":\"ImageObject\",\"inLanguage\":\"en-GB\",\"@id\":\"https:\/\/www.menalib.de\/community\/projekte\/erschliessung-und-digitalisierung-der-sammlung-ali-reza-rahbar\/#primaryimage\",\"url\":\"https:\/\/menalib.bibliothek.uni-halle.de\/wp-content\/uploads\/sites\/2\/2025\/10\/rahbar-sammlung-panorama-1280x382-2.jpg\",\"contentUrl\":\"https:\/\/menalib.bibliothek.uni-halle.de\/wp-content\/uploads\/sites\/2\/2025\/10\/rahbar-sammlung-panorama-1280x382-2.jpg\"},{\"@type\":\"BreadcrumbList\",\"@id\":\"https:\/\/www.menalib.de\/community\/projekte\/erschliessung-und-digitalisierung-der-sammlung-ali-reza-rahbar\/#breadcrumb\",\"itemListElement\":[{\"@type\":\"ListItem\",\"position\":1,\"name\":\"Startseite\",\"item\":\"https:\/\/www.menalib.de\/\"},{\"@type\":\"ListItem\",\"position\":2,\"name\":\"Community\",\"item\":\"https:\/\/www.menalib.de\/community\/\"},{\"@type\":\"ListItem\",\"position\":3,\"name\":\"Projekte\",\"item\":\"https:\/\/www.menalib.de\/community\/projekte\/\"},{\"@type\":\"ListItem\",\"position\":4,\"name\":\"Erschlie\u00dfung und Digitalisierung der Sammlung Ali-Reza Rahbar\"}]},{\"@type\":\"WebSite\",\"@id\":\"https:\/\/www.menalib.de\/#website\",\"url\":\"https:\/\/www.menalib.de\/\",\"name\":\"MENAlib - Webportal des FID Nahost-, Nordafrika- und Islamstudien\",\"description\":\"\",\"publisher\":{\"@id\":\"https:\/\/www.menalib.de\/#organization\"},\"potentialAction\":[{\"@type\":\"SearchAction\",\"target\":{\"@type\":\"EntryPoint\",\"urlTemplate\":\"https:\/\/www.menalib.de\/?s={search_term_string}\"},\"query-input\":{\"@type\":\"PropertyValueSpecification\",\"valueRequired\":true,\"valueName\":\"search_term_string\"}}],\"inLanguage\":\"en-GB\"},{\"@type\":\"Organization\",\"@id\":\"https:\/\/www.menalib.de\/#organization\",\"name\":\"MENAlib - Webportal des FID Nahost-, Nordafrika- und Islamstudien\",\"url\":\"https:\/\/www.menalib.de\/\",\"logo\":{\"@type\":\"ImageObject\",\"inLanguage\":\"en-GB\",\"@id\":\"https:\/\/www.menalib.de\/#\/schema\/logo\/image\/\",\"url\":\"https:\/\/www.menalib.de\/wp-content\/uploads\/sites\/2\/2025\/09\/fid-logo-high-end-2025.jpg\",\"contentUrl\":\"https:\/\/www.menalib.de\/wp-content\/uploads\/sites\/2\/2025\/09\/fid-logo-high-end-2025.jpg\",\"width\":968,\"height\":529,\"caption\":\"MENAlib - Webportal des FID Nahost-, Nordafrika- und Islamstudien\"},\"image\":{\"@id\":\"https:\/\/www.menalib.de\/#\/schema\/logo\/image\/\"}}]}<\/script>\n<!-- \/ Yoast SEO plugin. -->","yoast_head_json":{"title":"Cataloguing and digitisation of the Ali-Reza Rahbar collection - MENAlib - Webportal des FID Nahost-, Nordafrika- und Islamstudien","robots":{"index":"index","follow":"follow","max-snippet":"max-snippet:-1","max-image-preview":"max-image-preview:large","max-video-preview":"max-video-preview:-1"},"canonical":"https:\/\/www.menalib.de\/english\/community\/projects\/cataloguing-and-digitisation-of-the-ali-reza-rahbar-collection\/","og_locale":"en_GB","og_type":"article","og_title":"Erschlie\u00dfung und Digitalisierung der Sammlung Ali-Reza Rahbar - MENAlib - Webportal des FID Nahost-, Nordafrika- und Islamstudien","og_description":"Das Projekt Neben dem Fachinformationsdienst Nahost betreute die Universit\u00e4ts- und Landesbibliothek Sachsen-Anhalt (ULB) ein weiteres Projekt, der wissenschaftlichen Literaturversorgung von dem insbesondere die Iranistik in ganz Deutschland profitieren kann. \u00a0 Gef\u00f6rdert von der DFG sorgte die ULB f\u00fcr die Erschlie\u00dfung und Digitalisierung der umfangreichen Privatbibliothek des iranischst\u00e4mmigen Wissenschaftlers Ali-Reza Rahbar (1938-2023). Im Rahmen einer Schenkung [&hellip;]","og_url":"https:\/\/www.menalib.de\/english\/community\/projects\/cataloguing-and-digitisation-of-the-ali-reza-rahbar-collection\/","og_site_name":"MENAlib - Webportal des FID Nahost-, Nordafrika- und Islamstudien","article_modified_time":"2025-11-11T09:26:36+00:00","og_image":[{"url":"https:\/\/menalib.bibliothek.uni-halle.de\/wp-content\/uploads\/sites\/2\/2025\/10\/rahbar-sammlung-panorama-1280x382-2.jpg","type":"","width":"","height":""}],"twitter_card":"summary_large_image","schema":{"@context":"https:\/\/schema.org","@graph":[{"@type":"WebPage","@id":"https:\/\/www.menalib.de\/community\/projekte\/erschliessung-und-digitalisierung-der-sammlung-ali-reza-rahbar\/","url":"https:\/\/www.menalib.de\/community\/projekte\/erschliessung-und-digitalisierung-der-sammlung-ali-reza-rahbar\/","name":"Cataloguing and digitisation of the Ali-Reza Rahbar collection - MENAlib - Webportal des FID Nahost-, Nordafrika- und Islamstudien","isPartOf":{"@id":"https:\/\/www.menalib.de\/#website"},"primaryImageOfPage":{"@id":"https:\/\/www.menalib.de\/community\/projekte\/erschliessung-und-digitalisierung-der-sammlung-ali-reza-rahbar\/#primaryimage"},"image":{"@id":"https:\/\/www.menalib.de\/community\/projekte\/erschliessung-und-digitalisierung-der-sammlung-ali-reza-rahbar\/#primaryimage"},"thumbnailUrl":"https:\/\/menalib.bibliothek.uni-halle.de\/wp-content\/uploads\/sites\/2\/2025\/10\/rahbar-sammlung-panorama-1280x382-2.jpg","datePublished":"2025-09-25T07:36:16+00:00","dateModified":"2025-11-11T09:26:36+00:00","breadcrumb":{"@id":"https:\/\/www.menalib.de\/community\/projekte\/erschliessung-und-digitalisierung-der-sammlung-ali-reza-rahbar\/#breadcrumb"},"inLanguage":"en-GB","potentialAction":[{"@type":"ReadAction","target":["https:\/\/www.menalib.de\/community\/projekte\/erschliessung-und-digitalisierung-der-sammlung-ali-reza-rahbar\/"]}]},{"@type":"ImageObject","inLanguage":"en-GB","@id":"https:\/\/www.menalib.de\/community\/projekte\/erschliessung-und-digitalisierung-der-sammlung-ali-reza-rahbar\/#primaryimage","url":"https:\/\/menalib.bibliothek.uni-halle.de\/wp-content\/uploads\/sites\/2\/2025\/10\/rahbar-sammlung-panorama-1280x382-2.jpg","contentUrl":"https:\/\/menalib.bibliothek.uni-halle.de\/wp-content\/uploads\/sites\/2\/2025\/10\/rahbar-sammlung-panorama-1280x382-2.jpg"},{"@type":"BreadcrumbList","@id":"https:\/\/www.menalib.de\/community\/projekte\/erschliessung-und-digitalisierung-der-sammlung-ali-reza-rahbar\/#breadcrumb","itemListElement":[{"@type":"ListItem","position":1,"name":"Startseite","item":"https:\/\/www.menalib.de\/"},{"@type":"ListItem","position":2,"name":"Community","item":"https:\/\/www.menalib.de\/community\/"},{"@type":"ListItem","position":3,"name":"Projekte","item":"https:\/\/www.menalib.de\/community\/projekte\/"},{"@type":"ListItem","position":4,"name":"Erschlie\u00dfung und Digitalisierung der Sammlung Ali-Reza Rahbar"}]},{"@type":"WebSite","@id":"https:\/\/www.menalib.de\/#website","url":"https:\/\/www.menalib.de\/","name":"MENAlib - Web portal of the FID Middle East, North Africa and Islamic Studies","description":"","publisher":{"@id":"https:\/\/www.menalib.de\/#organization"},"potentialAction":[{"@type":"SearchAction","target":{"@type":"EntryPoint","urlTemplate":"https:\/\/www.menalib.de\/?s={search_term_string}"},"query-input":{"@type":"PropertyValueSpecification","valueRequired":true,"valueName":"search_term_string"}}],"inLanguage":"en-GB"},{"@type":"Organization","@id":"https:\/\/www.menalib.de\/#organization","name":"MENAlib - Web portal of the FID Middle East, North Africa and Islamic Studies","url":"https:\/\/www.menalib.de\/","logo":{"@type":"ImageObject","inLanguage":"en-GB","@id":"https:\/\/www.menalib.de\/#\/schema\/logo\/image\/","url":"https:\/\/www.menalib.de\/wp-content\/uploads\/sites\/2\/2025\/09\/fid-logo-high-end-2025.jpg","contentUrl":"https:\/\/www.menalib.de\/wp-content\/uploads\/sites\/2\/2025\/09\/fid-logo-high-end-2025.jpg","width":968,"height":529,"caption":"MENAlib - Webportal des FID Nahost-, Nordafrika- und Islamstudien"},"image":{"@id":"https:\/\/www.menalib.de\/#\/schema\/logo\/image\/"}}]}},"_links":{"self":[{"href":"https:\/\/www.menalib.de\/english\/wp-json\/wp\/v2\/pages\/480","targetHints":{"allow":["GET"]}}],"collection":[{"href":"https:\/\/www.menalib.de\/english\/wp-json\/wp\/v2\/pages"}],"about":[{"href":"https:\/\/www.menalib.de\/english\/wp-json\/wp\/v2\/types\/page"}],"author":[{"embeddable":true,"href":"https:\/\/www.menalib.de\/english\/wp-json\/wp\/v2\/users\/4"}],"replies":[{"embeddable":true,"href":"https:\/\/www.menalib.de\/english\/wp-json\/wp\/v2\/comments?post=480"}],"version-history":[{"count":28,"href":"https:\/\/www.menalib.de\/english\/wp-json\/wp\/v2\/pages\/480\/revisions"}],"predecessor-version":[{"id":2970,"href":"https:\/\/www.menalib.de\/english\/wp-json\/wp\/v2\/pages\/480\/revisions\/2970"}],"up":[{"embeddable":true,"href":"https:\/\/www.menalib.de\/english\/wp-json\/wp\/v2\/pages\/471"}],"wp:attachment":[{"href":"https:\/\/www.menalib.de\/english\/wp-json\/wp\/v2\/media?parent=480"}],"curies":[{"name":"wp","href":"https:\/\/api.w.org\/{rel}","templated":true}]}}