{"id":468,"date":"2025-09-25T09:35:07","date_gmt":"2025-09-25T07:35:07","guid":{"rendered":"https:\/\/menalib.bibliothek.uni-halle.de\/?page_id=468"},"modified":"2025-10-22T14:20:51","modified_gmt":"2025-10-22T12:20:51","slug":"survey-islamic-studies-e-journals-collection","status":"publish","type":"page","link":"https:\/\/www.menalib.de\/english\/community\/surveys\/survey-islamic-studies-e-journals-collection\/","title":{"rendered":"Survey: Islamic Studies E-Journals Collection"},"content":{"rendered":"<div data-elementor-type=\"wp-page\" data-elementor-id=\"468\" class=\"elementor elementor-468\" data-elementor-post-type=\"page\">\n\t\t\t\t<div class=\"elementor-element elementor-element-4a2421f9 e-flex e-con-boxed e-con e-parent\" data-id=\"4a2421f9\" data-element_type=\"container\">\n\t\t\t\t\t<div class=\"e-con-inner\">\n\t\t<div class=\"elementor-element elementor-element-6605539e e-con-full e-flex e-con e-child\" data-id=\"6605539e\" data-element_type=\"container\">\n\t\t\t\t<div class=\"elementor-element elementor-element-3e9d02da elementor-widget elementor-widget-breadcrumbs\" data-id=\"3e9d02da\" data-element_type=\"widget\" data-widget_type=\"breadcrumbs.default\">\n\t\t\t\t\t<p id=\"breadcrumbs\"><span><span><a href=\"https:\/\/www.menalib.de\/english\/\">Home page<\/a><\/span><\/span><\/p>\t\t\t\t<\/div>\n\t\t\t\t<\/div>\n\t\t\t\t\t<\/div>\n\t\t\t\t<\/div>\n\t\t<div class=\"elementor-element elementor-element-6f1f1e6d e-flex e-con-boxed e-con e-parent\" data-id=\"6f1f1e6d\" data-element_type=\"container\">\n\t\t\t\t\t<div class=\"e-con-inner\">\n\t\t<div class=\"elementor-element elementor-element-bc22114 e-con-full e-flex e-con e-child\" data-id=\"bc22114\" data-element_type=\"container\" data-settings=\"{&quot;background_background&quot;:&quot;classic&quot;}\">\n\t\t<div class=\"elementor-element elementor-element-24625553 e-flex e-con-boxed e-con e-child\" data-id=\"24625553\" data-element_type=\"container\" data-settings=\"{&quot;background_background&quot;:&quot;classic&quot;}\">\n\t\t\t\t\t<div class=\"e-con-inner\">\n\t\t\t\t\t<\/div>\n\t\t\t\t<\/div>\n\t\t\t\t<\/div>\n\t\t<div class=\"elementor-element elementor-element-3d3b96ba e-con-full e-flex e-con e-child\" data-id=\"3d3b96ba\" data-element_type=\"container\" data-settings=\"{&quot;background_background&quot;:&quot;classic&quot;}\">\n\t\t\t\t<div class=\"elementor-element elementor-element-37032bf1 elementor-widget elementor-widget-image\" data-id=\"37032bf1\" data-element_type=\"widget\" data-widget_type=\"image.default\">\n\t\t\t\t\t\t\t\t\t\t\t\t\t\t\t<img fetchpriority=\"high\" decoding=\"async\" width=\"800\" height=\"801\" src=\"https:\/\/www.menalib.de\/wp-content\/uploads\/sites\/2\/2025\/10\/Bild2.png\" class=\"attachment-large size-large wp-image-1785\" alt=\"\" srcset=\"https:\/\/www.menalib.de\/wp-content\/uploads\/sites\/2\/2025\/10\/Bild2.png 825w, https:\/\/www.menalib.de\/wp-content\/uploads\/sites\/2\/2025\/10\/Bild2-300x300.png 300w, https:\/\/www.menalib.de\/wp-content\/uploads\/sites\/2\/2025\/10\/Bild2-150x150.png 150w, https:\/\/www.menalib.de\/wp-content\/uploads\/sites\/2\/2025\/10\/Bild2-768x769.png 768w\" sizes=\"(max-width: 800px) 100vw, 800px\" \/>\t\t\t\t\t\t\t\t\t\t\t\t\t\t\t<\/div>\n\t\t\t\t<\/div>\n\t\t\t\t\t<\/div>\n\t\t\t\t<\/div>\n\t\t<div class=\"elementor-element elementor-element-9a430 e-flex e-con-boxed e-con e-parent\" data-id=\"9a430\" data-element_type=\"container\">\n\t\t\t\t\t<div class=\"e-con-inner\">\n\t\t<div class=\"elementor-element elementor-element-a527b4f e-con-full e-flex e-con e-child\" data-id=\"a527b4f\" data-element_type=\"container\">\n\t\t\t\t<div class=\"elementor-element elementor-element-39bf4426 elementor-widget__width-initial elementor-widget-divider--view-line elementor-invisible elementor-widget elementor-widget-divider\" data-id=\"39bf4426\" data-element_type=\"widget\" data-settings=\"{&quot;_animation&quot;:&quot;fadeInLeft&quot;}\" data-widget_type=\"divider.default\">\n\t\t\t\t\t\t\t<div class=\"elementor-divider\">\n\t\t\t<span class=\"elementor-divider-separator\">\n\t\t\t\t\t\t<\/span>\n\t\t<\/div>\n\t\t\t\t\t\t<\/div>\n\t\t\t\t<\/div>\n\t\t<div class=\"elementor-element elementor-element-52c8711e e-con-full e-flex e-con e-child\" data-id=\"52c8711e\" data-element_type=\"container\">\n\t\t\t\t<div class=\"elementor-element elementor-element-10b4b13b elementor-widget elementor-widget-heading\" data-id=\"10b4b13b\" data-element_type=\"widget\" data-widget_type=\"heading.default\">\n\t\t\t\t\t<h2 class=\"elementor-heading-title elementor-size-default\">Occasion<\/h2>\t\t\t\t<\/div>\n\t\t\t\t<div class=\"elementor-element elementor-element-4769af94 elementor-widget elementor-widget-text-editor\" data-id=\"4769af94\" data-element_type=\"widget\" data-widget_type=\"text-editor.default\">\n\t\t\t\t\t\t\t\t\t<p>Thank you for testing the \"Islamic Studies E-Journals Collection\" from Al Manhal with this survey and evaluating it with your professional expertise. For the test you needed your personal access data from an e-mail and an e-mail address. The test period ended on 21 December 2018.<\/p>\t\t\t\t\t\t\t\t<\/div>\n\t\t\t\t<\/div>\n\t\t\t\t\t<\/div>\n\t\t\t\t<\/div>\n\t\t<div class=\"elementor-element elementor-element-647b692 e-flex e-con-boxed e-con e-parent\" data-id=\"647b692\" data-element_type=\"container\">\n\t\t\t\t\t<div class=\"e-con-inner\">\n\t\t<div class=\"elementor-element elementor-element-74ff5ba4 e-con-full e-flex e-con e-child\" data-id=\"74ff5ba4\" data-element_type=\"container\">\n\t\t\t\t<div class=\"elementor-element elementor-element-61f36563 elementor-widget__width-initial elementor-widget-divider--view-line elementor-invisible elementor-widget elementor-widget-divider\" data-id=\"61f36563\" data-element_type=\"widget\" data-settings=\"{&quot;_animation&quot;:&quot;fadeInLeft&quot;}\" data-widget_type=\"divider.default\">\n\t\t\t\t\t\t\t<div class=\"elementor-divider\">\n\t\t\t<span class=\"elementor-divider-separator\">\n\t\t\t\t\t\t<\/span>\n\t\t<\/div>\n\t\t\t\t\t\t<\/div>\n\t\t\t\t<\/div>\n\t\t<div class=\"elementor-element elementor-element-19ba867a e-con-full e-flex e-con e-child\" data-id=\"19ba867a\" data-element_type=\"container\">\n\t\t\t\t<div class=\"elementor-element elementor-element-2a0b8f24 elementor-widget elementor-widget-heading\" data-id=\"2a0b8f24\" data-element_type=\"widget\" data-widget_type=\"heading.default\">\n\t\t\t\t\t<h2 class=\"elementor-heading-title elementor-size-default\">Registration<\/h2>\t\t\t\t<\/div>\n\t\t\t\t<div class=\"elementor-element elementor-element-19b411dd elementor-widget elementor-widget-text-editor\" data-id=\"19b411dd\" data-element_type=\"widget\" data-widget_type=\"text-editor.default\">\n\t\t\t\t\t\t\t\t\t<ol><li>Call up the Al Manhal portal at: <a href=\"https:\/\/platform.almanhal.com\" target=\"_blank\" rel=\"noopener\">https:\/\/platform.almanhal.com<\/a> (opens in a new window).<\/li><li>Select \"Sign in\" at the top right.<\/li><li>Enter \"User Name\" and \"Password\" according to our e-mail.<\/li><li>Enter your e-mail address in the next step.<\/li><\/ol><p>\u00a0<\/p><p>Now you have access to the \"Islamic Studies E-Journals Collection\".<\/p>\t\t\t\t\t\t\t\t<\/div>\n\t\t\t\t<\/div>\n\t\t\t\t\t<\/div>\n\t\t\t\t<\/div>\n\t\t\t\t<\/div>","protected":false},"excerpt":{"rendered":"<p>Reason Thank you for testing Al Manhal's Islamic Studies E-Journals Collection and evaluating it with your professional expertise. To take part in the test, you needed your personal login details from an email and an email address. The test period ended on 21 December 2018. Registration Visit the Al Manhal portal at: https:\/\/platform.almanhal.com [\u2026]<\/p>","protected":false},"author":4,"featured_media":0,"parent":440,"menu_order":0,"comment_status":"closed","ping_status":"closed","template":"","meta":{"footnotes":""},"class_list":["post-468","page","type-page","status-publish","hentry"],"yoast_head":"<!-- This site is optimized with the Yoast SEO plugin v25.9 - https:\/\/yoast.com\/wordpress\/plugins\/seo\/ -->\n<title>Umfrage: Islamic Studies E-Journals Collection - MENAlib - Webportal des FID Nahost-, Nordafrika- und Islamstudien<\/title>\n<meta name=\"robots\" content=\"index, follow, max-snippet:-1, max-image-preview:large, max-video-preview:-1\" \/>\n<link rel=\"canonical\" href=\"https:\/\/www.menalib.de\/english\/community\/surveys\/survey-islamic-studies-e-journals-collection\/\" \/>\n<meta property=\"og:locale\" content=\"en_GB\" \/>\n<meta property=\"og:type\" content=\"article\" \/>\n<meta property=\"og:title\" content=\"Umfrage: Islamic Studies E-Journals Collection - MENAlib - Webportal des FID Nahost-, Nordafrika- und Islamstudien\" \/>\n<meta property=\"og:description\" content=\"Anlass Vielen Dank, dass Sie die mit dieser Umfrage die \u201eIslamic Studies E-Journals Collection\u201c von Al Manhal getest und mit Ihrer fachlichen Expertise evaluiert haben. F\u00fcr den Test ben\u00f6tigten Sie Ihre pers\u00f6nlichen Zugangsdaten aus einer E-Mail sowie eine E-Mail-Adresse. Die Testperiode endete am 21.12.2018. Anmeldung Rufen Sie das Portal von Al Manhal auf unter: https:\/\/platform.almanhal.com [&hellip;]\" \/>\n<meta property=\"og:url\" content=\"https:\/\/www.menalib.de\/english\/community\/surveys\/survey-islamic-studies-e-journals-collection\/\" \/>\n<meta property=\"og:site_name\" content=\"MENAlib - Webportal des FID Nahost-, Nordafrika- und Islamstudien\" \/>\n<meta property=\"article:modified_time\" content=\"2025-10-22T12:20:51+00:00\" \/>\n<meta property=\"og:image\" content=\"https:\/\/menalib.bibliothek.uni-halle.de\/wp-content\/uploads\/sites\/2\/2025\/10\/Bild2.png\" \/>\n<meta name=\"twitter:card\" content=\"summary_large_image\" \/>\n<script type=\"application\/ld+json\" class=\"yoast-schema-graph\">{\"@context\":\"https:\/\/schema.org\",\"@graph\":[{\"@type\":\"WebPage\",\"@id\":\"https:\/\/www.menalib.de\/community\/umfragen\/umfrage-islamic-studies-e-journals-collection\/\",\"url\":\"https:\/\/www.menalib.de\/community\/umfragen\/umfrage-islamic-studies-e-journals-collection\/\",\"name\":\"Umfrage: Islamic Studies E-Journals Collection - MENAlib - Webportal des FID Nahost-, Nordafrika- und Islamstudien\",\"isPartOf\":{\"@id\":\"https:\/\/www.menalib.de\/#website\"},\"primaryImageOfPage\":{\"@id\":\"https:\/\/www.menalib.de\/community\/umfragen\/umfrage-islamic-studies-e-journals-collection\/#primaryimage\"},\"image\":{\"@id\":\"https:\/\/www.menalib.de\/community\/umfragen\/umfrage-islamic-studies-e-journals-collection\/#primaryimage\"},\"thumbnailUrl\":\"https:\/\/menalib.bibliothek.uni-halle.de\/wp-content\/uploads\/sites\/2\/2025\/10\/Bild2.png\",\"datePublished\":\"2025-09-25T07:35:07+00:00\",\"dateModified\":\"2025-10-22T12:20:51+00:00\",\"breadcrumb\":{\"@id\":\"https:\/\/www.menalib.de\/community\/umfragen\/umfrage-islamic-studies-e-journals-collection\/#breadcrumb\"},\"inLanguage\":\"en-GB\",\"potentialAction\":[{\"@type\":\"ReadAction\",\"target\":[\"https:\/\/www.menalib.de\/community\/umfragen\/umfrage-islamic-studies-e-journals-collection\/\"]}]},{\"@type\":\"ImageObject\",\"inLanguage\":\"en-GB\",\"@id\":\"https:\/\/www.menalib.de\/community\/umfragen\/umfrage-islamic-studies-e-journals-collection\/#primaryimage\",\"url\":\"https:\/\/menalib.bibliothek.uni-halle.de\/wp-content\/uploads\/sites\/2\/2025\/10\/Bild2.png\",\"contentUrl\":\"https:\/\/menalib.bibliothek.uni-halle.de\/wp-content\/uploads\/sites\/2\/2025\/10\/Bild2.png\"},{\"@type\":\"BreadcrumbList\",\"@id\":\"https:\/\/www.menalib.de\/community\/umfragen\/umfrage-islamic-studies-e-journals-collection\/#breadcrumb\",\"itemListElement\":[{\"@type\":\"ListItem\",\"position\":1,\"name\":\"Startseite\",\"item\":\"https:\/\/www.menalib.de\/\"},{\"@type\":\"ListItem\",\"position\":2,\"name\":\"Community\",\"item\":\"https:\/\/www.menalib.de\/community\/\"},{\"@type\":\"ListItem\",\"position\":3,\"name\":\"Umfragen\",\"item\":\"https:\/\/www.menalib.de\/community\/umfragen\/\"},{\"@type\":\"ListItem\",\"position\":4,\"name\":\"Umfrage: Islamic Studies E-Journals Collection\"}]},{\"@type\":\"WebSite\",\"@id\":\"https:\/\/www.menalib.de\/#website\",\"url\":\"https:\/\/www.menalib.de\/\",\"name\":\"MENAlib - Webportal des FID Nahost-, Nordafrika- und Islamstudien\",\"description\":\"\",\"publisher\":{\"@id\":\"https:\/\/www.menalib.de\/#organization\"},\"potentialAction\":[{\"@type\":\"SearchAction\",\"target\":{\"@type\":\"EntryPoint\",\"urlTemplate\":\"https:\/\/www.menalib.de\/?s={search_term_string}\"},\"query-input\":{\"@type\":\"PropertyValueSpecification\",\"valueRequired\":true,\"valueName\":\"search_term_string\"}}],\"inLanguage\":\"en-GB\"},{\"@type\":\"Organization\",\"@id\":\"https:\/\/www.menalib.de\/#organization\",\"name\":\"MENAlib - Webportal des FID Nahost-, Nordafrika- und Islamstudien\",\"url\":\"https:\/\/www.menalib.de\/\",\"logo\":{\"@type\":\"ImageObject\",\"inLanguage\":\"en-GB\",\"@id\":\"https:\/\/www.menalib.de\/#\/schema\/logo\/image\/\",\"url\":\"https:\/\/www.menalib.de\/wp-content\/uploads\/sites\/2\/2025\/09\/fid-logo-high-end-2025.jpg\",\"contentUrl\":\"https:\/\/www.menalib.de\/wp-content\/uploads\/sites\/2\/2025\/09\/fid-logo-high-end-2025.jpg\",\"width\":968,\"height\":529,\"caption\":\"MENAlib - Webportal des FID Nahost-, Nordafrika- und Islamstudien\"},\"image\":{\"@id\":\"https:\/\/www.menalib.de\/#\/schema\/logo\/image\/\"}}]}<\/script>\n<!-- \/ Yoast SEO plugin. -->","yoast_head_json":{"title":"Survey: Islamic Studies E-Journals Collection - MENAlib - Webportal des FID Nahost-, Nordafrika- und Islamstudien","robots":{"index":"index","follow":"follow","max-snippet":"max-snippet:-1","max-image-preview":"max-image-preview:large","max-video-preview":"max-video-preview:-1"},"canonical":"https:\/\/www.menalib.de\/english\/community\/surveys\/survey-islamic-studies-e-journals-collection\/","og_locale":"en_GB","og_type":"article","og_title":"Umfrage: Islamic Studies E-Journals Collection - MENAlib - Webportal des FID Nahost-, Nordafrika- und Islamstudien","og_description":"Anlass Vielen Dank, dass Sie die mit dieser Umfrage die \u201eIslamic Studies E-Journals Collection\u201c von Al Manhal getest und mit Ihrer fachlichen Expertise evaluiert haben. F\u00fcr den Test ben\u00f6tigten Sie Ihre pers\u00f6nlichen Zugangsdaten aus einer E-Mail sowie eine E-Mail-Adresse. Die Testperiode endete am 21.12.2018. Anmeldung Rufen Sie das Portal von Al Manhal auf unter: https:\/\/platform.almanhal.com [&hellip;]","og_url":"https:\/\/www.menalib.de\/english\/community\/surveys\/survey-islamic-studies-e-journals-collection\/","og_site_name":"MENAlib - Webportal des FID Nahost-, Nordafrika- und Islamstudien","article_modified_time":"2025-10-22T12:20:51+00:00","og_image":[{"url":"https:\/\/menalib.bibliothek.uni-halle.de\/wp-content\/uploads\/sites\/2\/2025\/10\/Bild2.png","type":"","width":"","height":""}],"twitter_card":"summary_large_image","schema":{"@context":"https:\/\/schema.org","@graph":[{"@type":"WebPage","@id":"https:\/\/www.menalib.de\/community\/umfragen\/umfrage-islamic-studies-e-journals-collection\/","url":"https:\/\/www.menalib.de\/community\/umfragen\/umfrage-islamic-studies-e-journals-collection\/","name":"Survey: Islamic Studies E-Journals Collection - MENAlib - Webportal des FID Nahost-, Nordafrika- und Islamstudien","isPartOf":{"@id":"https:\/\/www.menalib.de\/#website"},"primaryImageOfPage":{"@id":"https:\/\/www.menalib.de\/community\/umfragen\/umfrage-islamic-studies-e-journals-collection\/#primaryimage"},"image":{"@id":"https:\/\/www.menalib.de\/community\/umfragen\/umfrage-islamic-studies-e-journals-collection\/#primaryimage"},"thumbnailUrl":"https:\/\/menalib.bibliothek.uni-halle.de\/wp-content\/uploads\/sites\/2\/2025\/10\/Bild2.png","datePublished":"2025-09-25T07:35:07+00:00","dateModified":"2025-10-22T12:20:51+00:00","breadcrumb":{"@id":"https:\/\/www.menalib.de\/community\/umfragen\/umfrage-islamic-studies-e-journals-collection\/#breadcrumb"},"inLanguage":"en-GB","potentialAction":[{"@type":"ReadAction","target":["https:\/\/www.menalib.de\/community\/umfragen\/umfrage-islamic-studies-e-journals-collection\/"]}]},{"@type":"ImageObject","inLanguage":"en-GB","@id":"https:\/\/www.menalib.de\/community\/umfragen\/umfrage-islamic-studies-e-journals-collection\/#primaryimage","url":"https:\/\/menalib.bibliothek.uni-halle.de\/wp-content\/uploads\/sites\/2\/2025\/10\/Bild2.png","contentUrl":"https:\/\/menalib.bibliothek.uni-halle.de\/wp-content\/uploads\/sites\/2\/2025\/10\/Bild2.png"},{"@type":"BreadcrumbList","@id":"https:\/\/www.menalib.de\/community\/umfragen\/umfrage-islamic-studies-e-journals-collection\/#breadcrumb","itemListElement":[{"@type":"ListItem","position":1,"name":"Startseite","item":"https:\/\/www.menalib.de\/"},{"@type":"ListItem","position":2,"name":"Community","item":"https:\/\/www.menalib.de\/community\/"},{"@type":"ListItem","position":3,"name":"Umfragen","item":"https:\/\/www.menalib.de\/community\/umfragen\/"},{"@type":"ListItem","position":4,"name":"Umfrage: Islamic Studies E-Journals Collection"}]},{"@type":"WebSite","@id":"https:\/\/www.menalib.de\/#website","url":"https:\/\/www.menalib.de\/","name":"MENAlib - Web portal of the FID Middle East, North Africa and Islamic Studies","description":"","publisher":{"@id":"https:\/\/www.menalib.de\/#organization"},"potentialAction":[{"@type":"SearchAction","target":{"@type":"EntryPoint","urlTemplate":"https:\/\/www.menalib.de\/?s={search_term_string}"},"query-input":{"@type":"PropertyValueSpecification","valueRequired":true,"valueName":"search_term_string"}}],"inLanguage":"en-GB"},{"@type":"Organization","@id":"https:\/\/www.menalib.de\/#organization","name":"MENAlib - Web portal of the FID Middle East, North Africa and Islamic Studies","url":"https:\/\/www.menalib.de\/","logo":{"@type":"ImageObject","inLanguage":"en-GB","@id":"https:\/\/www.menalib.de\/#\/schema\/logo\/image\/","url":"https:\/\/www.menalib.de\/wp-content\/uploads\/sites\/2\/2025\/09\/fid-logo-high-end-2025.jpg","contentUrl":"https:\/\/www.menalib.de\/wp-content\/uploads\/sites\/2\/2025\/09\/fid-logo-high-end-2025.jpg","width":968,"height":529,"caption":"MENAlib - Webportal des FID Nahost-, Nordafrika- und Islamstudien"},"image":{"@id":"https:\/\/www.menalib.de\/#\/schema\/logo\/image\/"}}]}},"_links":{"self":[{"href":"https:\/\/www.menalib.de\/english\/wp-json\/wp\/v2\/pages\/468","targetHints":{"allow":["GET"]}}],"collection":[{"href":"https:\/\/www.menalib.de\/english\/wp-json\/wp\/v2\/pages"}],"about":[{"href":"https:\/\/www.menalib.de\/english\/wp-json\/wp\/v2\/types\/page"}],"author":[{"embeddable":true,"href":"https:\/\/www.menalib.de\/english\/wp-json\/wp\/v2\/users\/4"}],"replies":[{"embeddable":true,"href":"https:\/\/www.menalib.de\/english\/wp-json\/wp\/v2\/comments?post=468"}],"version-history":[{"count":10,"href":"https:\/\/www.menalib.de\/english\/wp-json\/wp\/v2\/pages\/468\/revisions"}],"predecessor-version":[{"id":2510,"href":"https:\/\/www.menalib.de\/english\/wp-json\/wp\/v2\/pages\/468\/revisions\/2510"}],"up":[{"embeddable":true,"href":"https:\/\/www.menalib.de\/english\/wp-json\/wp\/v2\/pages\/440"}],"wp:attachment":[{"href":"https:\/\/www.menalib.de\/english\/wp-json\/wp\/v2\/media?parent=468"}],"curies":[{"name":"wp","href":"https:\/\/api.w.org\/{rel}","templated":true}]}}