{"id":465,"date":"2025-09-25T09:34:50","date_gmt":"2025-09-25T07:34:50","guid":{"rendered":"https:\/\/menalib.bibliothek.uni-halle.de\/?page_id=465"},"modified":"2025-11-13T15:44:20","modified_gmt":"2025-11-13T14:44:20","slug":"survey-afghan-serials-collection","status":"publish","type":"page","link":"https:\/\/www.menalib.de\/english\/community\/surveys\/survey-afghan-serials-collection\/","title":{"rendered":"Survey: Afghan Serials Collection"},"content":{"rendered":"<div data-elementor-type=\"wp-page\" data-elementor-id=\"465\" class=\"elementor elementor-465\" data-elementor-post-type=\"page\">\n\t\t\t\t<div class=\"elementor-element elementor-element-4a4bc473 e-flex e-con-boxed e-con e-parent\" data-id=\"4a4bc473\" data-element_type=\"container\">\n\t\t\t\t\t<div class=\"e-con-inner\">\n\t\t<div class=\"elementor-element elementor-element-27d51624 e-con-full e-flex e-con e-child\" data-id=\"27d51624\" data-element_type=\"container\">\n\t\t\t\t<div class=\"elementor-element elementor-element-44569918 elementor-widget elementor-widget-breadcrumbs\" data-id=\"44569918\" data-element_type=\"widget\" data-widget_type=\"breadcrumbs.default\">\n\t\t\t\t\t<p id=\"breadcrumbs\"><span><span><a href=\"https:\/\/www.menalib.de\/english\/\">Home page<\/a><\/span><\/span><\/p>\t\t\t\t<\/div>\n\t\t\t\t<\/div>\n\t\t\t\t\t<\/div>\n\t\t\t\t<\/div>\n\t\t<div class=\"elementor-element elementor-element-7653f2cb e-flex e-con-boxed e-con e-parent\" data-id=\"7653f2cb\" data-element_type=\"container\">\n\t\t\t\t\t<div class=\"e-con-inner\">\n\t\t<div class=\"elementor-element elementor-element-3665fb26 e-con-full e-flex e-con e-child\" data-id=\"3665fb26\" data-element_type=\"container\" data-settings=\"{&quot;background_background&quot;:&quot;classic&quot;}\">\n\t\t<div class=\"elementor-element elementor-element-51a488c4 e-flex e-con-boxed e-con e-child\" data-id=\"51a488c4\" data-element_type=\"container\" data-settings=\"{&quot;background_background&quot;:&quot;classic&quot;}\">\n\t\t\t\t\t<div class=\"e-con-inner\">\n\t\t\t\t\t<\/div>\n\t\t\t\t<\/div>\n\t\t\t\t<\/div>\n\t\t<div class=\"elementor-element elementor-element-57620393 e-con-full e-flex e-con e-child\" data-id=\"57620393\" data-element_type=\"container\" data-settings=\"{&quot;background_background&quot;:&quot;classic&quot;}\">\n\t\t\t\t<div class=\"elementor-element elementor-element-2d90181c elementor-widget elementor-widget-image\" data-id=\"2d90181c\" data-element_type=\"widget\" data-widget_type=\"image.default\">\n\t\t\t\t\t\t\t\t\t\t\t\t\t\t\t<img fetchpriority=\"high\" decoding=\"async\" width=\"800\" height=\"801\" src=\"https:\/\/www.menalib.de\/wp-content\/uploads\/sites\/2\/2025\/10\/Bild2.png\" class=\"attachment-large size-large wp-image-1785\" alt=\"\" srcset=\"https:\/\/www.menalib.de\/wp-content\/uploads\/sites\/2\/2025\/10\/Bild2.png 825w, https:\/\/www.menalib.de\/wp-content\/uploads\/sites\/2\/2025\/10\/Bild2-300x300.png 300w, https:\/\/www.menalib.de\/wp-content\/uploads\/sites\/2\/2025\/10\/Bild2-150x150.png 150w, https:\/\/www.menalib.de\/wp-content\/uploads\/sites\/2\/2025\/10\/Bild2-768x769.png 768w\" sizes=\"(max-width: 800px) 100vw, 800px\" \/>\t\t\t\t\t\t\t\t\t\t\t\t\t\t\t<\/div>\n\t\t\t\t<\/div>\n\t\t\t\t\t<\/div>\n\t\t\t\t<\/div>\n\t\t<div class=\"elementor-element elementor-element-85b1157 e-flex e-con-boxed e-con e-parent\" data-id=\"85b1157\" data-element_type=\"container\">\n\t\t\t\t\t<div class=\"e-con-inner\">\n\t\t<div class=\"elementor-element elementor-element-130f907d e-con-full e-flex e-con e-child\" data-id=\"130f907d\" data-element_type=\"container\">\n\t\t\t\t<div class=\"elementor-element elementor-element-3752f606 elementor-widget__width-initial elementor-widget-divider--view-line elementor-invisible elementor-widget elementor-widget-divider\" data-id=\"3752f606\" data-element_type=\"widget\" data-settings=\"{&quot;_animation&quot;:&quot;fadeInLeft&quot;}\" data-widget_type=\"divider.default\">\n\t\t\t\t\t\t\t<div class=\"elementor-divider\">\n\t\t\t<span class=\"elementor-divider-separator\">\n\t\t\t\t\t\t<\/span>\n\t\t<\/div>\n\t\t\t\t\t\t<\/div>\n\t\t\t\t<\/div>\n\t\t<div class=\"elementor-element elementor-element-297a32a9 e-con-full e-flex e-con e-child\" data-id=\"297a32a9\" data-element_type=\"container\">\n\t\t\t\t<div class=\"elementor-element elementor-element-1849ecaf elementor-widget elementor-widget-heading\" data-id=\"1849ecaf\" data-element_type=\"widget\" data-widget_type=\"heading.default\">\n\t\t\t\t\t<h2 class=\"elementor-heading-title elementor-size-default\">Occasion<\/h2>\t\t\t\t<\/div>\n\t\t\t\t<div class=\"elementor-element elementor-element-7a35adb elementor-widget elementor-widget-text-editor\" data-id=\"7a35adb\" data-element_type=\"widget\" data-widget_type=\"text-editor.default\">\n\t\t\t\t\t\t\t\t\t<p class=\"translation-block\">With this survey, the FID Middle East, North Africa and Islamic Studies sought to licence the <a href=\"https:\/\/menalib.bibliothek.uni-halle.de\/digitale-ressourcen\/lizensierte-datenbanken\/afghan-serials-collection\/\" target=\"_blank\" rel=\"noopener\">\u201eAfghan Serial Collection<\/a>\u201c for our <a href=\"https:\/\/menalib.bibliothek.uni-halle.de\/digitale-ressourcen\/lizensierte-datenbanken\/nutzerkreis\/\" target=\"_blank\" rel=\"noopener\">scientific community<\/a>.<\/p><p>The aim was to find out which institutes and seminars are interested in this product so that we can provide users with access to it. The survey was conducted until 4 April 2018.<\/p>\t\t\t\t\t\t\t\t<\/div>\n\t\t\t\t<\/div>\n\t\t\t\t\t<\/div>\n\t\t\t\t<\/div>\n\t\t<div class=\"elementor-element elementor-element-e0de895 e-flex e-con-boxed e-con e-parent\" data-id=\"e0de895\" data-element_type=\"container\">\n\t\t\t\t\t<div class=\"e-con-inner\">\n\t\t<div class=\"elementor-element elementor-element-05d95b5 e-con-full e-flex e-con e-child\" data-id=\"05d95b5\" data-element_type=\"container\">\n\t\t\t\t<div class=\"elementor-element elementor-element-7b3016d elementor-widget__width-initial elementor-widget-divider--view-line elementor-invisible elementor-widget elementor-widget-divider\" data-id=\"7b3016d\" data-element_type=\"widget\" data-settings=\"{&quot;_animation&quot;:&quot;fadeInLeft&quot;}\" data-widget_type=\"divider.default\">\n\t\t\t\t\t\t\t<div class=\"elementor-divider\">\n\t\t\t<span class=\"elementor-divider-separator\">\n\t\t\t\t\t\t<\/span>\n\t\t<\/div>\n\t\t\t\t\t\t<\/div>\n\t\t\t\t<\/div>\n\t\t<div class=\"elementor-element elementor-element-a27ab3c e-con-full e-flex e-con e-child\" data-id=\"a27ab3c\" data-element_type=\"container\">\n\t\t\t\t<div class=\"elementor-element elementor-element-bddc7ad elementor-widget elementor-widget-heading\" data-id=\"bddc7ad\" data-element_type=\"widget\" data-widget_type=\"heading.default\">\n\t\t\t\t\t<h2 class=\"elementor-heading-title elementor-size-default\">Questions<\/h2>\t\t\t\t<\/div>\n\t\t\t\t<div class=\"elementor-element elementor-element-c04511f elementor-widget elementor-widget-text-editor\" data-id=\"c04511f\" data-element_type=\"widget\" data-widget_type=\"text-editor.default\">\n\t\t\t\t\t\t\t\t\t<ul><li><span class=\"mlw_qmn_question\">In which organisation do you work?<\/span><\/li><li><span class=\"mlw_qmn_question\">What is your current position?<\/span><\/li><li><span class=\"mlw_qmn_question\">How relevant do you think this product is for research?<\/span><\/li><li>What do you think the product is relevant for?<\/li><\/ul>\t\t\t\t\t\t\t\t<\/div>\n\t\t\t\t<\/div>\n\t\t\t\t\t<\/div>\n\t\t\t\t<\/div>\n\t\t\t\t<\/div>","protected":false},"excerpt":{"rendered":"<p>Reason With this survey, the FID Middle East, North Africa and Islamic Studies sought to license the \"Afghan Serial Collection\" for our specialist community. The aim was to find out which institutes and seminars were interested in this product so that we could provide users with access to it. The survey was conducted until 4 April 2018. Questions [\u2026]<\/p>","protected":false},"author":4,"featured_media":0,"parent":440,"menu_order":0,"comment_status":"closed","ping_status":"closed","template":"","meta":{"footnotes":""},"class_list":["post-465","page","type-page","status-publish","hentry"],"yoast_head":"<!-- This site is optimized with the Yoast SEO plugin v25.9 - https:\/\/yoast.com\/wordpress\/plugins\/seo\/ -->\n<title>Umfrage: Afghan Serials Collection - MENAlib - Webportal des FID Nahost-, Nordafrika- und Islamstudien<\/title>\n<meta name=\"robots\" content=\"index, follow, max-snippet:-1, max-image-preview:large, max-video-preview:-1\" \/>\n<link rel=\"canonical\" href=\"https:\/\/www.menalib.de\/english\/community\/surveys\/survey-afghan-serials-collection\/\" \/>\n<meta property=\"og:locale\" content=\"en_GB\" \/>\n<meta property=\"og:type\" content=\"article\" \/>\n<meta property=\"og:title\" content=\"Umfrage: Afghan Serials Collection - MENAlib - Webportal des FID Nahost-, Nordafrika- und Islamstudien\" \/>\n<meta property=\"og:description\" content=\"Anlass Der FID Nahost, Nordafrika- und Islamstudien strebte mit dieser Umfrage die Lizenzierung der \u201eAfghan Serial Collection\u201c f\u00fcr unsere Fachgemeinschaft an. Ziel war es in Erfahrung bringen, welche Institute und Seminare sich f\u00fcr dieses Produkt interessieren, damit wir den Nutzenden den Zugang dazu erm\u00f6glichen k\u00f6nnen. Die Umfrage wurde bis zum 4. April 2018 durchgef\u00fchrt. Fragen [&hellip;]\" \/>\n<meta property=\"og:url\" content=\"https:\/\/www.menalib.de\/english\/community\/surveys\/survey-afghan-serials-collection\/\" \/>\n<meta property=\"og:site_name\" content=\"MENAlib - Webportal des FID Nahost-, Nordafrika- und Islamstudien\" \/>\n<meta property=\"article:modified_time\" content=\"2025-11-13T14:44:20+00:00\" \/>\n<meta property=\"og:image\" content=\"https:\/\/menalib.bibliothek.uni-halle.de\/wp-content\/uploads\/sites\/2\/2025\/10\/Bild2.png\" \/>\n<meta name=\"twitter:card\" content=\"summary_large_image\" \/>\n<script type=\"application\/ld+json\" class=\"yoast-schema-graph\">{\"@context\":\"https:\/\/schema.org\",\"@graph\":[{\"@type\":\"WebPage\",\"@id\":\"https:\/\/www.menalib.de\/community\/umfragen\/umfrage-afghan-serials-collection\/\",\"url\":\"https:\/\/www.menalib.de\/community\/umfragen\/umfrage-afghan-serials-collection\/\",\"name\":\"Umfrage: Afghan Serials Collection - MENAlib - Webportal des FID Nahost-, Nordafrika- und Islamstudien\",\"isPartOf\":{\"@id\":\"https:\/\/www.menalib.de\/#website\"},\"primaryImageOfPage\":{\"@id\":\"https:\/\/www.menalib.de\/community\/umfragen\/umfrage-afghan-serials-collection\/#primaryimage\"},\"image\":{\"@id\":\"https:\/\/www.menalib.de\/community\/umfragen\/umfrage-afghan-serials-collection\/#primaryimage\"},\"thumbnailUrl\":\"https:\/\/menalib.bibliothek.uni-halle.de\/wp-content\/uploads\/sites\/2\/2025\/10\/Bild2.png\",\"datePublished\":\"2025-09-25T07:34:50+00:00\",\"dateModified\":\"2025-11-13T14:44:20+00:00\",\"breadcrumb\":{\"@id\":\"https:\/\/www.menalib.de\/community\/umfragen\/umfrage-afghan-serials-collection\/#breadcrumb\"},\"inLanguage\":\"en-GB\",\"potentialAction\":[{\"@type\":\"ReadAction\",\"target\":[\"https:\/\/www.menalib.de\/community\/umfragen\/umfrage-afghan-serials-collection\/\"]}]},{\"@type\":\"ImageObject\",\"inLanguage\":\"en-GB\",\"@id\":\"https:\/\/www.menalib.de\/community\/umfragen\/umfrage-afghan-serials-collection\/#primaryimage\",\"url\":\"https:\/\/menalib.bibliothek.uni-halle.de\/wp-content\/uploads\/sites\/2\/2025\/10\/Bild2.png\",\"contentUrl\":\"https:\/\/menalib.bibliothek.uni-halle.de\/wp-content\/uploads\/sites\/2\/2025\/10\/Bild2.png\"},{\"@type\":\"BreadcrumbList\",\"@id\":\"https:\/\/www.menalib.de\/community\/umfragen\/umfrage-afghan-serials-collection\/#breadcrumb\",\"itemListElement\":[{\"@type\":\"ListItem\",\"position\":1,\"name\":\"Startseite\",\"item\":\"https:\/\/www.menalib.de\/\"},{\"@type\":\"ListItem\",\"position\":2,\"name\":\"Community\",\"item\":\"https:\/\/www.menalib.de\/community\/\"},{\"@type\":\"ListItem\",\"position\":3,\"name\":\"Umfragen\",\"item\":\"https:\/\/www.menalib.de\/community\/umfragen\/\"},{\"@type\":\"ListItem\",\"position\":4,\"name\":\"Umfrage: Afghan Serials Collection\"}]},{\"@type\":\"WebSite\",\"@id\":\"https:\/\/www.menalib.de\/#website\",\"url\":\"https:\/\/www.menalib.de\/\",\"name\":\"MENAlib - Webportal des FID Nahost-, Nordafrika- und Islamstudien\",\"description\":\"\",\"publisher\":{\"@id\":\"https:\/\/www.menalib.de\/#organization\"},\"potentialAction\":[{\"@type\":\"SearchAction\",\"target\":{\"@type\":\"EntryPoint\",\"urlTemplate\":\"https:\/\/www.menalib.de\/?s={search_term_string}\"},\"query-input\":{\"@type\":\"PropertyValueSpecification\",\"valueRequired\":true,\"valueName\":\"search_term_string\"}}],\"inLanguage\":\"en-GB\"},{\"@type\":\"Organization\",\"@id\":\"https:\/\/www.menalib.de\/#organization\",\"name\":\"MENAlib - Webportal des FID Nahost-, Nordafrika- und Islamstudien\",\"url\":\"https:\/\/www.menalib.de\/\",\"logo\":{\"@type\":\"ImageObject\",\"inLanguage\":\"en-GB\",\"@id\":\"https:\/\/www.menalib.de\/#\/schema\/logo\/image\/\",\"url\":\"https:\/\/www.menalib.de\/wp-content\/uploads\/sites\/2\/2025\/09\/fid-logo-high-end-2025.jpg\",\"contentUrl\":\"https:\/\/www.menalib.de\/wp-content\/uploads\/sites\/2\/2025\/09\/fid-logo-high-end-2025.jpg\",\"width\":968,\"height\":529,\"caption\":\"MENAlib - Webportal des FID Nahost-, Nordafrika- und Islamstudien\"},\"image\":{\"@id\":\"https:\/\/www.menalib.de\/#\/schema\/logo\/image\/\"}}]}<\/script>\n<!-- \/ Yoast SEO plugin. -->","yoast_head_json":{"title":"Survey: Afghan Serials Collection - MENAlib - Webportal of the FID Middle East, North Africa and Islamic Studies","robots":{"index":"index","follow":"follow","max-snippet":"max-snippet:-1","max-image-preview":"max-image-preview:large","max-video-preview":"max-video-preview:-1"},"canonical":"https:\/\/www.menalib.de\/english\/community\/surveys\/survey-afghan-serials-collection\/","og_locale":"en_GB","og_type":"article","og_title":"Umfrage: Afghan Serials Collection - MENAlib - Webportal des FID Nahost-, Nordafrika- und Islamstudien","og_description":"Anlass Der FID Nahost, Nordafrika- und Islamstudien strebte mit dieser Umfrage die Lizenzierung der \u201eAfghan Serial Collection\u201c f\u00fcr unsere Fachgemeinschaft an. Ziel war es in Erfahrung bringen, welche Institute und Seminare sich f\u00fcr dieses Produkt interessieren, damit wir den Nutzenden den Zugang dazu erm\u00f6glichen k\u00f6nnen. Die Umfrage wurde bis zum 4. April 2018 durchgef\u00fchrt. Fragen [&hellip;]","og_url":"https:\/\/www.menalib.de\/english\/community\/surveys\/survey-afghan-serials-collection\/","og_site_name":"MENAlib - Webportal des FID Nahost-, Nordafrika- und Islamstudien","article_modified_time":"2025-11-13T14:44:20+00:00","og_image":[{"url":"https:\/\/menalib.bibliothek.uni-halle.de\/wp-content\/uploads\/sites\/2\/2025\/10\/Bild2.png","type":"","width":"","height":""}],"twitter_card":"summary_large_image","schema":{"@context":"https:\/\/schema.org","@graph":[{"@type":"WebPage","@id":"https:\/\/www.menalib.de\/community\/umfragen\/umfrage-afghan-serials-collection\/","url":"https:\/\/www.menalib.de\/community\/umfragen\/umfrage-afghan-serials-collection\/","name":"Survey: Afghan Serials Collection - MENAlib - Webportal of the FID Middle East, North Africa and Islamic Studies","isPartOf":{"@id":"https:\/\/www.menalib.de\/#website"},"primaryImageOfPage":{"@id":"https:\/\/www.menalib.de\/community\/umfragen\/umfrage-afghan-serials-collection\/#primaryimage"},"image":{"@id":"https:\/\/www.menalib.de\/community\/umfragen\/umfrage-afghan-serials-collection\/#primaryimage"},"thumbnailUrl":"https:\/\/menalib.bibliothek.uni-halle.de\/wp-content\/uploads\/sites\/2\/2025\/10\/Bild2.png","datePublished":"2025-09-25T07:34:50+00:00","dateModified":"2025-11-13T14:44:20+00:00","breadcrumb":{"@id":"https:\/\/www.menalib.de\/community\/umfragen\/umfrage-afghan-serials-collection\/#breadcrumb"},"inLanguage":"en-GB","potentialAction":[{"@type":"ReadAction","target":["https:\/\/www.menalib.de\/community\/umfragen\/umfrage-afghan-serials-collection\/"]}]},{"@type":"ImageObject","inLanguage":"en-GB","@id":"https:\/\/www.menalib.de\/community\/umfragen\/umfrage-afghan-serials-collection\/#primaryimage","url":"https:\/\/menalib.bibliothek.uni-halle.de\/wp-content\/uploads\/sites\/2\/2025\/10\/Bild2.png","contentUrl":"https:\/\/menalib.bibliothek.uni-halle.de\/wp-content\/uploads\/sites\/2\/2025\/10\/Bild2.png"},{"@type":"BreadcrumbList","@id":"https:\/\/www.menalib.de\/community\/umfragen\/umfrage-afghan-serials-collection\/#breadcrumb","itemListElement":[{"@type":"ListItem","position":1,"name":"Startseite","item":"https:\/\/www.menalib.de\/"},{"@type":"ListItem","position":2,"name":"Community","item":"https:\/\/www.menalib.de\/community\/"},{"@type":"ListItem","position":3,"name":"Umfragen","item":"https:\/\/www.menalib.de\/community\/umfragen\/"},{"@type":"ListItem","position":4,"name":"Umfrage: Afghan Serials Collection"}]},{"@type":"WebSite","@id":"https:\/\/www.menalib.de\/#website","url":"https:\/\/www.menalib.de\/","name":"MENAlib - Web portal of the FID Middle East, North Africa and Islamic Studies","description":"","publisher":{"@id":"https:\/\/www.menalib.de\/#organization"},"potentialAction":[{"@type":"SearchAction","target":{"@type":"EntryPoint","urlTemplate":"https:\/\/www.menalib.de\/?s={search_term_string}"},"query-input":{"@type":"PropertyValueSpecification","valueRequired":true,"valueName":"search_term_string"}}],"inLanguage":"en-GB"},{"@type":"Organization","@id":"https:\/\/www.menalib.de\/#organization","name":"MENAlib - Web portal of the FID Middle East, North Africa and Islamic Studies","url":"https:\/\/www.menalib.de\/","logo":{"@type":"ImageObject","inLanguage":"en-GB","@id":"https:\/\/www.menalib.de\/#\/schema\/logo\/image\/","url":"https:\/\/www.menalib.de\/wp-content\/uploads\/sites\/2\/2025\/09\/fid-logo-high-end-2025.jpg","contentUrl":"https:\/\/www.menalib.de\/wp-content\/uploads\/sites\/2\/2025\/09\/fid-logo-high-end-2025.jpg","width":968,"height":529,"caption":"MENAlib - Webportal des FID Nahost-, Nordafrika- und Islamstudien"},"image":{"@id":"https:\/\/www.menalib.de\/#\/schema\/logo\/image\/"}}]}},"_links":{"self":[{"href":"https:\/\/www.menalib.de\/english\/wp-json\/wp\/v2\/pages\/465","targetHints":{"allow":["GET"]}}],"collection":[{"href":"https:\/\/www.menalib.de\/english\/wp-json\/wp\/v2\/pages"}],"about":[{"href":"https:\/\/www.menalib.de\/english\/wp-json\/wp\/v2\/types\/page"}],"author":[{"embeddable":true,"href":"https:\/\/www.menalib.de\/english\/wp-json\/wp\/v2\/users\/4"}],"replies":[{"embeddable":true,"href":"https:\/\/www.menalib.de\/english\/wp-json\/wp\/v2\/comments?post=465"}],"version-history":[{"count":13,"href":"https:\/\/www.menalib.de\/english\/wp-json\/wp\/v2\/pages\/465\/revisions"}],"predecessor-version":[{"id":3174,"href":"https:\/\/www.menalib.de\/english\/wp-json\/wp\/v2\/pages\/465\/revisions\/3174"}],"up":[{"embeddable":true,"href":"https:\/\/www.menalib.de\/english\/wp-json\/wp\/v2\/pages\/440"}],"wp:attachment":[{"href":"https:\/\/www.menalib.de\/english\/wp-json\/wp\/v2\/media?parent=465"}],"curies":[{"name":"wp","href":"https:\/\/api.w.org\/{rel}","templated":true}]}}