{"id":462,"date":"2025-09-25T09:34:32","date_gmt":"2025-09-25T07:34:32","guid":{"rendered":"https:\/\/menalib.bibliothek.uni-halle.de\/?page_id=462"},"modified":"2025-11-13T15:36:02","modified_gmt":"2025-11-13T14:36:02","slug":"survey-al-ahram-test-of-the-digital-newspaper-archive","status":"publish","type":"page","link":"https:\/\/www.menalib.de\/english\/community\/surveys\/survey-al-ahram-test-of-the-digital-newspaper-archive\/","title":{"rendered":"Survey: Al-Ahram - Test of the digital newspaper archive"},"content":{"rendered":"<div data-elementor-type=\"wp-page\" data-elementor-id=\"462\" class=\"elementor elementor-462\" data-elementor-post-type=\"page\">\n\t\t\t\t<div class=\"elementor-element elementor-element-7e372607 e-flex e-con-boxed e-con e-parent\" data-id=\"7e372607\" data-element_type=\"container\">\n\t\t\t\t\t<div class=\"e-con-inner\">\n\t\t<div class=\"elementor-element elementor-element-11e69686 e-con-full e-flex e-con e-child\" data-id=\"11e69686\" data-element_type=\"container\">\n\t\t\t\t<div class=\"elementor-element elementor-element-189d2c70 elementor-widget elementor-widget-breadcrumbs\" data-id=\"189d2c70\" data-element_type=\"widget\" data-widget_type=\"breadcrumbs.default\">\n\t\t\t\t\t<p id=\"breadcrumbs\"><span><span><a href=\"https:\/\/www.menalib.de\/english\/\">Home page<\/a><\/span><\/span><\/p>\t\t\t\t<\/div>\n\t\t\t\t<\/div>\n\t\t\t\t\t<\/div>\n\t\t\t\t<\/div>\n\t\t<div class=\"elementor-element elementor-element-f5099e7 e-flex e-con-boxed e-con e-parent\" data-id=\"f5099e7\" data-element_type=\"container\">\n\t\t\t\t\t<div class=\"e-con-inner\">\n\t\t<div class=\"elementor-element elementor-element-416bb9ce e-con-full e-flex e-con e-child\" data-id=\"416bb9ce\" data-element_type=\"container\" data-settings=\"{&quot;background_background&quot;:&quot;classic&quot;}\">\n\t\t<div class=\"elementor-element elementor-element-3dde5efb e-flex e-con-boxed e-con e-child\" data-id=\"3dde5efb\" data-element_type=\"container\" data-settings=\"{&quot;background_background&quot;:&quot;classic&quot;}\">\n\t\t\t\t\t<div class=\"e-con-inner\">\n\t\t\t\t\t<\/div>\n\t\t\t\t<\/div>\n\t\t\t\t<\/div>\n\t\t<div class=\"elementor-element elementor-element-2bd2e4ba e-con-full e-flex e-con e-child\" data-id=\"2bd2e4ba\" data-element_type=\"container\" data-settings=\"{&quot;background_background&quot;:&quot;classic&quot;}\">\n\t\t\t\t<div class=\"elementor-element elementor-element-173517a1 elementor-widget elementor-widget-image\" data-id=\"173517a1\" data-element_type=\"widget\" data-widget_type=\"image.default\">\n\t\t\t\t\t\t\t\t\t\t\t\t\t\t\t<img fetchpriority=\"high\" decoding=\"async\" width=\"688\" height=\"1024\" src=\"https:\/\/www.menalib.de\/wp-content\/uploads\/sites\/2\/2025\/10\/al-ahram-688x1024.jpg\" class=\"attachment-large size-large wp-image-2077\" alt=\"\" srcset=\"https:\/\/www.menalib.de\/wp-content\/uploads\/sites\/2\/2025\/10\/al-ahram-688x1024.jpg 688w, https:\/\/www.menalib.de\/wp-content\/uploads\/sites\/2\/2025\/10\/al-ahram-202x300.jpg 202w, https:\/\/www.menalib.de\/wp-content\/uploads\/sites\/2\/2025\/10\/al-ahram-768x1143.jpg 768w, https:\/\/www.menalib.de\/wp-content\/uploads\/sites\/2\/2025\/10\/al-ahram-1032x1536.jpg 1032w, https:\/\/www.menalib.de\/wp-content\/uploads\/sites\/2\/2025\/10\/al-ahram-8x12.jpg 8w, https:\/\/www.menalib.de\/wp-content\/uploads\/sites\/2\/2025\/10\/al-ahram.jpg 1290w\" sizes=\"(max-width: 688px) 100vw, 688px\" \/>\t\t\t\t\t\t\t\t\t\t\t\t\t\t\t<\/div>\n\t\t\t\t<\/div>\n\t\t\t\t\t<\/div>\n\t\t\t\t<\/div>\n\t\t<div class=\"elementor-element elementor-element-1de521ef e-flex e-con-boxed e-con e-parent\" data-id=\"1de521ef\" data-element_type=\"container\">\n\t\t\t\t\t<div class=\"e-con-inner\">\n\t\t<div class=\"elementor-element elementor-element-1a45c25c e-con-full e-flex e-con e-child\" data-id=\"1a45c25c\" data-element_type=\"container\">\n\t\t\t\t<div class=\"elementor-element elementor-element-45da9bc4 elementor-widget__width-initial elementor-widget-divider--view-line elementor-invisible elementor-widget elementor-widget-divider\" data-id=\"45da9bc4\" data-element_type=\"widget\" data-settings=\"{&quot;_animation&quot;:&quot;fadeInLeft&quot;}\" data-widget_type=\"divider.default\">\n\t\t\t\t\t\t\t<div class=\"elementor-divider\">\n\t\t\t<span class=\"elementor-divider-separator\">\n\t\t\t\t\t\t<\/span>\n\t\t<\/div>\n\t\t\t\t\t\t<\/div>\n\t\t\t\t<\/div>\n\t\t<div class=\"elementor-element elementor-element-7db4e938 e-con-full e-flex e-con e-child\" data-id=\"7db4e938\" data-element_type=\"container\">\n\t\t\t\t<div class=\"elementor-element elementor-element-d297b3a elementor-widget elementor-widget-heading\" data-id=\"d297b3a\" data-element_type=\"widget\" data-widget_type=\"heading.default\">\n\t\t\t\t\t<h2 class=\"elementor-heading-title elementor-size-default\">Occasion<\/h2>\t\t\t\t<\/div>\n\t\t\t\t<div class=\"elementor-element elementor-element-5dd882ed elementor-widget elementor-widget-text-editor\" data-id=\"5dd882ed\" data-element_type=\"widget\" data-widget_type=\"text-editor.default\">\n\t\t\t\t\t\t\t\t\t<p>Members of the <a href=\"https:\/\/www.menalib.de\/english\/digital-resources\/licensed-databases\/user-group\/\" target=\"_blank\" rel=\"noopener\">31 institutions in our defined user group<\/a> were able to test and evaluate the digitised archive of the Egyptian newspaper \"Al-Ahram\" (\u0627\u0644\u0623\u0647\u0631\u0627\u0645) in 2021.<\/p><p>The Middle East Specialist Information Service had agreed temporary access with the database provider \"East View\" until 15 January 2021.<\/p><p>We needed your feedback as a mandate, for or against the purchase of a permanent licence. Following the test, the user institutions were able to take part in a short survey by Al-Ahram.<\/p><p>Thanks to this survey, the FID was able to to make the <a href=\"https:\/\/www.menalib.de\/english\/digital-resources\/licensed-databases\/al-ahram\/\" target=\"_blank\" rel=\"noopener\">archive<\/a> accessible for our users.<\/p>\t\t\t\t\t\t\t\t<\/div>\n\t\t\t\t<\/div>\n\t\t\t\t\t<\/div>\n\t\t\t\t<\/div>\n\t\t\t\t<\/div>","protected":false},"excerpt":{"rendered":"<p>Reason In 2021, members of the 31 institutions in our defined user group were able to test and evaluate the digitised archive of the Egyptian newspaper \"Al-Ahram\" (\u0627\u0644\u0623\u0647\u0631\u0627\u0645\u200e). The Middle East Specialised Information Service had agreed temporary access with the database provider \"East View\" until 15 January 2021. We needed your feedback as a mandate for or against the purchase of a permanent licence. Following the [...]<\/p>","protected":false},"author":4,"featured_media":0,"parent":440,"menu_order":0,"comment_status":"closed","ping_status":"closed","template":"","meta":{"footnotes":""},"class_list":["post-462","page","type-page","status-publish","hentry"],"yoast_head":"<!-- This site is optimized with the Yoast SEO plugin v25.9 - https:\/\/yoast.com\/wordpress\/plugins\/seo\/ -->\n<title>Umfrage: Al-Ahram \u2013 Test des digitalen Zeitungsarchivs - MENAlib - Webportal des FID Nahost-, Nordafrika- und Islamstudien<\/title>\n<meta name=\"robots\" content=\"index, follow, max-snippet:-1, max-image-preview:large, max-video-preview:-1\" \/>\n<link rel=\"canonical\" href=\"https:\/\/www.menalib.de\/english\/community\/surveys\/survey-al-ahram-test-of-the-digital-newspaper-archive\/\" \/>\n<meta property=\"og:locale\" content=\"en_GB\" \/>\n<meta property=\"og:type\" content=\"article\" \/>\n<meta property=\"og:title\" content=\"Umfrage: Al-Ahram \u2013 Test des digitalen Zeitungsarchivs - MENAlib - Webportal des FID Nahost-, Nordafrika- und Islamstudien\" \/>\n<meta property=\"og:description\" content=\"Anlass Angeh\u00f6rige der 31 Institutionen unseres definierten Nutzerkreises konnten 2021 das digitalisierte Archiv der \u00e4gyptischen Zeitung \u201eAl-Ahram\u201c (\u0627\u0644\u0623\u0647\u0631\u0627\u0645\u200e) testen und bewerten. Der Fachinformationsdienst Nahost hatte mit dem Datenbankanbieter &#8222;East View&#8220; einen tempor\u00e4ren Zugang bis zum 15.01.2021 vereinbart. Wir ben\u00f6tigten Ihre R\u00fcckmeldungen als Mandat, f\u00fcr oder gegen den Erwerb einer dauerhaften Lizenz. Im Anschluss an den [&hellip;]\" \/>\n<meta property=\"og:url\" content=\"https:\/\/www.menalib.de\/english\/community\/surveys\/survey-al-ahram-test-of-the-digital-newspaper-archive\/\" \/>\n<meta property=\"og:site_name\" content=\"MENAlib - Webportal des FID Nahost-, Nordafrika- und Islamstudien\" \/>\n<meta property=\"article:modified_time\" content=\"2025-11-13T14:36:02+00:00\" \/>\n<meta property=\"og:image\" content=\"https:\/\/menalib.bibliothek.uni-halle.de\/wp-content\/uploads\/sites\/2\/2025\/10\/al-ahram-688x1024.jpg\" \/>\n<meta name=\"twitter:card\" content=\"summary_large_image\" \/>\n<script type=\"application\/ld+json\" class=\"yoast-schema-graph\">{\"@context\":\"https:\/\/schema.org\",\"@graph\":[{\"@type\":\"WebPage\",\"@id\":\"https:\/\/www.menalib.de\/community\/umfragen\/umfrage-al-ahram-test-des-digitalen-zeitungsarchivs\/\",\"url\":\"https:\/\/www.menalib.de\/community\/umfragen\/umfrage-al-ahram-test-des-digitalen-zeitungsarchivs\/\",\"name\":\"Umfrage: Al-Ahram \u2013 Test des digitalen Zeitungsarchivs - MENAlib - Webportal des FID Nahost-, Nordafrika- und Islamstudien\",\"isPartOf\":{\"@id\":\"https:\/\/www.menalib.de\/#website\"},\"primaryImageOfPage\":{\"@id\":\"https:\/\/www.menalib.de\/community\/umfragen\/umfrage-al-ahram-test-des-digitalen-zeitungsarchivs\/#primaryimage\"},\"image\":{\"@id\":\"https:\/\/www.menalib.de\/community\/umfragen\/umfrage-al-ahram-test-des-digitalen-zeitungsarchivs\/#primaryimage\"},\"thumbnailUrl\":\"https:\/\/menalib.bibliothek.uni-halle.de\/wp-content\/uploads\/sites\/2\/2025\/10\/al-ahram-688x1024.jpg\",\"datePublished\":\"2025-09-25T07:34:32+00:00\",\"dateModified\":\"2025-11-13T14:36:02+00:00\",\"breadcrumb\":{\"@id\":\"https:\/\/www.menalib.de\/community\/umfragen\/umfrage-al-ahram-test-des-digitalen-zeitungsarchivs\/#breadcrumb\"},\"inLanguage\":\"en-GB\",\"potentialAction\":[{\"@type\":\"ReadAction\",\"target\":[\"https:\/\/www.menalib.de\/community\/umfragen\/umfrage-al-ahram-test-des-digitalen-zeitungsarchivs\/\"]}]},{\"@type\":\"ImageObject\",\"inLanguage\":\"en-GB\",\"@id\":\"https:\/\/www.menalib.de\/community\/umfragen\/umfrage-al-ahram-test-des-digitalen-zeitungsarchivs\/#primaryimage\",\"url\":\"https:\/\/menalib.bibliothek.uni-halle.de\/wp-content\/uploads\/sites\/2\/2025\/10\/al-ahram-688x1024.jpg\",\"contentUrl\":\"https:\/\/menalib.bibliothek.uni-halle.de\/wp-content\/uploads\/sites\/2\/2025\/10\/al-ahram-688x1024.jpg\"},{\"@type\":\"BreadcrumbList\",\"@id\":\"https:\/\/www.menalib.de\/community\/umfragen\/umfrage-al-ahram-test-des-digitalen-zeitungsarchivs\/#breadcrumb\",\"itemListElement\":[{\"@type\":\"ListItem\",\"position\":1,\"name\":\"Startseite\",\"item\":\"https:\/\/www.menalib.de\/\"},{\"@type\":\"ListItem\",\"position\":2,\"name\":\"Community\",\"item\":\"https:\/\/www.menalib.de\/community\/\"},{\"@type\":\"ListItem\",\"position\":3,\"name\":\"Umfragen\",\"item\":\"https:\/\/www.menalib.de\/community\/umfragen\/\"},{\"@type\":\"ListItem\",\"position\":4,\"name\":\"Umfrage: Al-Ahram \u2013 Test des digitalen Zeitungsarchivs\"}]},{\"@type\":\"WebSite\",\"@id\":\"https:\/\/www.menalib.de\/#website\",\"url\":\"https:\/\/www.menalib.de\/\",\"name\":\"MENAlib - Webportal des FID Nahost-, Nordafrika- und Islamstudien\",\"description\":\"\",\"publisher\":{\"@id\":\"https:\/\/www.menalib.de\/#organization\"},\"potentialAction\":[{\"@type\":\"SearchAction\",\"target\":{\"@type\":\"EntryPoint\",\"urlTemplate\":\"https:\/\/www.menalib.de\/?s={search_term_string}\"},\"query-input\":{\"@type\":\"PropertyValueSpecification\",\"valueRequired\":true,\"valueName\":\"search_term_string\"}}],\"inLanguage\":\"en-GB\"},{\"@type\":\"Organization\",\"@id\":\"https:\/\/www.menalib.de\/#organization\",\"name\":\"MENAlib - Webportal des FID Nahost-, Nordafrika- und Islamstudien\",\"url\":\"https:\/\/www.menalib.de\/\",\"logo\":{\"@type\":\"ImageObject\",\"inLanguage\":\"en-GB\",\"@id\":\"https:\/\/www.menalib.de\/#\/schema\/logo\/image\/\",\"url\":\"https:\/\/www.menalib.de\/wp-content\/uploads\/sites\/2\/2025\/09\/fid-logo-high-end-2025.jpg\",\"contentUrl\":\"https:\/\/www.menalib.de\/wp-content\/uploads\/sites\/2\/2025\/09\/fid-logo-high-end-2025.jpg\",\"width\":968,\"height\":529,\"caption\":\"MENAlib - Webportal des FID Nahost-, Nordafrika- und Islamstudien\"},\"image\":{\"@id\":\"https:\/\/www.menalib.de\/#\/schema\/logo\/image\/\"}}]}<\/script>\n<!-- \/ Yoast SEO plugin. -->","yoast_head_json":{"title":"Survey: Al-Ahram - Test of the digital newspaper archive - MENAlib - Webportal des FID Nahost-, Nordafrika- und Islamstudien","robots":{"index":"index","follow":"follow","max-snippet":"max-snippet:-1","max-image-preview":"max-image-preview:large","max-video-preview":"max-video-preview:-1"},"canonical":"https:\/\/www.menalib.de\/english\/community\/surveys\/survey-al-ahram-test-of-the-digital-newspaper-archive\/","og_locale":"en_GB","og_type":"article","og_title":"Umfrage: Al-Ahram \u2013 Test des digitalen Zeitungsarchivs - MENAlib - Webportal des FID Nahost-, Nordafrika- und Islamstudien","og_description":"Anlass Angeh\u00f6rige der 31 Institutionen unseres definierten Nutzerkreises konnten 2021 das digitalisierte Archiv der \u00e4gyptischen Zeitung \u201eAl-Ahram\u201c (\u0627\u0644\u0623\u0647\u0631\u0627\u0645\u200e) testen und bewerten. Der Fachinformationsdienst Nahost hatte mit dem Datenbankanbieter &#8222;East View&#8220; einen tempor\u00e4ren Zugang bis zum 15.01.2021 vereinbart. Wir ben\u00f6tigten Ihre R\u00fcckmeldungen als Mandat, f\u00fcr oder gegen den Erwerb einer dauerhaften Lizenz. Im Anschluss an den [&hellip;]","og_url":"https:\/\/www.menalib.de\/english\/community\/surveys\/survey-al-ahram-test-of-the-digital-newspaper-archive\/","og_site_name":"MENAlib - Webportal des FID Nahost-, Nordafrika- und Islamstudien","article_modified_time":"2025-11-13T14:36:02+00:00","og_image":[{"url":"https:\/\/menalib.bibliothek.uni-halle.de\/wp-content\/uploads\/sites\/2\/2025\/10\/al-ahram-688x1024.jpg","type":"","width":"","height":""}],"twitter_card":"summary_large_image","schema":{"@context":"https:\/\/schema.org","@graph":[{"@type":"WebPage","@id":"https:\/\/www.menalib.de\/community\/umfragen\/umfrage-al-ahram-test-des-digitalen-zeitungsarchivs\/","url":"https:\/\/www.menalib.de\/community\/umfragen\/umfrage-al-ahram-test-des-digitalen-zeitungsarchivs\/","name":"Survey: Al-Ahram - Test of the digital newspaper archive - MENAlib - Webportal des FID Nahost-, Nordafrika- und Islamstudien","isPartOf":{"@id":"https:\/\/www.menalib.de\/#website"},"primaryImageOfPage":{"@id":"https:\/\/www.menalib.de\/community\/umfragen\/umfrage-al-ahram-test-des-digitalen-zeitungsarchivs\/#primaryimage"},"image":{"@id":"https:\/\/www.menalib.de\/community\/umfragen\/umfrage-al-ahram-test-des-digitalen-zeitungsarchivs\/#primaryimage"},"thumbnailUrl":"https:\/\/menalib.bibliothek.uni-halle.de\/wp-content\/uploads\/sites\/2\/2025\/10\/al-ahram-688x1024.jpg","datePublished":"2025-09-25T07:34:32+00:00","dateModified":"2025-11-13T14:36:02+00:00","breadcrumb":{"@id":"https:\/\/www.menalib.de\/community\/umfragen\/umfrage-al-ahram-test-des-digitalen-zeitungsarchivs\/#breadcrumb"},"inLanguage":"en-GB","potentialAction":[{"@type":"ReadAction","target":["https:\/\/www.menalib.de\/community\/umfragen\/umfrage-al-ahram-test-des-digitalen-zeitungsarchivs\/"]}]},{"@type":"ImageObject","inLanguage":"en-GB","@id":"https:\/\/www.menalib.de\/community\/umfragen\/umfrage-al-ahram-test-des-digitalen-zeitungsarchivs\/#primaryimage","url":"https:\/\/menalib.bibliothek.uni-halle.de\/wp-content\/uploads\/sites\/2\/2025\/10\/al-ahram-688x1024.jpg","contentUrl":"https:\/\/menalib.bibliothek.uni-halle.de\/wp-content\/uploads\/sites\/2\/2025\/10\/al-ahram-688x1024.jpg"},{"@type":"BreadcrumbList","@id":"https:\/\/www.menalib.de\/community\/umfragen\/umfrage-al-ahram-test-des-digitalen-zeitungsarchivs\/#breadcrumb","itemListElement":[{"@type":"ListItem","position":1,"name":"Startseite","item":"https:\/\/www.menalib.de\/"},{"@type":"ListItem","position":2,"name":"Community","item":"https:\/\/www.menalib.de\/community\/"},{"@type":"ListItem","position":3,"name":"Umfragen","item":"https:\/\/www.menalib.de\/community\/umfragen\/"},{"@type":"ListItem","position":4,"name":"Umfrage: Al-Ahram \u2013 Test des digitalen Zeitungsarchivs"}]},{"@type":"WebSite","@id":"https:\/\/www.menalib.de\/#website","url":"https:\/\/www.menalib.de\/","name":"MENAlib - Web portal of the FID Middle East, North Africa and Islamic Studies","description":"","publisher":{"@id":"https:\/\/www.menalib.de\/#organization"},"potentialAction":[{"@type":"SearchAction","target":{"@type":"EntryPoint","urlTemplate":"https:\/\/www.menalib.de\/?s={search_term_string}"},"query-input":{"@type":"PropertyValueSpecification","valueRequired":true,"valueName":"search_term_string"}}],"inLanguage":"en-GB"},{"@type":"Organization","@id":"https:\/\/www.menalib.de\/#organization","name":"MENAlib - Web portal of the FID Middle East, North Africa and Islamic Studies","url":"https:\/\/www.menalib.de\/","logo":{"@type":"ImageObject","inLanguage":"en-GB","@id":"https:\/\/www.menalib.de\/#\/schema\/logo\/image\/","url":"https:\/\/www.menalib.de\/wp-content\/uploads\/sites\/2\/2025\/09\/fid-logo-high-end-2025.jpg","contentUrl":"https:\/\/www.menalib.de\/wp-content\/uploads\/sites\/2\/2025\/09\/fid-logo-high-end-2025.jpg","width":968,"height":529,"caption":"MENAlib - Webportal des FID Nahost-, Nordafrika- und Islamstudien"},"image":{"@id":"https:\/\/www.menalib.de\/#\/schema\/logo\/image\/"}}]}},"_links":{"self":[{"href":"https:\/\/www.menalib.de\/english\/wp-json\/wp\/v2\/pages\/462","targetHints":{"allow":["GET"]}}],"collection":[{"href":"https:\/\/www.menalib.de\/english\/wp-json\/wp\/v2\/pages"}],"about":[{"href":"https:\/\/www.menalib.de\/english\/wp-json\/wp\/v2\/types\/page"}],"author":[{"embeddable":true,"href":"https:\/\/www.menalib.de\/english\/wp-json\/wp\/v2\/users\/4"}],"replies":[{"embeddable":true,"href":"https:\/\/www.menalib.de\/english\/wp-json\/wp\/v2\/comments?post=462"}],"version-history":[{"count":10,"href":"https:\/\/www.menalib.de\/english\/wp-json\/wp\/v2\/pages\/462\/revisions"}],"predecessor-version":[{"id":3168,"href":"https:\/\/www.menalib.de\/english\/wp-json\/wp\/v2\/pages\/462\/revisions\/3168"}],"up":[{"embeddable":true,"href":"https:\/\/www.menalib.de\/english\/wp-json\/wp\/v2\/pages\/440"}],"wp:attachment":[{"href":"https:\/\/www.menalib.de\/english\/wp-json\/wp\/v2\/media?parent=462"}],"curies":[{"name":"wp","href":"https:\/\/api.w.org\/{rel}","templated":true}]}}