{"id":428,"date":"2025-09-25T09:25:08","date_gmt":"2025-09-25T07:25:08","guid":{"rendered":"https:\/\/menalib.bibliothek.uni-halle.de\/?page_id=428"},"modified":"2026-01-14T11:13:18","modified_gmt":"2026-01-14T10:13:18","slug":"cumhuriyet","status":"publish","type":"page","link":"https:\/\/www.menalib.de\/english\/digital-resources\/licensed-databases\/cumhuriyet\/","title":{"rendered":"Cumhuriyet"},"content":{"rendered":"<div data-elementor-type=\"wp-page\" data-elementor-id=\"428\" class=\"elementor elementor-428\" data-elementor-post-type=\"page\">\n\t\t\t\t<div class=\"elementor-element elementor-element-5a6e2d91 e-flex e-con-boxed e-con e-parent\" data-id=\"5a6e2d91\" data-element_type=\"container\">\n\t\t\t\t\t<div class=\"e-con-inner\">\n\t\t<div class=\"elementor-element elementor-element-35b63524 e-con-full e-flex e-con e-child\" data-id=\"35b63524\" data-element_type=\"container\">\n\t\t\t\t<div class=\"elementor-element elementor-element-13463412 elementor-widget elementor-widget-breadcrumbs\" data-id=\"13463412\" data-element_type=\"widget\" data-widget_type=\"breadcrumbs.default\">\n\t\t\t\t\t<p id=\"breadcrumbs\"><span><span><a href=\"https:\/\/www.menalib.de\/english\/\">Home page<\/a><\/span><\/span><\/p>\t\t\t\t<\/div>\n\t\t\t\t<\/div>\n\t\t\t\t\t<\/div>\n\t\t\t\t<\/div>\n\t\t<div class=\"elementor-element elementor-element-5755a98e e-flex e-con-boxed e-con e-parent\" data-id=\"5755a98e\" data-element_type=\"container\">\n\t\t\t\t\t<div class=\"e-con-inner\">\n\t\t<div class=\"elementor-element elementor-element-1feaa8fe e-con-full e-flex e-con e-child\" data-id=\"1feaa8fe\" data-element_type=\"container\" data-settings=\"{&quot;background_background&quot;:&quot;classic&quot;}\">\n\t\t<div class=\"elementor-element elementor-element-31b5723d e-flex e-con-boxed e-con e-child\" data-id=\"31b5723d\" data-element_type=\"container\" data-settings=\"{&quot;background_background&quot;:&quot;classic&quot;}\">\n\t\t\t\t\t<div class=\"e-con-inner\">\n\t\t\t\t<div class=\"elementor-element elementor-element-6bf538bf elementor-widget elementor-widget-text-editor\" data-id=\"6bf538bf\" data-element_type=\"widget\" data-widget_type=\"text-editor.default\">\n\t\t\t\t\t\t\t\t\t<p>The archive includes all available issues from 1924 - 1929 in Ottoman and from 1930 - 2027 in Turkish. Cumhuriyet (\"The Republic\") is the oldest secular Turkish daily newspaper and is widely regarded as one of the last remaining opposition newspapers in Turkey.<\/p>\t\t\t\t\t\t\t\t<\/div>\n\t\t\t\t<div class=\"elementor-element elementor-element-705f8ab9 elementor-position-left elementor-widget__width-initial elementor-mobile-position-left elementor-view-default elementor-widget elementor-widget-icon-box\" data-id=\"705f8ab9\" data-element_type=\"widget\" data-widget_type=\"icon-box.default\">\n\t\t\t\t\t\t\t<div class=\"elementor-icon-box-wrapper\">\n\n\t\t\t\t\t\t<div class=\"elementor-icon-box-icon\">\n\t\t\t\t<a href=\"https:\/\/gpa.eastview.com\/cumhuriyet\/\" target=\"_blank\" class=\"elementor-icon\" tabindex=\"-1\" aria-label=\"To the archive\">\n\t\t\t\t<svg aria-hidden=\"true\" class=\"e-font-icon-svg e-fas-external-link-alt\" viewbox=\"0 0 512 512\" xmlns=\"http:\/\/www.w3.org\/2000\/svg\"><path d=\"M432,320H400a16,16,0,0,0-16,16V448H64V128H208a16,16,0,0,0,16-16V80a16,16,0,0,0-16-16H48A48,48,0,0,0,0,112V464a48,48,0,0,0,48,48H400a48,48,0,0,0,48-48V336A16,16,0,0,0,432,320ZM488,0h-128c-21.37,0-32.05,25.91-17,41l35.73,35.73L135,320.37a24,24,0,0,0,0,34L157.67,377a24,24,0,0,0,34,0L435.28,133.32,471,169c15,15,41,4.5,41-17V24A24,24,0,0,0,488,0Z\"><\/path><\/svg>\t\t\t\t<\/a>\n\t\t\t<\/div>\n\t\t\t\n\t\t\t\t\t\t<div class=\"elementor-icon-box-content\">\n\n\t\t\t\t\t\t\t\t\t<span class=\"elementor-icon-box-title\">\n\t\t\t\t\t\t<a href=\"https:\/\/gpa.eastview.com\/cumhuriyet\/\" target=\"_blank\" >\n\t\t\t\t\t\t\tTo the archive\t\t\t\t\t\t<\/a>\n\t\t\t\t\t<\/span>\n\t\t\t\t\n\t\t\t\t\n\t\t\t<\/div>\n\t\t\t\n\t\t<\/div>\n\t\t\t\t\t\t<\/div>\n\t\t\t\t\t<\/div>\n\t\t\t\t<\/div>\n\t\t\t\t<\/div>\n\t\t<div class=\"elementor-element elementor-element-4b9e9940 e-con-full e-flex e-con e-child\" data-id=\"4b9e9940\" data-element_type=\"container\" data-settings=\"{&quot;background_background&quot;:&quot;classic&quot;}\">\n\t\t\t\t<div class=\"elementor-element elementor-element-47a290a0 elementor-widget elementor-widget-image\" data-id=\"47a290a0\" data-element_type=\"widget\" data-widget_type=\"image.default\">\n\t\t\t\t\t\t\t\t\t\t\t\t\t\t\t<img fetchpriority=\"high\" decoding=\"async\" width=\"740\" height=\"578\" src=\"https:\/\/www.menalib.de\/wp-content\/uploads\/sites\/2\/2025\/10\/Bild2-2.png\" class=\"attachment-large size-large wp-image-2326\" alt=\"\" srcset=\"https:\/\/www.menalib.de\/wp-content\/uploads\/sites\/2\/2025\/10\/Bild2-2.png 740w, https:\/\/www.menalib.de\/wp-content\/uploads\/sites\/2\/2025\/10\/Bild2-2-300x234.png 300w, https:\/\/www.menalib.de\/wp-content\/uploads\/sites\/2\/2025\/10\/Bild2-2-15x12.png 15w\" sizes=\"(max-width: 740px) 100vw, 740px\" \/>\t\t\t\t\t\t\t\t\t\t\t\t\t\t\t<\/div>\n\t\t\t\t<\/div>\n\t\t\t\t\t<\/div>\n\t\t\t\t<\/div>\n\t\t<div class=\"elementor-element elementor-element-18cc66e4 e-flex e-con-boxed e-con e-parent\" data-id=\"18cc66e4\" data-element_type=\"container\">\n\t\t\t\t\t<div class=\"e-con-inner\">\n\t\t<div class=\"elementor-element elementor-element-6a643e4f e-con-full e-flex e-con e-child\" data-id=\"6a643e4f\" data-element_type=\"container\">\n\t\t\t\t<div class=\"elementor-element elementor-element-36145a30 elementor-widget__width-initial elementor-widget-divider--view-line elementor-invisible elementor-widget elementor-widget-divider\" data-id=\"36145a30\" data-element_type=\"widget\" data-settings=\"{&quot;_animation&quot;:&quot;fadeInLeft&quot;}\" data-widget_type=\"divider.default\">\n\t\t\t\t\t\t\t<div class=\"elementor-divider\">\n\t\t\t<span class=\"elementor-divider-separator\">\n\t\t\t\t\t\t<\/span>\n\t\t<\/div>\n\t\t\t\t\t\t<\/div>\n\t\t\t\t<\/div>\n\t\t<div class=\"elementor-element elementor-element-7a260fef e-con-full e-flex e-con e-child\" data-id=\"7a260fef\" data-element_type=\"container\">\n\t\t\t\t<div class=\"elementor-element elementor-element-56d75f34 elementor-widget elementor-widget-heading\" data-id=\"56d75f34\" data-element_type=\"widget\" data-widget_type=\"heading.default\">\n\t\t\t\t\t<span class=\"elementor-heading-title elementor-size-default\">About the archive<\/span>\t\t\t\t<\/div>\n\t\t\t\t<div class=\"elementor-element elementor-element-4f0423b6 elementor-widget elementor-widget-text-editor\" data-id=\"4f0423b6\" data-element_type=\"widget\" data-widget_type=\"text-editor.default\">\n\t\t\t\t\t\t\t\t\t<h3>Contents<\/h3><p>Founded in May 1924, Cumhuriyet (\"The Republic\") is the oldest secular Turkish daily newspaper and is widely regarded as one of the last remaining opposition newspapers in Turkey. Founded by the journalist Yunus Nadi Abal\u0131o\u011flu on the initiative of Mustafa Kemal Atat\u00fcrk, Cumhuriyet was the first newspaper of the Turkish Republic and promoted the belief in democracy, secularism and the rule of law.<\/p><p>The newspaper has a daily circulation of over 30,000 copies and attracts around 25 million visitors to its website every month. It is one of the most influential newspapers in Turkey and is recognised by readers at home and abroad as a reliable source of impartial, intelligent news reporting.<\/p><h3 id=\"ocr\">Character recognition<\/h3><p>The full text of the archive was obtained by digital character recognition (OCR). Some are based on microfilms and may therefore be less accurate. In addition, Ottoman is considered a particularly difficult language for text recognition due to its characters. The newer Turkish editions were available in higher quality and therefore have more correct full texts.<\/p><h3>Text and data mining<\/h3><p>The provider protects the stability of its platform against mass automated downloads. Methods such as text and data mining could be recognised as such.<\/p><p>Please contact the Specialised Information Service in advance if you would like to use automated procedures for your research.<\/p>\t\t\t\t\t\t\t\t<\/div>\n\t\t\t\t<\/div>\n\t\t\t\t\t<\/div>\n\t\t\t\t<\/div>\n\t\t<div class=\"elementor-element elementor-element-7a763eb e-flex e-con-boxed e-con e-parent\" data-id=\"7a763eb\" data-element_type=\"container\">\n\t\t\t\t\t<div class=\"e-con-inner\">\n\t\t<div class=\"elementor-element elementor-element-26965404 e-con-full e-flex e-con e-child\" data-id=\"26965404\" data-element_type=\"container\">\n\t\t\t\t<div class=\"elementor-element elementor-element-29ea14e1 elementor-widget__width-initial elementor-widget-divider--view-line elementor-invisible elementor-widget elementor-widget-divider\" data-id=\"29ea14e1\" data-element_type=\"widget\" data-settings=\"{&quot;_animation&quot;:&quot;fadeInLeft&quot;}\" data-widget_type=\"divider.default\">\n\t\t\t\t\t\t\t<div class=\"elementor-divider\">\n\t\t\t<span class=\"elementor-divider-separator\">\n\t\t\t\t\t\t<\/span>\n\t\t<\/div>\n\t\t\t\t\t\t<\/div>\n\t\t\t\t<\/div>\n\t\t<div class=\"elementor-element elementor-element-33c2196d e-con-full e-flex e-con e-child\" data-id=\"33c2196d\" data-element_type=\"container\">\n\t\t\t\t<div class=\"elementor-element elementor-element-4acbbac8 elementor-widget elementor-widget-heading\" data-id=\"4acbbac8\" data-element_type=\"widget\" data-widget_type=\"heading.default\">\n\t\t\t\t\t<span class=\"elementor-heading-title elementor-size-default\">Access and help<\/span>\t\t\t\t<\/div>\n\t\t\t\t<div class=\"elementor-element elementor-element-6c70a033 elementor-widget elementor-widget-text-editor\" data-id=\"6c70a033\" data-element_type=\"widget\" data-widget_type=\"text-editor.default\">\n\t\t\t\t\t\t\t\t\t<p>Individual pages can be downloaded as PDF files and searched in full text. The service is available throughout Germany and at German institutes abroad via the system of<a href=\"https:\/\/www.menalib.de\/english\/digital-resources\/licensed-databases\/user-group-models-of-the-fid-licences\/\" target=\"_blank\" rel=\"noopener\"> national licences<\/a> free of charge. Ask your library for the <a href=\"https:\/\/www.nationallizenzen.de\/angebote\/nlproduct.2021-09-16.7512150307\">registration of this licence<\/a> if access is not yet possible.<\/p>\t\t\t\t\t\t\t\t<\/div>\n\t\t\t\t<\/div>\n\t\t\t\t\t<\/div>\n\t\t\t\t<\/div>\n\t\t\t\t<\/div>","protected":false},"excerpt":{"rendered":"<p>Das Archiv umfasst alle verf\u00fcgbaren Ausgaben von 1924 \u2013 1929 in Osmanisch und ab 1930 \u2013 2027 in T\u00fcrkisch. Cumhuriyet (\u201eDie Republik\u201c) ist die \u00e4lteste s\u00e4kulare t\u00fcrkische Tageszeitung und gilt weithin als eine der letzten verbliebenen oppositionellen Zeitungen in der T\u00fcrkei. Zum Archiv \u00dcber das Archiv Inhalt Die im Mai 1924 gegr\u00fcndete Cumhuriyet (\u201eDie Republik\u201c) [&hellip;]<\/p>","protected":false},"author":4,"featured_media":0,"parent":368,"menu_order":0,"comment_status":"closed","ping_status":"closed","template":"","meta":{"footnotes":""},"class_list":["post-428","page","type-page","status-publish","hentry"],"yoast_head":"<!-- This site is optimized with the Yoast SEO plugin v25.9 - https:\/\/yoast.com\/wordpress\/plugins\/seo\/ -->\n<title>Cumhuriyet - MENAlib - Webportal des FID Nahost-, Nordafrika- und Islamstudien<\/title>\n<meta name=\"robots\" content=\"index, follow, max-snippet:-1, max-image-preview:large, max-video-preview:-1\" \/>\n<link rel=\"canonical\" href=\"https:\/\/www.menalib.de\/english\/digital-resources\/licensed-databases\/cumhuriyet\/\" \/>\n<meta property=\"og:locale\" content=\"en_GB\" \/>\n<meta property=\"og:type\" content=\"article\" \/>\n<meta property=\"og:title\" content=\"Cumhuriyet - MENAlib - Webportal des FID Nahost-, Nordafrika- und Islamstudien\" \/>\n<meta property=\"og:description\" content=\"Das Archiv umfasst alle verf\u00fcgbaren Ausgaben von 1924 \u2013 1929 in Osmanisch und ab 1930 \u2013 2027 in T\u00fcrkisch. Cumhuriyet (\u201eDie Republik\u201c) ist die \u00e4lteste s\u00e4kulare t\u00fcrkische Tageszeitung und gilt weithin als eine der letzten verbliebenen oppositionellen Zeitungen in der T\u00fcrkei. Zum Archiv \u00dcber das Archiv Inhalt Die im Mai 1924 gegr\u00fcndete Cumhuriyet (\u201eDie Republik\u201c) [&hellip;]\" \/>\n<meta property=\"og:url\" content=\"https:\/\/www.menalib.de\/english\/digital-resources\/licensed-databases\/cumhuriyet\/\" \/>\n<meta property=\"og:site_name\" content=\"MENAlib - Webportal des FID Nahost-, Nordafrika- und Islamstudien\" \/>\n<meta property=\"article:modified_time\" content=\"2026-01-14T10:13:18+00:00\" \/>\n<meta property=\"og:image\" content=\"https:\/\/www.menalib.de\/wp-content\/uploads\/sites\/2\/2025\/10\/Bild2-2.png\" \/>\n\t<meta property=\"og:image:width\" content=\"740\" \/>\n\t<meta property=\"og:image:height\" content=\"578\" \/>\n\t<meta property=\"og:image:type\" content=\"image\/png\" \/>\n<meta name=\"twitter:card\" content=\"summary_large_image\" \/>\n<script type=\"application\/ld+json\" class=\"yoast-schema-graph\">{\"@context\":\"https:\/\/schema.org\",\"@graph\":[{\"@type\":\"WebPage\",\"@id\":\"https:\/\/www.menalib.de\/digitale-ressourcen\/lizensierte-datenbanken\/cumhuriyet\/\",\"url\":\"https:\/\/www.menalib.de\/digitale-ressourcen\/lizensierte-datenbanken\/cumhuriyet\/\",\"name\":\"Cumhuriyet - MENAlib - Webportal des FID Nahost-, Nordafrika- und Islamstudien\",\"isPartOf\":{\"@id\":\"https:\/\/www.menalib.de\/#website\"},\"primaryImageOfPage\":{\"@id\":\"https:\/\/www.menalib.de\/digitale-ressourcen\/lizensierte-datenbanken\/cumhuriyet\/#primaryimage\"},\"image\":{\"@id\":\"https:\/\/www.menalib.de\/digitale-ressourcen\/lizensierte-datenbanken\/cumhuriyet\/#primaryimage\"},\"thumbnailUrl\":\"https:\/\/www.menalib.de\/wp-content\/uploads\/sites\/2\/2025\/10\/Bild2-2.png\",\"datePublished\":\"2025-09-25T07:25:08+00:00\",\"dateModified\":\"2026-01-14T10:13:18+00:00\",\"breadcrumb\":{\"@id\":\"https:\/\/www.menalib.de\/digitale-ressourcen\/lizensierte-datenbanken\/cumhuriyet\/#breadcrumb\"},\"inLanguage\":\"en-GB\",\"potentialAction\":[{\"@type\":\"ReadAction\",\"target\":[\"https:\/\/www.menalib.de\/digitale-ressourcen\/lizensierte-datenbanken\/cumhuriyet\/\"]}]},{\"@type\":\"ImageObject\",\"inLanguage\":\"en-GB\",\"@id\":\"https:\/\/www.menalib.de\/digitale-ressourcen\/lizensierte-datenbanken\/cumhuriyet\/#primaryimage\",\"url\":\"https:\/\/www.menalib.de\/wp-content\/uploads\/sites\/2\/2025\/10\/Bild2-2.png\",\"contentUrl\":\"https:\/\/www.menalib.de\/wp-content\/uploads\/sites\/2\/2025\/10\/Bild2-2.png\"},{\"@type\":\"BreadcrumbList\",\"@id\":\"https:\/\/www.menalib.de\/digitale-ressourcen\/lizensierte-datenbanken\/cumhuriyet\/#breadcrumb\",\"itemListElement\":[{\"@type\":\"ListItem\",\"position\":1,\"name\":\"Startseite\",\"item\":\"https:\/\/www.menalib.de\/\"},{\"@type\":\"ListItem\",\"position\":2,\"name\":\"Digitale Ressourcen\",\"item\":\"https:\/\/www.menalib.de\/digitale-ressourcen\/\"},{\"@type\":\"ListItem\",\"position\":3,\"name\":\"Lizensierte Datenbanken\",\"item\":\"https:\/\/www.menalib.de\/digitale-ressourcen\/lizensierte-datenbanken\/\"},{\"@type\":\"ListItem\",\"position\":4,\"name\":\"Cumhuriyet\"}]},{\"@type\":\"WebSite\",\"@id\":\"https:\/\/www.menalib.de\/#website\",\"url\":\"https:\/\/www.menalib.de\/\",\"name\":\"MENAlib - Webportal des FID Nahost-, Nordafrika- und Islamstudien\",\"description\":\"\",\"publisher\":{\"@id\":\"https:\/\/www.menalib.de\/#organization\"},\"potentialAction\":[{\"@type\":\"SearchAction\",\"target\":{\"@type\":\"EntryPoint\",\"urlTemplate\":\"https:\/\/www.menalib.de\/?s={search_term_string}\"},\"query-input\":{\"@type\":\"PropertyValueSpecification\",\"valueRequired\":true,\"valueName\":\"search_term_string\"}}],\"inLanguage\":\"en-GB\"},{\"@type\":\"Organization\",\"@id\":\"https:\/\/www.menalib.de\/#organization\",\"name\":\"MENAlib - Webportal des FID Nahost-, Nordafrika- und Islamstudien\",\"url\":\"https:\/\/www.menalib.de\/\",\"logo\":{\"@type\":\"ImageObject\",\"inLanguage\":\"en-GB\",\"@id\":\"https:\/\/www.menalib.de\/#\/schema\/logo\/image\/\",\"url\":\"https:\/\/www.menalib.de\/wp-content\/uploads\/sites\/2\/2025\/09\/fid-logo-high-end-2025.jpg\",\"contentUrl\":\"https:\/\/www.menalib.de\/wp-content\/uploads\/sites\/2\/2025\/09\/fid-logo-high-end-2025.jpg\",\"width\":968,\"height\":529,\"caption\":\"MENAlib - Webportal des FID Nahost-, Nordafrika- und Islamstudien\"},\"image\":{\"@id\":\"https:\/\/www.menalib.de\/#\/schema\/logo\/image\/\"}}]}<\/script>\n<!-- \/ Yoast SEO plugin. -->","yoast_head_json":{"title":"Cumhuriyet - MENAlib - Webportal of the FID Middle East, North Africa and Islamic Studies","robots":{"index":"index","follow":"follow","max-snippet":"max-snippet:-1","max-image-preview":"max-image-preview:large","max-video-preview":"max-video-preview:-1"},"canonical":"https:\/\/www.menalib.de\/english\/digital-resources\/licensed-databases\/cumhuriyet\/","og_locale":"en_GB","og_type":"article","og_title":"Cumhuriyet - MENAlib - Webportal des FID Nahost-, Nordafrika- und Islamstudien","og_description":"Das Archiv umfasst alle verf\u00fcgbaren Ausgaben von 1924 \u2013 1929 in Osmanisch und ab 1930 \u2013 2027 in T\u00fcrkisch. Cumhuriyet (\u201eDie Republik\u201c) ist die \u00e4lteste s\u00e4kulare t\u00fcrkische Tageszeitung und gilt weithin als eine der letzten verbliebenen oppositionellen Zeitungen in der T\u00fcrkei. Zum Archiv \u00dcber das Archiv Inhalt Die im Mai 1924 gegr\u00fcndete Cumhuriyet (\u201eDie Republik\u201c) [&hellip;]","og_url":"https:\/\/www.menalib.de\/english\/digital-resources\/licensed-databases\/cumhuriyet\/","og_site_name":"MENAlib - Webportal des FID Nahost-, Nordafrika- und Islamstudien","article_modified_time":"2026-01-14T10:13:18+00:00","og_image":[{"width":740,"height":578,"url":"https:\/\/www.menalib.de\/wp-content\/uploads\/sites\/2\/2025\/10\/Bild2-2.png","type":"image\/png"}],"twitter_card":"summary_large_image","schema":{"@context":"https:\/\/schema.org","@graph":[{"@type":"WebPage","@id":"https:\/\/www.menalib.de\/digitale-ressourcen\/lizensierte-datenbanken\/cumhuriyet\/","url":"https:\/\/www.menalib.de\/digitale-ressourcen\/lizensierte-datenbanken\/cumhuriyet\/","name":"Cumhuriyet - MENAlib - Webportal of the FID Middle East, North Africa and Islamic Studies","isPartOf":{"@id":"https:\/\/www.menalib.de\/#website"},"primaryImageOfPage":{"@id":"https:\/\/www.menalib.de\/digitale-ressourcen\/lizensierte-datenbanken\/cumhuriyet\/#primaryimage"},"image":{"@id":"https:\/\/www.menalib.de\/digitale-ressourcen\/lizensierte-datenbanken\/cumhuriyet\/#primaryimage"},"thumbnailUrl":"https:\/\/www.menalib.de\/wp-content\/uploads\/sites\/2\/2025\/10\/Bild2-2.png","datePublished":"2025-09-25T07:25:08+00:00","dateModified":"2026-01-14T10:13:18+00:00","breadcrumb":{"@id":"https:\/\/www.menalib.de\/digitale-ressourcen\/lizensierte-datenbanken\/cumhuriyet\/#breadcrumb"},"inLanguage":"en-GB","potentialAction":[{"@type":"ReadAction","target":["https:\/\/www.menalib.de\/digitale-ressourcen\/lizensierte-datenbanken\/cumhuriyet\/"]}]},{"@type":"ImageObject","inLanguage":"en-GB","@id":"https:\/\/www.menalib.de\/digitale-ressourcen\/lizensierte-datenbanken\/cumhuriyet\/#primaryimage","url":"https:\/\/www.menalib.de\/wp-content\/uploads\/sites\/2\/2025\/10\/Bild2-2.png","contentUrl":"https:\/\/www.menalib.de\/wp-content\/uploads\/sites\/2\/2025\/10\/Bild2-2.png"},{"@type":"BreadcrumbList","@id":"https:\/\/www.menalib.de\/digitale-ressourcen\/lizensierte-datenbanken\/cumhuriyet\/#breadcrumb","itemListElement":[{"@type":"ListItem","position":1,"name":"Startseite","item":"https:\/\/www.menalib.de\/"},{"@type":"ListItem","position":2,"name":"Digitale Ressourcen","item":"https:\/\/www.menalib.de\/digitale-ressourcen\/"},{"@type":"ListItem","position":3,"name":"Lizensierte Datenbanken","item":"https:\/\/www.menalib.de\/digitale-ressourcen\/lizensierte-datenbanken\/"},{"@type":"ListItem","position":4,"name":"Cumhuriyet"}]},{"@type":"WebSite","@id":"https:\/\/www.menalib.de\/#website","url":"https:\/\/www.menalib.de\/","name":"MENAlib - Web portal of the FID Middle East, North Africa and Islamic Studies","description":"","publisher":{"@id":"https:\/\/www.menalib.de\/#organization"},"potentialAction":[{"@type":"SearchAction","target":{"@type":"EntryPoint","urlTemplate":"https:\/\/www.menalib.de\/?s={search_term_string}"},"query-input":{"@type":"PropertyValueSpecification","valueRequired":true,"valueName":"search_term_string"}}],"inLanguage":"en-GB"},{"@type":"Organization","@id":"https:\/\/www.menalib.de\/#organization","name":"MENAlib - Web portal of the FID Middle East, North Africa and Islamic Studies","url":"https:\/\/www.menalib.de\/","logo":{"@type":"ImageObject","inLanguage":"en-GB","@id":"https:\/\/www.menalib.de\/#\/schema\/logo\/image\/","url":"https:\/\/www.menalib.de\/wp-content\/uploads\/sites\/2\/2025\/09\/fid-logo-high-end-2025.jpg","contentUrl":"https:\/\/www.menalib.de\/wp-content\/uploads\/sites\/2\/2025\/09\/fid-logo-high-end-2025.jpg","width":968,"height":529,"caption":"MENAlib - Webportal des FID Nahost-, Nordafrika- und Islamstudien"},"image":{"@id":"https:\/\/www.menalib.de\/#\/schema\/logo\/image\/"}}]}},"_links":{"self":[{"href":"https:\/\/www.menalib.de\/english\/wp-json\/wp\/v2\/pages\/428","targetHints":{"allow":["GET"]}}],"collection":[{"href":"https:\/\/www.menalib.de\/english\/wp-json\/wp\/v2\/pages"}],"about":[{"href":"https:\/\/www.menalib.de\/english\/wp-json\/wp\/v2\/types\/page"}],"author":[{"embeddable":true,"href":"https:\/\/www.menalib.de\/english\/wp-json\/wp\/v2\/users\/4"}],"replies":[{"embeddable":true,"href":"https:\/\/www.menalib.de\/english\/wp-json\/wp\/v2\/comments?post=428"}],"version-history":[{"count":16,"href":"https:\/\/www.menalib.de\/english\/wp-json\/wp\/v2\/pages\/428\/revisions"}],"predecessor-version":[{"id":3416,"href":"https:\/\/www.menalib.de\/english\/wp-json\/wp\/v2\/pages\/428\/revisions\/3416"}],"up":[{"embeddable":true,"href":"https:\/\/www.menalib.de\/english\/wp-json\/wp\/v2\/pages\/368"}],"wp:attachment":[{"href":"https:\/\/www.menalib.de\/english\/wp-json\/wp\/v2\/media?parent=428"}],"curies":[{"name":"wp","href":"https:\/\/api.w.org\/{rel}","templated":true}]}}