{"id":413,"date":"2025-09-25T09:23:14","date_gmt":"2025-09-25T07:23:14","guid":{"rendered":"https:\/\/menalib.bibliothek.uni-halle.de\/?page_id=413"},"modified":"2025-10-22T14:00:12","modified_gmt":"2025-10-22T12:00:12","slug":"lexiqamus","status":"publish","type":"page","link":"https:\/\/www.menalib.de\/english\/digital-resources\/licensed-databases\/lexiqamus\/","title":{"rendered":"LexiQamus"},"content":{"rendered":"<div data-elementor-type=\"wp-page\" data-elementor-id=\"413\" class=\"elementor elementor-413\" data-elementor-post-type=\"page\">\n\t\t\t\t<div class=\"elementor-element elementor-element-64da5313 e-flex e-con-boxed e-con e-parent\" data-id=\"64da5313\" data-element_type=\"container\">\n\t\t\t\t\t<div class=\"e-con-inner\">\n\t\t<div class=\"elementor-element elementor-element-19f9bf06 e-con-full e-flex e-con e-child\" data-id=\"19f9bf06\" data-element_type=\"container\">\n\t\t\t\t<div class=\"elementor-element elementor-element-16a26b4b elementor-widget elementor-widget-breadcrumbs\" data-id=\"16a26b4b\" data-element_type=\"widget\" data-widget_type=\"breadcrumbs.default\">\n\t\t\t\t\t<p id=\"breadcrumbs\"><span><span><a href=\"https:\/\/www.menalib.de\/english\/\">Home page<\/a><\/span><\/span><\/p>\t\t\t\t<\/div>\n\t\t\t\t<\/div>\n\t\t\t\t\t<\/div>\n\t\t\t\t<\/div>\n\t\t<div class=\"elementor-element elementor-element-24db8c04 e-flex e-con-boxed e-con e-parent\" data-id=\"24db8c04\" data-element_type=\"container\">\n\t\t\t\t\t<div class=\"e-con-inner\">\n\t\t<div class=\"elementor-element elementor-element-47cf9af0 e-con-full e-flex e-con e-child\" data-id=\"47cf9af0\" data-element_type=\"container\" data-settings=\"{&quot;background_background&quot;:&quot;classic&quot;}\">\n\t\t<div class=\"elementor-element elementor-element-ee3de6a e-flex e-con-boxed e-con e-child\" data-id=\"ee3de6a\" data-element_type=\"container\" data-settings=\"{&quot;background_background&quot;:&quot;classic&quot;}\">\n\t\t\t\t\t<div class=\"e-con-inner\">\n\t\t\t\t<div class=\"elementor-element elementor-element-7fe24772 elementor-widget elementor-widget-text-editor\" data-id=\"7fe24772\" data-element_type=\"widget\" data-widget_type=\"text-editor.default\">\n\t\t\t\t\t\t\t\t\t<p>LexiQamus is an online tool that makes it easier to identify illegible words from Ottoman-Turkish texts.<\/p>\t\t\t\t\t\t\t\t<\/div>\n\t\t\t\t<div class=\"elementor-element elementor-element-29e568a elementor-position-left elementor-widget__width-initial elementor-mobile-position-left elementor-view-default elementor-widget elementor-widget-icon-box\" data-id=\"29e568a\" data-element_type=\"widget\" data-widget_type=\"icon-box.default\">\n\t\t\t\t\t\t\t<div class=\"elementor-icon-box-wrapper\">\n\n\t\t\t\t\t\t<div class=\"elementor-icon-box-icon\">\n\t\t\t\t<a href=\"https:\/\/www-1lexiqamus-1com-1ckdrur8p01c7.proxy.fid-lizenzen.de\/tr\" target=\"_blank\" class=\"elementor-icon\" tabindex=\"-1\" aria-label=\"Start Lexiqamus\">\n\t\t\t\t<svg aria-hidden=\"true\" class=\"e-font-icon-svg e-fas-external-link-alt\" viewbox=\"0 0 512 512\" xmlns=\"http:\/\/www.w3.org\/2000\/svg\"><path d=\"M432,320H400a16,16,0,0,0-16,16V448H64V128H208a16,16,0,0,0,16-16V80a16,16,0,0,0-16-16H48A48,48,0,0,0,0,112V464a48,48,0,0,0,48,48H400a48,48,0,0,0,48-48V336A16,16,0,0,0,432,320ZM488,0h-128c-21.37,0-32.05,25.91-17,41l35.73,35.73L135,320.37a24,24,0,0,0,0,34L157.67,377a24,24,0,0,0,34,0L435.28,133.32,471,169c15,15,41,4.5,41-17V24A24,24,0,0,0,488,0Z\"><\/path><\/svg>\t\t\t\t<\/a>\n\t\t\t<\/div>\n\t\t\t\n\t\t\t\t\t\t<div class=\"elementor-icon-box-content\">\n\n\t\t\t\t\t\t\t\t\t<span class=\"elementor-icon-box-title\">\n\t\t\t\t\t\t<a href=\"https:\/\/www-1lexiqamus-1com-1ckdrur8p01c7.proxy.fid-lizenzen.de\/tr\" target=\"_blank\" >\n\t\t\t\t\t\t\tStart Lexiqamus\t\t\t\t\t\t<\/a>\n\t\t\t\t\t<\/span>\n\t\t\t\t\n\t\t\t\t\n\t\t\t<\/div>\n\t\t\t\n\t\t<\/div>\n\t\t\t\t\t\t<\/div>\n\t\t\t\t\t<\/div>\n\t\t\t\t<\/div>\n\t\t\t\t<\/div>\n\t\t<div class=\"elementor-element elementor-element-15370f15 e-con-full e-flex e-con e-child\" data-id=\"15370f15\" data-element_type=\"container\" data-settings=\"{&quot;background_background&quot;:&quot;classic&quot;}\">\n\t\t\t\t<div class=\"elementor-element elementor-element-68642636 elementor-widget elementor-widget-image\" data-id=\"68642636\" data-element_type=\"widget\" data-widget_type=\"image.default\">\n\t\t\t\t\t\t\t\t\t\t\t\t\t\t\t<img fetchpriority=\"high\" decoding=\"async\" width=\"800\" height=\"555\" src=\"https:\/\/www.menalib.de\/wp-content\/uploads\/sites\/2\/2025\/10\/8303e6fb-a07c-4869-b5f5-83ff3940ca88-1024x710.png\" class=\"attachment-large size-large wp-image-2301\" alt=\"\" srcset=\"https:\/\/www.menalib.de\/wp-content\/uploads\/sites\/2\/2025\/10\/8303e6fb-a07c-4869-b5f5-83ff3940ca88-1024x710.png 1024w, https:\/\/www.menalib.de\/wp-content\/uploads\/sites\/2\/2025\/10\/8303e6fb-a07c-4869-b5f5-83ff3940ca88-300x208.png 300w, https:\/\/www.menalib.de\/wp-content\/uploads\/sites\/2\/2025\/10\/8303e6fb-a07c-4869-b5f5-83ff3940ca88-768x533.png 768w, https:\/\/www.menalib.de\/wp-content\/uploads\/sites\/2\/2025\/10\/8303e6fb-a07c-4869-b5f5-83ff3940ca88-1536x1065.png 1536w, https:\/\/www.menalib.de\/wp-content\/uploads\/sites\/2\/2025\/10\/8303e6fb-a07c-4869-b5f5-83ff3940ca88-2048x1420.png 2048w, https:\/\/www.menalib.de\/wp-content\/uploads\/sites\/2\/2025\/10\/8303e6fb-a07c-4869-b5f5-83ff3940ca88-18x12.png 18w\" sizes=\"(max-width: 800px) 100vw, 800px\" \/>\t\t\t\t\t\t\t\t\t\t\t\t\t\t\t<\/div>\n\t\t\t\t<\/div>\n\t\t\t\t\t<\/div>\n\t\t\t\t<\/div>\n\t\t<div class=\"elementor-element elementor-element-36b90c32 e-flex e-con-boxed e-con e-parent\" data-id=\"36b90c32\" data-element_type=\"container\">\n\t\t\t\t\t<div class=\"e-con-inner\">\n\t\t<div class=\"elementor-element elementor-element-2ddcc12e e-con-full e-flex e-con e-child\" data-id=\"2ddcc12e\" data-element_type=\"container\">\n\t\t\t\t<div class=\"elementor-element elementor-element-d632ace elementor-widget__width-initial elementor-widget-divider--view-line elementor-invisible elementor-widget elementor-widget-divider\" data-id=\"d632ace\" data-element_type=\"widget\" data-settings=\"{&quot;_animation&quot;:&quot;fadeInLeft&quot;}\" data-widget_type=\"divider.default\">\n\t\t\t\t\t\t\t<div class=\"elementor-divider\">\n\t\t\t<span class=\"elementor-divider-separator\">\n\t\t\t\t\t\t<\/span>\n\t\t<\/div>\n\t\t\t\t\t\t<\/div>\n\t\t\t\t<\/div>\n\t\t<div class=\"elementor-element elementor-element-52bff03d e-con-full e-flex e-con e-child\" data-id=\"52bff03d\" data-element_type=\"container\">\n\t\t\t\t<div class=\"elementor-element elementor-element-86f4045 elementor-widget elementor-widget-heading\" data-id=\"86f4045\" data-element_type=\"widget\" data-widget_type=\"heading.default\">\n\t\t\t\t\t<span class=\"elementor-heading-title elementor-size-default\">Function<\/span>\t\t\t\t<\/div>\n\t\t\t\t<div class=\"elementor-element elementor-element-37a692e6 elementor-widget elementor-widget-text-editor\" data-id=\"37a692e6\" data-element_type=\"widget\" data-widget_type=\"text-editor.default\">\n\t\t\t\t\t\t\t\t\t<p>LexiQamus can be used to search for the recognisable parts of an Ottoman-Turkish word. As a result, the software returns words and contexts in which the letter sequence occurs.<\/p><p>This is based on over 170,000 words and phrases from 19 different dictionaries. In addition to the reference work\u00a0<i>A Turkish and English lexicon<\/i> (1890) by James Redhouse, the text corpus is expanded to include all contents of the website \"<a href=\"https:\/\/osmanlicasozlukler.com\/\" target=\"_blank\" rel=\"noopener\">osmanlicasozlukler.com\"<\/a>\u00a0which collects entries from Ottoman dictionaries.<\/p><p>\u00a0<\/p><p>The results are listed in three separate tabs. The first tab shows results that match the search term exactly. The second tab lists the phrases where one or more words match. The last tab lists the results in which a part matches the search term.<\/p><p>\u00a0<\/p><p>For more information, LexiQamus provides definitions, the parent entry and entries in which the word was mentioned.<\/p><p>\u00a0<\/p><p>The tool was developed by the historian Ahmet Abdullah Sa\u00e7mal\u0131 (Department of History at Bo\u011fazi\u00e7i University). A more detailed description of all features can be found directly at <a href=\"http:\/\/nahost.proxy.fid-lizenzen.de\/fid\/lexiqamus\/\" target=\"_blank\" rel=\"noopener\">LexiQamus<\/a> and on the website <a href=\"https:\/\/digitalorientalist.com\/2020\/11\/24\/deciphering-ottoman-turkish-manuscripts-with-lexiqamus\/\" target=\"_blank\" rel=\"noopener\">The Digital Orientalist<\/a>.<\/p>\t\t\t\t\t\t\t\t<\/div>\n\t\t\t\t<\/div>\n\t\t\t\t\t<\/div>\n\t\t\t\t<\/div>\n\t\t<div class=\"elementor-element elementor-element-26c8c65f e-flex e-con-boxed e-con e-parent\" data-id=\"26c8c65f\" data-element_type=\"container\">\n\t\t\t\t\t<div class=\"e-con-inner\">\n\t\t<div class=\"elementor-element elementor-element-424b38a7 e-con-full e-flex e-con e-child\" data-id=\"424b38a7\" data-element_type=\"container\">\n\t\t\t\t<div class=\"elementor-element elementor-element-78d3549b elementor-widget__width-initial elementor-widget-divider--view-line elementor-invisible elementor-widget elementor-widget-divider\" data-id=\"78d3549b\" data-element_type=\"widget\" data-settings=\"{&quot;_animation&quot;:&quot;fadeInLeft&quot;}\" data-widget_type=\"divider.default\">\n\t\t\t\t\t\t\t<div class=\"elementor-divider\">\n\t\t\t<span class=\"elementor-divider-separator\">\n\t\t\t\t\t\t<\/span>\n\t\t<\/div>\n\t\t\t\t\t\t<\/div>\n\t\t\t\t<\/div>\n\t\t<div class=\"elementor-element elementor-element-50fbc3a6 e-con-full e-flex e-con e-child\" data-id=\"50fbc3a6\" data-element_type=\"container\">\n\t\t\t\t<div class=\"elementor-element elementor-element-257e5a13 elementor-widget elementor-widget-heading\" data-id=\"257e5a13\" data-element_type=\"widget\" data-widget_type=\"heading.default\">\n\t\t\t\t\t<span class=\"elementor-heading-title elementor-size-default\">Co-operation<\/span>\t\t\t\t<\/div>\n\t\t\t\t<div class=\"elementor-element elementor-element-51ac3895 elementor-widget elementor-widget-text-editor\" data-id=\"51ac3895\" data-element_type=\"widget\" data-widget_type=\"text-editor.default\">\n\t\t\t\t\t\t\t\t\t<p>Our specialised information service has a <strong>Subscription for two years up to and including September 2025<\/strong> agreed. If the feedback is positive, an extension could be considered.<\/p>\t\t\t\t\t\t\t\t<\/div>\n\t\t\t\t<\/div>\n\t\t\t\t\t<\/div>\n\t\t\t\t<\/div>\n\t\t\t\t<\/div>","protected":false},"excerpt":{"rendered":"<p>LexiQamus is an online tool that makes it easier to identify unreadable words in Ottoman Turkish texts. Start Lexiqamus Function LexiQamus can be used to search for recognisable parts of an Ottoman Turkish word. The software returns words and contexts in which the letter sequence occurs. This is based on over 170,000 words and phrases from 19 different dictionaries. [\u2026]<\/p>","protected":false},"author":4,"featured_media":0,"parent":368,"menu_order":0,"comment_status":"closed","ping_status":"closed","template":"","meta":{"footnotes":""},"class_list":["post-413","page","type-page","status-publish","hentry"],"yoast_head":"<!-- This site is optimized with the Yoast SEO plugin v25.9 - https:\/\/yoast.com\/wordpress\/plugins\/seo\/ -->\n<title>LexiQamus - MENAlib - Webportal des FID Nahost-, Nordafrika- und Islamstudien<\/title>\n<meta name=\"robots\" content=\"index, follow, max-snippet:-1, max-image-preview:large, max-video-preview:-1\" \/>\n<link rel=\"canonical\" href=\"https:\/\/www.menalib.de\/english\/digital-resources\/licensed-databases\/lexiqamus\/\" \/>\n<meta property=\"og:locale\" content=\"en_GB\" \/>\n<meta property=\"og:type\" content=\"article\" \/>\n<meta property=\"og:title\" content=\"LexiQamus - MENAlib - Webportal des FID Nahost-, Nordafrika- und Islamstudien\" \/>\n<meta property=\"og:description\" content=\"LexiQamus ist ein Online-Werkzeug, mit dem unlesbare W\u00f6rter aus osmanisch-t\u00fcrkischen Texten leichter identifiziert werden k\u00f6nnen. Lexiqamus starten Funktion Mit LexiQamus kann nach den erkennbaren Teilen eines osmanisch-t\u00fcrkischen Wortes gesucht werden. Als Ergebnis liefert die Software W\u00f6rter und Kontexte, in denen die Buchstabenfolge vorkommt. Basis hierf\u00fcr sind \u00fcber 170.000 W\u00f6rter und Phrasen aus 19 verschiedenen W\u00f6rterb\u00fcchern. [&hellip;]\" \/>\n<meta property=\"og:url\" content=\"https:\/\/www.menalib.de\/english\/digital-resources\/licensed-databases\/lexiqamus\/\" \/>\n<meta property=\"og:site_name\" content=\"MENAlib - Webportal des FID Nahost-, Nordafrika- und Islamstudien\" \/>\n<meta property=\"article:modified_time\" content=\"2025-10-22T12:00:12+00:00\" \/>\n<meta property=\"og:image\" content=\"https:\/\/menalib.bibliothek.uni-halle.de\/wp-content\/uploads\/sites\/2\/2025\/10\/8303e6fb-a07c-4869-b5f5-83ff3940ca88-1024x710.png\" \/>\n<meta name=\"twitter:card\" content=\"summary_large_image\" \/>\n<script type=\"application\/ld+json\" class=\"yoast-schema-graph\">{\"@context\":\"https:\/\/schema.org\",\"@graph\":[{\"@type\":\"WebPage\",\"@id\":\"https:\/\/www.menalib.de\/digitale-ressourcen\/lizensierte-datenbanken\/lexiqamus\/\",\"url\":\"https:\/\/www.menalib.de\/digitale-ressourcen\/lizensierte-datenbanken\/lexiqamus\/\",\"name\":\"LexiQamus - MENAlib - Webportal des FID Nahost-, Nordafrika- und Islamstudien\",\"isPartOf\":{\"@id\":\"https:\/\/www.menalib.de\/#website\"},\"primaryImageOfPage\":{\"@id\":\"https:\/\/www.menalib.de\/digitale-ressourcen\/lizensierte-datenbanken\/lexiqamus\/#primaryimage\"},\"image\":{\"@id\":\"https:\/\/www.menalib.de\/digitale-ressourcen\/lizensierte-datenbanken\/lexiqamus\/#primaryimage\"},\"thumbnailUrl\":\"https:\/\/menalib.bibliothek.uni-halle.de\/wp-content\/uploads\/sites\/2\/2025\/10\/8303e6fb-a07c-4869-b5f5-83ff3940ca88-1024x710.png\",\"datePublished\":\"2025-09-25T07:23:14+00:00\",\"dateModified\":\"2025-10-22T12:00:12+00:00\",\"breadcrumb\":{\"@id\":\"https:\/\/www.menalib.de\/digitale-ressourcen\/lizensierte-datenbanken\/lexiqamus\/#breadcrumb\"},\"inLanguage\":\"en-GB\",\"potentialAction\":[{\"@type\":\"ReadAction\",\"target\":[\"https:\/\/www.menalib.de\/digitale-ressourcen\/lizensierte-datenbanken\/lexiqamus\/\"]}]},{\"@type\":\"ImageObject\",\"inLanguage\":\"en-GB\",\"@id\":\"https:\/\/www.menalib.de\/digitale-ressourcen\/lizensierte-datenbanken\/lexiqamus\/#primaryimage\",\"url\":\"https:\/\/menalib.bibliothek.uni-halle.de\/wp-content\/uploads\/sites\/2\/2025\/10\/8303e6fb-a07c-4869-b5f5-83ff3940ca88-1024x710.png\",\"contentUrl\":\"https:\/\/menalib.bibliothek.uni-halle.de\/wp-content\/uploads\/sites\/2\/2025\/10\/8303e6fb-a07c-4869-b5f5-83ff3940ca88-1024x710.png\"},{\"@type\":\"BreadcrumbList\",\"@id\":\"https:\/\/www.menalib.de\/digitale-ressourcen\/lizensierte-datenbanken\/lexiqamus\/#breadcrumb\",\"itemListElement\":[{\"@type\":\"ListItem\",\"position\":1,\"name\":\"Startseite\",\"item\":\"https:\/\/www.menalib.de\/\"},{\"@type\":\"ListItem\",\"position\":2,\"name\":\"Digitale Ressourcen\",\"item\":\"https:\/\/www.menalib.de\/digitale-ressourcen\/\"},{\"@type\":\"ListItem\",\"position\":3,\"name\":\"Lizensierte Datenbanken\",\"item\":\"https:\/\/www.menalib.de\/digitale-ressourcen\/lizensierte-datenbanken\/\"},{\"@type\":\"ListItem\",\"position\":4,\"name\":\"LexiQamus\"}]},{\"@type\":\"WebSite\",\"@id\":\"https:\/\/www.menalib.de\/#website\",\"url\":\"https:\/\/www.menalib.de\/\",\"name\":\"MENAlib - Webportal des FID Nahost-, Nordafrika- und Islamstudien\",\"description\":\"\",\"publisher\":{\"@id\":\"https:\/\/www.menalib.de\/#organization\"},\"potentialAction\":[{\"@type\":\"SearchAction\",\"target\":{\"@type\":\"EntryPoint\",\"urlTemplate\":\"https:\/\/www.menalib.de\/?s={search_term_string}\"},\"query-input\":{\"@type\":\"PropertyValueSpecification\",\"valueRequired\":true,\"valueName\":\"search_term_string\"}}],\"inLanguage\":\"en-GB\"},{\"@type\":\"Organization\",\"@id\":\"https:\/\/www.menalib.de\/#organization\",\"name\":\"MENAlib - Webportal des FID Nahost-, Nordafrika- und Islamstudien\",\"url\":\"https:\/\/www.menalib.de\/\",\"logo\":{\"@type\":\"ImageObject\",\"inLanguage\":\"en-GB\",\"@id\":\"https:\/\/www.menalib.de\/#\/schema\/logo\/image\/\",\"url\":\"https:\/\/www.menalib.de\/wp-content\/uploads\/sites\/2\/2025\/09\/fid-logo-high-end-2025.jpg\",\"contentUrl\":\"https:\/\/www.menalib.de\/wp-content\/uploads\/sites\/2\/2025\/09\/fid-logo-high-end-2025.jpg\",\"width\":968,\"height\":529,\"caption\":\"MENAlib - Webportal des FID Nahost-, Nordafrika- und Islamstudien\"},\"image\":{\"@id\":\"https:\/\/www.menalib.de\/#\/schema\/logo\/image\/\"}}]}<\/script>\n<!-- \/ Yoast SEO plugin. -->","yoast_head_json":{"title":"LexiQamus - MENAlib - Webportal of the FID Middle East, North Africa and Islamic Studies","robots":{"index":"index","follow":"follow","max-snippet":"max-snippet:-1","max-image-preview":"max-image-preview:large","max-video-preview":"max-video-preview:-1"},"canonical":"https:\/\/www.menalib.de\/english\/digital-resources\/licensed-databases\/lexiqamus\/","og_locale":"en_GB","og_type":"article","og_title":"LexiQamus - MENAlib - Webportal des FID Nahost-, Nordafrika- und Islamstudien","og_description":"LexiQamus ist ein Online-Werkzeug, mit dem unlesbare W\u00f6rter aus osmanisch-t\u00fcrkischen Texten leichter identifiziert werden k\u00f6nnen. Lexiqamus starten Funktion Mit LexiQamus kann nach den erkennbaren Teilen eines osmanisch-t\u00fcrkischen Wortes gesucht werden. Als Ergebnis liefert die Software W\u00f6rter und Kontexte, in denen die Buchstabenfolge vorkommt. Basis hierf\u00fcr sind \u00fcber 170.000 W\u00f6rter und Phrasen aus 19 verschiedenen W\u00f6rterb\u00fcchern. [&hellip;]","og_url":"https:\/\/www.menalib.de\/english\/digital-resources\/licensed-databases\/lexiqamus\/","og_site_name":"MENAlib - Webportal des FID Nahost-, Nordafrika- und Islamstudien","article_modified_time":"2025-10-22T12:00:12+00:00","og_image":[{"url":"https:\/\/menalib.bibliothek.uni-halle.de\/wp-content\/uploads\/sites\/2\/2025\/10\/8303e6fb-a07c-4869-b5f5-83ff3940ca88-1024x710.png","type":"","width":"","height":""}],"twitter_card":"summary_large_image","schema":{"@context":"https:\/\/schema.org","@graph":[{"@type":"WebPage","@id":"https:\/\/www.menalib.de\/digitale-ressourcen\/lizensierte-datenbanken\/lexiqamus\/","url":"https:\/\/www.menalib.de\/digitale-ressourcen\/lizensierte-datenbanken\/lexiqamus\/","name":"LexiQamus - MENAlib - Webportal of the FID Middle East, North Africa and Islamic Studies","isPartOf":{"@id":"https:\/\/www.menalib.de\/#website"},"primaryImageOfPage":{"@id":"https:\/\/www.menalib.de\/digitale-ressourcen\/lizensierte-datenbanken\/lexiqamus\/#primaryimage"},"image":{"@id":"https:\/\/www.menalib.de\/digitale-ressourcen\/lizensierte-datenbanken\/lexiqamus\/#primaryimage"},"thumbnailUrl":"https:\/\/menalib.bibliothek.uni-halle.de\/wp-content\/uploads\/sites\/2\/2025\/10\/8303e6fb-a07c-4869-b5f5-83ff3940ca88-1024x710.png","datePublished":"2025-09-25T07:23:14+00:00","dateModified":"2025-10-22T12:00:12+00:00","breadcrumb":{"@id":"https:\/\/www.menalib.de\/digitale-ressourcen\/lizensierte-datenbanken\/lexiqamus\/#breadcrumb"},"inLanguage":"en-GB","potentialAction":[{"@type":"ReadAction","target":["https:\/\/www.menalib.de\/digitale-ressourcen\/lizensierte-datenbanken\/lexiqamus\/"]}]},{"@type":"ImageObject","inLanguage":"en-GB","@id":"https:\/\/www.menalib.de\/digitale-ressourcen\/lizensierte-datenbanken\/lexiqamus\/#primaryimage","url":"https:\/\/menalib.bibliothek.uni-halle.de\/wp-content\/uploads\/sites\/2\/2025\/10\/8303e6fb-a07c-4869-b5f5-83ff3940ca88-1024x710.png","contentUrl":"https:\/\/menalib.bibliothek.uni-halle.de\/wp-content\/uploads\/sites\/2\/2025\/10\/8303e6fb-a07c-4869-b5f5-83ff3940ca88-1024x710.png"},{"@type":"BreadcrumbList","@id":"https:\/\/www.menalib.de\/digitale-ressourcen\/lizensierte-datenbanken\/lexiqamus\/#breadcrumb","itemListElement":[{"@type":"ListItem","position":1,"name":"Startseite","item":"https:\/\/www.menalib.de\/"},{"@type":"ListItem","position":2,"name":"Digitale Ressourcen","item":"https:\/\/www.menalib.de\/digitale-ressourcen\/"},{"@type":"ListItem","position":3,"name":"Lizensierte Datenbanken","item":"https:\/\/www.menalib.de\/digitale-ressourcen\/lizensierte-datenbanken\/"},{"@type":"ListItem","position":4,"name":"LexiQamus"}]},{"@type":"WebSite","@id":"https:\/\/www.menalib.de\/#website","url":"https:\/\/www.menalib.de\/","name":"MENAlib - Web portal of the FID Middle East, North Africa and Islamic Studies","description":"","publisher":{"@id":"https:\/\/www.menalib.de\/#organization"},"potentialAction":[{"@type":"SearchAction","target":{"@type":"EntryPoint","urlTemplate":"https:\/\/www.menalib.de\/?s={search_term_string}"},"query-input":{"@type":"PropertyValueSpecification","valueRequired":true,"valueName":"search_term_string"}}],"inLanguage":"en-GB"},{"@type":"Organization","@id":"https:\/\/www.menalib.de\/#organization","name":"MENAlib - Web portal of the FID Middle East, North Africa and Islamic Studies","url":"https:\/\/www.menalib.de\/","logo":{"@type":"ImageObject","inLanguage":"en-GB","@id":"https:\/\/www.menalib.de\/#\/schema\/logo\/image\/","url":"https:\/\/www.menalib.de\/wp-content\/uploads\/sites\/2\/2025\/09\/fid-logo-high-end-2025.jpg","contentUrl":"https:\/\/www.menalib.de\/wp-content\/uploads\/sites\/2\/2025\/09\/fid-logo-high-end-2025.jpg","width":968,"height":529,"caption":"MENAlib - Webportal des FID Nahost-, Nordafrika- und Islamstudien"},"image":{"@id":"https:\/\/www.menalib.de\/#\/schema\/logo\/image\/"}}]}},"_links":{"self":[{"href":"https:\/\/www.menalib.de\/english\/wp-json\/wp\/v2\/pages\/413","targetHints":{"allow":["GET"]}}],"collection":[{"href":"https:\/\/www.menalib.de\/english\/wp-json\/wp\/v2\/pages"}],"about":[{"href":"https:\/\/www.menalib.de\/english\/wp-json\/wp\/v2\/types\/page"}],"author":[{"embeddable":true,"href":"https:\/\/www.menalib.de\/english\/wp-json\/wp\/v2\/users\/4"}],"replies":[{"embeddable":true,"href":"https:\/\/www.menalib.de\/english\/wp-json\/wp\/v2\/comments?post=413"}],"version-history":[{"count":7,"href":"https:\/\/www.menalib.de\/english\/wp-json\/wp\/v2\/pages\/413\/revisions"}],"predecessor-version":[{"id":2454,"href":"https:\/\/www.menalib.de\/english\/wp-json\/wp\/v2\/pages\/413\/revisions\/2454"}],"up":[{"embeddable":true,"href":"https:\/\/www.menalib.de\/english\/wp-json\/wp\/v2\/pages\/368"}],"wp:attachment":[{"href":"https:\/\/www.menalib.de\/english\/wp-json\/wp\/v2\/media?parent=413"}],"curies":[{"name":"wp","href":"https:\/\/api.w.org\/{rel}","templated":true}]}}