{"id":374,"date":"2025-09-25T09:18:56","date_gmt":"2025-09-25T07:18:56","guid":{"rendered":"https:\/\/menalib.bibliothek.uni-halle.de\/?page_id=374"},"modified":"2025-12-02T11:59:59","modified_gmt":"2025-12-02T10:59:59","slug":"user-group-models-of-the-fid-licences","status":"publish","type":"page","link":"https:\/\/www.menalib.de\/english\/digital-resources\/licensed-databases\/user-group-models-of-the-fid-licences\/","title":{"rendered":"User group models for FID licences"},"content":{"rendered":"<div data-elementor-type=\"wp-page\" data-elementor-id=\"374\" class=\"elementor elementor-374\" data-elementor-post-type=\"page\">\n\t\t\t\t<div class=\"elementor-element elementor-element-14a03f9 e-flex e-con-boxed e-con e-parent\" data-id=\"14a03f9\" data-element_type=\"container\">\n\t\t\t\t\t<div class=\"e-con-inner\">\n\t\t<div class=\"elementor-element elementor-element-46c0fa9 e-con-full e-flex e-con e-child\" data-id=\"46c0fa9\" data-element_type=\"container\">\n\t\t\t\t<div class=\"elementor-element elementor-element-71d2684 elementor-widget elementor-widget-breadcrumbs\" data-id=\"71d2684\" data-element_type=\"widget\" data-widget_type=\"breadcrumbs.default\">\n\t\t\t\t\t<p id=\"breadcrumbs\"><span><span><a href=\"https:\/\/www.menalib.de\/english\/\">Home page<\/a><\/span><\/span><\/p>\t\t\t\t<\/div>\n\t\t\t\t<\/div>\n\t\t\t\t\t<\/div>\n\t\t\t\t<\/div>\n\t\t<div class=\"elementor-element elementor-element-cfcae59 e-flex e-con-boxed e-con e-parent\" data-id=\"cfcae59\" data-element_type=\"container\">\n\t\t\t\t\t<div class=\"e-con-inner\">\n\t\t<div class=\"elementor-element elementor-element-543e429 e-flex e-con-boxed e-con e-child\" data-id=\"543e429\" data-element_type=\"container\">\n\t\t\t\t\t<div class=\"e-con-inner\">\n\t\t\t\t<div class=\"elementor-element elementor-element-59629c7 elementor-widget__width-initial elementor-widget elementor-widget-text-editor\" data-id=\"59629c7\" data-element_type=\"widget\" data-widget_type=\"text-editor.default\">\n\t\t\t\t\t\t\t\t\t<p>The Specialised Information Service for Middle Eastern, North African and Islamic Studies acquires access rights to fee-based online services for various academic user groups. The aim is to keep this circle of users as open as possible. The following models are currently used.<\/p>\t\t\t\t\t\t\t\t<\/div>\n\t\t\t\t\t<\/div>\n\t\t\t\t<\/div>\n\t\t\t\t\t<\/div>\n\t\t\t\t<\/div>\n\t\t<div class=\"elementor-element elementor-element-b374271 e-flex e-con-boxed e-con e-parent\" data-id=\"b374271\" data-element_type=\"container\">\n\t\t\t\t\t<div class=\"e-con-inner\">\n\t\t<div class=\"elementor-element elementor-element-7f905d8 e-con-full e-flex e-con e-child\" data-id=\"7f905d8\" data-element_type=\"container\">\n\t\t\t\t<div class=\"elementor-element elementor-element-c406a59 elementor-widget__width-initial elementor-widget-divider--view-line elementor-invisible elementor-widget elementor-widget-divider\" data-id=\"c406a59\" data-element_type=\"widget\" data-settings=\"{&quot;_animation&quot;:&quot;fadeInLeft&quot;}\" data-widget_type=\"divider.default\">\n\t\t\t\t\t\t\t<div class=\"elementor-divider\">\n\t\t\t<span class=\"elementor-divider-separator\">\n\t\t\t\t\t\t<\/span>\n\t\t<\/div>\n\t\t\t\t\t\t<\/div>\n\t\t\t\t<\/div>\n\t\t<div class=\"elementor-element elementor-element-68d4bc0 e-con-full e-flex e-con e-child\" data-id=\"68d4bc0\" data-element_type=\"container\">\n\t\t\t\t<div class=\"elementor-element elementor-element-b8f86e2 elementor-widget elementor-widget-heading\" data-id=\"b8f86e2\" data-element_type=\"widget\" data-widget_type=\"heading.default\">\n\t\t\t\t\t<h2 class=\"elementor-heading-title elementor-size-default\">National licence<\/h2>\t\t\t\t<\/div>\n\t\t\t\t<div class=\"elementor-element elementor-element-aa39c6f elementor-widget elementor-widget-text-editor\" data-id=\"aa39c6f\" data-element_type=\"widget\" data-widget_type=\"text-editor.default\">\n\t\t\t\t\t\t\t\t\t<p>National licences allow scientists, students and private individuals with an interest in science to access licence offers without subject-related restrictions.<\/p><p>\u00a0<\/p><p>Access is granted by activating the IP numbers of mainly publicly funded universities and research institutions in the Federal Republic of Germany. Many university networks can also be used by members via VPN or other remote connections from outside.<\/p>\t\t\t\t\t\t\t\t<\/div>\n\t\t<div class=\"elementor-element elementor-element-1c7085f e-con-full e-flex e-con e-child\" data-id=\"1c7085f\" data-element_type=\"container\">\n\t\t<div class=\"elementor-element elementor-element-2b9df7e e-con-full e-flex e-con e-child\" data-id=\"2b9df7e\" data-element_type=\"container\" data-settings=\"{&quot;background_background&quot;:&quot;gradient&quot;}\">\n\t\t\t\t<div class=\"elementor-element elementor-element-80becb6 elementor-widget elementor-widget-heading\" data-id=\"80becb6\" data-element_type=\"widget\" data-widget_type=\"heading.default\">\n\t\t\t\t\t<p class=\"elementor-heading-title elementor-size-default\">More about national licences<\/p>\t\t\t\t<\/div>\n\t\t\t\t<div class=\"elementor-element elementor-element-7da553e elementor-widget elementor-widget-text-editor\" data-id=\"7da553e\" data-element_type=\"widget\" data-widget_type=\"text-editor.default\">\n\t\t\t\t\t\t\t\t\t<ul><li><a href=\"https:\/\/www.nationallizenzen.de\/\">national licences<\/a>\u00a0(official website)<\/li><li><a href=\"https:\/\/www.nationallizenzen.de\/@@search?SearchableText=FID+Nahost\">All national licences of the FID Middle East<\/a><\/li><li><a href=\"https:\/\/de.wikipedia.org\/wiki\/Nationallizenz\">National licence<\/a>\u00a0(Wikipedia)<\/li><li><a href=\"https:\/\/de.wikipedia.org\/wiki\/Shibboleth\">Shibboleth<\/a>\u00a0(Wikipedia)<\/li><\/ul>\t\t\t\t\t\t\t\t<\/div>\n\t\t\t\t<\/div>\n\t\t<div class=\"elementor-element elementor-element-256155e e-con-full e-flex e-con e-child\" data-id=\"256155e\" data-element_type=\"container\" data-settings=\"{&quot;background_background&quot;:&quot;classic&quot;}\">\n\t\t\t\t<div class=\"elementor-element elementor-element-82d7ffd elementor-widget elementor-widget-text-editor\" data-id=\"82d7ffd\" data-element_type=\"widget\" data-widget_type=\"text-editor.default\">\n\t\t\t\t\t\t\t\t\t<p>Some licensors offer online access via Shibboleth. Members of research institutions who can authenticate themselves via Shibboleth thus have access that is independent of the network.<\/p><p>For scientific purposes, private individuals can\u00a0<a href=\"https:\/\/www.nationallizenzen.de\/ind_inform_registration\">Request individual login via proxy server<\/a>unless they have access via an academic library and their place of residence is in Germany.<\/p>\t\t\t\t\t\t\t\t<\/div>\n\t\t\t\t<\/div>\n\t\t\t\t<\/div>\n\t\t\t\t<\/div>\n\t\t\t\t\t<\/div>\n\t\t\t\t<\/div>\n\t\t<div class=\"elementor-element elementor-element-baa90e1 e-flex e-con-boxed e-con e-parent\" data-id=\"baa90e1\" data-element_type=\"container\">\n\t\t\t\t\t<div class=\"e-con-inner\">\n\t\t<div class=\"elementor-element elementor-element-06fbee3 e-con-full e-flex e-con e-child\" data-id=\"06fbee3\" data-element_type=\"container\">\n\t\t\t\t<div class=\"elementor-element elementor-element-1037e15 elementor-widget__width-initial elementor-widget-divider--view-line elementor-invisible elementor-widget elementor-widget-divider\" data-id=\"1037e15\" data-element_type=\"widget\" data-settings=\"{&quot;_animation&quot;:&quot;fadeInLeft&quot;}\" data-widget_type=\"divider.default\">\n\t\t\t\t\t\t\t<div class=\"elementor-divider\">\n\t\t\t<span class=\"elementor-divider-separator\">\n\t\t\t\t\t\t<\/span>\n\t\t<\/div>\n\t\t\t\t\t\t<\/div>\n\t\t\t\t<\/div>\n\t\t<div class=\"elementor-element elementor-element-d06d6f8 e-con-full e-flex e-con e-child\" data-id=\"d06d6f8\" data-element_type=\"container\">\n\t\t\t\t<div class=\"elementor-element elementor-element-aee584d elementor-widget elementor-widget-heading\" data-id=\"aee584d\" data-element_type=\"widget\" data-widget_type=\"heading.default\">\n\t\t\t\t\t<h2 class=\"elementor-heading-title elementor-size-default\">Campus licence\n<\/h2>\t\t\t\t<\/div>\n\t\t\t\t<div class=\"elementor-element elementor-element-1c3b2ac elementor-widget elementor-widget-text-editor\" data-id=\"1c3b2ac\" data-element_type=\"widget\" data-widget_type=\"text-editor.default\">\n\t\t\t\t\t\t\t\t\t<p>Campus licences give academics and students at selected universities and research institutions access to licence offers. The selection of licenced institutions is generally based on their research focus.<\/p><p>\u00a0<\/p><p>The specialised information service has defined a user group comprising 32 institutions that conduct research specifically in the field of Middle Eastern and Islamic studies.<\/p><p>\u00a0<\/p><p>Access is granted by activating the IP numbers of the selected institutions. Many university networks can also be used via VPN or other remote connections from outside.<\/p>\t\t\t\t\t\t\t\t<\/div>\n\t\t\t\t<\/div>\n\t\t\t\t\t<\/div>\n\t\t\t\t<\/div>\n\t\t<div class=\"elementor-element elementor-element-e5156a7 e-flex e-con-boxed e-con e-parent\" data-id=\"e5156a7\" data-element_type=\"container\">\n\t\t\t\t\t<div class=\"e-con-inner\">\n\t\t<div class=\"elementor-element elementor-element-562a03c e-con-full e-flex e-con e-child\" data-id=\"562a03c\" data-element_type=\"container\">\n\t\t\t\t<div class=\"elementor-element elementor-element-98715a5 elementor-widget__width-initial elementor-widget-divider--view-line elementor-invisible elementor-widget elementor-widget-divider\" data-id=\"98715a5\" data-element_type=\"widget\" data-settings=\"{&quot;_animation&quot;:&quot;fadeInLeft&quot;}\" data-widget_type=\"divider.default\">\n\t\t\t\t\t\t\t<div class=\"elementor-divider\">\n\t\t\t<span class=\"elementor-divider-separator\">\n\t\t\t\t\t\t<\/span>\n\t\t<\/div>\n\t\t\t\t\t\t<\/div>\n\t\t\t\t<\/div>\n\t\t<div class=\"elementor-element elementor-element-5492833 e-con-full e-flex e-con e-child\" data-id=\"5492833\" data-element_type=\"container\">\n\t\t\t\t<div class=\"elementor-element elementor-element-669cf95 elementor-widget elementor-widget-heading\" data-id=\"669cf95\" data-element_type=\"widget\" data-widget_type=\"heading.default\">\n\t\t\t\t\t<h2 class=\"elementor-heading-title elementor-size-default\">Community licence (single user)<\/h2>\t\t\t\t<\/div>\n\t\t\t\t<div class=\"elementor-element elementor-element-1cba185 elementor-widget elementor-widget-text-editor\" data-id=\"1cba185\" data-element_type=\"widget\" data-widget_type=\"text-editor.default\">\n\t\t\t\t\t\t\t\t\t<p>Access for individual users gives scientists and students from a specific specialist community individual access to one or more licensed products.<\/p><p>\u00a0<\/p><p>Access is by login via proxy server. Interested parties must\u00a0<a href=\"https:\/\/nahost.fid-lizenzen.de\/kfllogin\">register with the FID licence portal<\/a>. The prerequisites for access as an individual user are residence in Germany or membership of a German research project.<\/p>\t\t\t\t\t\t\t\t<\/div>\n\t\t\t\t<\/div>\n\t\t\t\t\t<\/div>\n\t\t\t\t<\/div>\n\t\t\t\t<\/div>","protected":false},"excerpt":{"rendered":"<p>The Middle East, North Africa and Islamic Studies Information Service acquires access rights to fee-based online services for various academic user groups. The aim is to keep this group of users as open as possible. The following models are currently in use. National licence National licences enable academics, students and private individuals with an academic interest to access licensed services without any subject restrictions. \u00a0 Access is provided [\u2026]<\/p>","protected":false},"author":4,"featured_media":0,"parent":368,"menu_order":0,"comment_status":"closed","ping_status":"closed","template":"","meta":{"footnotes":""},"class_list":["post-374","page","type-page","status-publish","hentry"],"yoast_head":"<!-- This site is optimized with the Yoast SEO plugin v25.9 - https:\/\/yoast.com\/wordpress\/plugins\/seo\/ -->\n<title>Nutzerkreismodelle der FID- Lizenzen - MENAlib - Webportal des FID Nahost-, Nordafrika- und Islamstudien<\/title>\n<meta name=\"robots\" content=\"index, follow, max-snippet:-1, max-image-preview:large, max-video-preview:-1\" \/>\n<link rel=\"canonical\" href=\"https:\/\/www.menalib.de\/english\/digital-resources\/licensed-databases\/user-group-models-of-the-fid-licences\/\" \/>\n<meta property=\"og:locale\" content=\"en_GB\" \/>\n<meta property=\"og:type\" content=\"article\" \/>\n<meta property=\"og:title\" content=\"Nutzerkreismodelle der FID- Lizenzen - MENAlib - Webportal des FID Nahost-, Nordafrika- und Islamstudien\" \/>\n<meta property=\"og:description\" content=\"Der Fachinformationsdienst Nahost-, Nordafrika- und Islamstudien erwirbt Zugriffsrechte auf kostenpflichtige Online-Angebote f\u00fcr verschiedene wissenschaftliche Nutzergruppen. Dabei wird das Ziel verfolgt, diesen Kreis von Nutzern so offen wie m\u00f6glich zu halten. Derzeit werden folgende Modelle angewendet. Nationallizenz Nationallizenzen erm\u00f6glichen Wissenschaftlern, Studierenden und wissenschaftlich interessierten Privatpersonen ohne fachliche Einschr\u00e4nkung den Zugang zu Lizenzangeboten. \u00a0 Der Zugang erfolgt [&hellip;]\" \/>\n<meta property=\"og:url\" content=\"https:\/\/www.menalib.de\/english\/digital-resources\/licensed-databases\/user-group-models-of-the-fid-licences\/\" \/>\n<meta property=\"og:site_name\" content=\"MENAlib - Webportal des FID Nahost-, Nordafrika- und Islamstudien\" \/>\n<meta property=\"article:modified_time\" content=\"2025-12-02T10:59:59+00:00\" \/>\n<meta name=\"twitter:card\" content=\"summary_large_image\" \/>\n<script type=\"application\/ld+json\" class=\"yoast-schema-graph\">{\"@context\":\"https:\/\/schema.org\",\"@graph\":[{\"@type\":\"WebPage\",\"@id\":\"https:\/\/www.menalib.de\/digitale-ressourcen\/lizensierte-datenbanken\/nutzerkreismodelle-der-fid-lizenzen\/\",\"url\":\"https:\/\/www.menalib.de\/digitale-ressourcen\/lizensierte-datenbanken\/nutzerkreismodelle-der-fid-lizenzen\/\",\"name\":\"Nutzerkreismodelle der FID- Lizenzen - MENAlib - Webportal des FID Nahost-, Nordafrika- und Islamstudien\",\"isPartOf\":{\"@id\":\"https:\/\/www.menalib.de\/#website\"},\"datePublished\":\"2025-09-25T07:18:56+00:00\",\"dateModified\":\"2025-12-02T10:59:59+00:00\",\"breadcrumb\":{\"@id\":\"https:\/\/www.menalib.de\/digitale-ressourcen\/lizensierte-datenbanken\/nutzerkreismodelle-der-fid-lizenzen\/#breadcrumb\"},\"inLanguage\":\"en-GB\",\"potentialAction\":[{\"@type\":\"ReadAction\",\"target\":[\"https:\/\/www.menalib.de\/digitale-ressourcen\/lizensierte-datenbanken\/nutzerkreismodelle-der-fid-lizenzen\/\"]}]},{\"@type\":\"BreadcrumbList\",\"@id\":\"https:\/\/www.menalib.de\/digitale-ressourcen\/lizensierte-datenbanken\/nutzerkreismodelle-der-fid-lizenzen\/#breadcrumb\",\"itemListElement\":[{\"@type\":\"ListItem\",\"position\":1,\"name\":\"Startseite\",\"item\":\"https:\/\/www.menalib.de\/\"},{\"@type\":\"ListItem\",\"position\":2,\"name\":\"Digitale Ressourcen\",\"item\":\"https:\/\/www.menalib.de\/digitale-ressourcen\/\"},{\"@type\":\"ListItem\",\"position\":3,\"name\":\"Lizensierte Datenbanken\",\"item\":\"https:\/\/www.menalib.de\/digitale-ressourcen\/lizensierte-datenbanken\/\"},{\"@type\":\"ListItem\",\"position\":4,\"name\":\"Nutzerkreismodelle der FID- Lizenzen\"}]},{\"@type\":\"WebSite\",\"@id\":\"https:\/\/www.menalib.de\/#website\",\"url\":\"https:\/\/www.menalib.de\/\",\"name\":\"MENAlib - Webportal des FID Nahost-, Nordafrika- und Islamstudien\",\"description\":\"\",\"publisher\":{\"@id\":\"https:\/\/www.menalib.de\/#organization\"},\"potentialAction\":[{\"@type\":\"SearchAction\",\"target\":{\"@type\":\"EntryPoint\",\"urlTemplate\":\"https:\/\/www.menalib.de\/?s={search_term_string}\"},\"query-input\":{\"@type\":\"PropertyValueSpecification\",\"valueRequired\":true,\"valueName\":\"search_term_string\"}}],\"inLanguage\":\"en-GB\"},{\"@type\":\"Organization\",\"@id\":\"https:\/\/www.menalib.de\/#organization\",\"name\":\"MENAlib - Webportal des FID Nahost-, Nordafrika- und Islamstudien\",\"url\":\"https:\/\/www.menalib.de\/\",\"logo\":{\"@type\":\"ImageObject\",\"inLanguage\":\"en-GB\",\"@id\":\"https:\/\/www.menalib.de\/#\/schema\/logo\/image\/\",\"url\":\"https:\/\/www.menalib.de\/wp-content\/uploads\/sites\/2\/2025\/09\/fid-logo-high-end-2025.jpg\",\"contentUrl\":\"https:\/\/www.menalib.de\/wp-content\/uploads\/sites\/2\/2025\/09\/fid-logo-high-end-2025.jpg\",\"width\":968,\"height\":529,\"caption\":\"MENAlib - Webportal des FID Nahost-, Nordafrika- und Islamstudien\"},\"image\":{\"@id\":\"https:\/\/www.menalib.de\/#\/schema\/logo\/image\/\"}}]}<\/script>\n<!-- \/ Yoast SEO plugin. -->","yoast_head_json":{"title":"User group models of the FID licences - MENAlib - Webportal des FID Nahost-, Nordafrika- und Islamstudien","robots":{"index":"index","follow":"follow","max-snippet":"max-snippet:-1","max-image-preview":"max-image-preview:large","max-video-preview":"max-video-preview:-1"},"canonical":"https:\/\/www.menalib.de\/english\/digital-resources\/licensed-databases\/user-group-models-of-the-fid-licences\/","og_locale":"en_GB","og_type":"article","og_title":"Nutzerkreismodelle der FID- Lizenzen - MENAlib - Webportal des FID Nahost-, Nordafrika- und Islamstudien","og_description":"Der Fachinformationsdienst Nahost-, Nordafrika- und Islamstudien erwirbt Zugriffsrechte auf kostenpflichtige Online-Angebote f\u00fcr verschiedene wissenschaftliche Nutzergruppen. Dabei wird das Ziel verfolgt, diesen Kreis von Nutzern so offen wie m\u00f6glich zu halten. Derzeit werden folgende Modelle angewendet. Nationallizenz Nationallizenzen erm\u00f6glichen Wissenschaftlern, Studierenden und wissenschaftlich interessierten Privatpersonen ohne fachliche Einschr\u00e4nkung den Zugang zu Lizenzangeboten. \u00a0 Der Zugang erfolgt [&hellip;]","og_url":"https:\/\/www.menalib.de\/english\/digital-resources\/licensed-databases\/user-group-models-of-the-fid-licences\/","og_site_name":"MENAlib - Webportal des FID Nahost-, Nordafrika- und Islamstudien","article_modified_time":"2025-12-02T10:59:59+00:00","twitter_card":"summary_large_image","schema":{"@context":"https:\/\/schema.org","@graph":[{"@type":"WebPage","@id":"https:\/\/www.menalib.de\/digitale-ressourcen\/lizensierte-datenbanken\/nutzerkreismodelle-der-fid-lizenzen\/","url":"https:\/\/www.menalib.de\/digitale-ressourcen\/lizensierte-datenbanken\/nutzerkreismodelle-der-fid-lizenzen\/","name":"User group models of the FID licences - MENAlib - Webportal des FID Nahost-, Nordafrika- und Islamstudien","isPartOf":{"@id":"https:\/\/www.menalib.de\/#website"},"datePublished":"2025-09-25T07:18:56+00:00","dateModified":"2025-12-02T10:59:59+00:00","breadcrumb":{"@id":"https:\/\/www.menalib.de\/digitale-ressourcen\/lizensierte-datenbanken\/nutzerkreismodelle-der-fid-lizenzen\/#breadcrumb"},"inLanguage":"en-GB","potentialAction":[{"@type":"ReadAction","target":["https:\/\/www.menalib.de\/digitale-ressourcen\/lizensierte-datenbanken\/nutzerkreismodelle-der-fid-lizenzen\/"]}]},{"@type":"BreadcrumbList","@id":"https:\/\/www.menalib.de\/digitale-ressourcen\/lizensierte-datenbanken\/nutzerkreismodelle-der-fid-lizenzen\/#breadcrumb","itemListElement":[{"@type":"ListItem","position":1,"name":"Startseite","item":"https:\/\/www.menalib.de\/"},{"@type":"ListItem","position":2,"name":"Digitale Ressourcen","item":"https:\/\/www.menalib.de\/digitale-ressourcen\/"},{"@type":"ListItem","position":3,"name":"Lizensierte Datenbanken","item":"https:\/\/www.menalib.de\/digitale-ressourcen\/lizensierte-datenbanken\/"},{"@type":"ListItem","position":4,"name":"Nutzerkreismodelle der FID- Lizenzen"}]},{"@type":"WebSite","@id":"https:\/\/www.menalib.de\/#website","url":"https:\/\/www.menalib.de\/","name":"MENAlib - Web portal of the FID Middle East, North Africa and Islamic Studies","description":"","publisher":{"@id":"https:\/\/www.menalib.de\/#organization"},"potentialAction":[{"@type":"SearchAction","target":{"@type":"EntryPoint","urlTemplate":"https:\/\/www.menalib.de\/?s={search_term_string}"},"query-input":{"@type":"PropertyValueSpecification","valueRequired":true,"valueName":"search_term_string"}}],"inLanguage":"en-GB"},{"@type":"Organization","@id":"https:\/\/www.menalib.de\/#organization","name":"MENAlib - Web portal of the FID Middle East, North Africa and Islamic Studies","url":"https:\/\/www.menalib.de\/","logo":{"@type":"ImageObject","inLanguage":"en-GB","@id":"https:\/\/www.menalib.de\/#\/schema\/logo\/image\/","url":"https:\/\/www.menalib.de\/wp-content\/uploads\/sites\/2\/2025\/09\/fid-logo-high-end-2025.jpg","contentUrl":"https:\/\/www.menalib.de\/wp-content\/uploads\/sites\/2\/2025\/09\/fid-logo-high-end-2025.jpg","width":968,"height":529,"caption":"MENAlib - Webportal des FID Nahost-, Nordafrika- und Islamstudien"},"image":{"@id":"https:\/\/www.menalib.de\/#\/schema\/logo\/image\/"}}]}},"_links":{"self":[{"href":"https:\/\/www.menalib.de\/english\/wp-json\/wp\/v2\/pages\/374","targetHints":{"allow":["GET"]}}],"collection":[{"href":"https:\/\/www.menalib.de\/english\/wp-json\/wp\/v2\/pages"}],"about":[{"href":"https:\/\/www.menalib.de\/english\/wp-json\/wp\/v2\/types\/page"}],"author":[{"embeddable":true,"href":"https:\/\/www.menalib.de\/english\/wp-json\/wp\/v2\/users\/4"}],"replies":[{"embeddable":true,"href":"https:\/\/www.menalib.de\/english\/wp-json\/wp\/v2\/comments?post=374"}],"version-history":[{"count":19,"href":"https:\/\/www.menalib.de\/english\/wp-json\/wp\/v2\/pages\/374\/revisions"}],"predecessor-version":[{"id":3302,"href":"https:\/\/www.menalib.de\/english\/wp-json\/wp\/v2\/pages\/374\/revisions\/3302"}],"up":[{"embeddable":true,"href":"https:\/\/www.menalib.de\/english\/wp-json\/wp\/v2\/pages\/368"}],"wp:attachment":[{"href":"https:\/\/www.menalib.de\/english\/wp-json\/wp\/v2\/media?parent=374"}],"curies":[{"name":"wp","href":"https:\/\/api.w.org\/{rel}","templated":true}]}}