{"id":362,"date":"2025-09-25T09:16:09","date_gmt":"2025-09-25T07:16:09","guid":{"rendered":"https:\/\/menalib.bibliothek.uni-halle.de\/?page_id=362"},"modified":"2025-11-12T10:57:44","modified_gmt":"2025-11-12T09:57:44","slug":"free-newspapers-and-journals","status":"publish","type":"page","link":"https:\/\/www.menalib.de\/english\/search-find\/free-newspapers-and-journals\/","title":{"rendered":"Free newspapers and journals"},"content":{"rendered":"<div data-elementor-type=\"wp-page\" data-elementor-id=\"362\" class=\"elementor elementor-362\" data-elementor-post-type=\"page\">\n\t\t\t\t<div class=\"elementor-element elementor-element-2fe7ad7 e-flex e-con-boxed e-con e-parent\" data-id=\"2fe7ad7\" data-element_type=\"container\">\n\t\t\t\t\t<div class=\"e-con-inner\">\n\t\t<div class=\"elementor-element elementor-element-af7c1a8 e-con-full e-flex e-con e-child\" data-id=\"af7c1a8\" data-element_type=\"container\">\n\t\t\t\t<div class=\"elementor-element elementor-element-34c27b6 elementor-widget elementor-widget-breadcrumbs\" data-id=\"34c27b6\" data-element_type=\"widget\" data-widget_type=\"breadcrumbs.default\">\n\t\t\t\t\t<p id=\"breadcrumbs\"><span><span><a href=\"https:\/\/www.menalib.de\/english\/\">Home page<\/a><\/span><\/span><\/p>\t\t\t\t<\/div>\n\t\t\t\t<\/div>\n\t\t\t\t\t<\/div>\n\t\t\t\t<\/div>\n\t\t<div class=\"elementor-element elementor-element-255abec e-flex e-con-boxed e-con e-parent\" data-id=\"255abec\" data-element_type=\"container\">\n\t\t\t\t\t<div class=\"e-con-inner\">\n\t\t<div class=\"elementor-element elementor-element-01c1b92 e-flex e-con-boxed e-con e-child\" data-id=\"01c1b92\" data-element_type=\"container\">\n\t\t\t\t\t<div class=\"e-con-inner\">\n\t\t\t\t<div class=\"elementor-element elementor-element-158473d elementor-widget__width-initial elementor-widget elementor-widget-text-editor\" data-id=\"158473d\" data-element_type=\"widget\" data-widget_type=\"text-editor.default\">\n\t\t\t\t\t\t\t\t\t<p>On this page, we refer in loose order to open access and other free online sources of newspapers and journals. These are offers that we consider to be particularly valuable for our specialised community.<\/p>\t\t\t\t\t\t\t\t<\/div>\n\t\t\t\t\t<\/div>\n\t\t\t\t<\/div>\n\t\t\t\t\t<\/div>\n\t\t\t\t<\/div>\n\t\t<div class=\"elementor-element elementor-element-c490845 e-flex e-con-boxed e-con e-parent\" data-id=\"c490845\" data-element_type=\"container\">\n\t\t\t\t\t<div class=\"e-con-inner\">\n\t\t<div class=\"elementor-element elementor-element-f0498a0 e-con-full e-flex e-con e-child\" data-id=\"f0498a0\" data-element_type=\"container\">\n\t\t\t\t<div class=\"elementor-element elementor-element-3ded007 elementor-widget__width-initial elementor-widget-divider--view-line elementor-invisible elementor-widget elementor-widget-divider\" data-id=\"3ded007\" data-element_type=\"widget\" data-settings=\"{&quot;_animation&quot;:&quot;fadeInLeft&quot;}\" data-widget_type=\"divider.default\">\n\t\t\t\t\t\t\t<div class=\"elementor-divider\">\n\t\t\t<span class=\"elementor-divider-separator\">\n\t\t\t\t\t\t<\/span>\n\t\t<\/div>\n\t\t\t\t\t\t<\/div>\n\t\t\t\t<\/div>\n\t\t<div class=\"elementor-element elementor-element-4d31590 e-con-full e-flex e-con e-child\" data-id=\"4d31590\" data-element_type=\"container\">\n\t\t\t\t<div class=\"elementor-element elementor-element-ce69d5e elementor-widget elementor-widget-heading\" data-id=\"ce69d5e\" data-element_type=\"widget\" data-widget_type=\"heading.default\">\n\t\t\t\t\t<h2 class=\"elementor-heading-title elementor-size-default\">Magazines<\/h2>\t\t\t\t<\/div>\n\t\t\t\t<div class=\"elementor-element elementor-element-fd9c8f0 elementor-widget elementor-widget-text-editor\" data-id=\"fd9c8f0\" data-element_type=\"widget\" data-widget_type=\"text-editor.default\">\n\t\t\t\t\t\t\t\t\t<h3>Open Access journals in the MENA region<\/h3><p class=\"translation-block\">The range of open access journals is also growing steadily in the MENA region. Numerous journals that were previously printed are now available as open access editions, and current journals are often only published in open access. <a href=\"https:\/\/hallelit.gbv.de\/search?q=MENA-OA-ZS&amp;l=menasearch\" target=\"_blank\" rel=\"noopener\">Here<\/a> you will find an overview of journals from the MENA region listed in the Electronic Journals Library (EZB).<\/p><p>\u00a0<\/p><h3>Al Sharekh Archives<\/h3><p><a href=\"https:\/\/archive.alsharekh.org\/\" target=\"_blank\" rel=\"noopener\">Initiative<\/a> for the digitisation of Arabic journals from the 19th century to the present day<\/p><h3>Access to Mideast and Islamic Resources (AMIR)<\/h3><p><a href=\"https:\/\/amirmideast.blogspot.com\/2013\/10\/alphabetical-list-of-open-access.html\" target=\"_blank\" rel=\"noopener\">Blog<\/a> on Open Access publications (by country in alphabetical order)<\/p><h3>Iraqi Academic Scientific Journals (IASJ)<\/h3><p><a href=\"https:\/\/iasj.rdd.edu.iq\/journals\/\" target=\"_blank\" rel=\"noopener\">More than 300 peer-reviewed Open Access journals from Iraq<\/a><\/p><h3>DergiPark Academic<\/h3><p><a href=\"https:\/\/dergipark.org.tr\/tr\/\" target=\"_blank\" rel=\"noopener\">Platform<\/a> for scientific journals published in Turkey - peer-reviewed and open access<\/p><h3>Translatio\" digitisation project at the University of Bonn<\/h3><p>The digitisation project \"<a href=\"https:\/\/www.ioa.uni-bonn.de\/translatio\/de\" target=\"_blank\" rel=\"noopener\">Translatio<\/a>\" at the Department of Islamic Studies and Middle Eastern Languages at the Institute of Oriental and Asian Studies at the University of Bonn digitises and publishes Arabic, Persian and Ottoman-Turkish journals published in the Middle Eastern and Asian \"saddle period\" between 1860 and 1945.<\/p>\t\t\t\t\t\t\t\t<\/div>\n\t\t\t\t<\/div>\n\t\t\t\t\t<\/div>\n\t\t\t\t<\/div>\n\t\t<div class=\"elementor-element elementor-element-18c78b2 e-flex e-con-boxed e-con e-parent\" data-id=\"18c78b2\" data-element_type=\"container\">\n\t\t\t\t\t<div class=\"e-con-inner\">\n\t\t<div class=\"elementor-element elementor-element-607fd93 e-con-full e-flex e-con e-child\" data-id=\"607fd93\" data-element_type=\"container\">\n\t\t\t\t<div class=\"elementor-element elementor-element-980f7bc elementor-widget__width-initial elementor-widget-divider--view-line elementor-invisible elementor-widget elementor-widget-divider\" data-id=\"980f7bc\" data-element_type=\"widget\" data-settings=\"{&quot;_animation&quot;:&quot;fadeInLeft&quot;}\" data-widget_type=\"divider.default\">\n\t\t\t\t\t\t\t<div class=\"elementor-divider\">\n\t\t\t<span class=\"elementor-divider-separator\">\n\t\t\t\t\t\t<\/span>\n\t\t<\/div>\n\t\t\t\t\t\t<\/div>\n\t\t\t\t<\/div>\n\t\t<div class=\"elementor-element elementor-element-6c14612 e-con-full e-flex e-con e-child\" data-id=\"6c14612\" data-element_type=\"container\">\n\t\t\t\t<div class=\"elementor-element elementor-element-5068394 elementor-widget elementor-widget-heading\" data-id=\"5068394\" data-element_type=\"widget\" data-widget_type=\"heading.default\">\n\t\t\t\t\t<h2 class=\"elementor-heading-title elementor-size-default\">Newspapers<\/h2>\t\t\t\t<\/div>\n\t\t\t\t<div class=\"elementor-element elementor-element-f77f759 elementor-widget elementor-widget-text-editor\" data-id=\"f77f759\" data-element_type=\"widget\" data-widget_type=\"text-editor.default\">\n\t\t\t\t\t\t\t\t\t<h3>Jrayed<\/h3><p><a href=\"https:\/\/www.nli.org.il\/en\/discover\/newspapers\/jrayed\" target=\"_blank\" rel=\"noopener\">Arabic newspaper archive<\/a> of Ottoman and Mandatory Palestine published by the National Library of Israel<\/p>\t\t\t\t\t\t\t\t<\/div>\n\t\t\t\t<\/div>\n\t\t\t\t\t<\/div>\n\t\t\t\t<\/div>\n\t\t<div class=\"elementor-element elementor-element-74ae991 e-flex e-con-boxed e-con e-parent\" data-id=\"74ae991\" data-element_type=\"container\">\n\t\t\t\t\t<div class=\"e-con-inner\">\n\t\t<div class=\"elementor-element elementor-element-6e9a147 e-con-full e-flex e-con e-child\" data-id=\"6e9a147\" data-element_type=\"container\">\n\t\t\t\t<div class=\"elementor-element elementor-element-142b141 elementor-widget__width-initial elementor-widget-divider--view-line elementor-invisible elementor-widget elementor-widget-divider\" data-id=\"142b141\" data-element_type=\"widget\" data-settings=\"{&quot;_animation&quot;:&quot;fadeInLeft&quot;}\" data-widget_type=\"divider.default\">\n\t\t\t\t\t\t\t<div class=\"elementor-divider\">\n\t\t\t<span class=\"elementor-divider-separator\">\n\t\t\t\t\t\t<\/span>\n\t\t<\/div>\n\t\t\t\t\t\t<\/div>\n\t\t\t\t<\/div>\n\t\t<div class=\"elementor-element elementor-element-ae0073a e-con-full e-flex e-con e-child\" data-id=\"ae0073a\" data-element_type=\"container\">\n\t\t\t\t<div class=\"elementor-element elementor-element-dae50cc elementor-widget elementor-widget-heading\" data-id=\"dae50cc\" data-element_type=\"widget\" data-widget_type=\"heading.default\">\n\t\t\t\t\t<h2 class=\"elementor-heading-title elementor-size-default\">Further databases<\/h2>\t\t\t\t<\/div>\n\t\t\t\t<div class=\"elementor-element elementor-element-dedb175 elementor-widget elementor-widget-text-editor\" data-id=\"dedb175\" data-element_type=\"widget\" data-widget_type=\"text-editor.default\">\n\t\t\t\t\t\t\t\t\t<h3>Arabic Collections Online (ACO)<\/h3><p>The\u00a0<a href=\"https:\/\/dlib.nyu.edu\/aco\/\" target=\"_blank\" rel=\"noopener\">Arabic Collections Online<\/a>\u00a0is a publicly accessible digital library with public domain content in Arabic. ACO currently offers digital access to over 17,000 volumes on 10,473 topics from the extensive Arabic collections of renowned research libraries.<\/p><h3>Qatar Digital Library<\/h3><p>This growing <a href=\"https:\/\/www.qdl.qa\/en\" target=\"_blank\" rel=\"noopener\">archive<\/a> of the National Library of Qatar covers the modern history and culture of the Gulf region and is now available online for the first time.<\/p><h3>T\u00fcrkiye Sosyal Tarih Ara\u015ftirma Vakfi (T\u00dcSTAV)<\/h3><p>The <a href=\"https:\/\/www.tustav.org\/sureli-yayinlar-arsivi\/\" target=\"_blank\" rel=\"noopener\">Foundation<\/a> for social history research in Turkey publishes Turkish publications in its archive in open access.<\/p>\t\t\t\t\t\t\t\t<\/div>\n\t\t\t\t<\/div>\n\t\t\t\t\t<\/div>\n\t\t\t\t<\/div>\n\t\t\t\t<\/div>","protected":false},"excerpt":{"rendered":"<p>On this page, we provide links to open access and other free online sources of newspapers and journals in no particular order. These are resources that we consider to be particularly valuable for our professional community. Journals Open access journals from the MENA region The range of open access journals is also growing steadily in the MENA region. Numerous formerly printed [\u2026]<\/p>","protected":false},"author":4,"featured_media":0,"parent":308,"menu_order":0,"comment_status":"closed","ping_status":"closed","template":"","meta":{"footnotes":""},"class_list":["post-362","page","type-page","status-publish","hentry"],"yoast_head":"<!-- This site is optimized with the Yoast SEO plugin v25.9 - https:\/\/yoast.com\/wordpress\/plugins\/seo\/ -->\n<title>Freie Zeitungen und Zeitschriften - MENAlib - Webportal des FID Nahost-, Nordafrika- und Islamstudien<\/title>\n<meta name=\"robots\" content=\"index, follow, max-snippet:-1, max-image-preview:large, max-video-preview:-1\" \/>\n<link rel=\"canonical\" href=\"https:\/\/www.menalib.de\/english\/search-find\/free-newspapers-and-journals\/\" \/>\n<meta property=\"og:locale\" content=\"en_GB\" \/>\n<meta property=\"og:type\" content=\"article\" \/>\n<meta property=\"og:title\" content=\"Freie Zeitungen und Zeitschriften - MENAlib - Webportal des FID Nahost-, Nordafrika- und Islamstudien\" \/>\n<meta property=\"og:description\" content=\"Auf dieser Seite verweisen wir in loser Reihenfolge auf Open Access und andere freie Online-Quellen von Zeitungen und Zeitschriften. Hierbei handelt es sich um Angebote, die wir als besonders wertvoll f\u00fcr unsere Fachcommunity betrachten. Zeitschriften Open Access Zeitschriften der MENA-Region Auch in der MENA-Region w\u00e4chst das Angebot von Open Access Zeitschriften kontinuierlich. Zahlreiche ehemals gedruckte [&hellip;]\" \/>\n<meta property=\"og:url\" content=\"https:\/\/www.menalib.de\/english\/search-find\/free-newspapers-and-journals\/\" \/>\n<meta property=\"og:site_name\" content=\"MENAlib - Webportal des FID Nahost-, Nordafrika- und Islamstudien\" \/>\n<meta property=\"article:modified_time\" content=\"2025-11-12T09:57:44+00:00\" \/>\n<meta name=\"twitter:card\" content=\"summary_large_image\" \/>\n<script type=\"application\/ld+json\" class=\"yoast-schema-graph\">{\"@context\":\"https:\/\/schema.org\",\"@graph\":[{\"@type\":\"WebPage\",\"@id\":\"https:\/\/www.menalib.de\/suchen-finden\/freie-zeitungen-und-zeitschriften\/\",\"url\":\"https:\/\/www.menalib.de\/suchen-finden\/freie-zeitungen-und-zeitschriften\/\",\"name\":\"Freie Zeitungen und Zeitschriften - MENAlib - Webportal des FID Nahost-, Nordafrika- und Islamstudien\",\"isPartOf\":{\"@id\":\"https:\/\/www.menalib.de\/#website\"},\"datePublished\":\"2025-09-25T07:16:09+00:00\",\"dateModified\":\"2025-11-12T09:57:44+00:00\",\"breadcrumb\":{\"@id\":\"https:\/\/www.menalib.de\/suchen-finden\/freie-zeitungen-und-zeitschriften\/#breadcrumb\"},\"inLanguage\":\"en-GB\",\"potentialAction\":[{\"@type\":\"ReadAction\",\"target\":[\"https:\/\/www.menalib.de\/suchen-finden\/freie-zeitungen-und-zeitschriften\/\"]}]},{\"@type\":\"BreadcrumbList\",\"@id\":\"https:\/\/www.menalib.de\/suchen-finden\/freie-zeitungen-und-zeitschriften\/#breadcrumb\",\"itemListElement\":[{\"@type\":\"ListItem\",\"position\":1,\"name\":\"Startseite\",\"item\":\"https:\/\/www.menalib.de\/\"},{\"@type\":\"ListItem\",\"position\":2,\"name\":\"Suchen + Finden\",\"item\":\"https:\/\/www.menalib.de\/suchen-finden\/\"},{\"@type\":\"ListItem\",\"position\":3,\"name\":\"Freie Zeitungen und Zeitschriften\"}]},{\"@type\":\"WebSite\",\"@id\":\"https:\/\/www.menalib.de\/#website\",\"url\":\"https:\/\/www.menalib.de\/\",\"name\":\"MENAlib - Webportal des FID Nahost-, Nordafrika- und Islamstudien\",\"description\":\"\",\"publisher\":{\"@id\":\"https:\/\/www.menalib.de\/#organization\"},\"potentialAction\":[{\"@type\":\"SearchAction\",\"target\":{\"@type\":\"EntryPoint\",\"urlTemplate\":\"https:\/\/www.menalib.de\/?s={search_term_string}\"},\"query-input\":{\"@type\":\"PropertyValueSpecification\",\"valueRequired\":true,\"valueName\":\"search_term_string\"}}],\"inLanguage\":\"en-GB\"},{\"@type\":\"Organization\",\"@id\":\"https:\/\/www.menalib.de\/#organization\",\"name\":\"MENAlib - Webportal des FID Nahost-, Nordafrika- und Islamstudien\",\"url\":\"https:\/\/www.menalib.de\/\",\"logo\":{\"@type\":\"ImageObject\",\"inLanguage\":\"en-GB\",\"@id\":\"https:\/\/www.menalib.de\/#\/schema\/logo\/image\/\",\"url\":\"https:\/\/www.menalib.de\/wp-content\/uploads\/sites\/2\/2025\/09\/fid-logo-high-end-2025.jpg\",\"contentUrl\":\"https:\/\/www.menalib.de\/wp-content\/uploads\/sites\/2\/2025\/09\/fid-logo-high-end-2025.jpg\",\"width\":968,\"height\":529,\"caption\":\"MENAlib - Webportal des FID Nahost-, Nordafrika- und Islamstudien\"},\"image\":{\"@id\":\"https:\/\/www.menalib.de\/#\/schema\/logo\/image\/\"}}]}<\/script>\n<!-- \/ Yoast SEO plugin. -->","yoast_head_json":{"title":"Free Newspapers and Magazines - MENAlib - Webportal of the FID Middle East, North Africa and Islamic Studies","robots":{"index":"index","follow":"follow","max-snippet":"max-snippet:-1","max-image-preview":"max-image-preview:large","max-video-preview":"max-video-preview:-1"},"canonical":"https:\/\/www.menalib.de\/english\/search-find\/free-newspapers-and-journals\/","og_locale":"en_GB","og_type":"article","og_title":"Freie Zeitungen und Zeitschriften - MENAlib - Webportal des FID Nahost-, Nordafrika- und Islamstudien","og_description":"Auf dieser Seite verweisen wir in loser Reihenfolge auf Open Access und andere freie Online-Quellen von Zeitungen und Zeitschriften. Hierbei handelt es sich um Angebote, die wir als besonders wertvoll f\u00fcr unsere Fachcommunity betrachten. Zeitschriften Open Access Zeitschriften der MENA-Region Auch in der MENA-Region w\u00e4chst das Angebot von Open Access Zeitschriften kontinuierlich. Zahlreiche ehemals gedruckte [&hellip;]","og_url":"https:\/\/www.menalib.de\/english\/search-find\/free-newspapers-and-journals\/","og_site_name":"MENAlib - Webportal des FID Nahost-, Nordafrika- und Islamstudien","article_modified_time":"2025-11-12T09:57:44+00:00","twitter_card":"summary_large_image","schema":{"@context":"https:\/\/schema.org","@graph":[{"@type":"WebPage","@id":"https:\/\/www.menalib.de\/suchen-finden\/freie-zeitungen-und-zeitschriften\/","url":"https:\/\/www.menalib.de\/suchen-finden\/freie-zeitungen-und-zeitschriften\/","name":"Free Newspapers and Magazines - MENAlib - Webportal of the FID Middle East, North Africa and Islamic Studies","isPartOf":{"@id":"https:\/\/www.menalib.de\/#website"},"datePublished":"2025-09-25T07:16:09+00:00","dateModified":"2025-11-12T09:57:44+00:00","breadcrumb":{"@id":"https:\/\/www.menalib.de\/suchen-finden\/freie-zeitungen-und-zeitschriften\/#breadcrumb"},"inLanguage":"en-GB","potentialAction":[{"@type":"ReadAction","target":["https:\/\/www.menalib.de\/suchen-finden\/freie-zeitungen-und-zeitschriften\/"]}]},{"@type":"BreadcrumbList","@id":"https:\/\/www.menalib.de\/suchen-finden\/freie-zeitungen-und-zeitschriften\/#breadcrumb","itemListElement":[{"@type":"ListItem","position":1,"name":"Startseite","item":"https:\/\/www.menalib.de\/"},{"@type":"ListItem","position":2,"name":"Suchen + Finden","item":"https:\/\/www.menalib.de\/suchen-finden\/"},{"@type":"ListItem","position":3,"name":"Freie Zeitungen und Zeitschriften"}]},{"@type":"WebSite","@id":"https:\/\/www.menalib.de\/#website","url":"https:\/\/www.menalib.de\/","name":"MENAlib - Web portal of the FID Middle East, North Africa and Islamic Studies","description":"","publisher":{"@id":"https:\/\/www.menalib.de\/#organization"},"potentialAction":[{"@type":"SearchAction","target":{"@type":"EntryPoint","urlTemplate":"https:\/\/www.menalib.de\/?s={search_term_string}"},"query-input":{"@type":"PropertyValueSpecification","valueRequired":true,"valueName":"search_term_string"}}],"inLanguage":"en-GB"},{"@type":"Organization","@id":"https:\/\/www.menalib.de\/#organization","name":"MENAlib - Web portal of the FID Middle East, North Africa and Islamic Studies","url":"https:\/\/www.menalib.de\/","logo":{"@type":"ImageObject","inLanguage":"en-GB","@id":"https:\/\/www.menalib.de\/#\/schema\/logo\/image\/","url":"https:\/\/www.menalib.de\/wp-content\/uploads\/sites\/2\/2025\/09\/fid-logo-high-end-2025.jpg","contentUrl":"https:\/\/www.menalib.de\/wp-content\/uploads\/sites\/2\/2025\/09\/fid-logo-high-end-2025.jpg","width":968,"height":529,"caption":"MENAlib - Webportal des FID Nahost-, Nordafrika- und Islamstudien"},"image":{"@id":"https:\/\/www.menalib.de\/#\/schema\/logo\/image\/"}}]}},"_links":{"self":[{"href":"https:\/\/www.menalib.de\/english\/wp-json\/wp\/v2\/pages\/362","targetHints":{"allow":["GET"]}}],"collection":[{"href":"https:\/\/www.menalib.de\/english\/wp-json\/wp\/v2\/pages"}],"about":[{"href":"https:\/\/www.menalib.de\/english\/wp-json\/wp\/v2\/types\/page"}],"author":[{"embeddable":true,"href":"https:\/\/www.menalib.de\/english\/wp-json\/wp\/v2\/users\/4"}],"replies":[{"embeddable":true,"href":"https:\/\/www.menalib.de\/english\/wp-json\/wp\/v2\/comments?post=362"}],"version-history":[{"count":34,"href":"https:\/\/www.menalib.de\/english\/wp-json\/wp\/v2\/pages\/362\/revisions"}],"predecessor-version":[{"id":3040,"href":"https:\/\/www.menalib.de\/english\/wp-json\/wp\/v2\/pages\/362\/revisions\/3040"}],"up":[{"embeddable":true,"href":"https:\/\/www.menalib.de\/english\/wp-json\/wp\/v2\/pages\/308"}],"wp:attachment":[{"href":"https:\/\/www.menalib.de\/english\/wp-json\/wp\/v2\/media?parent=362"}],"curies":[{"name":"wp","href":"https:\/\/api.w.org\/{rel}","templated":true}]}}