{"id":341,"date":"2025-09-25T09:12:09","date_gmt":"2025-09-25T07:12:09","guid":{"rendered":"https:\/\/menalib.bibliothek.uni-halle.de\/?page_id=341"},"modified":"2025-11-13T11:22:52","modified_gmt":"2025-11-13T10:22:52","slug":"digitisation-of-out-of-commerce-works-and-other-media","status":"publish","type":"page","link":"https:\/\/www.menalib.de\/english\/service\/digitisation-of-out-of-commerce-works-and-other-media\/","title":{"rendered":"Digitisation of Out-of-commerce Works &amp; other media"},"content":{"rendered":"<div data-elementor-type=\"wp-page\" data-elementor-id=\"341\" class=\"elementor elementor-341\" data-elementor-post-type=\"page\">\n\t\t\t\t<div class=\"elementor-element elementor-element-93cd140 e-flex e-con-boxed e-con e-parent\" data-id=\"93cd140\" data-element_type=\"container\">\n\t\t\t\t\t<div class=\"e-con-inner\">\n\t\t<div class=\"elementor-element elementor-element-5167e30 e-con-full e-flex e-con e-child\" data-id=\"5167e30\" data-element_type=\"container\">\n\t\t\t\t<div class=\"elementor-element elementor-element-970b42a elementor-widget elementor-widget-breadcrumbs\" data-id=\"970b42a\" data-element_type=\"widget\" data-widget_type=\"breadcrumbs.default\">\n\t\t\t\t\t<p id=\"breadcrumbs\"><span><span><a href=\"https:\/\/www.menalib.de\/english\/\">Home page<\/a><\/span><\/span><\/p>\t\t\t\t<\/div>\n\t\t\t\t<\/div>\n\t\t\t\t\t<\/div>\n\t\t\t\t<\/div>\n\t\t<div class=\"elementor-element elementor-element-41b0a11 e-flex e-con-boxed e-con e-parent\" data-id=\"41b0a11\" data-element_type=\"container\">\n\t\t\t\t\t<div class=\"e-con-inner\">\n\t\t<div class=\"elementor-element elementor-element-c0fa772 e-flex e-con-boxed e-con e-child\" data-id=\"c0fa772\" data-element_type=\"container\">\n\t\t\t\t\t<div class=\"e-con-inner\">\n\t\t\t\t\t<\/div>\n\t\t\t\t<\/div>\n\t\t\t\t\t<\/div>\n\t\t\t\t<\/div>\n\t\t<div class=\"elementor-element elementor-element-a94c380 e-flex e-con-boxed e-con e-parent\" data-id=\"a94c380\" data-element_type=\"container\">\n\t\t\t\t\t<div class=\"e-con-inner\">\n\t\t<div class=\"elementor-element elementor-element-37e3892 e-con-full e-flex e-con e-child\" data-id=\"37e3892\" data-element_type=\"container\">\n\t\t\t\t<div class=\"elementor-element elementor-element-a918286 elementor-widget__width-initial elementor-widget-divider--view-line elementor-invisible elementor-widget elementor-widget-divider\" data-id=\"a918286\" data-element_type=\"widget\" data-settings=\"{&quot;_animation&quot;:&quot;fadeInLeft&quot;}\" data-widget_type=\"divider.default\">\n\t\t\t\t\t\t\t<div class=\"elementor-divider\">\n\t\t\t<span class=\"elementor-divider-separator\">\n\t\t\t\t\t\t<\/span>\n\t\t<\/div>\n\t\t\t\t\t\t<\/div>\n\t\t\t\t<\/div>\n\t\t<div class=\"elementor-element elementor-element-a8afc86 e-con-full e-flex e-con e-child\" data-id=\"a8afc86\" data-element_type=\"container\">\n\t\t\t\t<div class=\"elementor-element elementor-element-88fa551 elementor-widget elementor-widget-heading\" data-id=\"88fa551\" data-element_type=\"widget\" data-widget_type=\"heading.default\">\n\t\t\t\t\t<span class=\"elementor-heading-title elementor-size-default\">Prerequisites<\/span>\t\t\t\t<\/div>\n\t\t\t\t<div class=\"elementor-element elementor-element-dc0489f elementor-widget elementor-widget-text-editor\" data-id=\"dc0489f\" data-element_type=\"widget\" data-widget_type=\"text-editor.default\">\n\t\t\t\t\t\t\t\t\t<p>We digitise older German specialist literature and provide it on our thematic repository MENAdoc.<\/p><p>\u00a0<\/p><p>For so-called \"Out-of-commerce Works\", digitisation and publication is even possible before their copyright has expired.<\/p><p>\u00a0<\/p><p><strong>The following requirements must be met:<\/strong><\/p><ol><li>The work was published in Germany before 1 January 1966.<\/li><li>The work must be out of print in bookshops.<\/li><li>The work is in our inventory.<\/li><\/ol><p>\u00a0<\/p><p>If these conditions are met, we can use the licensing service of the German National Library (DNB) as a \"privileged institution\" and thus obtain the right to publish.<\/p><p><a href=\"https:\/\/www.dnb.de\/DE\/Professionell\/Services\/VW-LiS\/vwlis_node.html\" target=\"_blank\" rel=\"noopener\">You can find more detailed explanations of the legal basis on the website of the German National Library<\/a>.<\/p>\t\t\t\t\t\t\t\t<\/div>\n\t\t\t\t<\/div>\n\t\t\t\t\t<\/div>\n\t\t\t\t<\/div>\n\t\t<div class=\"elementor-element elementor-element-0aee4e9 e-flex e-con-boxed e-con e-parent\" data-id=\"0aee4e9\" data-element_type=\"container\">\n\t\t\t\t\t<div class=\"e-con-inner\">\n\t\t<div class=\"elementor-element elementor-element-9ad7d11 e-con-full e-flex e-con e-child\" data-id=\"9ad7d11\" data-element_type=\"container\">\n\t\t\t\t<div class=\"elementor-element elementor-element-40db05a elementor-widget__width-initial elementor-widget-divider--view-line elementor-invisible elementor-widget elementor-widget-divider\" data-id=\"40db05a\" data-element_type=\"widget\" data-settings=\"{&quot;_animation&quot;:&quot;fadeInLeft&quot;}\" data-widget_type=\"divider.default\">\n\t\t\t\t\t\t\t<div class=\"elementor-divider\">\n\t\t\t<span class=\"elementor-divider-separator\">\n\t\t\t\t\t\t<\/span>\n\t\t<\/div>\n\t\t\t\t\t\t<\/div>\n\t\t\t\t<\/div>\n\t\t<div class=\"elementor-element elementor-element-6ae20f6 e-con-full e-flex e-con e-child\" data-id=\"6ae20f6\" data-element_type=\"container\">\n\t\t\t\t<div class=\"elementor-element elementor-element-92974b7 elementor-widget elementor-widget-heading\" data-id=\"92974b7\" data-element_type=\"widget\" data-widget_type=\"heading.default\">\n\t\t\t\t\t<span class=\"elementor-heading-title elementor-size-default\">We check your enquiry<\/span>\t\t\t\t<\/div>\n\t\t\t\t<div class=\"elementor-element elementor-element-a252f0b elementor-widget elementor-widget-text-editor\" data-id=\"a252f0b\" data-element_type=\"widget\" data-widget_type=\"text-editor.default\">\n\t\t\t\t\t\t\t\t\t<p>Our primary task is to provide specialised literature for German research. Digital editions play a special role here due to their optimal accessibility. We would therefore like to utilise the extended possibilities of licensing out-of-print works for our specialist community. Experience has shown that many older publications in Oriental and Islamic Studies are still used today in teaching as classics with a reference character.<\/p>\t\t\t\t\t\t\t\t<\/div>\n\t\t\t\t<\/div>\n\t\t\t\t\t<\/div>\n\t\t\t\t<\/div>\n\t\t<div class=\"elementor-element elementor-element-8af13f3 e-flex e-con-boxed e-con e-parent\" data-id=\"8af13f3\" data-element_type=\"container\">\n\t\t\t\t\t<div class=\"e-con-inner\">\n\t\t<div class=\"elementor-element elementor-element-75d60d0 e-con-full e-flex e-con e-child\" data-id=\"75d60d0\" data-element_type=\"container\">\n\t\t\t\t<div class=\"elementor-element elementor-element-4c4c116 elementor-widget__width-initial elementor-widget-divider--view-line elementor-invisible elementor-widget elementor-widget-divider\" data-id=\"4c4c116\" data-element_type=\"widget\" data-settings=\"{&quot;_animation&quot;:&quot;fadeInLeft&quot;}\" data-widget_type=\"divider.default\">\n\t\t\t\t\t\t\t<div class=\"elementor-divider\">\n\t\t\t<span class=\"elementor-divider-separator\">\n\t\t\t\t\t\t<\/span>\n\t\t<\/div>\n\t\t\t\t\t\t<\/div>\n\t\t\t\t<\/div>\n\t\t<div class=\"elementor-element elementor-element-52db56d e-con-full e-flex e-con e-child\" data-id=\"52db56d\" data-element_type=\"container\">\n\t\t\t\t<div class=\"elementor-element elementor-element-b559d35 elementor-widget elementor-widget-heading\" data-id=\"b559d35\" data-element_type=\"widget\" data-widget_type=\"heading.default\">\n\t\t\t\t\t<span class=\"elementor-heading-title elementor-size-default\">Send us your favourites from older specialist literature!<\/span>\t\t\t\t<\/div>\n\t\t<div class=\"elementor-element elementor-element-afe79a9 e-con-full dark e-flex e-con e-child\" data-id=\"afe79a9\" data-element_type=\"container\">\n\t\t<div class=\"elementor-element elementor-element-396f2c4 e-con-full e-flex e-con e-child\" data-id=\"396f2c4\" data-element_type=\"container\" data-settings=\"{&quot;background_background&quot;:&quot;gradient&quot;}\">\n\t\t<div class=\"elementor-element elementor-element-98a3256 e-con-full e-flex e-con e-child\" data-id=\"98a3256\" data-element_type=\"container\">\n\t\t\t\t<div class=\"elementor-element elementor-element-0cfa4c4 elementor-widget elementor-widget-image\" data-id=\"0cfa4c4\" data-element_type=\"widget\" data-widget_type=\"image.default\">\n\t\t\t\t\t\t\t\t\t\t\t\t\t\t\t<img fetchpriority=\"high\" decoding=\"async\" width=\"420\" height=\"432\" src=\"https:\/\/www.menalib.de\/wp-content\/uploads\/sites\/2\/2025\/10\/carl-brockelmann-arabische-grammatik-icon-420x432-1.png\" class=\"attachment-large size-large wp-image-1428\" alt=\"\" srcset=\"https:\/\/www.menalib.de\/wp-content\/uploads\/sites\/2\/2025\/10\/carl-brockelmann-arabische-grammatik-icon-420x432-1.png 420w, https:\/\/www.menalib.de\/wp-content\/uploads\/sites\/2\/2025\/10\/carl-brockelmann-arabische-grammatik-icon-420x432-1-292x300.png 292w\" sizes=\"(max-width: 420px) 100vw, 420px\" \/>\t\t\t\t\t\t\t\t\t\t\t\t\t\t\t<\/div>\n\t\t\t\t<\/div>\n\t\t<div class=\"elementor-element elementor-element-42bafd6 e-con-full e-flex e-con e-child\" data-id=\"42bafd6\" data-element_type=\"container\">\n\t\t\t\t<div class=\"elementor-element elementor-element-aca8e47 elementor-widget elementor-widget-text-editor\" data-id=\"aca8e47\" data-element_type=\"widget\" data-widget_type=\"text-editor.default\">\n\t\t\t\t\t\t\t\t\t<p>We research whether they are out of commerce, look for them in our holdings or even acquire antiquarian copies.<\/p>\t\t\t\t\t\t\t\t<\/div>\n\t\t\t\t<div class=\"elementor-element elementor-element-52f0ed1 elementor-position-left elementor-widget__width-initial elementor-mobile-position-left elementor-view-default elementor-widget elementor-widget-icon-box\" data-id=\"52f0ed1\" data-element_type=\"widget\" data-widget_type=\"icon-box.default\">\n\t\t\t\t\t\t\t<div class=\"elementor-icon-box-wrapper\">\n\n\t\t\t\t\t\t<div class=\"elementor-icon-box-icon\">\n\t\t\t\t<a href=\"mailto:menadoc%40bibliothek.uni-halle.de?subject=Digitalisierung%20vergriffener%20Werke&#038;body=Sehr%20geehrtes%20FID-Team%2C%0A%0Afolgende%20Titel%20halte%20ich%20f%C3%BCr%20die%20Forschung%20und%20Lehre%20f%C3%BCr%20relevant%20und%20denke%2C%20dass%20sie%20zu%20den%20vergriffenen%20Werken%20geh%C3%B6ren%3A%0A%0A%0AMit%20freundlichen%20Gr%C3%BC%C3%9Fen\" target=\"_blank\" class=\"elementor-icon\" tabindex=\"-1\" aria-label=\"Send enquiry by e-mail\">\n\t\t\t\t<svg aria-hidden=\"true\" class=\"e-font-icon-svg e-fas-arrow-right\" viewbox=\"0 0 448 512\" xmlns=\"http:\/\/www.w3.org\/2000\/svg\"><path d=\"M190.5 66.9l22.2-22.2c9.4-9.4 24.6-9.4 33.9 0L441 239c9.4 9.4 9.4 24.6 0 33.9L246.6 467.3c-9.4 9.4-24.6 9.4-33.9 0l-22.2-22.2c-9.5-9.5-9.3-25 .4-34.3L311.4 296H24c-13.3 0-24-10.7-24-24v-32c0-13.3 10.7-24 24-24h287.4L190.9 101.2c-9.8-9.3-10-24.8-.4-34.3z\"><\/path><\/svg>\t\t\t\t<\/a>\n\t\t\t<\/div>\n\t\t\t\n\t\t\t\t\t\t<div class=\"elementor-icon-box-content\">\n\n\t\t\t\t\t\t\t\t\t<span class=\"elementor-icon-box-title\">\n\t\t\t\t\t\t<a href=\"mailto:menadoc%40bibliothek.uni-halle.de?subject=Digitalisierung%20vergriffener%20Werke&#038;body=Sehr%20geehrtes%20FID-Team%2C%0A%0Afolgende%20Titel%20halte%20ich%20f%C3%BCr%20die%20Forschung%20und%20Lehre%20f%C3%BCr%20relevant%20und%20denke%2C%20dass%20sie%20zu%20den%20vergriffenen%20Werken%20geh%C3%B6ren%3A%0A%0A%0AMit%20freundlichen%20Gr%C3%BC%C3%9Fen\" target=\"_blank\" >\n\t\t\t\t\t\t\tSend enquiry by e-mail\t\t\t\t\t\t<\/a>\n\t\t\t\t\t<\/span>\n\t\t\t\t\n\t\t\t\t\n\t\t\t<\/div>\n\t\t\t\n\t\t<\/div>\n\t\t\t\t\t\t<\/div>\n\t\t\t\t<div class=\"elementor-element elementor-element-3862877 elementor-widget elementor-widget-text-editor\" data-id=\"3862877\" data-element_type=\"widget\" data-widget_type=\"text-editor.default\">\n\t\t\t\t\t\t\t\t\t<p>If all the requirements for digitisation are met, science in Germany and beyond can benefit from your suggestion in the long term.<\/p>\t\t\t\t\t\t\t\t<\/div>\n\t\t\t\t<\/div>\n\t\t\t\t<\/div>\n\t\t\t\t<\/div>\n\t\t\t\t<\/div>\n\t\t\t\t\t<\/div>\n\t\t\t\t<\/div>\n\t\t<div class=\"elementor-element elementor-element-2dd46c9 e-flex e-con-boxed e-con e-parent\" data-id=\"2dd46c9\" data-element_type=\"container\">\n\t\t\t\t\t<div class=\"e-con-inner\">\n\t\t<div class=\"elementor-element elementor-element-bb3994f e-con-full e-flex e-con e-child\" data-id=\"bb3994f\" data-element_type=\"container\">\n\t\t\t\t<div class=\"elementor-element elementor-element-7ebf03d elementor-widget__width-initial elementor-widget-divider--view-line elementor-invisible elementor-widget elementor-widget-divider\" data-id=\"7ebf03d\" data-element_type=\"widget\" data-settings=\"{&quot;_animation&quot;:&quot;fadeInLeft&quot;}\" data-widget_type=\"divider.default\">\n\t\t\t\t\t\t\t<div class=\"elementor-divider\">\n\t\t\t<span class=\"elementor-divider-separator\">\n\t\t\t\t\t\t<\/span>\n\t\t<\/div>\n\t\t\t\t\t\t<\/div>\n\t\t\t\t<\/div>\n\t\t<div class=\"elementor-element elementor-element-16acc1a e-con-full e-flex e-con e-child\" data-id=\"16acc1a\" data-element_type=\"container\">\n\t\t\t\t<div class=\"elementor-element elementor-element-425bb45 elementor-widget elementor-widget-heading\" data-id=\"425bb45\" data-element_type=\"widget\" data-widget_type=\"heading.default\">\n\t\t\t\t\t<span class=\"elementor-heading-title elementor-size-default\">Already available?<\/span>\t\t\t\t<\/div>\n\t\t\t\t<div class=\"elementor-element elementor-element-de88791 elementor-widget elementor-widget-text-editor\" data-id=\"de88791\" data-element_type=\"widget\" data-widget_type=\"text-editor.default\">\n\t\t\t\t\t\t\t\t\t<p>Many classics are already in our repository. Search here on MENAdoc to see if your favourite is already available:<\/p>\t\t\t\t\t\t\t\t<\/div>\n\t\t\t\t<div class=\"elementor-element elementor-element-ccdec36 elementor-position-left elementor-widget__width-initial elementor-mobile-position-left elementor-view-default elementor-widget elementor-widget-icon-box\" data-id=\"ccdec36\" data-element_type=\"widget\" data-widget_type=\"icon-box.default\">\n\t\t\t\t\t\t\t<div class=\"elementor-icon-box-wrapper\">\n\n\t\t\t\t\t\t<div class=\"elementor-icon-box-icon\">\n\t\t\t\t<a href=\"https:\/\/opendata.uni-halle.de\/handle\/1981185920\/32158\" target=\"_blank\" class=\"elementor-icon\" tabindex=\"-1\" aria-label=\"Search MENAdoc\">\n\t\t\t\t<svg aria-hidden=\"true\" class=\"e-font-icon-svg e-fas-arrow-right\" viewbox=\"0 0 448 512\" xmlns=\"http:\/\/www.w3.org\/2000\/svg\"><path d=\"M190.5 66.9l22.2-22.2c9.4-9.4 24.6-9.4 33.9 0L441 239c9.4 9.4 9.4 24.6 0 33.9L246.6 467.3c-9.4 9.4-24.6 9.4-33.9 0l-22.2-22.2c-9.5-9.5-9.3-25 .4-34.3L311.4 296H24c-13.3 0-24-10.7-24-24v-32c0-13.3 10.7-24 24-24h287.4L190.9 101.2c-9.8-9.3-10-24.8-.4-34.3z\"><\/path><\/svg>\t\t\t\t<\/a>\n\t\t\t<\/div>\n\t\t\t\n\t\t\t\t\t\t<div class=\"elementor-icon-box-content\">\n\n\t\t\t\t\t\t\t\t\t<span class=\"elementor-icon-box-title\">\n\t\t\t\t\t\t<a href=\"https:\/\/opendata.uni-halle.de\/handle\/1981185920\/32158\" target=\"_blank\" >\n\t\t\t\t\t\t\tSearch MENAdoc\t\t\t\t\t\t<\/a>\n\t\t\t\t\t<\/span>\n\t\t\t\t\n\t\t\t\t\n\t\t\t<\/div>\n\t\t\t\n\t\t<\/div>\n\t\t\t\t\t\t<\/div>\n\t\t\t\t<\/div>\n\t\t\t\t\t<\/div>\n\t\t\t\t<\/div>\n\t\t\t\t<\/div>","protected":false},"excerpt":{"rendered":"<p>Requirements We digitise older German specialist literature and make it available on our specialist repository MENAdoc.   For so-called \"out-of-print works\", digitisation and publication is even possible before their copyright has expired.   The following requirements must be met for this: The work was published in Germany before 1 January 1966. The work must be out of print in bookshops [...].<\/p>","protected":false},"author":4,"featured_media":0,"parent":305,"menu_order":0,"comment_status":"closed","ping_status":"closed","template":"","meta":{"footnotes":""},"class_list":["post-341","page","type-page","status-publish","hentry"],"yoast_head":"<!-- This site is optimized with the Yoast SEO plugin v25.9 - https:\/\/yoast.com\/wordpress\/plugins\/seo\/ -->\n<title>Digitalisierung vergriffener Werke &amp; anderer Medien - MENAlib - Webportal des FID Nahost-, Nordafrika- und Islamstudien<\/title>\n<meta name=\"robots\" content=\"index, follow, max-snippet:-1, max-image-preview:large, max-video-preview:-1\" \/>\n<link rel=\"canonical\" href=\"https:\/\/www.menalib.de\/english\/service\/digitisation-of-out-of-commerce-works-and-other-media\/\" \/>\n<meta property=\"og:locale\" content=\"en_GB\" \/>\n<meta property=\"og:type\" content=\"article\" \/>\n<meta property=\"og:title\" content=\"Digitalisierung vergriffener Werke &amp; anderer Medien - MENAlib - Webportal des FID Nahost-, Nordafrika- und Islamstudien\" \/>\n<meta property=\"og:description\" content=\"Voraussetzungen Wir digitalisieren \u00e4ltere deutsche Fachliteratur und machen diese auf unserem Fachrepositorium MENAdoc verf\u00fcgbar. \u00a0 F\u00fcr sogenannte \u201evergriffene Druckwerke\u201c ist eine Digitalisierung und Ver\u00f6ffentlichung sogar m\u00f6glich bevor deren Urheberrecht abgelaufen ist. \u00a0 Daf\u00fcr m\u00fcssen folgenden Voraussetzungen erf\u00fcllt sein: Das Werk wurde vor dem 1. Januar 1966 in Deutschland ver\u00f6ffentlicht. Das Werk muss im Buchhandel vergriffen [&hellip;]\" \/>\n<meta property=\"og:url\" content=\"https:\/\/www.menalib.de\/english\/service\/digitisation-of-out-of-commerce-works-and-other-media\/\" \/>\n<meta property=\"og:site_name\" content=\"MENAlib - Webportal des FID Nahost-, Nordafrika- und Islamstudien\" \/>\n<meta property=\"article:modified_time\" content=\"2025-11-13T10:22:52+00:00\" \/>\n<meta property=\"og:image\" content=\"https:\/\/menalib.bibliothek.uni-halle.de\/wp-content\/uploads\/sites\/2\/2025\/10\/carl-brockelmann-arabische-grammatik-icon-420x432-1.png\" \/>\n<meta name=\"twitter:card\" content=\"summary_large_image\" \/>\n<script type=\"application\/ld+json\" class=\"yoast-schema-graph\">{\"@context\":\"https:\/\/schema.org\",\"@graph\":[{\"@type\":\"WebPage\",\"@id\":\"https:\/\/www.menalib.de\/service\/digitalisierung-vergriffener-werke-anderer-medien\/\",\"url\":\"https:\/\/www.menalib.de\/service\/digitalisierung-vergriffener-werke-anderer-medien\/\",\"name\":\"Digitalisierung vergriffener Werke &amp; anderer Medien - MENAlib - Webportal des FID Nahost-, Nordafrika- und Islamstudien\",\"isPartOf\":{\"@id\":\"https:\/\/www.menalib.de\/#website\"},\"primaryImageOfPage\":{\"@id\":\"https:\/\/www.menalib.de\/service\/digitalisierung-vergriffener-werke-anderer-medien\/#primaryimage\"},\"image\":{\"@id\":\"https:\/\/www.menalib.de\/service\/digitalisierung-vergriffener-werke-anderer-medien\/#primaryimage\"},\"thumbnailUrl\":\"https:\/\/menalib.bibliothek.uni-halle.de\/wp-content\/uploads\/sites\/2\/2025\/10\/carl-brockelmann-arabische-grammatik-icon-420x432-1.png\",\"datePublished\":\"2025-09-25T07:12:09+00:00\",\"dateModified\":\"2025-11-13T10:22:52+00:00\",\"breadcrumb\":{\"@id\":\"https:\/\/www.menalib.de\/service\/digitalisierung-vergriffener-werke-anderer-medien\/#breadcrumb\"},\"inLanguage\":\"en-GB\",\"potentialAction\":[{\"@type\":\"ReadAction\",\"target\":[\"https:\/\/www.menalib.de\/service\/digitalisierung-vergriffener-werke-anderer-medien\/\"]}]},{\"@type\":\"ImageObject\",\"inLanguage\":\"en-GB\",\"@id\":\"https:\/\/www.menalib.de\/service\/digitalisierung-vergriffener-werke-anderer-medien\/#primaryimage\",\"url\":\"https:\/\/menalib.bibliothek.uni-halle.de\/wp-content\/uploads\/sites\/2\/2025\/10\/carl-brockelmann-arabische-grammatik-icon-420x432-1.png\",\"contentUrl\":\"https:\/\/menalib.bibliothek.uni-halle.de\/wp-content\/uploads\/sites\/2\/2025\/10\/carl-brockelmann-arabische-grammatik-icon-420x432-1.png\"},{\"@type\":\"BreadcrumbList\",\"@id\":\"https:\/\/www.menalib.de\/service\/digitalisierung-vergriffener-werke-anderer-medien\/#breadcrumb\",\"itemListElement\":[{\"@type\":\"ListItem\",\"position\":1,\"name\":\"Startseite\",\"item\":\"https:\/\/www.menalib.de\/\"},{\"@type\":\"ListItem\",\"position\":2,\"name\":\"Service\",\"item\":\"https:\/\/www.menalib.de\/service\/\"},{\"@type\":\"ListItem\",\"position\":3,\"name\":\"Digitalisierung vergriffener Werke &amp; anderer Medien\"}]},{\"@type\":\"WebSite\",\"@id\":\"https:\/\/www.menalib.de\/#website\",\"url\":\"https:\/\/www.menalib.de\/\",\"name\":\"MENAlib - Webportal des FID Nahost-, Nordafrika- und Islamstudien\",\"description\":\"\",\"publisher\":{\"@id\":\"https:\/\/www.menalib.de\/#organization\"},\"potentialAction\":[{\"@type\":\"SearchAction\",\"target\":{\"@type\":\"EntryPoint\",\"urlTemplate\":\"https:\/\/www.menalib.de\/?s={search_term_string}\"},\"query-input\":{\"@type\":\"PropertyValueSpecification\",\"valueRequired\":true,\"valueName\":\"search_term_string\"}}],\"inLanguage\":\"en-GB\"},{\"@type\":\"Organization\",\"@id\":\"https:\/\/www.menalib.de\/#organization\",\"name\":\"MENAlib - Webportal des FID Nahost-, Nordafrika- und Islamstudien\",\"url\":\"https:\/\/www.menalib.de\/\",\"logo\":{\"@type\":\"ImageObject\",\"inLanguage\":\"en-GB\",\"@id\":\"https:\/\/www.menalib.de\/#\/schema\/logo\/image\/\",\"url\":\"https:\/\/www.menalib.de\/wp-content\/uploads\/sites\/2\/2025\/09\/fid-logo-high-end-2025.jpg\",\"contentUrl\":\"https:\/\/www.menalib.de\/wp-content\/uploads\/sites\/2\/2025\/09\/fid-logo-high-end-2025.jpg\",\"width\":968,\"height\":529,\"caption\":\"MENAlib - Webportal des FID Nahost-, Nordafrika- und Islamstudien\"},\"image\":{\"@id\":\"https:\/\/www.menalib.de\/#\/schema\/logo\/image\/\"}}]}<\/script>\n<!-- \/ Yoast SEO plugin. -->","yoast_head_json":{"title":"Digitisation of out-of-print works &amp; other media - MENAlib - Webportal des FID Nahost-, Nordafrika- und Islamstudien","robots":{"index":"index","follow":"follow","max-snippet":"max-snippet:-1","max-image-preview":"max-image-preview:large","max-video-preview":"max-video-preview:-1"},"canonical":"https:\/\/www.menalib.de\/english\/service\/digitisation-of-out-of-commerce-works-and-other-media\/","og_locale":"en_GB","og_type":"article","og_title":"Digitalisierung vergriffener Werke &amp; anderer Medien - MENAlib - Webportal des FID Nahost-, Nordafrika- und Islamstudien","og_description":"Voraussetzungen Wir digitalisieren \u00e4ltere deutsche Fachliteratur und machen diese auf unserem Fachrepositorium MENAdoc verf\u00fcgbar. \u00a0 F\u00fcr sogenannte \u201evergriffene Druckwerke\u201c ist eine Digitalisierung und Ver\u00f6ffentlichung sogar m\u00f6glich bevor deren Urheberrecht abgelaufen ist. \u00a0 Daf\u00fcr m\u00fcssen folgenden Voraussetzungen erf\u00fcllt sein: Das Werk wurde vor dem 1. Januar 1966 in Deutschland ver\u00f6ffentlicht. Das Werk muss im Buchhandel vergriffen [&hellip;]","og_url":"https:\/\/www.menalib.de\/english\/service\/digitisation-of-out-of-commerce-works-and-other-media\/","og_site_name":"MENAlib - Webportal des FID Nahost-, Nordafrika- und Islamstudien","article_modified_time":"2025-11-13T10:22:52+00:00","og_image":[{"url":"https:\/\/menalib.bibliothek.uni-halle.de\/wp-content\/uploads\/sites\/2\/2025\/10\/carl-brockelmann-arabische-grammatik-icon-420x432-1.png","type":"","width":"","height":""}],"twitter_card":"summary_large_image","schema":{"@context":"https:\/\/schema.org","@graph":[{"@type":"WebPage","@id":"https:\/\/www.menalib.de\/service\/digitalisierung-vergriffener-werke-anderer-medien\/","url":"https:\/\/www.menalib.de\/service\/digitalisierung-vergriffener-werke-anderer-medien\/","name":"Digitisation of out-of-print works &amp; other media - MENAlib - Webportal des FID Nahost-, Nordafrika- und Islamstudien","isPartOf":{"@id":"https:\/\/www.menalib.de\/#website"},"primaryImageOfPage":{"@id":"https:\/\/www.menalib.de\/service\/digitalisierung-vergriffener-werke-anderer-medien\/#primaryimage"},"image":{"@id":"https:\/\/www.menalib.de\/service\/digitalisierung-vergriffener-werke-anderer-medien\/#primaryimage"},"thumbnailUrl":"https:\/\/menalib.bibliothek.uni-halle.de\/wp-content\/uploads\/sites\/2\/2025\/10\/carl-brockelmann-arabische-grammatik-icon-420x432-1.png","datePublished":"2025-09-25T07:12:09+00:00","dateModified":"2025-11-13T10:22:52+00:00","breadcrumb":{"@id":"https:\/\/www.menalib.de\/service\/digitalisierung-vergriffener-werke-anderer-medien\/#breadcrumb"},"inLanguage":"en-GB","potentialAction":[{"@type":"ReadAction","target":["https:\/\/www.menalib.de\/service\/digitalisierung-vergriffener-werke-anderer-medien\/"]}]},{"@type":"ImageObject","inLanguage":"en-GB","@id":"https:\/\/www.menalib.de\/service\/digitalisierung-vergriffener-werke-anderer-medien\/#primaryimage","url":"https:\/\/menalib.bibliothek.uni-halle.de\/wp-content\/uploads\/sites\/2\/2025\/10\/carl-brockelmann-arabische-grammatik-icon-420x432-1.png","contentUrl":"https:\/\/menalib.bibliothek.uni-halle.de\/wp-content\/uploads\/sites\/2\/2025\/10\/carl-brockelmann-arabische-grammatik-icon-420x432-1.png"},{"@type":"BreadcrumbList","@id":"https:\/\/www.menalib.de\/service\/digitalisierung-vergriffener-werke-anderer-medien\/#breadcrumb","itemListElement":[{"@type":"ListItem","position":1,"name":"Startseite","item":"https:\/\/www.menalib.de\/"},{"@type":"ListItem","position":2,"name":"Service","item":"https:\/\/www.menalib.de\/service\/"},{"@type":"ListItem","position":3,"name":"Digitalisierung vergriffener Werke &amp; anderer Medien"}]},{"@type":"WebSite","@id":"https:\/\/www.menalib.de\/#website","url":"https:\/\/www.menalib.de\/","name":"MENAlib - Web portal of the FID Middle East, North Africa and Islamic Studies","description":"","publisher":{"@id":"https:\/\/www.menalib.de\/#organization"},"potentialAction":[{"@type":"SearchAction","target":{"@type":"EntryPoint","urlTemplate":"https:\/\/www.menalib.de\/?s={search_term_string}"},"query-input":{"@type":"PropertyValueSpecification","valueRequired":true,"valueName":"search_term_string"}}],"inLanguage":"en-GB"},{"@type":"Organization","@id":"https:\/\/www.menalib.de\/#organization","name":"MENAlib - Web portal of the FID Middle East, North Africa and Islamic Studies","url":"https:\/\/www.menalib.de\/","logo":{"@type":"ImageObject","inLanguage":"en-GB","@id":"https:\/\/www.menalib.de\/#\/schema\/logo\/image\/","url":"https:\/\/www.menalib.de\/wp-content\/uploads\/sites\/2\/2025\/09\/fid-logo-high-end-2025.jpg","contentUrl":"https:\/\/www.menalib.de\/wp-content\/uploads\/sites\/2\/2025\/09\/fid-logo-high-end-2025.jpg","width":968,"height":529,"caption":"MENAlib - Webportal des FID Nahost-, Nordafrika- und Islamstudien"},"image":{"@id":"https:\/\/www.menalib.de\/#\/schema\/logo\/image\/"}}]}},"_links":{"self":[{"href":"https:\/\/www.menalib.de\/english\/wp-json\/wp\/v2\/pages\/341","targetHints":{"allow":["GET"]}}],"collection":[{"href":"https:\/\/www.menalib.de\/english\/wp-json\/wp\/v2\/pages"}],"about":[{"href":"https:\/\/www.menalib.de\/english\/wp-json\/wp\/v2\/types\/page"}],"author":[{"embeddable":true,"href":"https:\/\/www.menalib.de\/english\/wp-json\/wp\/v2\/users\/4"}],"replies":[{"embeddable":true,"href":"https:\/\/www.menalib.de\/english\/wp-json\/wp\/v2\/comments?post=341"}],"version-history":[{"count":19,"href":"https:\/\/www.menalib.de\/english\/wp-json\/wp\/v2\/pages\/341\/revisions"}],"predecessor-version":[{"id":3108,"href":"https:\/\/www.menalib.de\/english\/wp-json\/wp\/v2\/pages\/341\/revisions\/3108"}],"up":[{"embeddable":true,"href":"https:\/\/www.menalib.de\/english\/wp-json\/wp\/v2\/pages\/305"}],"wp:attachment":[{"href":"https:\/\/www.menalib.de\/english\/wp-json\/wp\/v2\/media?parent=341"}],"curies":[{"name":"wp","href":"https:\/\/api.w.org\/{rel}","templated":true}]}}