{"id":320,"date":"2025-09-25T09:07:42","date_gmt":"2025-09-25T07:07:42","guid":{"rendered":"https:\/\/menalib.bibliothek.uni-halle.de\/?page_id=320"},"modified":"2025-10-15T12:57:30","modified_gmt":"2025-10-15T10:57:30","slug":"data-protection","status":"publish","type":"page","link":"https:\/\/www.menalib.de\/english\/data-protection\/","title":{"rendered":"Data protection"},"content":{"rendered":"<div data-elementor-type=\"wp-page\" data-elementor-id=\"320\" class=\"elementor elementor-320\" data-elementor-post-type=\"page\">\n\t\t\t\t<div class=\"elementor-element elementor-element-60131ce e-flex e-con-boxed e-con e-parent\" data-id=\"60131ce\" data-element_type=\"container\">\n\t\t\t\t\t<div class=\"e-con-inner\">\n\t\t<div class=\"elementor-element elementor-element-32472b9 e-con-full e-flex e-con e-child\" data-id=\"32472b9\" data-element_type=\"container\">\n\t\t\t\t<div class=\"elementor-element elementor-element-eebb717 elementor-widget elementor-widget-breadcrumbs\" data-id=\"eebb717\" data-element_type=\"widget\" data-widget_type=\"breadcrumbs.default\">\n\t\t\t\t\t<p id=\"breadcrumbs\"><span><span><a href=\"https:\/\/www.menalib.de\/english\/\">Home page<\/a><\/span><\/span><\/p>\t\t\t\t<\/div>\n\t\t\t\t<\/div>\n\t\t\t\t\t<\/div>\n\t\t\t\t<\/div>\n\t\t<div class=\"elementor-element elementor-element-857a82c e-flex e-con-boxed e-con e-parent\" data-id=\"857a82c\" data-element_type=\"container\">\n\t\t\t\t\t<div class=\"e-con-inner\">\n\t\t<div class=\"elementor-element elementor-element-e7da03f e-flex e-con-boxed e-con e-child\" data-id=\"e7da03f\" data-element_type=\"container\">\n\t\t\t\t\t<div class=\"e-con-inner\">\n\t\t\t\t<div class=\"elementor-element elementor-element-d05d572 elementor-widget__width-initial elementor-widget elementor-widget-text-editor\" data-id=\"d05d572\" data-element_type=\"widget\" data-widget_type=\"text-editor.default\">\n\t\t\t\t\t\t\t\t\t<p>The specialised information service for the Middle East with its web portal MENALIB is supported by the\u00a0<a href=\"https:\/\/bibliothek.uni-halle.de\/\">University and State Library of Saxony-Anhalt<\/a>\u00a0supervised. Therefore, this website is subject to the privacy policy of\u00a0<a href=\"https:\/\/www.uni-halle.de\/\">Martin Luther University Halle-Wittenberg<\/a>.<\/p>\t\t\t\t\t\t\t\t<\/div>\n\t\t\t\t<div class=\"elementor-element elementor-element-339b65e elementor-position-left elementor-widget__width-initial elementor-mobile-position-left elementor-view-default elementor-widget elementor-widget-icon-box\" data-id=\"339b65e\" data-element_type=\"widget\" data-widget_type=\"icon-box.default\">\n\t\t\t\t\t\t\t<div class=\"elementor-icon-box-wrapper\">\n\n\t\t\t\t\t\t<div class=\"elementor-icon-box-icon\">\n\t\t\t\t<a href=\"https:\/\/www.uni-halle.de\/datenschutzerklaerung\/\" target=\"_blank\" class=\"elementor-icon\" tabindex=\"-1\" aria-label=\"Privacy policy \">\n\t\t\t\t<svg aria-hidden=\"true\" class=\"e-font-icon-svg e-fas-external-link-alt\" viewbox=\"0 0 512 512\" xmlns=\"http:\/\/www.w3.org\/2000\/svg\"><path d=\"M432,320H400a16,16,0,0,0-16,16V448H64V128H208a16,16,0,0,0,16-16V80a16,16,0,0,0-16-16H48A48,48,0,0,0,0,112V464a48,48,0,0,0,48,48H400a48,48,0,0,0,48-48V336A16,16,0,0,0,432,320ZM488,0h-128c-21.37,0-32.05,25.91-17,41l35.73,35.73L135,320.37a24,24,0,0,0,0,34L157.67,377a24,24,0,0,0,34,0L435.28,133.32,471,169c15,15,41,4.5,41-17V24A24,24,0,0,0,488,0Z\"><\/path><\/svg>\t\t\t\t<\/a>\n\t\t\t<\/div>\n\t\t\t\n\t\t\t\t\t\t<div class=\"elementor-icon-box-content\">\n\n\t\t\t\t\t\t\t\t\t<span class=\"elementor-icon-box-title\">\n\t\t\t\t\t\t<a href=\"https:\/\/www.uni-halle.de\/datenschutzerklaerung\/\" target=\"_blank\" >\n\t\t\t\t\t\t\tPrivacy policy \t\t\t\t\t\t<\/a>\n\t\t\t\t\t<\/span>\n\t\t\t\t\n\t\t\t\t\t\t\t\t\t<p class=\"elementor-icon-box-description\">\n\t\t\t\t\t\tof the Martin Luther University Halle-Wittenberg\t\t\t\t\t<\/p>\n\t\t\t\t\n\t\t\t<\/div>\n\t\t\t\n\t\t<\/div>\n\t\t\t\t\t\t<\/div>\n\t\t\t\t\t<\/div>\n\t\t\t\t<\/div>\n\t\t\t\t\t<\/div>\n\t\t\t\t<\/div>\n\t\t\t\t<\/div>","protected":false},"excerpt":{"rendered":"<p>The Middle East Specialised Information Service with its web portal MENALIB is maintained by the University and State Library of Saxony-Anhalt. Therefore, the privacy policy of the Martin Luther University Halle-Wittenberg applies to this website. Data protection declaration of the Martin Luther University Halle-Wittenberg<\/p>","protected":false},"author":4,"featured_media":0,"parent":0,"menu_order":0,"comment_status":"closed","ping_status":"closed","template":"","meta":{"footnotes":""},"class_list":["post-320","page","type-page","status-publish","hentry"],"yoast_head":"<!-- This site is optimized with the Yoast SEO plugin v25.9 - https:\/\/yoast.com\/wordpress\/plugins\/seo\/ -->\n<title>Datenschutz - MENAlib - Webportal des FID Nahost-, Nordafrika- und Islamstudien<\/title>\n<meta name=\"robots\" content=\"index, follow, max-snippet:-1, max-image-preview:large, max-video-preview:-1\" \/>\n<link rel=\"canonical\" href=\"https:\/\/www.menalib.de\/english\/data-protection\/\" \/>\n<meta property=\"og:locale\" content=\"en_GB\" \/>\n<meta property=\"og:type\" content=\"article\" \/>\n<meta property=\"og:title\" content=\"Datenschutz - MENAlib - Webportal des FID Nahost-, Nordafrika- und Islamstudien\" \/>\n<meta property=\"og:description\" content=\"Der Fachinformationsdienst Nahost mit seinem Webportal MENALIB wird von der\u00a0Universit\u00e4ts- und Landesbibliothek Sachsen-Anhalt\u00a0betreut. Deshalb gilt f\u00fcr diese Website die Datenschutzerkl\u00e4rung der\u00a0Martin-Luther-Universit\u00e4t Halle-Wittenberg. Datenschutzerkl\u00e4rung der Martin-Luther-Universit\u00e4t Halle-Wittenberg\" \/>\n<meta property=\"og:url\" content=\"https:\/\/www.menalib.de\/english\/data-protection\/\" \/>\n<meta property=\"og:site_name\" content=\"MENAlib - Webportal des FID Nahost-, Nordafrika- und Islamstudien\" \/>\n<meta property=\"article:modified_time\" content=\"2025-10-15T10:57:30+00:00\" \/>\n<meta name=\"twitter:card\" content=\"summary_large_image\" \/>\n<script type=\"application\/ld+json\" class=\"yoast-schema-graph\">{\"@context\":\"https:\/\/schema.org\",\"@graph\":[{\"@type\":\"WebPage\",\"@id\":\"https:\/\/www.menalib.de\/datenschutz\/\",\"url\":\"https:\/\/www.menalib.de\/datenschutz\/\",\"name\":\"Datenschutz - MENAlib - Webportal des FID Nahost-, Nordafrika- und Islamstudien\",\"isPartOf\":{\"@id\":\"https:\/\/www.menalib.de\/#website\"},\"datePublished\":\"2025-09-25T07:07:42+00:00\",\"dateModified\":\"2025-10-15T10:57:30+00:00\",\"breadcrumb\":{\"@id\":\"https:\/\/www.menalib.de\/datenschutz\/#breadcrumb\"},\"inLanguage\":\"en-GB\",\"potentialAction\":[{\"@type\":\"ReadAction\",\"target\":[\"https:\/\/www.menalib.de\/datenschutz\/\"]}]},{\"@type\":\"BreadcrumbList\",\"@id\":\"https:\/\/www.menalib.de\/datenschutz\/#breadcrumb\",\"itemListElement\":[{\"@type\":\"ListItem\",\"position\":1,\"name\":\"Startseite\",\"item\":\"https:\/\/www.menalib.de\/\"},{\"@type\":\"ListItem\",\"position\":2,\"name\":\"Datenschutz\"}]},{\"@type\":\"WebSite\",\"@id\":\"https:\/\/www.menalib.de\/#website\",\"url\":\"https:\/\/www.menalib.de\/\",\"name\":\"MENAlib - Webportal des FID Nahost-, Nordafrika- und Islamstudien\",\"description\":\"\",\"publisher\":{\"@id\":\"https:\/\/www.menalib.de\/#organization\"},\"potentialAction\":[{\"@type\":\"SearchAction\",\"target\":{\"@type\":\"EntryPoint\",\"urlTemplate\":\"https:\/\/www.menalib.de\/?s={search_term_string}\"},\"query-input\":{\"@type\":\"PropertyValueSpecification\",\"valueRequired\":true,\"valueName\":\"search_term_string\"}}],\"inLanguage\":\"en-GB\"},{\"@type\":\"Organization\",\"@id\":\"https:\/\/www.menalib.de\/#organization\",\"name\":\"MENAlib - Webportal des FID Nahost-, Nordafrika- und Islamstudien\",\"url\":\"https:\/\/www.menalib.de\/\",\"logo\":{\"@type\":\"ImageObject\",\"inLanguage\":\"en-GB\",\"@id\":\"https:\/\/www.menalib.de\/#\/schema\/logo\/image\/\",\"url\":\"https:\/\/www.menalib.de\/wp-content\/uploads\/sites\/2\/2025\/09\/fid-logo-high-end-2025.jpg\",\"contentUrl\":\"https:\/\/www.menalib.de\/wp-content\/uploads\/sites\/2\/2025\/09\/fid-logo-high-end-2025.jpg\",\"width\":968,\"height\":529,\"caption\":\"MENAlib - Webportal des FID Nahost-, Nordafrika- und Islamstudien\"},\"image\":{\"@id\":\"https:\/\/www.menalib.de\/#\/schema\/logo\/image\/\"}}]}<\/script>\n<!-- \/ Yoast SEO plugin. -->","yoast_head_json":{"title":"Data protection - MENAlib - Webportal of the FID Middle Eastern, North African and Islamic Studies","robots":{"index":"index","follow":"follow","max-snippet":"max-snippet:-1","max-image-preview":"max-image-preview:large","max-video-preview":"max-video-preview:-1"},"canonical":"https:\/\/www.menalib.de\/english\/data-protection\/","og_locale":"en_GB","og_type":"article","og_title":"Datenschutz - MENAlib - Webportal des FID Nahost-, Nordafrika- und Islamstudien","og_description":"Der Fachinformationsdienst Nahost mit seinem Webportal MENALIB wird von der\u00a0Universit\u00e4ts- und Landesbibliothek Sachsen-Anhalt\u00a0betreut. Deshalb gilt f\u00fcr diese Website die Datenschutzerkl\u00e4rung der\u00a0Martin-Luther-Universit\u00e4t Halle-Wittenberg. Datenschutzerkl\u00e4rung der Martin-Luther-Universit\u00e4t Halle-Wittenberg","og_url":"https:\/\/www.menalib.de\/english\/data-protection\/","og_site_name":"MENAlib - Webportal des FID Nahost-, Nordafrika- und Islamstudien","article_modified_time":"2025-10-15T10:57:30+00:00","twitter_card":"summary_large_image","schema":{"@context":"https:\/\/schema.org","@graph":[{"@type":"WebPage","@id":"https:\/\/www.menalib.de\/datenschutz\/","url":"https:\/\/www.menalib.de\/datenschutz\/","name":"Data protection - MENAlib - Webportal of the FID Middle Eastern, North African and Islamic Studies","isPartOf":{"@id":"https:\/\/www.menalib.de\/#website"},"datePublished":"2025-09-25T07:07:42+00:00","dateModified":"2025-10-15T10:57:30+00:00","breadcrumb":{"@id":"https:\/\/www.menalib.de\/datenschutz\/#breadcrumb"},"inLanguage":"en-GB","potentialAction":[{"@type":"ReadAction","target":["https:\/\/www.menalib.de\/datenschutz\/"]}]},{"@type":"BreadcrumbList","@id":"https:\/\/www.menalib.de\/datenschutz\/#breadcrumb","itemListElement":[{"@type":"ListItem","position":1,"name":"Startseite","item":"https:\/\/www.menalib.de\/"},{"@type":"ListItem","position":2,"name":"Datenschutz"}]},{"@type":"WebSite","@id":"https:\/\/www.menalib.de\/#website","url":"https:\/\/www.menalib.de\/","name":"MENAlib - Web portal of the FID Middle East, North Africa and Islamic Studies","description":"","publisher":{"@id":"https:\/\/www.menalib.de\/#organization"},"potentialAction":[{"@type":"SearchAction","target":{"@type":"EntryPoint","urlTemplate":"https:\/\/www.menalib.de\/?s={search_term_string}"},"query-input":{"@type":"PropertyValueSpecification","valueRequired":true,"valueName":"search_term_string"}}],"inLanguage":"en-GB"},{"@type":"Organization","@id":"https:\/\/www.menalib.de\/#organization","name":"MENAlib - Web portal of the FID Middle East, North Africa and Islamic Studies","url":"https:\/\/www.menalib.de\/","logo":{"@type":"ImageObject","inLanguage":"en-GB","@id":"https:\/\/www.menalib.de\/#\/schema\/logo\/image\/","url":"https:\/\/www.menalib.de\/wp-content\/uploads\/sites\/2\/2025\/09\/fid-logo-high-end-2025.jpg","contentUrl":"https:\/\/www.menalib.de\/wp-content\/uploads\/sites\/2\/2025\/09\/fid-logo-high-end-2025.jpg","width":968,"height":529,"caption":"MENAlib - Webportal des FID Nahost-, Nordafrika- und Islamstudien"},"image":{"@id":"https:\/\/www.menalib.de\/#\/schema\/logo\/image\/"}}]}},"_links":{"self":[{"href":"https:\/\/www.menalib.de\/english\/wp-json\/wp\/v2\/pages\/320","targetHints":{"allow":["GET"]}}],"collection":[{"href":"https:\/\/www.menalib.de\/english\/wp-json\/wp\/v2\/pages"}],"about":[{"href":"https:\/\/www.menalib.de\/english\/wp-json\/wp\/v2\/types\/page"}],"author":[{"embeddable":true,"href":"https:\/\/www.menalib.de\/english\/wp-json\/wp\/v2\/users\/4"}],"replies":[{"embeddable":true,"href":"https:\/\/www.menalib.de\/english\/wp-json\/wp\/v2\/comments?post=320"}],"version-history":[{"count":7,"href":"https:\/\/www.menalib.de\/english\/wp-json\/wp\/v2\/pages\/320\/revisions"}],"predecessor-version":[{"id":1969,"href":"https:\/\/www.menalib.de\/english\/wp-json\/wp\/v2\/pages\/320\/revisions\/1969"}],"wp:attachment":[{"href":"https:\/\/www.menalib.de\/english\/wp-json\/wp\/v2\/media?parent=320"}],"curies":[{"name":"wp","href":"https:\/\/api.w.org\/{rel}","templated":true}]}}