{"id":317,"date":"2025-09-25T09:07:27","date_gmt":"2025-09-25T07:07:27","guid":{"rendered":"https:\/\/menalib.bibliothek.uni-halle.de\/?page_id=317"},"modified":"2025-10-15T12:00:50","modified_gmt":"2025-10-15T10:00:50","slug":"imprint","status":"publish","type":"page","link":"https:\/\/www.menalib.de\/english\/imprint\/","title":{"rendered":"Imprint"},"content":{"rendered":"<div data-elementor-type=\"wp-page\" data-elementor-id=\"317\" class=\"elementor elementor-317\" data-elementor-post-type=\"page\">\n\t\t\t\t<div class=\"elementor-element elementor-element-735e0e2 e-flex e-con-boxed e-con e-parent\" data-id=\"735e0e2\" data-element_type=\"container\">\n\t\t\t\t\t<div class=\"e-con-inner\">\n\t\t<div class=\"elementor-element elementor-element-adea234 e-con-full e-flex e-con e-child\" data-id=\"adea234\" data-element_type=\"container\">\n\t\t\t\t<div class=\"elementor-element elementor-element-2cece1e elementor-widget elementor-widget-breadcrumbs\" data-id=\"2cece1e\" data-element_type=\"widget\" data-widget_type=\"breadcrumbs.default\">\n\t\t\t\t\t<p id=\"breadcrumbs\"><span><span><a href=\"https:\/\/www.menalib.de\/english\/\">Home page<\/a><\/span><\/span><\/p>\t\t\t\t<\/div>\n\t\t\t\t<\/div>\n\t\t\t\t\t<\/div>\n\t\t\t\t<\/div>\n\t\t<div class=\"elementor-element elementor-element-25ce76e e-flex e-con-boxed e-con e-parent\" data-id=\"25ce76e\" data-element_type=\"container\">\n\t\t\t\t\t<div class=\"e-con-inner\">\n\t\t<div class=\"elementor-element elementor-element-943cf48 e-flex e-con-boxed e-con e-child\" data-id=\"943cf48\" data-element_type=\"container\">\n\t\t\t\t\t<div class=\"e-con-inner\">\n\t\t\t\t\t<\/div>\n\t\t\t\t<\/div>\n\t\t\t\t\t<\/div>\n\t\t\t\t<\/div>\n\t\t<div class=\"elementor-element elementor-element-cf3c903 e-flex e-con-boxed e-con e-parent\" data-id=\"cf3c903\" data-element_type=\"container\">\n\t\t\t\t\t<div class=\"e-con-inner\">\n\t\t<div class=\"elementor-element elementor-element-b67e038 e-con-full e-flex e-con e-child\" data-id=\"b67e038\" data-element_type=\"container\">\n\t\t\t\t<div class=\"elementor-element elementor-element-22a024b elementor-widget__width-initial elementor-widget-divider--view-line elementor-invisible elementor-widget elementor-widget-divider\" data-id=\"22a024b\" data-element_type=\"widget\" data-settings=\"{&quot;_animation&quot;:&quot;fadeInLeft&quot;}\" data-widget_type=\"divider.default\">\n\t\t\t\t\t\t\t<div class=\"elementor-divider\">\n\t\t\t<span class=\"elementor-divider-separator\">\n\t\t\t\t\t\t<\/span>\n\t\t<\/div>\n\t\t\t\t\t\t<\/div>\n\t\t\t\t<\/div>\n\t\t<div class=\"elementor-element elementor-element-200de16 e-con-full e-flex e-con e-child\" data-id=\"200de16\" data-element_type=\"container\">\n\t\t\t\t<div class=\"elementor-element elementor-element-99411f3 elementor-widget elementor-widget-heading\" data-id=\"99411f3\" data-element_type=\"widget\" data-widget_type=\"heading.default\">\n\t\t\t\t\t<span class=\"elementor-heading-title elementor-size-default\">according to \u00a7 5 TMG<\/span>\t\t\t\t<\/div>\n\t\t\t\t<div class=\"elementor-element elementor-element-ecfe2c6 elementor-widget elementor-widget-text-editor\" data-id=\"ecfe2c6\" data-element_type=\"widget\" data-widget_type=\"text-editor.default\">\n\t\t\t\t\t\t\t\t\t<h3>Institution<\/h3><p>The Martin Luther University Halle-Wittenberg is a public corporation.<br \/>Right. It is legally represented by the Rector:<br \/><a class=\"email\" title=\"Send an e-mail to rektorin@uni-halle.de.\" href=\"mailto:rektorin@uni-halle.de\">rektorin@uni-halle.de<\/a><\/p><p>\u00a0<\/p><h3>Details<\/h3><p>Martin Luther University Halle-Wittenberg<br \/>University Square 10<br \/>06108 Hall<br \/>Germany<\/p><p><strong>Telephone:<\/strong>\u00a00345 \/ 55 20<br \/><strong>Fax:<\/strong>\u00a00345 \/ 55 27 077<br \/><strong>e-mail<\/strong>:\u00a0<a href=\"mailto:info@uni-halle.de\">info@uni-halle.de<\/a><br \/><strong>Internet:<\/strong>\u00a0<a href=\"http:\/\/www.uni-halle.de\/\">www.uni-halle.de<\/a><br \/><strong>Sales tax identification number:<\/strong>\u00a0EN 811353703<br \/>according to \u00a7 27 a Value Added Tax Act<\/p><p>\u00a0<\/p><h3>Supervisory authority<\/h3><p>The competent supervisory authority is the<br \/>Ministry of Science, Energy, Climate Protection and Environment of Saxony-Anhalt<br \/>Leipziger Strasse 58<br \/>39112 Magdeburg<br \/>E-Mail:\u00a0<a href=\"mailto:poststelle@mwu.sachsen-anhalt.de\">poststelle@mwu.sachsen-anhalt.de<\/a><br \/>Web:\u00a0<a href=\"http:\/\/www.mwu.sachsen-anhalt.de\/\" target=\"_blank\" rel=\"noopener noreferrer\">www.mwu.sachsen-anhalt.de<\/a><\/p><p>Specialised Information Service for Middle Eastern, North African and Islamic Studies<br \/>University and State Library of Saxony-Anhalt<br \/>M\u00fchlweg 15<br \/>06114 Halle (Saale)<br \/><a href=\"mailto:volker.adam@bibliothek.uni-halle.de\">volker.adam@bibliothek.uni-halle.de<\/a><\/p><p>For journalistic-editorial content is responsible according to \u00a718 of the MStV:<\/p><p>Dr Volker Adam<br \/>M\u00fchlweg 15<br \/>06114 Halle (Saale)<br \/><a href=\"mailto:volker.adam@bibliothek.uni-halle.de\">volker.adam@bibliothek.uni-halle.de<\/a><\/p><p>\u00a0<\/p><div class=\"elementor-element elementor-element-6db9064 elementor-widget__width-initial elementor-widget elementor-widget-heading\" data-id=\"6db9064\" data-element_type=\"widget\" data-widget_type=\"heading.default\"><h3 class=\"elementor-widget-container\"><span class=\"elementor-heading-title elementor-size-default\">Layout &amp; Design<\/span><\/h3><\/div><div class=\"elementor-element elementor-element-7152a7d elementor-widget__width-initial elementor-widget elementor-widget-text-editor\" data-id=\"7152a7d\" data-element_type=\"widget\" data-widget_type=\"text-editor.default\"><div class=\"elementor-widget-container\"><p><a href=\"https:\/\/laolaweb.com\/\" target=\"_blank\" rel=\"noopener\">laOlaWeb GmbH<\/a><\/p><\/div><\/div>\t\t\t\t\t\t\t\t<\/div>\n\t\t\t\t<\/div>\n\t\t\t\t\t<\/div>\n\t\t\t\t<\/div>\n\t\t\t\t<\/div>","protected":false},"excerpt":{"rendered":"<p>According to \u00a7 5 TMG Institution Martin Luther University Halle-Wittenberg is a public corporation. It is legally represented by the Rector. vertreten:rektorin@uni-halle.de   Details Martin Luther University Halle-Wittenberg Universit\u00e4tsplatz 1006108 Halle Germany Telephone: 0345 \/ 55 20 Fax: 0345 \/ 55 27 077 Email:\u00a0info@uni-halle.deInternet: www.uni-halle.deUmsatzsteuer-ldentifikationsnummer: DE 811353703 in accordance with \u00a7 27 a of the Value Added Tax Act   Supervisory authority The competent supervisory authority is the Ministry of Science, Energy, Climate Protection and Environment of the State of Saxony-Anhalt Leipzig [\u2026]<\/p>","protected":false},"author":4,"featured_media":0,"parent":0,"menu_order":0,"comment_status":"closed","ping_status":"closed","template":"","meta":{"footnotes":""},"class_list":["post-317","page","type-page","status-publish","hentry"],"yoast_head":"<!-- This site is optimized with the Yoast SEO plugin v25.9 - https:\/\/yoast.com\/wordpress\/plugins\/seo\/ -->\n<title>Impressum - MENAlib - Webportal des FID Nahost-, Nordafrika- und Islamstudien<\/title>\n<meta name=\"robots\" content=\"index, follow, max-snippet:-1, max-image-preview:large, max-video-preview:-1\" \/>\n<link rel=\"canonical\" href=\"https:\/\/www.menalib.de\/english\/imprint\/\" \/>\n<meta property=\"og:locale\" content=\"en_GB\" \/>\n<meta property=\"og:type\" content=\"article\" \/>\n<meta property=\"og:title\" content=\"Impressum - MENAlib - Webportal des FID Nahost-, Nordafrika- und Islamstudien\" \/>\n<meta property=\"og:description\" content=\"nach \u00a7 5 TMG Institution Die Martin-Luther-Universit\u00e4t Halle-Wittenberg ist eine K\u00f6rperschaft des \u00f6ffentlichenRechts. Sie wird durch den\/die Rektor\/in gesetzlich vertreten:rektorin@uni-halle.de \u00a0 Angaben Martin-Luther-Universit\u00e4t Halle-WittenbergUniversit\u00e4tsplatz 1006108 HalleDeutschland Telefon:\u00a00345 \/ 55 20Fax:\u00a00345 \/ 55 27 077E-Mail:\u00a0info@uni-halle.deInternet:\u00a0www.uni-halle.deUmsatzsteuer-ldentifikationsnummer:\u00a0DE 811353703gem\u00e4\u00df \u00a7 27 a Umsatzsteuergesetz \u00a0 Aufsichtsbeh\u00f6rde Die zust\u00e4ndige Aufsichtsbeh\u00f6rde ist dasMinisterium f\u00fcr Wissenschaft, Energie, Klimaschutz und Umwelt des Landes Sachsen-AnhaltLeipziger [&hellip;]\" \/>\n<meta property=\"og:url\" content=\"https:\/\/www.menalib.de\/english\/imprint\/\" \/>\n<meta property=\"og:site_name\" content=\"MENAlib - Webportal des FID Nahost-, Nordafrika- und Islamstudien\" \/>\n<meta property=\"article:modified_time\" content=\"2025-10-15T10:00:50+00:00\" \/>\n<meta name=\"twitter:card\" content=\"summary_large_image\" \/>\n<script type=\"application\/ld+json\" class=\"yoast-schema-graph\">{\"@context\":\"https:\/\/schema.org\",\"@graph\":[{\"@type\":\"WebPage\",\"@id\":\"https:\/\/www.menalib.de\/impressum\/\",\"url\":\"https:\/\/www.menalib.de\/impressum\/\",\"name\":\"Impressum - MENAlib - Webportal des FID Nahost-, Nordafrika- und Islamstudien\",\"isPartOf\":{\"@id\":\"https:\/\/www.menalib.de\/#website\"},\"datePublished\":\"2025-09-25T07:07:27+00:00\",\"dateModified\":\"2025-10-15T10:00:50+00:00\",\"breadcrumb\":{\"@id\":\"https:\/\/www.menalib.de\/impressum\/#breadcrumb\"},\"inLanguage\":\"en-GB\",\"potentialAction\":[{\"@type\":\"ReadAction\",\"target\":[\"https:\/\/www.menalib.de\/impressum\/\"]}]},{\"@type\":\"BreadcrumbList\",\"@id\":\"https:\/\/www.menalib.de\/impressum\/#breadcrumb\",\"itemListElement\":[{\"@type\":\"ListItem\",\"position\":1,\"name\":\"Startseite\",\"item\":\"https:\/\/www.menalib.de\/\"},{\"@type\":\"ListItem\",\"position\":2,\"name\":\"Impressum\"}]},{\"@type\":\"WebSite\",\"@id\":\"https:\/\/www.menalib.de\/#website\",\"url\":\"https:\/\/www.menalib.de\/\",\"name\":\"MENAlib - Webportal des FID Nahost-, Nordafrika- und Islamstudien\",\"description\":\"\",\"publisher\":{\"@id\":\"https:\/\/www.menalib.de\/#organization\"},\"potentialAction\":[{\"@type\":\"SearchAction\",\"target\":{\"@type\":\"EntryPoint\",\"urlTemplate\":\"https:\/\/www.menalib.de\/?s={search_term_string}\"},\"query-input\":{\"@type\":\"PropertyValueSpecification\",\"valueRequired\":true,\"valueName\":\"search_term_string\"}}],\"inLanguage\":\"en-GB\"},{\"@type\":\"Organization\",\"@id\":\"https:\/\/www.menalib.de\/#organization\",\"name\":\"MENAlib - Webportal des FID Nahost-, Nordafrika- und Islamstudien\",\"url\":\"https:\/\/www.menalib.de\/\",\"logo\":{\"@type\":\"ImageObject\",\"inLanguage\":\"en-GB\",\"@id\":\"https:\/\/www.menalib.de\/#\/schema\/logo\/image\/\",\"url\":\"https:\/\/www.menalib.de\/wp-content\/uploads\/sites\/2\/2025\/09\/fid-logo-high-end-2025.jpg\",\"contentUrl\":\"https:\/\/www.menalib.de\/wp-content\/uploads\/sites\/2\/2025\/09\/fid-logo-high-end-2025.jpg\",\"width\":968,\"height\":529,\"caption\":\"MENAlib - Webportal des FID Nahost-, Nordafrika- und Islamstudien\"},\"image\":{\"@id\":\"https:\/\/www.menalib.de\/#\/schema\/logo\/image\/\"}}]}<\/script>\n<!-- \/ Yoast SEO plugin. -->","yoast_head_json":{"title":"Imprint - MENAlib - Web Portal of the FID Middle East, North Africa and Islamic Studies","robots":{"index":"index","follow":"follow","max-snippet":"max-snippet:-1","max-image-preview":"max-image-preview:large","max-video-preview":"max-video-preview:-1"},"canonical":"https:\/\/www.menalib.de\/english\/imprint\/","og_locale":"en_GB","og_type":"article","og_title":"Impressum - MENAlib - Webportal des FID Nahost-, Nordafrika- und Islamstudien","og_description":"nach \u00a7 5 TMG Institution Die Martin-Luther-Universit\u00e4t Halle-Wittenberg ist eine K\u00f6rperschaft des \u00f6ffentlichenRechts. Sie wird durch den\/die Rektor\/in gesetzlich vertreten:rektorin@uni-halle.de \u00a0 Angaben Martin-Luther-Universit\u00e4t Halle-WittenbergUniversit\u00e4tsplatz 1006108 HalleDeutschland Telefon:\u00a00345 \/ 55 20Fax:\u00a00345 \/ 55 27 077E-Mail:\u00a0info@uni-halle.deInternet:\u00a0www.uni-halle.deUmsatzsteuer-ldentifikationsnummer:\u00a0DE 811353703gem\u00e4\u00df \u00a7 27 a Umsatzsteuergesetz \u00a0 Aufsichtsbeh\u00f6rde Die zust\u00e4ndige Aufsichtsbeh\u00f6rde ist dasMinisterium f\u00fcr Wissenschaft, Energie, Klimaschutz und Umwelt des Landes Sachsen-AnhaltLeipziger [&hellip;]","og_url":"https:\/\/www.menalib.de\/english\/imprint\/","og_site_name":"MENAlib - Webportal des FID Nahost-, Nordafrika- und Islamstudien","article_modified_time":"2025-10-15T10:00:50+00:00","twitter_card":"summary_large_image","schema":{"@context":"https:\/\/schema.org","@graph":[{"@type":"WebPage","@id":"https:\/\/www.menalib.de\/impressum\/","url":"https:\/\/www.menalib.de\/impressum\/","name":"Imprint - MENAlib - Web Portal of the FID Middle East, North Africa and Islamic Studies","isPartOf":{"@id":"https:\/\/www.menalib.de\/#website"},"datePublished":"2025-09-25T07:07:27+00:00","dateModified":"2025-10-15T10:00:50+00:00","breadcrumb":{"@id":"https:\/\/www.menalib.de\/impressum\/#breadcrumb"},"inLanguage":"en-GB","potentialAction":[{"@type":"ReadAction","target":["https:\/\/www.menalib.de\/impressum\/"]}]},{"@type":"BreadcrumbList","@id":"https:\/\/www.menalib.de\/impressum\/#breadcrumb","itemListElement":[{"@type":"ListItem","position":1,"name":"Startseite","item":"https:\/\/www.menalib.de\/"},{"@type":"ListItem","position":2,"name":"Impressum"}]},{"@type":"WebSite","@id":"https:\/\/www.menalib.de\/#website","url":"https:\/\/www.menalib.de\/","name":"MENAlib - Web portal of the FID Middle East, North Africa and Islamic Studies","description":"","publisher":{"@id":"https:\/\/www.menalib.de\/#organization"},"potentialAction":[{"@type":"SearchAction","target":{"@type":"EntryPoint","urlTemplate":"https:\/\/www.menalib.de\/?s={search_term_string}"},"query-input":{"@type":"PropertyValueSpecification","valueRequired":true,"valueName":"search_term_string"}}],"inLanguage":"en-GB"},{"@type":"Organization","@id":"https:\/\/www.menalib.de\/#organization","name":"MENAlib - Web portal of the FID Middle East, North Africa and Islamic Studies","url":"https:\/\/www.menalib.de\/","logo":{"@type":"ImageObject","inLanguage":"en-GB","@id":"https:\/\/www.menalib.de\/#\/schema\/logo\/image\/","url":"https:\/\/www.menalib.de\/wp-content\/uploads\/sites\/2\/2025\/09\/fid-logo-high-end-2025.jpg","contentUrl":"https:\/\/www.menalib.de\/wp-content\/uploads\/sites\/2\/2025\/09\/fid-logo-high-end-2025.jpg","width":968,"height":529,"caption":"MENAlib - Webportal des FID Nahost-, Nordafrika- und Islamstudien"},"image":{"@id":"https:\/\/www.menalib.de\/#\/schema\/logo\/image\/"}}]}},"_links":{"self":[{"href":"https:\/\/www.menalib.de\/english\/wp-json\/wp\/v2\/pages\/317","targetHints":{"allow":["GET"]}}],"collection":[{"href":"https:\/\/www.menalib.de\/english\/wp-json\/wp\/v2\/pages"}],"about":[{"href":"https:\/\/www.menalib.de\/english\/wp-json\/wp\/v2\/types\/page"}],"author":[{"embeddable":true,"href":"https:\/\/www.menalib.de\/english\/wp-json\/wp\/v2\/users\/4"}],"replies":[{"embeddable":true,"href":"https:\/\/www.menalib.de\/english\/wp-json\/wp\/v2\/comments?post=317"}],"version-history":[{"count":13,"href":"https:\/\/www.menalib.de\/english\/wp-json\/wp\/v2\/pages\/317\/revisions"}],"predecessor-version":[{"id":1938,"href":"https:\/\/www.menalib.de\/english\/wp-json\/wp\/v2\/pages\/317\/revisions\/1938"}],"wp:attachment":[{"href":"https:\/\/www.menalib.de\/english\/wp-json\/wp\/v2\/media?parent=317"}],"curies":[{"name":"wp","href":"https:\/\/api.w.org\/{rel}","templated":true}]}}