{"id":1256,"date":"2025-10-01T13:20:15","date_gmt":"2025-10-01T11:20:15","guid":{"rendered":"https:\/\/menalib.bibliothek.uni-halle.de\/?page_id=1256"},"modified":"2025-10-22T13:30:34","modified_gmt":"2025-10-22T11:30:34","slug":"turcademy-evaluation-of-a-turkish-e-book-collection","status":"publish","type":"page","link":"https:\/\/www.menalib.de\/english\/digital-resources\/licensed-databases\/turcademy-evaluation-of-a-turkish-e-book-collection\/","title":{"rendered":"Turcademy - Evaluation of a Turkish e-book collection"},"content":{"rendered":"<div data-elementor-type=\"wp-page\" data-elementor-id=\"1256\" class=\"elementor elementor-1256\" data-elementor-post-type=\"page\">\n\t\t\t\t<div class=\"elementor-element elementor-element-5720a396 e-flex e-con-boxed e-con e-parent\" data-id=\"5720a396\" data-element_type=\"container\">\n\t\t\t\t\t<div class=\"e-con-inner\">\n\t\t<div class=\"elementor-element elementor-element-45f8fc5 e-con-full e-flex e-con e-child\" data-id=\"45f8fc5\" data-element_type=\"container\">\n\t\t\t\t<div class=\"elementor-element elementor-element-a6cb283 elementor-widget elementor-widget-breadcrumbs\" data-id=\"a6cb283\" data-element_type=\"widget\" data-widget_type=\"breadcrumbs.default\">\n\t\t\t\t\t<p id=\"breadcrumbs\"><span><span><a href=\"https:\/\/www.menalib.de\/english\/\">Home page<\/a><\/span><\/span><\/p>\t\t\t\t<\/div>\n\t\t\t\t<\/div>\n\t\t\t\t\t<\/div>\n\t\t\t\t<\/div>\n\t\t<div class=\"elementor-element elementor-element-24de0a44 e-flex e-con-boxed e-con e-parent\" data-id=\"24de0a44\" data-element_type=\"container\">\n\t\t\t\t\t<div class=\"e-con-inner\">\n\t\t<div class=\"elementor-element elementor-element-7fefc348 e-con-full e-flex e-con e-child\" data-id=\"7fefc348\" data-element_type=\"container\" data-settings=\"{&quot;background_background&quot;:&quot;classic&quot;}\">\n\t\t<div class=\"elementor-element elementor-element-ba04cde e-flex e-con-boxed e-con e-child\" data-id=\"ba04cde\" data-element_type=\"container\" data-settings=\"{&quot;background_background&quot;:&quot;classic&quot;}\">\n\t\t\t\t\t<div class=\"e-con-inner\">\n\t\t\t\t<div class=\"elementor-element elementor-element-6fa89b9e elementor-widget__width-initial elementor-widget elementor-widget-text-editor\" data-id=\"6fa89b9e\" data-element_type=\"widget\" data-widget_type=\"text-editor.default\">\n\t\t\t\t\t\t\t\t\t<p>Completed\u00a0<\/p>\t\t\t\t\t\t\t\t<\/div>\n\t\t\t\t<div class=\"elementor-element elementor-element-3a21513d elementor-widget elementor-widget-text-editor\" data-id=\"3a21513d\" data-element_type=\"widget\" data-widget_type=\"text-editor.default\">\n\t\t\t\t\t\t\t\t\t<p>The database provides secure and convenient access to scientific publications in Turkey in a digital environment.<br \/>More than 14,000 e-books from leading publishers in Turkey offer a wide range of information. The publications contain many different types of content, from literature with scientific studies to historical works.<\/p>\t\t\t\t\t\t\t\t<\/div>\n\t\t\t\t\t<\/div>\n\t\t\t\t<\/div>\n\t\t\t\t<\/div>\n\t\t<div class=\"elementor-element elementor-element-50f1b462 e-con-full e-flex e-con e-child\" data-id=\"50f1b462\" data-element_type=\"container\" data-settings=\"{&quot;background_background&quot;:&quot;classic&quot;}\">\n\t\t\t\t<div class=\"elementor-element elementor-element-72aadbc7 elementor-widget elementor-widget-image\" data-id=\"72aadbc7\" data-element_type=\"widget\" data-widget_type=\"image.default\">\n\t\t\t\t\t\t\t\t\t\t\t\t\t\t\t<img fetchpriority=\"high\" decoding=\"async\" width=\"800\" height=\"575\" src=\"https:\/\/www.menalib.de\/wp-content\/uploads\/sites\/2\/2025\/10\/Sezgin-1024x736.jpg\" class=\"attachment-large size-large wp-image-1205\" alt=\"\" srcset=\"https:\/\/www.menalib.de\/wp-content\/uploads\/sites\/2\/2025\/10\/Sezgin-1024x736.jpg 1024w, https:\/\/www.menalib.de\/wp-content\/uploads\/sites\/2\/2025\/10\/Sezgin-300x216.jpg 300w, https:\/\/www.menalib.de\/wp-content\/uploads\/sites\/2\/2025\/10\/Sezgin-768x552.jpg 768w, https:\/\/www.menalib.de\/wp-content\/uploads\/sites\/2\/2025\/10\/Sezgin-1536x1104.jpg 1536w, https:\/\/www.menalib.de\/wp-content\/uploads\/sites\/2\/2025\/10\/Sezgin.jpg 1889w\" sizes=\"(max-width: 800px) 100vw, 800px\" \/>\t\t\t\t\t\t\t\t\t\t\t\t\t\t\t<\/div>\n\t\t\t\t<\/div>\n\t\t\t\t\t<\/div>\n\t\t\t\t<\/div>\n\t\t<div class=\"elementor-element elementor-element-306f8799 e-flex e-con-boxed e-con e-parent\" data-id=\"306f8799\" data-element_type=\"container\">\n\t\t\t\t\t<div class=\"e-con-inner\">\n\t\t<div class=\"elementor-element elementor-element-4b02c0d7 e-con-full e-flex e-con e-child\" data-id=\"4b02c0d7\" data-element_type=\"container\">\n\t\t\t\t<div class=\"elementor-element elementor-element-5418c889 elementor-widget__width-initial elementor-widget-divider--view-line elementor-invisible elementor-widget elementor-widget-divider\" data-id=\"5418c889\" data-element_type=\"widget\" data-settings=\"{&quot;_animation&quot;:&quot;fadeInLeft&quot;}\" data-widget_type=\"divider.default\">\n\t\t\t\t\t\t\t<div class=\"elementor-divider\">\n\t\t\t<span class=\"elementor-divider-separator\">\n\t\t\t\t\t\t<\/span>\n\t\t<\/div>\n\t\t\t\t\t\t<\/div>\n\t\t\t\t<\/div>\n\t\t<div class=\"elementor-element elementor-element-72a1489a e-con-full e-flex e-con e-child\" data-id=\"72a1489a\" data-element_type=\"container\">\n\t\t\t\t<div class=\"elementor-element elementor-element-1f50dec3 elementor-widget elementor-widget-heading\" data-id=\"1f50dec3\" data-element_type=\"widget\" data-widget_type=\"heading.default\">\n\t\t\t\t\t<span class=\"elementor-heading-title elementor-size-default\">Access instructions<\/span>\t\t\t\t<\/div>\n\t\t\t\t<div class=\"elementor-element elementor-element-515cbefe elementor-widget elementor-widget-text-editor\" data-id=\"515cbefe\" data-element_type=\"widget\" data-widget_type=\"text-editor.default\">\n\t\t\t\t\t\t\t\t\t<p>The test phase ran from 01 August 2019 to 14 August 2019.<\/p>\t\t\t\t\t\t\t\t<\/div>\n\t\t\t\t<\/div>\n\t\t\t\t\t<\/div>\n\t\t\t\t<\/div>\n\t\t\t\t<\/div>","protected":false},"excerpt":{"rendered":"<p>Completed  The database provides secure and convenient access to scientific publications in Turkey in a digital environment. More than 14,000 e-books from leading publishers in Turkey offer a wide range of information. The publications contain many different types of content, from literature with scientific studies to historical works. [\u2026]<\/p>","protected":false},"author":4,"featured_media":0,"parent":368,"menu_order":0,"comment_status":"closed","ping_status":"closed","template":"","meta":{"footnotes":""},"class_list":["post-1256","page","type-page","status-publish","hentry"],"yoast_head":"<!-- This site is optimized with the Yoast SEO plugin v25.9 - https:\/\/yoast.com\/wordpress\/plugins\/seo\/ -->\n<title>Turcademy \u2013 Evaluierung einer t\u00fcrkischen E-Book-Sammlung - MENAlib - Webportal des FID Nahost-, Nordafrika- und Islamstudien<\/title>\n<meta name=\"robots\" content=\"index, follow, max-snippet:-1, max-image-preview:large, max-video-preview:-1\" \/>\n<link rel=\"canonical\" href=\"https:\/\/www.menalib.de\/english\/digital-resources\/licensed-databases\/turcademy-evaluation-of-a-turkish-e-book-collection\/\" \/>\n<meta property=\"og:locale\" content=\"en_GB\" \/>\n<meta property=\"og:type\" content=\"article\" \/>\n<meta property=\"og:title\" content=\"Turcademy \u2013 Evaluierung einer t\u00fcrkischen E-Book-Sammlung - MENAlib - Webportal des FID Nahost-, Nordafrika- und Islamstudien\" \/>\n<meta property=\"og:description\" content=\"Abgeschlossen\u00a0 Die Datenbank bietet ist einen sicheren und komfortablen Zugang zu wissenschaftlichen Publikationen in der T\u00fcrkei in einer digitalen Umgebung zu erm\u00f6glichen.Mehr als 14.000 E-Books von f\u00fchrenden Verlagen in der T\u00fcrkei bieten ein breites Spektrum an Informationen. Die Publikationen enthalten viele verschiedene Arten von Inhalten, von Literatur mit wissenschaftlichen Studien bis hin zu historischen Werken. [&hellip;]\" \/>\n<meta property=\"og:url\" content=\"https:\/\/www.menalib.de\/english\/digital-resources\/licensed-databases\/turcademy-evaluation-of-a-turkish-e-book-collection\/\" \/>\n<meta property=\"og:site_name\" content=\"MENAlib - Webportal des FID Nahost-, Nordafrika- und Islamstudien\" \/>\n<meta property=\"article:modified_time\" content=\"2025-10-22T11:30:34+00:00\" \/>\n<meta property=\"og:image\" content=\"https:\/\/menalib.bibliothek.uni-halle.de\/wp-content\/uploads\/sites\/2\/2025\/10\/Sezgin-1024x736.jpg\" \/>\n<meta name=\"twitter:card\" content=\"summary_large_image\" \/>\n<script type=\"application\/ld+json\" class=\"yoast-schema-graph\">{\"@context\":\"https:\/\/schema.org\",\"@graph\":[{\"@type\":\"WebPage\",\"@id\":\"https:\/\/www.menalib.de\/english\/digital-resources\/licensed-databases\/turcademy-evaluation-of-a-turkish-e-book-collection\/\",\"url\":\"https:\/\/www.menalib.de\/english\/digital-resources\/licensed-databases\/turcademy-evaluation-of-a-turkish-e-book-collection\/\",\"name\":\"Turcademy \u2013 Evaluierung einer t\u00fcrkischen E-Book-Sammlung - MENAlib - Webportal des FID Nahost-, Nordafrika- und Islamstudien\",\"isPartOf\":{\"@id\":\"https:\/\/www.menalib.de\/#website\"},\"primaryImageOfPage\":{\"@id\":\"https:\/\/www.menalib.de\/english\/digital-resources\/licensed-databases\/turcademy-evaluation-of-a-turkish-e-book-collection\/#primaryimage\"},\"image\":{\"@id\":\"https:\/\/www.menalib.de\/english\/digital-resources\/licensed-databases\/turcademy-evaluation-of-a-turkish-e-book-collection\/#primaryimage\"},\"thumbnailUrl\":\"https:\/\/menalib.bibliothek.uni-halle.de\/wp-content\/uploads\/sites\/2\/2025\/10\/Sezgin-1024x736.jpg\",\"datePublished\":\"2025-10-01T11:20:15+00:00\",\"dateModified\":\"2025-10-22T11:30:34+00:00\",\"breadcrumb\":{\"@id\":\"https:\/\/www.menalib.de\/english\/digital-resources\/licensed-databases\/turcademy-evaluation-of-a-turkish-e-book-collection\/#breadcrumb\"},\"inLanguage\":\"en-GB\",\"potentialAction\":[{\"@type\":\"ReadAction\",\"target\":[\"https:\/\/www.menalib.de\/english\/digital-resources\/licensed-databases\/turcademy-evaluation-of-a-turkish-e-book-collection\/\"]}]},{\"@type\":\"ImageObject\",\"inLanguage\":\"en-GB\",\"@id\":\"https:\/\/www.menalib.de\/english\/digital-resources\/licensed-databases\/turcademy-evaluation-of-a-turkish-e-book-collection\/#primaryimage\",\"url\":\"https:\/\/menalib.bibliothek.uni-halle.de\/wp-content\/uploads\/sites\/2\/2025\/10\/Sezgin-1024x736.jpg\",\"contentUrl\":\"https:\/\/menalib.bibliothek.uni-halle.de\/wp-content\/uploads\/sites\/2\/2025\/10\/Sezgin-1024x736.jpg\"},{\"@type\":\"BreadcrumbList\",\"@id\":\"https:\/\/www.menalib.de\/english\/digital-resources\/licensed-databases\/turcademy-evaluation-of-a-turkish-e-book-collection\/#breadcrumb\",\"itemListElement\":[{\"@type\":\"ListItem\",\"position\":1,\"name\":\"Startseite\",\"item\":\"https:\/\/www.menalib.de\/\"},{\"@type\":\"ListItem\",\"position\":2,\"name\":\"Digitale Ressourcen\",\"item\":\"https:\/\/www.menalib.de\/digitale-ressourcen\/\"},{\"@type\":\"ListItem\",\"position\":3,\"name\":\"Lizensierte Datenbanken\",\"item\":\"https:\/\/www.menalib.de\/digitale-ressourcen\/lizensierte-datenbanken\/\"},{\"@type\":\"ListItem\",\"position\":4,\"name\":\"Turcademy \u2013 Evaluierung einer t\u00fcrkischen E-Book-Sammlung\"}]},{\"@type\":\"WebSite\",\"@id\":\"https:\/\/www.menalib.de\/#website\",\"url\":\"https:\/\/www.menalib.de\/\",\"name\":\"MENAlib - Webportal des FID Nahost-, Nordafrika- und Islamstudien\",\"description\":\"\",\"publisher\":{\"@id\":\"https:\/\/www.menalib.de\/#organization\"},\"potentialAction\":[{\"@type\":\"SearchAction\",\"target\":{\"@type\":\"EntryPoint\",\"urlTemplate\":\"https:\/\/www.menalib.de\/?s={search_term_string}\"},\"query-input\":{\"@type\":\"PropertyValueSpecification\",\"valueRequired\":true,\"valueName\":\"search_term_string\"}}],\"inLanguage\":\"en-GB\"},{\"@type\":\"Organization\",\"@id\":\"https:\/\/www.menalib.de\/#organization\",\"name\":\"MENAlib - Webportal des FID Nahost-, Nordafrika- und Islamstudien\",\"url\":\"https:\/\/www.menalib.de\/\",\"logo\":{\"@type\":\"ImageObject\",\"inLanguage\":\"en-GB\",\"@id\":\"https:\/\/www.menalib.de\/#\/schema\/logo\/image\/\",\"url\":\"https:\/\/www.menalib.de\/wp-content\/uploads\/sites\/2\/2025\/09\/fid-logo-high-end-2025.jpg\",\"contentUrl\":\"https:\/\/www.menalib.de\/wp-content\/uploads\/sites\/2\/2025\/09\/fid-logo-high-end-2025.jpg\",\"width\":968,\"height\":529,\"caption\":\"MENAlib - Webportal des FID Nahost-, Nordafrika- und Islamstudien\"},\"image\":{\"@id\":\"https:\/\/www.menalib.de\/#\/schema\/logo\/image\/\"}}]}<\/script>\n<!-- \/ Yoast SEO plugin. -->","yoast_head_json":{"title":"Turcademy - Evaluation of a Turkish e-book collection - MENAlib - Webportal des FID Nahost-, Nordafrika- und Islamstudien","robots":{"index":"index","follow":"follow","max-snippet":"max-snippet:-1","max-image-preview":"max-image-preview:large","max-video-preview":"max-video-preview:-1"},"canonical":"https:\/\/www.menalib.de\/english\/digital-resources\/licensed-databases\/turcademy-evaluation-of-a-turkish-e-book-collection\/","og_locale":"en_GB","og_type":"article","og_title":"Turcademy \u2013 Evaluierung einer t\u00fcrkischen E-Book-Sammlung - MENAlib - Webportal des FID Nahost-, Nordafrika- und Islamstudien","og_description":"Abgeschlossen\u00a0 Die Datenbank bietet ist einen sicheren und komfortablen Zugang zu wissenschaftlichen Publikationen in der T\u00fcrkei in einer digitalen Umgebung zu erm\u00f6glichen.Mehr als 14.000 E-Books von f\u00fchrenden Verlagen in der T\u00fcrkei bieten ein breites Spektrum an Informationen. Die Publikationen enthalten viele verschiedene Arten von Inhalten, von Literatur mit wissenschaftlichen Studien bis hin zu historischen Werken. [&hellip;]","og_url":"https:\/\/www.menalib.de\/english\/digital-resources\/licensed-databases\/turcademy-evaluation-of-a-turkish-e-book-collection\/","og_site_name":"MENAlib - Webportal des FID Nahost-, Nordafrika- und Islamstudien","article_modified_time":"2025-10-22T11:30:34+00:00","og_image":[{"url":"https:\/\/menalib.bibliothek.uni-halle.de\/wp-content\/uploads\/sites\/2\/2025\/10\/Sezgin-1024x736.jpg","type":"","width":"","height":""}],"twitter_card":"summary_large_image","schema":{"@context":"https:\/\/schema.org","@graph":[{"@type":"WebPage","@id":"https:\/\/www.menalib.de\/english\/digital-resources\/licensed-databases\/turcademy-evaluation-of-a-turkish-e-book-collection\/","url":"https:\/\/www.menalib.de\/english\/digital-resources\/licensed-databases\/turcademy-evaluation-of-a-turkish-e-book-collection\/","name":"Turcademy - Evaluation of a Turkish e-book collection - MENAlib - Webportal des FID Nahost-, Nordafrika- und Islamstudien","isPartOf":{"@id":"https:\/\/www.menalib.de\/#website"},"primaryImageOfPage":{"@id":"https:\/\/www.menalib.de\/english\/digital-resources\/licensed-databases\/turcademy-evaluation-of-a-turkish-e-book-collection\/#primaryimage"},"image":{"@id":"https:\/\/www.menalib.de\/english\/digital-resources\/licensed-databases\/turcademy-evaluation-of-a-turkish-e-book-collection\/#primaryimage"},"thumbnailUrl":"https:\/\/menalib.bibliothek.uni-halle.de\/wp-content\/uploads\/sites\/2\/2025\/10\/Sezgin-1024x736.jpg","datePublished":"2025-10-01T11:20:15+00:00","dateModified":"2025-10-22T11:30:34+00:00","breadcrumb":{"@id":"https:\/\/www.menalib.de\/english\/digital-resources\/licensed-databases\/turcademy-evaluation-of-a-turkish-e-book-collection\/#breadcrumb"},"inLanguage":"en-GB","potentialAction":[{"@type":"ReadAction","target":["https:\/\/www.menalib.de\/english\/digital-resources\/licensed-databases\/turcademy-evaluation-of-a-turkish-e-book-collection\/"]}]},{"@type":"ImageObject","inLanguage":"en-GB","@id":"https:\/\/www.menalib.de\/english\/digital-resources\/licensed-databases\/turcademy-evaluation-of-a-turkish-e-book-collection\/#primaryimage","url":"https:\/\/menalib.bibliothek.uni-halle.de\/wp-content\/uploads\/sites\/2\/2025\/10\/Sezgin-1024x736.jpg","contentUrl":"https:\/\/menalib.bibliothek.uni-halle.de\/wp-content\/uploads\/sites\/2\/2025\/10\/Sezgin-1024x736.jpg"},{"@type":"BreadcrumbList","@id":"https:\/\/www.menalib.de\/english\/digital-resources\/licensed-databases\/turcademy-evaluation-of-a-turkish-e-book-collection\/#breadcrumb","itemListElement":[{"@type":"ListItem","position":1,"name":"Startseite","item":"https:\/\/www.menalib.de\/"},{"@type":"ListItem","position":2,"name":"Digitale Ressourcen","item":"https:\/\/www.menalib.de\/digitale-ressourcen\/"},{"@type":"ListItem","position":3,"name":"Lizensierte Datenbanken","item":"https:\/\/www.menalib.de\/digitale-ressourcen\/lizensierte-datenbanken\/"},{"@type":"ListItem","position":4,"name":"Turcademy \u2013 Evaluierung einer t\u00fcrkischen E-Book-Sammlung"}]},{"@type":"WebSite","@id":"https:\/\/www.menalib.de\/#website","url":"https:\/\/www.menalib.de\/","name":"MENAlib - Web portal of the FID Middle East, North Africa and Islamic Studies","description":"","publisher":{"@id":"https:\/\/www.menalib.de\/#organization"},"potentialAction":[{"@type":"SearchAction","target":{"@type":"EntryPoint","urlTemplate":"https:\/\/www.menalib.de\/?s={search_term_string}"},"query-input":{"@type":"PropertyValueSpecification","valueRequired":true,"valueName":"search_term_string"}}],"inLanguage":"en-GB"},{"@type":"Organization","@id":"https:\/\/www.menalib.de\/#organization","name":"MENAlib - Web portal of the FID Middle East, North Africa and Islamic Studies","url":"https:\/\/www.menalib.de\/","logo":{"@type":"ImageObject","inLanguage":"en-GB","@id":"https:\/\/www.menalib.de\/#\/schema\/logo\/image\/","url":"https:\/\/www.menalib.de\/wp-content\/uploads\/sites\/2\/2025\/09\/fid-logo-high-end-2025.jpg","contentUrl":"https:\/\/www.menalib.de\/wp-content\/uploads\/sites\/2\/2025\/09\/fid-logo-high-end-2025.jpg","width":968,"height":529,"caption":"MENAlib - Webportal des FID Nahost-, Nordafrika- und Islamstudien"},"image":{"@id":"https:\/\/www.menalib.de\/#\/schema\/logo\/image\/"}}]}},"_links":{"self":[{"href":"https:\/\/www.menalib.de\/english\/wp-json\/wp\/v2\/pages\/1256","targetHints":{"allow":["GET"]}}],"collection":[{"href":"https:\/\/www.menalib.de\/english\/wp-json\/wp\/v2\/pages"}],"about":[{"href":"https:\/\/www.menalib.de\/english\/wp-json\/wp\/v2\/types\/page"}],"author":[{"embeddable":true,"href":"https:\/\/www.menalib.de\/english\/wp-json\/wp\/v2\/users\/4"}],"replies":[{"embeddable":true,"href":"https:\/\/www.menalib.de\/english\/wp-json\/wp\/v2\/comments?post=1256"}],"version-history":[{"count":5,"href":"https:\/\/www.menalib.de\/english\/wp-json\/wp\/v2\/pages\/1256\/revisions"}],"predecessor-version":[{"id":3156,"href":"https:\/\/www.menalib.de\/english\/wp-json\/wp\/v2\/pages\/1256\/revisions\/3156"}],"up":[{"embeddable":true,"href":"https:\/\/www.menalib.de\/english\/wp-json\/wp\/v2\/pages\/368"}],"wp:attachment":[{"href":"https:\/\/www.menalib.de\/english\/wp-json\/wp\/v2\/media?parent=1256"}],"curies":[{"name":"wp","href":"https:\/\/api.w.org\/{rel}","templated":true}]}}