{"id":1244,"date":"2025-10-01T13:18:23","date_gmt":"2025-10-01T11:18:23","guid":{"rendered":"https:\/\/menalib.bibliothek.uni-halle.de\/?page_id=1244"},"modified":"2025-10-22T14:13:03","modified_gmt":"2025-10-22T12:13:03","slug":"noormags","status":"publish","type":"page","link":"https:\/\/www.menalib.de\/english\/digital-resources\/licensed-databases\/noormags\/","title":{"rendered":"Noormags"},"content":{"rendered":"<div data-elementor-type=\"wp-page\" data-elementor-id=\"1244\" class=\"elementor elementor-1244\" data-elementor-post-type=\"page\">\n\t\t\t\t<div class=\"elementor-element elementor-element-47275b8f e-flex e-con-boxed e-con e-parent\" data-id=\"47275b8f\" data-element_type=\"container\">\n\t\t\t\t\t<div class=\"e-con-inner\">\n\t\t<div class=\"elementor-element elementor-element-60b2ec68 e-con-full e-flex e-con e-child\" data-id=\"60b2ec68\" data-element_type=\"container\">\n\t\t\t\t<div class=\"elementor-element elementor-element-23df2124 elementor-widget elementor-widget-breadcrumbs\" data-id=\"23df2124\" data-element_type=\"widget\" data-widget_type=\"breadcrumbs.default\">\n\t\t\t\t\t<p id=\"breadcrumbs\"><span><span><a href=\"https:\/\/www.menalib.de\/english\/\">Home page<\/a><\/span><\/span><\/p>\t\t\t\t<\/div>\n\t\t\t\t<\/div>\n\t\t\t\t\t<\/div>\n\t\t\t\t<\/div>\n\t\t<div class=\"elementor-element elementor-element-5c9a3385 e-flex e-con-boxed e-con e-parent\" data-id=\"5c9a3385\" data-element_type=\"container\">\n\t\t\t\t\t<div class=\"e-con-inner\">\n\t\t<div class=\"elementor-element elementor-element-643a5fa0 e-con-full e-flex e-con e-child\" data-id=\"643a5fa0\" data-element_type=\"container\" data-settings=\"{&quot;background_background&quot;:&quot;classic&quot;}\">\n\t\t<div class=\"elementor-element elementor-element-6c673adf e-flex e-con-boxed e-con e-child\" data-id=\"6c673adf\" data-element_type=\"container\" data-settings=\"{&quot;background_background&quot;:&quot;classic&quot;}\">\n\t\t\t\t\t<div class=\"e-con-inner\">\n\t\t\t\t<div class=\"elementor-element elementor-element-5aa2ab7c elementor-widget__width-initial elementor-widget elementor-widget-text-editor\" data-id=\"5aa2ab7c\" data-element_type=\"widget\" data-widget_type=\"text-editor.default\">\n\t\t\t\t\t\t\t\t\t<p>Completed\u00a0<\/p>\t\t\t\t\t\t\t\t<\/div>\n\t\t\t\t<div class=\"elementor-element elementor-element-2989b5dc elementor-widget elementor-widget-text-editor\" data-id=\"2989b5dc\" data-element_type=\"widget\" data-widget_type=\"text-editor.default\">\n\t\t\t\t\t\t\t\t\t<p>Noor Specialised Magazines offers digitised versions of specialist journals for Islamic studies, social sciences and the humanities. The extensive text-image database is now one of the most important databases for academic texts in Persian. It is maintained by the Computer Research Centre of Islamic Sciences (CRCIS) in Iran.<\/p>\t\t\t\t\t\t\t\t<\/div>\n\t\t\t\t\t<\/div>\n\t\t\t\t<\/div>\n\t\t\t\t<\/div>\n\t\t<div class=\"elementor-element elementor-element-64221fb6 e-con-full e-flex e-con e-child\" data-id=\"64221fb6\" data-element_type=\"container\" data-settings=\"{&quot;background_background&quot;:&quot;classic&quot;}\">\n\t\t\t\t<div class=\"elementor-element elementor-element-2fe0ff1 elementor-widget elementor-widget-image\" data-id=\"2fe0ff1\" data-element_type=\"widget\" data-widget_type=\"image.default\">\n\t\t\t\t\t\t\t\t\t\t\t\t\t\t\t<img fetchpriority=\"high\" decoding=\"async\" width=\"800\" height=\"456\" src=\"https:\/\/www.menalib.de\/wp-content\/uploads\/sites\/2\/2025\/10\/noormags-screenshot_01-800x456-2.jpg\" class=\"attachment-large size-large wp-image-2356\" alt=\"\" srcset=\"https:\/\/www.menalib.de\/wp-content\/uploads\/sites\/2\/2025\/10\/noormags-screenshot_01-800x456-2.jpg 800w, https:\/\/www.menalib.de\/wp-content\/uploads\/sites\/2\/2025\/10\/noormags-screenshot_01-800x456-2-300x171.jpg 300w, https:\/\/www.menalib.de\/wp-content\/uploads\/sites\/2\/2025\/10\/noormags-screenshot_01-800x456-2-768x438.jpg 768w, https:\/\/www.menalib.de\/wp-content\/uploads\/sites\/2\/2025\/10\/noormags-screenshot_01-800x456-2-18x10.jpg 18w\" sizes=\"(max-width: 800px) 100vw, 800px\" \/>\t\t\t\t\t\t\t\t\t\t\t\t\t\t\t<\/div>\n\t\t\t\t<\/div>\n\t\t\t\t\t<\/div>\n\t\t\t\t<\/div>\n\t\t<div class=\"elementor-element elementor-element-63d86c0f e-flex e-con-boxed e-con e-parent\" data-id=\"63d86c0f\" data-element_type=\"container\">\n\t\t\t\t\t<div class=\"e-con-inner\">\n\t\t<div class=\"elementor-element elementor-element-22516a22 e-con-full e-flex e-con e-child\" data-id=\"22516a22\" data-element_type=\"container\">\n\t\t\t\t<div class=\"elementor-element elementor-element-51507f14 elementor-widget__width-initial elementor-widget-divider--view-line elementor-invisible elementor-widget elementor-widget-divider\" data-id=\"51507f14\" data-element_type=\"widget\" data-settings=\"{&quot;_animation&quot;:&quot;fadeInLeft&quot;}\" data-widget_type=\"divider.default\">\n\t\t\t\t\t\t\t<div class=\"elementor-divider\">\n\t\t\t<span class=\"elementor-divider-separator\">\n\t\t\t\t\t\t<\/span>\n\t\t<\/div>\n\t\t\t\t\t\t<\/div>\n\t\t\t\t<\/div>\n\t\t<div class=\"elementor-element elementor-element-3cff017f e-con-full e-flex e-con e-child\" data-id=\"3cff017f\" data-element_type=\"container\">\n\t\t\t\t<div class=\"elementor-element elementor-element-625f8dd7 elementor-widget elementor-widget-heading\" data-id=\"625f8dd7\" data-element_type=\"widget\" data-widget_type=\"heading.default\">\n\t\t\t\t\t<span class=\"elementor-heading-title elementor-size-default\">Platform of the provider<\/span>\t\t\t\t<\/div>\n\t\t\t\t<div class=\"elementor-element elementor-element-144d867d elementor-widget elementor-widget-text-editor\" data-id=\"144d867d\" data-element_type=\"widget\" data-widget_type=\"text-editor.default\">\n\t\t\t\t\t\t\t\t\t<p>Our specialist information service had agreed a test phase for this product until 25 January 2022 for our <a href=\"https:\/\/www.menalib.de\/english\/digital-resources\/licensed-databases\/user-group\/\" target=\"_blank\" rel=\"noopener\">subject-specific circle of users<\/a> agreed. The download of PDFs was limited for the test period. However, it was still possible to view the documents in the website's PDF viewer.<\/p>\t\t\t\t\t\t\t\t<\/div>\n\t\t\t\t<\/div>\n\t\t\t\t\t<\/div>\n\t\t\t\t<\/div>\n\t\t<div class=\"elementor-element elementor-element-62eb02dc e-flex e-con-boxed e-con e-parent\" data-id=\"62eb02dc\" data-element_type=\"container\">\n\t\t\t\t\t<div class=\"e-con-inner\">\n\t\t<div class=\"elementor-element elementor-element-6fc3236a e-con-full e-flex e-con e-child\" data-id=\"6fc3236a\" data-element_type=\"container\">\n\t\t\t\t<div class=\"elementor-element elementor-element-ea9ac2 elementor-widget__width-initial elementor-widget-divider--view-line elementor-invisible elementor-widget elementor-widget-divider\" data-id=\"ea9ac2\" data-element_type=\"widget\" data-settings=\"{&quot;_animation&quot;:&quot;fadeInLeft&quot;}\" data-widget_type=\"divider.default\">\n\t\t\t\t\t\t\t<div class=\"elementor-divider\">\n\t\t\t<span class=\"elementor-divider-separator\">\n\t\t\t\t\t\t<\/span>\n\t\t<\/div>\n\t\t\t\t\t\t<\/div>\n\t\t\t\t<\/div>\n\t\t<div class=\"elementor-element elementor-element-24a2bb6c e-con-full e-flex e-con e-child\" data-id=\"24a2bb6c\" data-element_type=\"container\">\n\t\t\t\t<div class=\"elementor-element elementor-element-22335a59 elementor-widget elementor-widget-heading\" data-id=\"22335a59\" data-element_type=\"widget\" data-widget_type=\"heading.default\">\n\t\t\t\t\t<span class=\"elementor-heading-title elementor-size-default\">Access instructions<\/span>\t\t\t\t<\/div>\n\t\t\t\t<div class=\"elementor-element elementor-element-74621c2b elementor-widget elementor-widget-text-editor\" data-id=\"74621c2b\" data-element_type=\"widget\" data-widget_type=\"text-editor.default\">\n\t\t\t\t\t\t\t\t\t<p>Access is available to members of the institutions of our <a href=\"https:\/\/www.menalib.de\/english\/digital-resources\/licensed-databases\/user-group\/\" target=\"_blank\" rel=\"noopener\">user group<\/a> available until 25 January 2022. Authentication is carried out using the IP numbers of the respective network.<\/p><p>A VPN or other remote connection is required when working from home. If you are unable to access via a remote connection, you can use <a href=\"https:\/\/nahost.fid-lizenzen.de\/kfllogin\" target=\"_blank\" rel=\"noopener\">login as a single user<\/a>.<\/p>\t\t\t\t\t\t\t\t<\/div>\n\t\t\t\t<\/div>\n\t\t\t\t\t<\/div>\n\t\t\t\t<\/div>\n\t\t\t\t<\/div>","protected":false},"excerpt":{"rendered":"<p>Completed  Noor Specialised Magazines offers digitised versions of specialist journals for Islamic studies, social sciences and humanities. The extensive text and image database is now one of the most important databases for academic texts in Persian. It is maintained by the Computer Research Centre of Islamic Sciences (CRCIS) in Iran. Provider's platform Our specialist information service conducted a trial phase of this product until [...].<\/p>","protected":false},"author":4,"featured_media":0,"parent":368,"menu_order":0,"comment_status":"closed","ping_status":"closed","template":"","meta":{"footnotes":""},"class_list":["post-1244","page","type-page","status-publish","hentry"],"yoast_head":"<!-- This site is optimized with the Yoast SEO plugin v25.9 - https:\/\/yoast.com\/wordpress\/plugins\/seo\/ -->\n<title>Noormags - MENAlib - Webportal des FID Nahost-, Nordafrika- und Islamstudien<\/title>\n<meta name=\"robots\" content=\"index, follow, max-snippet:-1, max-image-preview:large, max-video-preview:-1\" \/>\n<link rel=\"canonical\" href=\"https:\/\/www.menalib.de\/english\/digital-resources\/licensed-databases\/noormags\/\" \/>\n<meta property=\"og:locale\" content=\"en_GB\" \/>\n<meta property=\"og:type\" content=\"article\" \/>\n<meta property=\"og:title\" content=\"Noormags - MENAlib - Webportal des FID Nahost-, Nordafrika- und Islamstudien\" \/>\n<meta property=\"og:description\" content=\"Abgeschlossen\u00a0 Noor Specialized Magazines bietet digitalisierte Versionen von Fachzeitschriften f\u00fcr Islamwissenschaften, Sozial- und Geisteswissenschaften an. Die umfangreiche Text-Bild-Datenbank geh\u00f6rt inzwischen zu den wichtigsten Datenbanken f\u00fcr wissenschaftliche Texte in persischer Sprache. Sie wird vom Computer Research Center of Islamic Sciences (CRCIS) im Iran betreut. Plattform des Anbieters Unser Fachinformationsdienst hatte eine Testphase dieses Produktes bis zum [&hellip;]\" \/>\n<meta property=\"og:url\" content=\"https:\/\/www.menalib.de\/english\/digital-resources\/licensed-databases\/noormags\/\" \/>\n<meta property=\"og:site_name\" content=\"MENAlib - Webportal des FID Nahost-, Nordafrika- und Islamstudien\" \/>\n<meta property=\"article:modified_time\" content=\"2025-10-22T12:13:03+00:00\" \/>\n<meta property=\"og:image\" content=\"https:\/\/menalib.bibliothek.uni-halle.de\/wp-content\/uploads\/sites\/2\/2025\/10\/noormags-screenshot_01-800x456-2.jpg\" \/>\n<meta name=\"twitter:card\" content=\"summary_large_image\" \/>\n<script type=\"application\/ld+json\" class=\"yoast-schema-graph\">{\"@context\":\"https:\/\/schema.org\",\"@graph\":[{\"@type\":\"WebPage\",\"@id\":\"https:\/\/www.menalib.de\/digitale-ressourcen\/lizensierte-datenbanken\/noormags\/\",\"url\":\"https:\/\/www.menalib.de\/digitale-ressourcen\/lizensierte-datenbanken\/noormags\/\",\"name\":\"Noormags - MENAlib - Webportal des FID Nahost-, Nordafrika- und Islamstudien\",\"isPartOf\":{\"@id\":\"https:\/\/www.menalib.de\/#website\"},\"primaryImageOfPage\":{\"@id\":\"https:\/\/www.menalib.de\/digitale-ressourcen\/lizensierte-datenbanken\/noormags\/#primaryimage\"},\"image\":{\"@id\":\"https:\/\/www.menalib.de\/digitale-ressourcen\/lizensierte-datenbanken\/noormags\/#primaryimage\"},\"thumbnailUrl\":\"https:\/\/menalib.bibliothek.uni-halle.de\/wp-content\/uploads\/sites\/2\/2025\/10\/noormags-screenshot_01-800x456-2.jpg\",\"datePublished\":\"2025-10-01T11:18:23+00:00\",\"dateModified\":\"2025-10-22T12:13:03+00:00\",\"breadcrumb\":{\"@id\":\"https:\/\/www.menalib.de\/digitale-ressourcen\/lizensierte-datenbanken\/noormags\/#breadcrumb\"},\"inLanguage\":\"en-GB\",\"potentialAction\":[{\"@type\":\"ReadAction\",\"target\":[\"https:\/\/www.menalib.de\/digitale-ressourcen\/lizensierte-datenbanken\/noormags\/\"]}]},{\"@type\":\"ImageObject\",\"inLanguage\":\"en-GB\",\"@id\":\"https:\/\/www.menalib.de\/digitale-ressourcen\/lizensierte-datenbanken\/noormags\/#primaryimage\",\"url\":\"https:\/\/menalib.bibliothek.uni-halle.de\/wp-content\/uploads\/sites\/2\/2025\/10\/noormags-screenshot_01-800x456-2.jpg\",\"contentUrl\":\"https:\/\/menalib.bibliothek.uni-halle.de\/wp-content\/uploads\/sites\/2\/2025\/10\/noormags-screenshot_01-800x456-2.jpg\"},{\"@type\":\"BreadcrumbList\",\"@id\":\"https:\/\/www.menalib.de\/digitale-ressourcen\/lizensierte-datenbanken\/noormags\/#breadcrumb\",\"itemListElement\":[{\"@type\":\"ListItem\",\"position\":1,\"name\":\"Startseite\",\"item\":\"https:\/\/www.menalib.de\/\"},{\"@type\":\"ListItem\",\"position\":2,\"name\":\"Digitale Ressourcen\",\"item\":\"https:\/\/www.menalib.de\/digitale-ressourcen\/\"},{\"@type\":\"ListItem\",\"position\":3,\"name\":\"Lizensierte Datenbanken\",\"item\":\"https:\/\/www.menalib.de\/digitale-ressourcen\/lizensierte-datenbanken\/\"},{\"@type\":\"ListItem\",\"position\":4,\"name\":\"Noormags\"}]},{\"@type\":\"WebSite\",\"@id\":\"https:\/\/www.menalib.de\/#website\",\"url\":\"https:\/\/www.menalib.de\/\",\"name\":\"MENAlib - Webportal des FID Nahost-, Nordafrika- und Islamstudien\",\"description\":\"\",\"publisher\":{\"@id\":\"https:\/\/www.menalib.de\/#organization\"},\"potentialAction\":[{\"@type\":\"SearchAction\",\"target\":{\"@type\":\"EntryPoint\",\"urlTemplate\":\"https:\/\/www.menalib.de\/?s={search_term_string}\"},\"query-input\":{\"@type\":\"PropertyValueSpecification\",\"valueRequired\":true,\"valueName\":\"search_term_string\"}}],\"inLanguage\":\"en-GB\"},{\"@type\":\"Organization\",\"@id\":\"https:\/\/www.menalib.de\/#organization\",\"name\":\"MENAlib - Webportal des FID Nahost-, Nordafrika- und Islamstudien\",\"url\":\"https:\/\/www.menalib.de\/\",\"logo\":{\"@type\":\"ImageObject\",\"inLanguage\":\"en-GB\",\"@id\":\"https:\/\/www.menalib.de\/#\/schema\/logo\/image\/\",\"url\":\"https:\/\/www.menalib.de\/wp-content\/uploads\/sites\/2\/2025\/09\/fid-logo-high-end-2025.jpg\",\"contentUrl\":\"https:\/\/www.menalib.de\/wp-content\/uploads\/sites\/2\/2025\/09\/fid-logo-high-end-2025.jpg\",\"width\":968,\"height\":529,\"caption\":\"MENAlib - Webportal des FID Nahost-, Nordafrika- und Islamstudien\"},\"image\":{\"@id\":\"https:\/\/www.menalib.de\/#\/schema\/logo\/image\/\"}}]}<\/script>\n<!-- \/ Yoast SEO plugin. -->","yoast_head_json":{"title":"Noormags - MENAlib - Webportal of the FID Middle East, North Africa and Islamic Studies","robots":{"index":"index","follow":"follow","max-snippet":"max-snippet:-1","max-image-preview":"max-image-preview:large","max-video-preview":"max-video-preview:-1"},"canonical":"https:\/\/www.menalib.de\/english\/digital-resources\/licensed-databases\/noormags\/","og_locale":"en_GB","og_type":"article","og_title":"Noormags - MENAlib - Webportal des FID Nahost-, Nordafrika- und Islamstudien","og_description":"Abgeschlossen\u00a0 Noor Specialized Magazines bietet digitalisierte Versionen von Fachzeitschriften f\u00fcr Islamwissenschaften, Sozial- und Geisteswissenschaften an. Die umfangreiche Text-Bild-Datenbank geh\u00f6rt inzwischen zu den wichtigsten Datenbanken f\u00fcr wissenschaftliche Texte in persischer Sprache. Sie wird vom Computer Research Center of Islamic Sciences (CRCIS) im Iran betreut. Plattform des Anbieters Unser Fachinformationsdienst hatte eine Testphase dieses Produktes bis zum [&hellip;]","og_url":"https:\/\/www.menalib.de\/english\/digital-resources\/licensed-databases\/noormags\/","og_site_name":"MENAlib - Webportal des FID Nahost-, Nordafrika- und Islamstudien","article_modified_time":"2025-10-22T12:13:03+00:00","og_image":[{"url":"https:\/\/menalib.bibliothek.uni-halle.de\/wp-content\/uploads\/sites\/2\/2025\/10\/noormags-screenshot_01-800x456-2.jpg","type":"","width":"","height":""}],"twitter_card":"summary_large_image","schema":{"@context":"https:\/\/schema.org","@graph":[{"@type":"WebPage","@id":"https:\/\/www.menalib.de\/digitale-ressourcen\/lizensierte-datenbanken\/noormags\/","url":"https:\/\/www.menalib.de\/digitale-ressourcen\/lizensierte-datenbanken\/noormags\/","name":"Noormags - MENAlib - Webportal of the FID Middle East, North Africa and Islamic Studies","isPartOf":{"@id":"https:\/\/www.menalib.de\/#website"},"primaryImageOfPage":{"@id":"https:\/\/www.menalib.de\/digitale-ressourcen\/lizensierte-datenbanken\/noormags\/#primaryimage"},"image":{"@id":"https:\/\/www.menalib.de\/digitale-ressourcen\/lizensierte-datenbanken\/noormags\/#primaryimage"},"thumbnailUrl":"https:\/\/menalib.bibliothek.uni-halle.de\/wp-content\/uploads\/sites\/2\/2025\/10\/noormags-screenshot_01-800x456-2.jpg","datePublished":"2025-10-01T11:18:23+00:00","dateModified":"2025-10-22T12:13:03+00:00","breadcrumb":{"@id":"https:\/\/www.menalib.de\/digitale-ressourcen\/lizensierte-datenbanken\/noormags\/#breadcrumb"},"inLanguage":"en-GB","potentialAction":[{"@type":"ReadAction","target":["https:\/\/www.menalib.de\/digitale-ressourcen\/lizensierte-datenbanken\/noormags\/"]}]},{"@type":"ImageObject","inLanguage":"en-GB","@id":"https:\/\/www.menalib.de\/digitale-ressourcen\/lizensierte-datenbanken\/noormags\/#primaryimage","url":"https:\/\/menalib.bibliothek.uni-halle.de\/wp-content\/uploads\/sites\/2\/2025\/10\/noormags-screenshot_01-800x456-2.jpg","contentUrl":"https:\/\/menalib.bibliothek.uni-halle.de\/wp-content\/uploads\/sites\/2\/2025\/10\/noormags-screenshot_01-800x456-2.jpg"},{"@type":"BreadcrumbList","@id":"https:\/\/www.menalib.de\/digitale-ressourcen\/lizensierte-datenbanken\/noormags\/#breadcrumb","itemListElement":[{"@type":"ListItem","position":1,"name":"Startseite","item":"https:\/\/www.menalib.de\/"},{"@type":"ListItem","position":2,"name":"Digitale Ressourcen","item":"https:\/\/www.menalib.de\/digitale-ressourcen\/"},{"@type":"ListItem","position":3,"name":"Lizensierte Datenbanken","item":"https:\/\/www.menalib.de\/digitale-ressourcen\/lizensierte-datenbanken\/"},{"@type":"ListItem","position":4,"name":"Noormags"}]},{"@type":"WebSite","@id":"https:\/\/www.menalib.de\/#website","url":"https:\/\/www.menalib.de\/","name":"MENAlib - Web portal of the FID Middle East, North Africa and Islamic Studies","description":"","publisher":{"@id":"https:\/\/www.menalib.de\/#organization"},"potentialAction":[{"@type":"SearchAction","target":{"@type":"EntryPoint","urlTemplate":"https:\/\/www.menalib.de\/?s={search_term_string}"},"query-input":{"@type":"PropertyValueSpecification","valueRequired":true,"valueName":"search_term_string"}}],"inLanguage":"en-GB"},{"@type":"Organization","@id":"https:\/\/www.menalib.de\/#organization","name":"MENAlib - Web portal of the FID Middle East, North Africa and Islamic Studies","url":"https:\/\/www.menalib.de\/","logo":{"@type":"ImageObject","inLanguage":"en-GB","@id":"https:\/\/www.menalib.de\/#\/schema\/logo\/image\/","url":"https:\/\/www.menalib.de\/wp-content\/uploads\/sites\/2\/2025\/09\/fid-logo-high-end-2025.jpg","contentUrl":"https:\/\/www.menalib.de\/wp-content\/uploads\/sites\/2\/2025\/09\/fid-logo-high-end-2025.jpg","width":968,"height":529,"caption":"MENAlib - Webportal des FID Nahost-, Nordafrika- und Islamstudien"},"image":{"@id":"https:\/\/www.menalib.de\/#\/schema\/logo\/image\/"}}]}},"_links":{"self":[{"href":"https:\/\/www.menalib.de\/english\/wp-json\/wp\/v2\/pages\/1244","targetHints":{"allow":["GET"]}}],"collection":[{"href":"https:\/\/www.menalib.de\/english\/wp-json\/wp\/v2\/pages"}],"about":[{"href":"https:\/\/www.menalib.de\/english\/wp-json\/wp\/v2\/types\/page"}],"author":[{"embeddable":true,"href":"https:\/\/www.menalib.de\/english\/wp-json\/wp\/v2\/users\/4"}],"replies":[{"embeddable":true,"href":"https:\/\/www.menalib.de\/english\/wp-json\/wp\/v2\/comments?post=1244"}],"version-history":[{"count":13,"href":"https:\/\/www.menalib.de\/english\/wp-json\/wp\/v2\/pages\/1244\/revisions"}],"predecessor-version":[{"id":2484,"href":"https:\/\/www.menalib.de\/english\/wp-json\/wp\/v2\/pages\/1244\/revisions\/2484"}],"up":[{"embeddable":true,"href":"https:\/\/www.menalib.de\/english\/wp-json\/wp\/v2\/pages\/368"}],"wp:attachment":[{"href":"https:\/\/www.menalib.de\/english\/wp-json\/wp\/v2\/media?parent=1244"}],"curies":[{"name":"wp","href":"https:\/\/api.w.org\/{rel}","templated":true}]}}