{"id":1235,"date":"2025-10-01T13:16:58","date_gmt":"2025-10-01T11:16:58","guid":{"rendered":"https:\/\/menalib.bibliothek.uni-halle.de\/?page_id=1235"},"modified":"2025-10-22T14:10:36","modified_gmt":"2025-10-22T12:10:36","slug":"hebrew-judeo-arabic-and-marathi-jewish-printing-in-india-online","status":"publish","type":"page","link":"https:\/\/www.menalib.de\/english\/digital-resources\/licensed-databases\/hebrew-judeo-arabic-and-marathi-jewish-printing-in-india-online\/","title":{"rendered":"Hebrew, Judeo-Arabic, and Marathi Jewish Printing in India Online"},"content":{"rendered":"<div data-elementor-type=\"wp-page\" data-elementor-id=\"1235\" class=\"elementor elementor-1235\" data-elementor-post-type=\"page\">\n\t\t\t\t<div class=\"elementor-element elementor-element-204056ed e-flex e-con-boxed e-con e-parent\" data-id=\"204056ed\" data-element_type=\"container\">\n\t\t\t\t\t<div class=\"e-con-inner\">\n\t\t<div class=\"elementor-element elementor-element-38d1d655 e-con-full e-flex e-con e-child\" data-id=\"38d1d655\" data-element_type=\"container\">\n\t\t\t\t<div class=\"elementor-element elementor-element-1827f167 elementor-widget elementor-widget-breadcrumbs\" data-id=\"1827f167\" data-element_type=\"widget\" data-widget_type=\"breadcrumbs.default\">\n\t\t\t\t\t<p id=\"breadcrumbs\"><span><span><a href=\"https:\/\/www.menalib.de\/english\/\">Home page<\/a><\/span><\/span><\/p>\t\t\t\t<\/div>\n\t\t\t\t<\/div>\n\t\t\t\t\t<\/div>\n\t\t\t\t<\/div>\n\t\t<div class=\"elementor-element elementor-element-4407c29a e-flex e-con-boxed e-con e-parent\" data-id=\"4407c29a\" data-element_type=\"container\">\n\t\t\t\t\t<div class=\"e-con-inner\">\n\t\t<div class=\"elementor-element elementor-element-492c0c96 e-con-full e-flex e-con e-child\" data-id=\"492c0c96\" data-element_type=\"container\" data-settings=\"{&quot;background_background&quot;:&quot;classic&quot;}\">\n\t\t<div class=\"elementor-element elementor-element-6b674355 e-flex e-con-boxed e-con e-child\" data-id=\"6b674355\" data-element_type=\"container\" data-settings=\"{&quot;background_background&quot;:&quot;classic&quot;}\">\n\t\t\t\t\t<div class=\"e-con-inner\">\n\t\t\t\t<div class=\"elementor-element elementor-element-46d0eeba elementor-widget__width-initial elementor-widget elementor-widget-text-editor\" data-id=\"46d0eeba\" data-element_type=\"widget\" data-widget_type=\"text-editor.default\">\n\t\t\t\t\t\t\t\t\t<p>Completed\u00a0<\/p>\t\t\t\t\t\t\t\t<\/div>\n\t\t\t\t<div class=\"elementor-element elementor-element-615f7aa1 elementor-widget elementor-widget-text-editor\" data-id=\"615f7aa1\" data-element_type=\"widget\" data-widget_type=\"text-editor.default\">\n\t\t\t\t\t\t\t\t\t<p><em>The Valmadonna Collection<\/em> of Hebrew and Jewish books from India, provided by Brill, is a unique and unrivalled source<span id=\"more-13830\"><\/span> for the study of oriental printing and lithography, Hebrew poetry and liturgical history, Jewish-Arabic literature of the East as well as the folklore, traditions and popular writings of the Jews of South Asia.<\/p>\t\t\t\t\t\t\t\t<\/div>\n\t\t\t\t\t<\/div>\n\t\t\t\t<\/div>\n\t\t\t\t<\/div>\n\t\t<div class=\"elementor-element elementor-element-6985401e e-con-full e-flex e-con e-child\" data-id=\"6985401e\" data-element_type=\"container\" data-settings=\"{&quot;background_background&quot;:&quot;classic&quot;}\">\n\t\t\t\t<div class=\"elementor-element elementor-element-4555b6e8 elementor-widget elementor-widget-image\" data-id=\"4555b6e8\" data-element_type=\"widget\" data-widget_type=\"image.default\">\n\t\t\t\t\t\t\t\t\t\t\t\t\t\t\t<img fetchpriority=\"high\" decoding=\"async\" width=\"800\" height=\"575\" src=\"https:\/\/www.menalib.de\/wp-content\/uploads\/sites\/2\/2025\/10\/Hebrew-and-Judeo-Arabic-Printing-in-India-1-1024x736.jpg\" class=\"attachment-large size-large wp-image-2342\" alt=\"\" srcset=\"https:\/\/www.menalib.de\/wp-content\/uploads\/sites\/2\/2025\/10\/Hebrew-and-Judeo-Arabic-Printing-in-India-1-1024x736.jpg 1024w, https:\/\/www.menalib.de\/wp-content\/uploads\/sites\/2\/2025\/10\/Hebrew-and-Judeo-Arabic-Printing-in-India-1-300x216.jpg 300w, https:\/\/www.menalib.de\/wp-content\/uploads\/sites\/2\/2025\/10\/Hebrew-and-Judeo-Arabic-Printing-in-India-1-768x552.jpg 768w, https:\/\/www.menalib.de\/wp-content\/uploads\/sites\/2\/2025\/10\/Hebrew-and-Judeo-Arabic-Printing-in-India-1-1536x1104.jpg 1536w, https:\/\/www.menalib.de\/wp-content\/uploads\/sites\/2\/2025\/10\/Hebrew-and-Judeo-Arabic-Printing-in-India-1-18x12.jpg 18w, https:\/\/www.menalib.de\/wp-content\/uploads\/sites\/2\/2025\/10\/Hebrew-and-Judeo-Arabic-Printing-in-India-1.jpg 1889w\" sizes=\"(max-width: 800px) 100vw, 800px\" \/>\t\t\t\t\t\t\t\t\t\t\t\t\t\t\t<\/div>\n\t\t\t\t<\/div>\n\t\t\t\t\t<\/div>\n\t\t\t\t<\/div>\n\t\t<div class=\"elementor-element elementor-element-272fa72 e-flex e-con-boxed e-con e-parent\" data-id=\"272fa72\" data-element_type=\"container\">\n\t\t\t\t\t<div class=\"e-con-inner\">\n\t\t<div class=\"elementor-element elementor-element-54da1909 e-con-full e-flex e-con e-child\" data-id=\"54da1909\" data-element_type=\"container\">\n\t\t\t\t<div class=\"elementor-element elementor-element-404ce8f2 elementor-widget__width-initial elementor-widget-divider--view-line elementor-invisible elementor-widget elementor-widget-divider\" data-id=\"404ce8f2\" data-element_type=\"widget\" data-settings=\"{&quot;_animation&quot;:&quot;fadeInLeft&quot;}\" data-widget_type=\"divider.default\">\n\t\t\t\t\t\t\t<div class=\"elementor-divider\">\n\t\t\t<span class=\"elementor-divider-separator\">\n\t\t\t\t\t\t<\/span>\n\t\t<\/div>\n\t\t\t\t\t\t<\/div>\n\t\t\t\t<\/div>\n\t\t<div class=\"elementor-element elementor-element-3d8c97a8 e-con-full e-flex e-con e-child\" data-id=\"3d8c97a8\" data-element_type=\"container\">\n\t\t\t\t<div class=\"elementor-element elementor-element-77b6bb86 elementor-widget elementor-widget-heading\" data-id=\"77b6bb86\" data-element_type=\"widget\" data-widget_type=\"heading.default\">\n\t\t\t\t\t<span class=\"elementor-heading-title elementor-size-default\">Platform of the provider<\/span>\t\t\t\t<\/div>\n\t\t\t\t<div class=\"elementor-element elementor-element-1653e033 elementor-widget elementor-widget-text-editor\" data-id=\"1653e033\" data-element_type=\"widget\" data-widget_type=\"text-editor.default\">\n\t\t\t\t\t\t\t\t\t<p>This Brill\/IDC publication makes the entire corpus of Indo-Jewish literature available to researchers for the first time.<\/p><p>Our specialised information service had a test phase of this product <strong>until 31 March 2023<\/strong> for our <a href=\"https:\/\/www.menalib.de\/english\/digital-resources\/licensed-databases\/user-group-models-of-the-fid-licences\/\" target=\"_blank\" rel=\"noopener\">subject-specific circle of users<\/a> agreed.\u00a0<\/p>\t\t\t\t\t\t\t\t<\/div>\n\t\t\t\t<\/div>\n\t\t\t\t\t<\/div>\n\t\t\t\t<\/div>\n\t\t<div class=\"elementor-element elementor-element-2b35b920 e-flex e-con-boxed e-con e-parent\" data-id=\"2b35b920\" data-element_type=\"container\">\n\t\t\t\t\t<div class=\"e-con-inner\">\n\t\t<div class=\"elementor-element elementor-element-7b444e48 e-con-full e-flex e-con e-child\" data-id=\"7b444e48\" data-element_type=\"container\">\n\t\t\t\t<div class=\"elementor-element elementor-element-70e86b64 elementor-widget__width-initial elementor-widget-divider--view-line elementor-invisible elementor-widget elementor-widget-divider\" data-id=\"70e86b64\" data-element_type=\"widget\" data-settings=\"{&quot;_animation&quot;:&quot;fadeInLeft&quot;}\" data-widget_type=\"divider.default\">\n\t\t\t\t\t\t\t<div class=\"elementor-divider\">\n\t\t\t<span class=\"elementor-divider-separator\">\n\t\t\t\t\t\t<\/span>\n\t\t<\/div>\n\t\t\t\t\t\t<\/div>\n\t\t\t\t<\/div>\n\t\t<div class=\"elementor-element elementor-element-69a88507 e-con-full e-flex e-con e-child\" data-id=\"69a88507\" data-element_type=\"container\">\n\t\t\t\t<div class=\"elementor-element elementor-element-1450c769 elementor-widget elementor-widget-heading\" data-id=\"1450c769\" data-element_type=\"widget\" data-widget_type=\"heading.default\">\n\t\t\t\t\t<span class=\"elementor-heading-title elementor-size-default\">About the work<\/span>\t\t\t\t<\/div>\n\t\t\t\t<div class=\"elementor-element elementor-element-18de7df6 elementor-widget elementor-widget-text-editor\" data-id=\"18de7df6\" data-element_type=\"widget\" data-widget_type=\"text-editor.default\">\n\t\t\t\t\t\t\t\t\t<p>The contents of the Valmadonna collection include <strong>over 730 articles<\/strong>including:<\/p><ul><li>Early prints from Calcutta, Bombay, Poona and Cochin<\/li><li>Rare oriental liturgies and caper books<\/li><li>Baghdadi and Yemeni poetry and scholarship<\/li><li>Judeo-Arabic and Aramaic literature<\/li><li>Illustrated Haggadahs and Jewish-Urduist dramas<\/li><li>Texts and translations from Marathi and Malayalam<\/li><li>Unique Indian lithographs<\/li><\/ul>\t\t\t\t\t\t\t\t<\/div>\n\t\t\t\t<\/div>\n\t\t\t\t\t<\/div>\n\t\t\t\t<\/div>\n\t\t<div class=\"elementor-element elementor-element-61fa2ee2 e-flex e-con-boxed e-con e-parent\" data-id=\"61fa2ee2\" data-element_type=\"container\">\n\t\t\t\t\t<div class=\"e-con-inner\">\n\t\t<div class=\"elementor-element elementor-element-5831761 e-con-full e-flex e-con e-child\" data-id=\"5831761\" data-element_type=\"container\">\n\t\t\t\t<div class=\"elementor-element elementor-element-544fb977 elementor-widget__width-initial elementor-widget-divider--view-line elementor-invisible elementor-widget elementor-widget-divider\" data-id=\"544fb977\" data-element_type=\"widget\" data-settings=\"{&quot;_animation&quot;:&quot;fadeInLeft&quot;}\" data-widget_type=\"divider.default\">\n\t\t\t\t\t\t\t<div class=\"elementor-divider\">\n\t\t\t<span class=\"elementor-divider-separator\">\n\t\t\t\t\t\t<\/span>\n\t\t<\/div>\n\t\t\t\t\t\t<\/div>\n\t\t\t\t<\/div>\n\t\t<div class=\"elementor-element elementor-element-18ad410f e-con-full e-flex e-con e-child\" data-id=\"18ad410f\" data-element_type=\"container\">\n\t\t\t\t<div class=\"elementor-element elementor-element-217e5b41 elementor-widget elementor-widget-heading\" data-id=\"217e5b41\" data-element_type=\"widget\" data-widget_type=\"heading.default\">\n\t\t\t\t\t<span class=\"elementor-heading-title elementor-size-default\">Access instructions<\/span>\t\t\t\t<\/div>\n\t\t\t\t<div class=\"elementor-element elementor-element-676a6dd1 elementor-widget elementor-widget-text-editor\" data-id=\"676a6dd1\" data-element_type=\"widget\" data-widget_type=\"text-editor.default\">\n\t\t\t\t\t\t\t\t\t<p>Access is available to members of the institutions of our <a href=\"https:\/\/www.menalib.de\/english\/digital-resources\/licensed-databases\/user-group-models-of-the-fid-licences\/\" target=\"_blank\" rel=\"noopener\">user group<\/a> available until 31 March 2023. Authentication is carried out using the IP numbers of the respective network.<\/p><p>A VPN or other remote connection is required when working from home. If you are unable to access via a remote connection, you can use <a href=\"https:\/\/nahost.fid-lizenzen.de\/kfllogin\" target=\"_blank\" rel=\"noopener\">login as a single user<\/a>.<\/p>\t\t\t\t\t\t\t\t<\/div>\n\t\t\t\t<\/div>\n\t\t\t\t\t<\/div>\n\t\t\t\t<\/div>\n\t\t\t\t<\/div>","protected":false},"excerpt":{"rendered":"<p>Completed  The Valmadonna Collection of Hebrew and Jewish books from India, provided by Brill, is a unique and unparalleled resource for the study of Oriental printing and lithography, Hebrew poetry and liturgical history, Jewish-Arabic literature of the East, and the folklore, traditions and popular writings of the Jews of South Asia. Provider's platform With this [\u2026]<\/p>","protected":false},"author":4,"featured_media":0,"parent":368,"menu_order":0,"comment_status":"closed","ping_status":"closed","template":"","meta":{"footnotes":""},"class_list":["post-1235","page","type-page","status-publish","hentry"],"yoast_head":"<!-- This site is optimized with the Yoast SEO plugin v25.9 - https:\/\/yoast.com\/wordpress\/plugins\/seo\/ -->\n<title>Hebrew, Judeo-Arabic, and Marathi Jewish Printing in India Online - MENAlib - Webportal des FID Nahost-, Nordafrika- und Islamstudien<\/title>\n<meta name=\"robots\" content=\"index, follow, max-snippet:-1, max-image-preview:large, max-video-preview:-1\" \/>\n<link rel=\"canonical\" href=\"https:\/\/www.menalib.de\/english\/digital-resources\/licensed-databases\/hebrew-judeo-arabic-and-marathi-jewish-printing-in-india-online\/\" \/>\n<meta property=\"og:locale\" content=\"en_GB\" \/>\n<meta property=\"og:type\" content=\"article\" \/>\n<meta property=\"og:title\" content=\"Hebrew, Judeo-Arabic, and Marathi Jewish Printing in India Online - MENAlib - Webportal des FID Nahost-, Nordafrika- und Islamstudien\" \/>\n<meta property=\"og:description\" content=\"Abgeschlossen\u00a0 Die Valmadonna-Sammlung hebr\u00e4ischer und j\u00fcdischer B\u00fccher aus Indien, bereitgestellt durch Brill, ist eine einzigartige und einmalige Quelle f\u00fcr das Studium des orientalischen Drucks und der Lithographie, der hebr\u00e4ischen Poesie und der liturgischen Geschichte, der j\u00fcdisch-arabischen Literatur des Ostens sowie der Folklore, der Traditionen und volkst\u00fcmlichen Schriften der Juden S\u00fcdasiens. Plattform des Anbieters Mit dieser [&hellip;]\" \/>\n<meta property=\"og:url\" content=\"https:\/\/www.menalib.de\/english\/digital-resources\/licensed-databases\/hebrew-judeo-arabic-and-marathi-jewish-printing-in-india-online\/\" \/>\n<meta property=\"og:site_name\" content=\"MENAlib - Webportal des FID Nahost-, Nordafrika- und Islamstudien\" \/>\n<meta property=\"article:modified_time\" content=\"2025-10-22T12:10:36+00:00\" \/>\n<meta property=\"og:image\" content=\"https:\/\/menalib.bibliothek.uni-halle.de\/wp-content\/uploads\/sites\/2\/2025\/10\/Hebrew-and-Judeo-Arabic-Printing-in-India-1-1024x736.jpg\" \/>\n<meta name=\"twitter:card\" content=\"summary_large_image\" \/>\n<script type=\"application\/ld+json\" class=\"yoast-schema-graph\">{\"@context\":\"https:\/\/schema.org\",\"@graph\":[{\"@type\":\"WebPage\",\"@id\":\"https:\/\/www.menalib.de\/digitale-ressourcen\/lizensierte-datenbanken\/hebrew-judeo-arabic-and-marathi-jewish-printing-in-india-online\/\",\"url\":\"https:\/\/www.menalib.de\/digitale-ressourcen\/lizensierte-datenbanken\/hebrew-judeo-arabic-and-marathi-jewish-printing-in-india-online\/\",\"name\":\"Hebrew, Judeo-Arabic, and Marathi Jewish Printing in India Online - MENAlib - Webportal des FID Nahost-, Nordafrika- und Islamstudien\",\"isPartOf\":{\"@id\":\"https:\/\/www.menalib.de\/#website\"},\"primaryImageOfPage\":{\"@id\":\"https:\/\/www.menalib.de\/digitale-ressourcen\/lizensierte-datenbanken\/hebrew-judeo-arabic-and-marathi-jewish-printing-in-india-online\/#primaryimage\"},\"image\":{\"@id\":\"https:\/\/www.menalib.de\/digitale-ressourcen\/lizensierte-datenbanken\/hebrew-judeo-arabic-and-marathi-jewish-printing-in-india-online\/#primaryimage\"},\"thumbnailUrl\":\"https:\/\/menalib.bibliothek.uni-halle.de\/wp-content\/uploads\/sites\/2\/2025\/10\/Hebrew-and-Judeo-Arabic-Printing-in-India-1-1024x736.jpg\",\"datePublished\":\"2025-10-01T11:16:58+00:00\",\"dateModified\":\"2025-10-22T12:10:36+00:00\",\"breadcrumb\":{\"@id\":\"https:\/\/www.menalib.de\/digitale-ressourcen\/lizensierte-datenbanken\/hebrew-judeo-arabic-and-marathi-jewish-printing-in-india-online\/#breadcrumb\"},\"inLanguage\":\"en-GB\",\"potentialAction\":[{\"@type\":\"ReadAction\",\"target\":[\"https:\/\/www.menalib.de\/digitale-ressourcen\/lizensierte-datenbanken\/hebrew-judeo-arabic-and-marathi-jewish-printing-in-india-online\/\"]}]},{\"@type\":\"ImageObject\",\"inLanguage\":\"en-GB\",\"@id\":\"https:\/\/www.menalib.de\/digitale-ressourcen\/lizensierte-datenbanken\/hebrew-judeo-arabic-and-marathi-jewish-printing-in-india-online\/#primaryimage\",\"url\":\"https:\/\/menalib.bibliothek.uni-halle.de\/wp-content\/uploads\/sites\/2\/2025\/10\/Hebrew-and-Judeo-Arabic-Printing-in-India-1-1024x736.jpg\",\"contentUrl\":\"https:\/\/menalib.bibliothek.uni-halle.de\/wp-content\/uploads\/sites\/2\/2025\/10\/Hebrew-and-Judeo-Arabic-Printing-in-India-1-1024x736.jpg\"},{\"@type\":\"BreadcrumbList\",\"@id\":\"https:\/\/www.menalib.de\/digitale-ressourcen\/lizensierte-datenbanken\/hebrew-judeo-arabic-and-marathi-jewish-printing-in-india-online\/#breadcrumb\",\"itemListElement\":[{\"@type\":\"ListItem\",\"position\":1,\"name\":\"Startseite\",\"item\":\"https:\/\/www.menalib.de\/\"},{\"@type\":\"ListItem\",\"position\":2,\"name\":\"Digitale Ressourcen\",\"item\":\"https:\/\/www.menalib.de\/digitale-ressourcen\/\"},{\"@type\":\"ListItem\",\"position\":3,\"name\":\"Lizensierte Datenbanken\",\"item\":\"https:\/\/www.menalib.de\/digitale-ressourcen\/lizensierte-datenbanken\/\"},{\"@type\":\"ListItem\",\"position\":4,\"name\":\"Hebrew, Judeo-Arabic, and Marathi Jewish Printing in India Online\"}]},{\"@type\":\"WebSite\",\"@id\":\"https:\/\/www.menalib.de\/#website\",\"url\":\"https:\/\/www.menalib.de\/\",\"name\":\"MENAlib - Webportal des FID Nahost-, Nordafrika- und Islamstudien\",\"description\":\"\",\"publisher\":{\"@id\":\"https:\/\/www.menalib.de\/#organization\"},\"potentialAction\":[{\"@type\":\"SearchAction\",\"target\":{\"@type\":\"EntryPoint\",\"urlTemplate\":\"https:\/\/www.menalib.de\/?s={search_term_string}\"},\"query-input\":{\"@type\":\"PropertyValueSpecification\",\"valueRequired\":true,\"valueName\":\"search_term_string\"}}],\"inLanguage\":\"en-GB\"},{\"@type\":\"Organization\",\"@id\":\"https:\/\/www.menalib.de\/#organization\",\"name\":\"MENAlib - Webportal des FID Nahost-, Nordafrika- und Islamstudien\",\"url\":\"https:\/\/www.menalib.de\/\",\"logo\":{\"@type\":\"ImageObject\",\"inLanguage\":\"en-GB\",\"@id\":\"https:\/\/www.menalib.de\/#\/schema\/logo\/image\/\",\"url\":\"https:\/\/www.menalib.de\/wp-content\/uploads\/sites\/2\/2025\/09\/fid-logo-high-end-2025.jpg\",\"contentUrl\":\"https:\/\/www.menalib.de\/wp-content\/uploads\/sites\/2\/2025\/09\/fid-logo-high-end-2025.jpg\",\"width\":968,\"height\":529,\"caption\":\"MENAlib - Webportal des FID Nahost-, Nordafrika- und Islamstudien\"},\"image\":{\"@id\":\"https:\/\/www.menalib.de\/#\/schema\/logo\/image\/\"}}]}<\/script>\n<!-- \/ Yoast SEO plugin. -->","yoast_head_json":{"title":"Hebrew, Judeo-Arabic, and Marathi Jewish Printing in India Online - MENAlib - Webportal des FID Nahost-, Nordafrika- und Islamstudien","robots":{"index":"index","follow":"follow","max-snippet":"max-snippet:-1","max-image-preview":"max-image-preview:large","max-video-preview":"max-video-preview:-1"},"canonical":"https:\/\/www.menalib.de\/english\/digital-resources\/licensed-databases\/hebrew-judeo-arabic-and-marathi-jewish-printing-in-india-online\/","og_locale":"en_GB","og_type":"article","og_title":"Hebrew, Judeo-Arabic, and Marathi Jewish Printing in India Online - MENAlib - Webportal des FID Nahost-, Nordafrika- und Islamstudien","og_description":"Abgeschlossen\u00a0 Die Valmadonna-Sammlung hebr\u00e4ischer und j\u00fcdischer B\u00fccher aus Indien, bereitgestellt durch Brill, ist eine einzigartige und einmalige Quelle f\u00fcr das Studium des orientalischen Drucks und der Lithographie, der hebr\u00e4ischen Poesie und der liturgischen Geschichte, der j\u00fcdisch-arabischen Literatur des Ostens sowie der Folklore, der Traditionen und volkst\u00fcmlichen Schriften der Juden S\u00fcdasiens. Plattform des Anbieters Mit dieser [&hellip;]","og_url":"https:\/\/www.menalib.de\/english\/digital-resources\/licensed-databases\/hebrew-judeo-arabic-and-marathi-jewish-printing-in-india-online\/","og_site_name":"MENAlib - Webportal des FID Nahost-, Nordafrika- und Islamstudien","article_modified_time":"2025-10-22T12:10:36+00:00","og_image":[{"url":"https:\/\/menalib.bibliothek.uni-halle.de\/wp-content\/uploads\/sites\/2\/2025\/10\/Hebrew-and-Judeo-Arabic-Printing-in-India-1-1024x736.jpg","type":"","width":"","height":""}],"twitter_card":"summary_large_image","schema":{"@context":"https:\/\/schema.org","@graph":[{"@type":"WebPage","@id":"https:\/\/www.menalib.de\/digitale-ressourcen\/lizensierte-datenbanken\/hebrew-judeo-arabic-and-marathi-jewish-printing-in-india-online\/","url":"https:\/\/www.menalib.de\/digitale-ressourcen\/lizensierte-datenbanken\/hebrew-judeo-arabic-and-marathi-jewish-printing-in-india-online\/","name":"Hebrew, Judeo-Arabic, and Marathi Jewish Printing in India Online - MENAlib - Webportal des FID Nahost-, Nordafrika- und Islamstudien","isPartOf":{"@id":"https:\/\/www.menalib.de\/#website"},"primaryImageOfPage":{"@id":"https:\/\/www.menalib.de\/digitale-ressourcen\/lizensierte-datenbanken\/hebrew-judeo-arabic-and-marathi-jewish-printing-in-india-online\/#primaryimage"},"image":{"@id":"https:\/\/www.menalib.de\/digitale-ressourcen\/lizensierte-datenbanken\/hebrew-judeo-arabic-and-marathi-jewish-printing-in-india-online\/#primaryimage"},"thumbnailUrl":"https:\/\/menalib.bibliothek.uni-halle.de\/wp-content\/uploads\/sites\/2\/2025\/10\/Hebrew-and-Judeo-Arabic-Printing-in-India-1-1024x736.jpg","datePublished":"2025-10-01T11:16:58+00:00","dateModified":"2025-10-22T12:10:36+00:00","breadcrumb":{"@id":"https:\/\/www.menalib.de\/digitale-ressourcen\/lizensierte-datenbanken\/hebrew-judeo-arabic-and-marathi-jewish-printing-in-india-online\/#breadcrumb"},"inLanguage":"en-GB","potentialAction":[{"@type":"ReadAction","target":["https:\/\/www.menalib.de\/digitale-ressourcen\/lizensierte-datenbanken\/hebrew-judeo-arabic-and-marathi-jewish-printing-in-india-online\/"]}]},{"@type":"ImageObject","inLanguage":"en-GB","@id":"https:\/\/www.menalib.de\/digitale-ressourcen\/lizensierte-datenbanken\/hebrew-judeo-arabic-and-marathi-jewish-printing-in-india-online\/#primaryimage","url":"https:\/\/menalib.bibliothek.uni-halle.de\/wp-content\/uploads\/sites\/2\/2025\/10\/Hebrew-and-Judeo-Arabic-Printing-in-India-1-1024x736.jpg","contentUrl":"https:\/\/menalib.bibliothek.uni-halle.de\/wp-content\/uploads\/sites\/2\/2025\/10\/Hebrew-and-Judeo-Arabic-Printing-in-India-1-1024x736.jpg"},{"@type":"BreadcrumbList","@id":"https:\/\/www.menalib.de\/digitale-ressourcen\/lizensierte-datenbanken\/hebrew-judeo-arabic-and-marathi-jewish-printing-in-india-online\/#breadcrumb","itemListElement":[{"@type":"ListItem","position":1,"name":"Startseite","item":"https:\/\/www.menalib.de\/"},{"@type":"ListItem","position":2,"name":"Digitale Ressourcen","item":"https:\/\/www.menalib.de\/digitale-ressourcen\/"},{"@type":"ListItem","position":3,"name":"Lizensierte Datenbanken","item":"https:\/\/www.menalib.de\/digitale-ressourcen\/lizensierte-datenbanken\/"},{"@type":"ListItem","position":4,"name":"Hebrew, Judeo-Arabic, and Marathi Jewish Printing in India Online"}]},{"@type":"WebSite","@id":"https:\/\/www.menalib.de\/#website","url":"https:\/\/www.menalib.de\/","name":"MENAlib - Web portal of the FID Middle East, North Africa and Islamic Studies","description":"","publisher":{"@id":"https:\/\/www.menalib.de\/#organization"},"potentialAction":[{"@type":"SearchAction","target":{"@type":"EntryPoint","urlTemplate":"https:\/\/www.menalib.de\/?s={search_term_string}"},"query-input":{"@type":"PropertyValueSpecification","valueRequired":true,"valueName":"search_term_string"}}],"inLanguage":"en-GB"},{"@type":"Organization","@id":"https:\/\/www.menalib.de\/#organization","name":"MENAlib - Web portal of the FID Middle East, North Africa and Islamic Studies","url":"https:\/\/www.menalib.de\/","logo":{"@type":"ImageObject","inLanguage":"en-GB","@id":"https:\/\/www.menalib.de\/#\/schema\/logo\/image\/","url":"https:\/\/www.menalib.de\/wp-content\/uploads\/sites\/2\/2025\/09\/fid-logo-high-end-2025.jpg","contentUrl":"https:\/\/www.menalib.de\/wp-content\/uploads\/sites\/2\/2025\/09\/fid-logo-high-end-2025.jpg","width":968,"height":529,"caption":"MENAlib - Webportal des FID Nahost-, Nordafrika- und Islamstudien"},"image":{"@id":"https:\/\/www.menalib.de\/#\/schema\/logo\/image\/"}}]}},"_links":{"self":[{"href":"https:\/\/www.menalib.de\/english\/wp-json\/wp\/v2\/pages\/1235","targetHints":{"allow":["GET"]}}],"collection":[{"href":"https:\/\/www.menalib.de\/english\/wp-json\/wp\/v2\/pages"}],"about":[{"href":"https:\/\/www.menalib.de\/english\/wp-json\/wp\/v2\/types\/page"}],"author":[{"embeddable":true,"href":"https:\/\/www.menalib.de\/english\/wp-json\/wp\/v2\/users\/4"}],"replies":[{"embeddable":true,"href":"https:\/\/www.menalib.de\/english\/wp-json\/wp\/v2\/comments?post=1235"}],"version-history":[{"count":7,"href":"https:\/\/www.menalib.de\/english\/wp-json\/wp\/v2\/pages\/1235\/revisions"}],"predecessor-version":[{"id":2475,"href":"https:\/\/www.menalib.de\/english\/wp-json\/wp\/v2\/pages\/1235\/revisions\/2475"}],"up":[{"embeddable":true,"href":"https:\/\/www.menalib.de\/english\/wp-json\/wp\/v2\/pages\/368"}],"wp:attachment":[{"href":"https:\/\/www.menalib.de\/english\/wp-json\/wp\/v2\/media?parent=1235"}],"curies":[{"name":"wp","href":"https:\/\/api.w.org\/{rel}","templated":true}]}}