{"id":1228,"date":"2025-10-01T13:15:48","date_gmt":"2025-10-01T11:15:48","guid":{"rendered":"https:\/\/menalib.bibliothek.uni-halle.de\/?page_id=1228"},"modified":"2025-10-22T14:08:15","modified_gmt":"2025-10-22T12:08:15","slug":"al-manhal-eba-model","status":"publish","type":"page","link":"https:\/\/www.menalib.de\/english\/digital-resources\/licensed-databases\/al-manhal-eba-model\/","title":{"rendered":"Al Manhal EBA model"},"content":{"rendered":"<div data-elementor-type=\"wp-page\" data-elementor-id=\"1228\" class=\"elementor elementor-1228\" data-elementor-post-type=\"page\">\n\t\t\t\t<div class=\"elementor-element elementor-element-6f7fcd9f e-flex e-con-boxed e-con e-parent\" data-id=\"6f7fcd9f\" data-element_type=\"container\">\n\t\t\t\t\t<div class=\"e-con-inner\">\n\t\t<div class=\"elementor-element elementor-element-3b3b582f e-con-full e-flex e-con e-child\" data-id=\"3b3b582f\" data-element_type=\"container\">\n\t\t\t\t<div class=\"elementor-element elementor-element-10e643d elementor-widget elementor-widget-breadcrumbs\" data-id=\"10e643d\" data-element_type=\"widget\" data-widget_type=\"breadcrumbs.default\">\n\t\t\t\t\t<p id=\"breadcrumbs\"><span><span><a href=\"https:\/\/www.menalib.de\/english\/\">Home page<\/a><\/span><\/span><\/p>\t\t\t\t<\/div>\n\t\t\t\t<\/div>\n\t\t\t\t\t<\/div>\n\t\t\t\t<\/div>\n\t\t<div class=\"elementor-element elementor-element-64d54768 e-flex e-con-boxed e-con e-parent\" data-id=\"64d54768\" data-element_type=\"container\">\n\t\t\t\t\t<div class=\"e-con-inner\">\n\t\t<div class=\"elementor-element elementor-element-202e5034 e-con-full e-flex e-con e-child\" data-id=\"202e5034\" data-element_type=\"container\" data-settings=\"{&quot;background_background&quot;:&quot;classic&quot;}\">\n\t\t<div class=\"elementor-element elementor-element-1cca5497 e-flex e-con-boxed e-con e-child\" data-id=\"1cca5497\" data-element_type=\"container\" data-settings=\"{&quot;background_background&quot;:&quot;classic&quot;}\">\n\t\t\t\t\t<div class=\"e-con-inner\">\n\t\t\t\t<div class=\"elementor-element elementor-element-2587a0c0 elementor-widget__width-initial elementor-widget elementor-widget-text-editor\" data-id=\"2587a0c0\" data-element_type=\"widget\" data-widget_type=\"text-editor.default\">\n\t\t\t\t\t\t\t\t\t<p>Completed\u00a0<\/p>\t\t\t\t\t\t\t\t<\/div>\n\t\t\t\t<div class=\"elementor-element elementor-element-79befaf9 elementor-widget elementor-widget-text-editor\" data-id=\"79befaf9\" data-element_type=\"widget\" data-widget_type=\"text-editor.default\">\n\t\t\t\t\t\t\t\t\t<p>With the EBA model of the Arab provider<em> <a href=\"https:\/\/www.almanhal.com\/en\" target=\"_blank\" rel=\"noopener noreferrer\">Al Manhal<\/a> <\/em> we tried out a new form of digital acquisition that enables targeted acquisitions based on usage statistics. The collection comprises over 12,000 e-books<span id=\"more-13532\"><\/span> mainly in Arabic on the various topics.<\/p>\t\t\t\t\t\t\t\t<\/div>\n\t\t\t\t\t<\/div>\n\t\t\t\t<\/div>\n\t\t\t\t<\/div>\n\t\t<div class=\"elementor-element elementor-element-4c507c94 e-con-full e-flex e-con e-child\" data-id=\"4c507c94\" data-element_type=\"container\" data-settings=\"{&quot;background_background&quot;:&quot;classic&quot;}\">\n\t\t\t\t<div class=\"elementor-element elementor-element-2a26c102 elementor-widget elementor-widget-image\" data-id=\"2a26c102\" data-element_type=\"widget\" data-widget_type=\"image.default\">\n\t\t\t\t\t\t\t\t\t\t\t\t\t\t\t<img decoding=\"async\" width=\"100\" height=\"100\" src=\"https:\/\/www.menalib.de\/wp-content\/uploads\/sites\/2\/2025\/10\/al-manhal-logo-text-bottom.svg\" class=\"attachment-large size-large wp-image-1124\" alt=\"\" \/>\t\t\t\t\t\t\t\t\t\t\t\t\t\t\t<\/div>\n\t\t\t\t<\/div>\n\t\t\t\t\t<\/div>\n\t\t\t\t<\/div>\n\t\t<div class=\"elementor-element elementor-element-39d13666 e-flex e-con-boxed e-con e-parent\" data-id=\"39d13666\" data-element_type=\"container\">\n\t\t\t\t\t<div class=\"e-con-inner\">\n\t\t<div class=\"elementor-element elementor-element-635cbfdd e-con-full e-flex e-con e-child\" data-id=\"635cbfdd\" data-element_type=\"container\">\n\t\t\t\t<div class=\"elementor-element elementor-element-131b5c43 elementor-widget__width-initial elementor-widget-divider--view-line elementor-invisible elementor-widget elementor-widget-divider\" data-id=\"131b5c43\" data-element_type=\"widget\" data-settings=\"{&quot;_animation&quot;:&quot;fadeInLeft&quot;}\" data-widget_type=\"divider.default\">\n\t\t\t\t\t\t\t<div class=\"elementor-divider\">\n\t\t\t<span class=\"elementor-divider-separator\">\n\t\t\t\t\t\t<\/span>\n\t\t<\/div>\n\t\t\t\t\t\t<\/div>\n\t\t\t\t<\/div>\n\t\t<div class=\"elementor-element elementor-element-63adb47d e-con-full e-flex e-con e-child\" data-id=\"63adb47d\" data-element_type=\"container\">\n\t\t\t\t<div class=\"elementor-element elementor-element-518c1c14 elementor-widget elementor-widget-heading\" data-id=\"518c1c14\" data-element_type=\"widget\" data-widget_type=\"heading.default\">\n\t\t\t\t\t<span class=\"elementor-heading-title elementor-size-default\">About the Al Manhal EBA model<\/span>\t\t\t\t<\/div>\n\t\t\t\t<div class=\"elementor-element elementor-element-1797bb3f elementor-widget elementor-widget-text-editor\" data-id=\"1797bb3f\" data-element_type=\"widget\" data-widget_type=\"text-editor.default\">\n\t\t\t\t\t\t\t\t\t<p>An EBA model is an \"evidence-based acquisition\", i.e. a user-based acquisition. The provider Al Manhal opens up parts of its collection for a year and makes books from the Arab world available as e-books. The works accessed are then permanently acquired based on usage statistics. There are many ways to interact with the material in order to increase user statistics. You can browse through the pages of the book that you find interesting, you can download the work, you can quote it, copy something from it or print it out.<\/p><p>\u00a0<\/p><p>Here you can see a list of the various subject areas covered by the EBA model:<\/p><p>\u00a0<\/p><p><strong>Subject areas.<\/strong><br \/><em>Art and Architecture<\/em> (90 e-books)<br \/><em>Arts<\/em> (205 e-books)<br \/><em>Heritage<\/em> (5539 e-books)<br \/><em>History, Geography &amp; Biography<\/em> (1219 e-books)<br \/><em>Islamic Studies<\/em> (962 e-books)<br \/><em>Law<\/em> (1387 e-books)<br \/><em>Political Science &amp; International Relations<\/em> (1681 E-Books)<br \/><em>Social Sciences<\/em> (1802 E-Books)<\/p>\t\t\t\t\t\t\t\t<\/div>\n\t\t\t\t<\/div>\n\t\t\t\t\t<\/div>\n\t\t\t\t<\/div>\n\t\t<div class=\"elementor-element elementor-element-3dc062c4 e-flex e-con-boxed e-con e-parent\" data-id=\"3dc062c4\" data-element_type=\"container\">\n\t\t\t\t\t<div class=\"e-con-inner\">\n\t\t<div class=\"elementor-element elementor-element-48980ce9 e-con-full e-flex e-con e-child\" data-id=\"48980ce9\" data-element_type=\"container\">\n\t\t\t\t<div class=\"elementor-element elementor-element-55c86c7f elementor-widget__width-initial elementor-widget-divider--view-line elementor-invisible elementor-widget elementor-widget-divider\" data-id=\"55c86c7f\" data-element_type=\"widget\" data-settings=\"{&quot;_animation&quot;:&quot;fadeInLeft&quot;}\" data-widget_type=\"divider.default\">\n\t\t\t\t\t\t\t<div class=\"elementor-divider\">\n\t\t\t<span class=\"elementor-divider-separator\">\n\t\t\t\t\t\t<\/span>\n\t\t<\/div>\n\t\t\t\t\t\t<\/div>\n\t\t\t\t<\/div>\n\t\t<div class=\"elementor-element elementor-element-1ebdcace e-con-full e-flex e-con e-child\" data-id=\"1ebdcace\" data-element_type=\"container\">\n\t\t\t\t<div class=\"elementor-element elementor-element-337bd92a elementor-widget elementor-widget-heading\" data-id=\"337bd92a\" data-element_type=\"widget\" data-widget_type=\"heading.default\">\n\t\t\t\t\t<span class=\"elementor-heading-title elementor-size-default\">Access instructions<\/span>\t\t\t\t<\/div>\n\t\t\t\t<div class=\"elementor-element elementor-element-385144bf elementor-widget elementor-widget-text-editor\" data-id=\"385144bf\" data-element_type=\"widget\" data-widget_type=\"text-editor.default\">\n\t\t\t\t\t\t\t\t\t<p>The Al Manhal platform offers numerous research tools. Some can only be used after registration but are not absolutely necessary.<\/p><ul><li>All titles are available as full text.<\/li><li>Full text search in Arabic is possible via a virtual keyboard.<\/li><\/ul>\t\t\t\t\t\t\t\t<\/div>\n\t\t\t\t<\/div>\n\t\t\t\t\t<\/div>\n\t\t\t\t<\/div>\n\t\t\t\t<\/div>","protected":false},"excerpt":{"rendered":"<p>Completed  With the EBA model from the Arabic provider Al Manhal, we tried out a new form of digital acquisition that enables targeted acquisition based on usage statistics. The collection comprises over 12,000 e-books, mainly in Arabic, on various topics. About the Al Manhal EBA model An EBA model is defined as an \"evidence-based [...]<\/p>","protected":false},"author":4,"featured_media":0,"parent":368,"menu_order":0,"comment_status":"closed","ping_status":"closed","template":"","meta":{"footnotes":""},"class_list":["post-1228","page","type-page","status-publish","hentry"],"yoast_head":"<!-- This site is optimized with the Yoast SEO plugin v25.9 - https:\/\/yoast.com\/wordpress\/plugins\/seo\/ -->\n<title>Al Manhal EBA-Modell - MENAlib - Webportal des FID Nahost-, Nordafrika- und Islamstudien<\/title>\n<meta name=\"robots\" content=\"index, follow, max-snippet:-1, max-image-preview:large, max-video-preview:-1\" \/>\n<link rel=\"canonical\" href=\"https:\/\/www.menalib.de\/english\/digital-resources\/licensed-databases\/al-manhal-eba-model\/\" \/>\n<meta property=\"og:locale\" content=\"en_GB\" \/>\n<meta property=\"og:type\" content=\"article\" \/>\n<meta property=\"og:title\" content=\"Al Manhal EBA-Modell - MENAlib - Webportal des FID Nahost-, Nordafrika- und Islamstudien\" \/>\n<meta property=\"og:description\" content=\"Abgeschlossen\u00a0 Mit dem EBA-Modell des arabischen Anbieters Al Manhal versuchten wir uns an einer neuen Form der digitalen Erwerbung, die eine zielgerichtete Erwerbung auf Basis von Nutzungsstatistiken erm\u00f6glicht. Die Sammlung umfasst \u00fcber 12.000 E-Books \u00fcberwiegend in arabischer Sprache zu den verschiedenen Themen. \u00dcber das Al Manhal EBA-Modell Unter einem EBA-Modell versteht man eine \u201eEvidence Based [&hellip;]\" \/>\n<meta property=\"og:url\" content=\"https:\/\/www.menalib.de\/english\/digital-resources\/licensed-databases\/al-manhal-eba-model\/\" \/>\n<meta property=\"og:site_name\" content=\"MENAlib - Webportal des FID Nahost-, Nordafrika- und Islamstudien\" \/>\n<meta property=\"article:modified_time\" content=\"2025-10-22T12:08:15+00:00\" \/>\n<meta property=\"og:image\" content=\"https:\/\/menalib.bibliothek.uni-halle.de\/wp-content\/uploads\/sites\/2\/2025\/10\/al-manhal-logo-text-bottom.svg\" \/>\n<meta name=\"twitter:card\" content=\"summary_large_image\" \/>\n<script type=\"application\/ld+json\" class=\"yoast-schema-graph\">{\"@context\":\"https:\/\/schema.org\",\"@graph\":[{\"@type\":\"WebPage\",\"@id\":\"https:\/\/www.menalib.de\/digitale-ressourcen\/lizensierte-datenbanken\/al-manhal-eba-modell\/\",\"url\":\"https:\/\/www.menalib.de\/digitale-ressourcen\/lizensierte-datenbanken\/al-manhal-eba-modell\/\",\"name\":\"Al Manhal EBA-Modell - MENAlib - Webportal des FID Nahost-, Nordafrika- und Islamstudien\",\"isPartOf\":{\"@id\":\"https:\/\/www.menalib.de\/#website\"},\"primaryImageOfPage\":{\"@id\":\"https:\/\/www.menalib.de\/digitale-ressourcen\/lizensierte-datenbanken\/al-manhal-eba-modell\/#primaryimage\"},\"image\":{\"@id\":\"https:\/\/www.menalib.de\/digitale-ressourcen\/lizensierte-datenbanken\/al-manhal-eba-modell\/#primaryimage\"},\"thumbnailUrl\":\"https:\/\/menalib.bibliothek.uni-halle.de\/wp-content\/uploads\/sites\/2\/2025\/10\/al-manhal-logo-text-bottom.svg\",\"datePublished\":\"2025-10-01T11:15:48+00:00\",\"dateModified\":\"2025-10-22T12:08:15+00:00\",\"breadcrumb\":{\"@id\":\"https:\/\/www.menalib.de\/digitale-ressourcen\/lizensierte-datenbanken\/al-manhal-eba-modell\/#breadcrumb\"},\"inLanguage\":\"en-GB\",\"potentialAction\":[{\"@type\":\"ReadAction\",\"target\":[\"https:\/\/www.menalib.de\/digitale-ressourcen\/lizensierte-datenbanken\/al-manhal-eba-modell\/\"]}]},{\"@type\":\"ImageObject\",\"inLanguage\":\"en-GB\",\"@id\":\"https:\/\/www.menalib.de\/digitale-ressourcen\/lizensierte-datenbanken\/al-manhal-eba-modell\/#primaryimage\",\"url\":\"https:\/\/menalib.bibliothek.uni-halle.de\/wp-content\/uploads\/sites\/2\/2025\/10\/al-manhal-logo-text-bottom.svg\",\"contentUrl\":\"https:\/\/menalib.bibliothek.uni-halle.de\/wp-content\/uploads\/sites\/2\/2025\/10\/al-manhal-logo-text-bottom.svg\"},{\"@type\":\"BreadcrumbList\",\"@id\":\"https:\/\/www.menalib.de\/digitale-ressourcen\/lizensierte-datenbanken\/al-manhal-eba-modell\/#breadcrumb\",\"itemListElement\":[{\"@type\":\"ListItem\",\"position\":1,\"name\":\"Startseite\",\"item\":\"https:\/\/www.menalib.de\/\"},{\"@type\":\"ListItem\",\"position\":2,\"name\":\"Digitale Ressourcen\",\"item\":\"https:\/\/www.menalib.de\/digitale-ressourcen\/\"},{\"@type\":\"ListItem\",\"position\":3,\"name\":\"Lizensierte Datenbanken\",\"item\":\"https:\/\/www.menalib.de\/digitale-ressourcen\/lizensierte-datenbanken\/\"},{\"@type\":\"ListItem\",\"position\":4,\"name\":\"Al Manhal EBA-Modell\"}]},{\"@type\":\"WebSite\",\"@id\":\"https:\/\/www.menalib.de\/#website\",\"url\":\"https:\/\/www.menalib.de\/\",\"name\":\"MENAlib - Webportal des FID Nahost-, Nordafrika- und Islamstudien\",\"description\":\"\",\"publisher\":{\"@id\":\"https:\/\/www.menalib.de\/#organization\"},\"potentialAction\":[{\"@type\":\"SearchAction\",\"target\":{\"@type\":\"EntryPoint\",\"urlTemplate\":\"https:\/\/www.menalib.de\/?s={search_term_string}\"},\"query-input\":{\"@type\":\"PropertyValueSpecification\",\"valueRequired\":true,\"valueName\":\"search_term_string\"}}],\"inLanguage\":\"en-GB\"},{\"@type\":\"Organization\",\"@id\":\"https:\/\/www.menalib.de\/#organization\",\"name\":\"MENAlib - Webportal des FID Nahost-, Nordafrika- und Islamstudien\",\"url\":\"https:\/\/www.menalib.de\/\",\"logo\":{\"@type\":\"ImageObject\",\"inLanguage\":\"en-GB\",\"@id\":\"https:\/\/www.menalib.de\/#\/schema\/logo\/image\/\",\"url\":\"https:\/\/www.menalib.de\/wp-content\/uploads\/sites\/2\/2025\/09\/fid-logo-high-end-2025.jpg\",\"contentUrl\":\"https:\/\/www.menalib.de\/wp-content\/uploads\/sites\/2\/2025\/09\/fid-logo-high-end-2025.jpg\",\"width\":968,\"height\":529,\"caption\":\"MENAlib - Webportal des FID Nahost-, Nordafrika- und Islamstudien\"},\"image\":{\"@id\":\"https:\/\/www.menalib.de\/#\/schema\/logo\/image\/\"}}]}<\/script>\n<!-- \/ Yoast SEO plugin. -->","yoast_head_json":{"title":"Al Manhal EBA-Model - MENAlib - Webportal of the FID Middle East, North Africa and Islamic Studies","robots":{"index":"index","follow":"follow","max-snippet":"max-snippet:-1","max-image-preview":"max-image-preview:large","max-video-preview":"max-video-preview:-1"},"canonical":"https:\/\/www.menalib.de\/english\/digital-resources\/licensed-databases\/al-manhal-eba-model\/","og_locale":"en_GB","og_type":"article","og_title":"Al Manhal EBA-Modell - MENAlib - Webportal des FID Nahost-, Nordafrika- und Islamstudien","og_description":"Abgeschlossen\u00a0 Mit dem EBA-Modell des arabischen Anbieters Al Manhal versuchten wir uns an einer neuen Form der digitalen Erwerbung, die eine zielgerichtete Erwerbung auf Basis von Nutzungsstatistiken erm\u00f6glicht. Die Sammlung umfasst \u00fcber 12.000 E-Books \u00fcberwiegend in arabischer Sprache zu den verschiedenen Themen. \u00dcber das Al Manhal EBA-Modell Unter einem EBA-Modell versteht man eine \u201eEvidence Based [&hellip;]","og_url":"https:\/\/www.menalib.de\/english\/digital-resources\/licensed-databases\/al-manhal-eba-model\/","og_site_name":"MENAlib - Webportal des FID Nahost-, Nordafrika- und Islamstudien","article_modified_time":"2025-10-22T12:08:15+00:00","og_image":[{"url":"https:\/\/menalib.bibliothek.uni-halle.de\/wp-content\/uploads\/sites\/2\/2025\/10\/al-manhal-logo-text-bottom.svg","type":"","width":"","height":""}],"twitter_card":"summary_large_image","schema":{"@context":"https:\/\/schema.org","@graph":[{"@type":"WebPage","@id":"https:\/\/www.menalib.de\/digitale-ressourcen\/lizensierte-datenbanken\/al-manhal-eba-modell\/","url":"https:\/\/www.menalib.de\/digitale-ressourcen\/lizensierte-datenbanken\/al-manhal-eba-modell\/","name":"Al Manhal EBA-Model - MENAlib - Webportal of the FID Middle East, North Africa and Islamic Studies","isPartOf":{"@id":"https:\/\/www.menalib.de\/#website"},"primaryImageOfPage":{"@id":"https:\/\/www.menalib.de\/digitale-ressourcen\/lizensierte-datenbanken\/al-manhal-eba-modell\/#primaryimage"},"image":{"@id":"https:\/\/www.menalib.de\/digitale-ressourcen\/lizensierte-datenbanken\/al-manhal-eba-modell\/#primaryimage"},"thumbnailUrl":"https:\/\/menalib.bibliothek.uni-halle.de\/wp-content\/uploads\/sites\/2\/2025\/10\/al-manhal-logo-text-bottom.svg","datePublished":"2025-10-01T11:15:48+00:00","dateModified":"2025-10-22T12:08:15+00:00","breadcrumb":{"@id":"https:\/\/www.menalib.de\/digitale-ressourcen\/lizensierte-datenbanken\/al-manhal-eba-modell\/#breadcrumb"},"inLanguage":"en-GB","potentialAction":[{"@type":"ReadAction","target":["https:\/\/www.menalib.de\/digitale-ressourcen\/lizensierte-datenbanken\/al-manhal-eba-modell\/"]}]},{"@type":"ImageObject","inLanguage":"en-GB","@id":"https:\/\/www.menalib.de\/digitale-ressourcen\/lizensierte-datenbanken\/al-manhal-eba-modell\/#primaryimage","url":"https:\/\/menalib.bibliothek.uni-halle.de\/wp-content\/uploads\/sites\/2\/2025\/10\/al-manhal-logo-text-bottom.svg","contentUrl":"https:\/\/menalib.bibliothek.uni-halle.de\/wp-content\/uploads\/sites\/2\/2025\/10\/al-manhal-logo-text-bottom.svg"},{"@type":"BreadcrumbList","@id":"https:\/\/www.menalib.de\/digitale-ressourcen\/lizensierte-datenbanken\/al-manhal-eba-modell\/#breadcrumb","itemListElement":[{"@type":"ListItem","position":1,"name":"Startseite","item":"https:\/\/www.menalib.de\/"},{"@type":"ListItem","position":2,"name":"Digitale Ressourcen","item":"https:\/\/www.menalib.de\/digitale-ressourcen\/"},{"@type":"ListItem","position":3,"name":"Lizensierte Datenbanken","item":"https:\/\/www.menalib.de\/digitale-ressourcen\/lizensierte-datenbanken\/"},{"@type":"ListItem","position":4,"name":"Al Manhal EBA-Modell"}]},{"@type":"WebSite","@id":"https:\/\/www.menalib.de\/#website","url":"https:\/\/www.menalib.de\/","name":"MENAlib - Web portal of the FID Middle East, North Africa and Islamic Studies","description":"","publisher":{"@id":"https:\/\/www.menalib.de\/#organization"},"potentialAction":[{"@type":"SearchAction","target":{"@type":"EntryPoint","urlTemplate":"https:\/\/www.menalib.de\/?s={search_term_string}"},"query-input":{"@type":"PropertyValueSpecification","valueRequired":true,"valueName":"search_term_string"}}],"inLanguage":"en-GB"},{"@type":"Organization","@id":"https:\/\/www.menalib.de\/#organization","name":"MENAlib - Web portal of the FID Middle East, North Africa and Islamic Studies","url":"https:\/\/www.menalib.de\/","logo":{"@type":"ImageObject","inLanguage":"en-GB","@id":"https:\/\/www.menalib.de\/#\/schema\/logo\/image\/","url":"https:\/\/www.menalib.de\/wp-content\/uploads\/sites\/2\/2025\/09\/fid-logo-high-end-2025.jpg","contentUrl":"https:\/\/www.menalib.de\/wp-content\/uploads\/sites\/2\/2025\/09\/fid-logo-high-end-2025.jpg","width":968,"height":529,"caption":"MENAlib - Webportal des FID Nahost-, Nordafrika- und Islamstudien"},"image":{"@id":"https:\/\/www.menalib.de\/#\/schema\/logo\/image\/"}}]}},"_links":{"self":[{"href":"https:\/\/www.menalib.de\/english\/wp-json\/wp\/v2\/pages\/1228","targetHints":{"allow":["GET"]}}],"collection":[{"href":"https:\/\/www.menalib.de\/english\/wp-json\/wp\/v2\/pages"}],"about":[{"href":"https:\/\/www.menalib.de\/english\/wp-json\/wp\/v2\/types\/page"}],"author":[{"embeddable":true,"href":"https:\/\/www.menalib.de\/english\/wp-json\/wp\/v2\/users\/4"}],"replies":[{"embeddable":true,"href":"https:\/\/www.menalib.de\/english\/wp-json\/wp\/v2\/comments?post=1228"}],"version-history":[{"count":7,"href":"https:\/\/www.menalib.de\/english\/wp-json\/wp\/v2\/pages\/1228\/revisions"}],"predecessor-version":[{"id":2469,"href":"https:\/\/www.menalib.de\/english\/wp-json\/wp\/v2\/pages\/1228\/revisions\/2469"}],"up":[{"embeddable":true,"href":"https:\/\/www.menalib.de\/english\/wp-json\/wp\/v2\/pages\/368"}],"wp:attachment":[{"href":"https:\/\/www.menalib.de\/english\/wp-json\/wp\/v2\/media?parent=1228"}],"curies":[{"name":"wp","href":"https:\/\/api.w.org\/{rel}","templated":true}]}}